{"id":989619,"date":"2025-03-25T13:24:29","date_gmt":"2025-03-25T13:24:29","guid":{"rendered":"https:\/\/dajano.eu\/?page_id=989619"},"modified":"2025-11-12T05:23:32","modified_gmt":"2025-11-12T05:23:32","slug":"transport","status":"publish","type":"page","link":"https:\/\/dajano.pl\/se\/foretag\/transport\/","title":{"rendered":"Transport"},"content":{"rendered":"<div data-elementor-type=\"wp-page\" data-elementor-id=\"989619\" class=\"elementor elementor-989619\" data-elementor-post-type=\"page\">\n\t\t\t\t\t\t<section class=\"elementor-section elementor-top-section elementor-element elementor-element-7130eed1 elementor-section-boxed elementor-section-height-default elementor-section-height-default\" data-id=\"7130eed1\" data-element_type=\"section\">\n\t\t\t\t\t\t<div class=\"elementor-container elementor-column-gap-default\">\n\t\t\t\t\t<div class=\"elementor-column elementor-col-100 elementor-top-column elementor-element elementor-element-4a38ad43\" data-id=\"4a38ad43\" data-element_type=\"column\">\n\t\t\t<div class=\"elementor-widget-wrap elementor-element-populated\">\n\t\t\t\t\t\t<div class=\"elementor-element elementor-element-2faa1f3e animated-slow elementor-invisible elementor-widget elementor-widget-heading\" data-id=\"2faa1f3e\" data-element_type=\"widget\" data-settings=\"{&quot;_animation&quot;:&quot;fadeIn&quot;,&quot;_animation_tablet&quot;:&quot;none&quot;}\" data-widget_type=\"heading.default\">\n\t\t\t\t<div class=\"elementor-widget-container\">\n\t\t\t\t\t<h1 class=\"elementor-heading-title elementor-size-default\">Transporter p\u00e5 DAJANO - modern flotta och tillf\u00f6rlitlig logistik<\/h1>\t\t\t\t<\/div>\n\t\t\t\t<\/div>\n\t\t\t\t<div class=\"elementor-element elementor-element-4c00855b animated-slow elementor-invisible elementor-widget elementor-widget-heading\" data-id=\"4c00855b\" data-element_type=\"widget\" data-settings=\"{&quot;_animation&quot;:&quot;fadeIn&quot;,&quot;_animation_tablet&quot;:&quot;none&quot;,&quot;_animation_delay&quot;:300}\" data-widget_type=\"heading.default\">\n\t\t\t\t<div class=\"elementor-widget-container\">\n\t\t\t\t\t<p class=\"elementor-heading-title elementor-size-default\">Snabb intern transport\nminimerar ledtiderna f\u00f6r lagda order<\/p>\t\t\t\t<\/div>\n\t\t\t\t<\/div>\n\t\t\t\t<div class=\"elementor-element elementor-element-6d1ce047 elementor-widget elementor-widget-spacer\" data-id=\"6d1ce047\" data-element_type=\"widget\" data-widget_type=\"spacer.default\">\n\t\t\t\t<div class=\"elementor-widget-container\">\n\t\t\t\t\t\t\t<div class=\"elementor-spacer\">\n\t\t\t<div class=\"elementor-spacer-inner\"><\/div>\n\t\t<\/div>\n\t\t\t\t\t\t<\/div>\n\t\t\t\t<\/div>\n\t\t\t\t\t<\/div>\n\t\t<\/div>\n\t\t\t\t\t<\/div>\n\t\t<\/section>\n\t\t\t\t<section class=\"elementor-section elementor-top-section elementor-element elementor-element-68c80ee9 elementor-section-boxed elementor-section-height-default elementor-section-height-default\" data-id=\"68c80ee9\" data-element_type=\"section\">\n\t\t\t\t\t\t<div class=\"elementor-container elementor-column-gap-default\">\n\t\t\t\t\t<div class=\"elementor-column elementor-col-100 elementor-top-column elementor-element elementor-element-3be7e479\" data-id=\"3be7e479\" data-element_type=\"column\" data-settings=\"{&quot;background_background&quot;:&quot;classic&quot;}\">\n\t\t\t<div class=\"elementor-widget-wrap elementor-element-populated\">\n\t\t\t\t\t\t<div class=\"elementor-element elementor-element-82f7a2f elementor-widget elementor-widget-spacer\" data-id=\"82f7a2f\" data-element_type=\"widget\" data-widget_type=\"spacer.default\">\n\t\t\t\t<div class=\"elementor-widget-container\">\n\t\t\t\t\t\t\t<div class=\"elementor-spacer\">\n\t\t\t<div class=\"elementor-spacer-inner\"><\/div>\n\t\t<\/div>\n\t\t\t\t\t\t<\/div>\n\t\t\t\t<\/div>\n\t\t\t\t\t<\/div>\n\t\t<\/div>\n\t\t\t\t\t<\/div>\n\t\t<\/section>\n\t\t\t\t<section class=\"elementor-section elementor-top-section elementor-element elementor-element-1ca6fd86 elementor-section-boxed elementor-section-height-default elementor-section-height-default\" data-id=\"1ca6fd86\" data-element_type=\"section\">\n\t\t\t\t\t\t<div class=\"elementor-container elementor-column-gap-no\">\n\t\t\t\t\t<div class=\"elementor-column elementor-col-100 elementor-top-column elementor-element elementor-element-79a69e09\" data-id=\"79a69e09\" data-element_type=\"column\">\n\t\t\t<div class=\"elementor-widget-wrap elementor-element-populated\">\n\t\t\t\t\t\t<div class=\"elementor-element elementor-element-38277e14 elementor-widget elementor-widget-text-editor\" data-id=\"38277e14\" data-element_type=\"widget\" data-widget_type=\"text-editor.default\">\n\t\t\t\t<div class=\"elementor-widget-container\">\n\t\t\t\t\t\t\t\t\t<p>Tack vare v\u00e5r omfattande transportflotta och v\u00e5r p\u00e5litliga personal kan vi garantera en professionell och s\u00e4ker transport av alla best\u00e4llda varor direkt till kunden. Vi har i flera \u00e5r haft ett kontinuerligt samarbete med stora f\u00f6retag och tillverkare i hela EU och \u00e4ven utanf\u00f6r EU.<\/p>\t\t\t\t\t\t\t\t<\/div>\n\t\t\t\t<\/div>\n\t\t\t\t\t<\/div>\n\t\t<\/div>\n\t\t\t\t\t<\/div>\n\t\t<\/section>\n\t\t\t\t<section class=\"elementor-section elementor-top-section elementor-element elementor-element-7be6ea41 elementor-section-boxed elementor-section-height-default elementor-section-height-default\" data-id=\"7be6ea41\" data-element_type=\"section\">\n\t\t\t\t\t\t<div class=\"elementor-container elementor-column-gap-extended\">\n\t\t\t\t\t<div class=\"elementor-column elementor-col-100 elementor-top-column elementor-element elementor-element-2944c680\" data-id=\"2944c680\" data-element_type=\"column\">\n\t\t\t<div class=\"elementor-widget-wrap elementor-element-populated\">\n\t\t\t\t\t\t<div class=\"elementor-element elementor-element-2983164c elementor-widget elementor-widget-heading\" data-id=\"2983164c\" data-element_type=\"widget\" data-widget_type=\"heading.default\">\n\t\t\t\t<div class=\"elementor-widget-container\">\n\t\t\t\t\t<h2 class=\"elementor-heading-title elementor-size-default\">KIT A<\/h2>\t\t\t\t<\/div>\n\t\t\t\t<\/div>\n\t\t\t\t<div class=\"elementor-element elementor-element-39ba2f1 elementor-widget elementor-widget-aic-image-comparison\" data-id=\"39ba2f1\" data-element_type=\"widget\" data-widget_type=\"aic-image-comparison.default\">\n\t\t\t\t<div class=\"elementor-widget-container\">\n\t\t\t\t\t        \n        <div id=\"aic-image-comparison-39ba2f1\" class=\"aic-image-container\" data-offset=\"0.5\" data-orientation=\"horizontal\" data-before_label=\"\" data-after_label=\"\" data-overlay=\"\" data-onhover=\"yes\" data-click_to_move=\"no\">\n\t\t\t<img decoding=\"async\" class=\"aic-before-img\" alt=\"F\u00f6re bild alt\" src=\"http:\/\/dajano.eu\/wp-content\/uploads\/2025\/06\/zestawB-before.jpg\">\n\t\t\t<img decoding=\"async\" class=\"aic-after-img\" alt=\"Efter bild alt\" src=\"http:\/\/dajano.eu\/wp-content\/uploads\/2025\/06\/zestawB-after.jpg\">\n        <\/div>\n\n        \t\t\t\t<\/div>\n\t\t\t\t<\/div>\n\t\t\t\t\t<\/div>\n\t\t<\/div>\n\t\t\t\t\t<\/div>\n\t\t<\/section>\n\t\t\t\t<section class=\"elementor-section elementor-top-section elementor-element elementor-element-2308c14 elementor-section-boxed elementor-section-height-default elementor-section-height-default\" data-id=\"2308c14\" data-element_type=\"section\">\n\t\t\t\t\t\t<div class=\"elementor-container elementor-column-gap-extended\">\n\t\t\t\t\t<div class=\"elementor-column elementor-col-100 elementor-top-column elementor-element elementor-element-d0f5166\" data-id=\"d0f5166\" data-element_type=\"column\">\n\t\t\t<div class=\"elementor-widget-wrap elementor-element-populated\">\n\t\t\t\t\t\t<div class=\"elementor-element elementor-element-d20b684 elementor-widget elementor-widget-heading\" data-id=\"d20b684\" data-element_type=\"widget\" data-widget_type=\"heading.default\">\n\t\t\t\t<div class=\"elementor-widget-container\">\n\t\t\t\t\t<h2 class=\"elementor-heading-title elementor-size-default\">KIT B<\/h2>\t\t\t\t<\/div>\n\t\t\t\t<\/div>\n\t\t\t\t<div class=\"elementor-element elementor-element-1626472 elementor-widget elementor-widget-aic-image-comparison\" data-id=\"1626472\" data-element_type=\"widget\" data-widget_type=\"aic-image-comparison.default\">\n\t\t\t\t<div class=\"elementor-widget-container\">\n\t\t\t\t\t        \n        <div id=\"aic-image-comparison-1626472\" class=\"aic-image-container\" data-offset=\"0.5\" data-orientation=\"horizontal\" data-before_label=\"\" data-after_label=\"\" data-overlay=\"\" data-onhover=\"yes\" data-click_to_move=\"no\">\n\t\t\t<img decoding=\"async\" class=\"aic-before-img\" alt=\"F\u00f6re bild alt\" src=\"http:\/\/dajano.eu\/wp-content\/uploads\/2025\/06\/zestawA-before.jpg\">\n\t\t\t<img decoding=\"async\" class=\"aic-after-img\" alt=\"Efter bild alt\" src=\"http:\/\/dajano.eu\/wp-content\/uploads\/2025\/06\/zestawA-after.jpg\">\n        <\/div>\n\n        \t\t\t\t<\/div>\n\t\t\t\t<\/div>\n\t\t\t\t\t<\/div>\n\t\t<\/div>\n\t\t\t\t\t<\/div>\n\t\t<\/section>\n\t\t\t\t<section class=\"elementor-section elementor-top-section elementor-element elementor-element-797568a1 elementor-section-items-stretch elementor-section-content-bottom elementor-section-height-min-height elementor-section-boxed elementor-section-height-default\" data-id=\"797568a1\" data-element_type=\"section\">\n\t\t\t\t\t\t<div class=\"elementor-container elementor-column-gap-no\">\n\t\t\t\t\t<div class=\"elementor-column elementor-col-50 elementor-top-column elementor-element elementor-element-3c91295\" data-id=\"3c91295\" data-element_type=\"column\">\n\t\t\t<div class=\"elementor-widget-wrap elementor-element-populated\">\n\t\t\t\t\t\t<div class=\"elementor-element elementor-element-4cbdc1c4 elementor-widget-mobile__width-inherit elementor-widget elementor-widget-heading\" data-id=\"4cbdc1c4\" data-element_type=\"widget\" data-widget_type=\"heading.default\">\n\t\t\t\t<div class=\"elementor-widget-container\">\n\t\t\t\t\t<h2 class=\"elementor-heading-title elementor-size-default\">V\u00e5r flotta<\/h2>\t\t\t\t<\/div>\n\t\t\t\t<\/div>\n\t\t\t\t<div class=\"elementor-element elementor-element-1294c3b2 elementor-widget-mobile__width-inherit elementor-widget elementor-widget-text-editor\" data-id=\"1294c3b2\" data-element_type=\"widget\" data-widget_type=\"text-editor.default\">\n\t\t\t\t<div class=\"elementor-widget-container\">\n\t\t\t\t\t\t\t\t\t<p>V\u00e5r flotta best\u00e5r av 20 moderna lastbilar av m\u00e4rket\u00a0<strong data-start=\"300\" data-end=\"310\">SCANIA<\/strong>, utrustade med sl\u00e4pvagnar av typen\u00a0<strong data-start=\"342\" data-end=\"352\">tandem<\/strong>\u00a0med m\u00e5tt\u00a0<strong data-start=\"365\" data-end=\"390\">2500 x 7700 x 3000 mm<\/strong>. Tack vare denna logistiska konfiguration kan vi transportera upp till\u00a0<strong data-start=\"463\" data-end=\"493\">108 EPAL Gitterboxar<\/strong>\u00a0i en enda last, vilket g\u00f6r v\u00e5r flotta extremt effektiv och kostnadseffektiv.<\/p><p data-start=\"210\" data-end=\"224\">Varje fordon \u00e4r utrustat med ett modernt system\u00a0<strong data-start=\"620\" data-end=\"651\">GPS-navigering och \u00f6vervakning<\/strong>, vilket s\u00e4kerst\u00e4ller full kontroll \u00f6ver utf\u00f6randet av order i realtid. Regelbundna tekniska inspektioner och systematiskt utbyte av \u00e4ldre fordon mot nya garanterar tillf\u00f6rlitligheten hos v\u00e5r flotta i alla transportfaser.<\/p><p data-start=\"210\" data-end=\"224\">Vi anst\u00e4ller erfarna och p\u00e5litliga chauff\u00f6rer som \u00e4r v\u00e4l insatta i b\u00e5de nationella och internationella transporter. F\u00f6r v\u00e5ra medarbetare \u00e4r k\u00f6rning inte bara ett yrke, utan en passion och ett ansvar.<\/p>\t\t\t\t\t\t\t\t<\/div>\n\t\t\t\t<\/div>\n\t\t\t\t<div class=\"elementor-element elementor-element-70f3762b elementor-widget-mobile__width-inherit elementor-widget elementor-widget-heading\" data-id=\"70f3762b\" data-element_type=\"widget\" data-widget_type=\"heading.default\">\n\t\t\t\t<div class=\"elementor-widget-container\">\n\t\t\t\t\t<h2 class=\"elementor-heading-title elementor-size-default\">Destinationer<\/h2>\t\t\t\t<\/div>\n\t\t\t\t<\/div>\n\t\t\t\t<div class=\"elementor-element elementor-element-7e234a3b elementor-widget-mobile__width-inherit elementor-widget elementor-widget-text-editor\" data-id=\"7e234a3b\" data-element_type=\"widget\" data-widget_type=\"text-editor.default\">\n\t\t\t\t<div class=\"elementor-widget-container\">\n\t\t\t\t\t\t\t\t\t<p data-start=\"210\" data-end=\"224\">Vi utf\u00f6r best\u00e4llningar\u00a0<strong data-start=\"1137\" data-end=\"1175\">i hela Europeiska unionen<\/strong>. Varje dag k\u00f6r v\u00e5ra f\u00f6rare flera rutter i olika riktningar och tillhandah\u00e5ller\u00a0<strong data-start=\"1259\" data-end=\"1332\">punktlighet, s\u00e4kerhet och h\u00f6gsta standard f\u00f6r logistiktj\u00e4nster<\/strong>. Tack vare v\u00e5r operativa flexibilitet och stora lastkapacitet kan vi leverera best\u00e4llningar snabbt och utan att kompromissa med godsets kvalitet - oavsett destination.<\/p>\t\t\t\t\t\t\t\t<\/div>\n\t\t\t\t<\/div>\n\t\t\t\t\t<\/div>\n\t\t<\/div>\n\t\t\t\t<div class=\"elementor-column elementor-col-50 elementor-top-column elementor-element elementor-element-9b1ec20\" data-id=\"9b1ec20\" data-element_type=\"column\" data-settings=\"{&quot;background_background&quot;:&quot;classic&quot;}\">\n\t\t\t<div class=\"elementor-widget-wrap elementor-element-populated\">\n\t\t\t\t\t\t<div class=\"elementor-element elementor-element-ecf03d7 elementor-widget elementor-widget-spacer\" data-id=\"ecf03d7\" data-element_type=\"widget\" data-widget_type=\"spacer.default\">\n\t\t\t\t<div class=\"elementor-widget-container\">\n\t\t\t\t\t\t\t<div class=\"elementor-spacer\">\n\t\t\t<div class=\"elementor-spacer-inner\"><\/div>\n\t\t<\/div>\n\t\t\t\t\t\t<\/div>\n\t\t\t\t<\/div>\n\t\t\t\t\t<\/div>\n\t\t<\/div>\n\t\t\t\t\t<\/div>\n\t\t<\/section>\n\t\t<div class=\"elementor-element elementor-element-2ee545d4 e-flex e-con-boxed e-con e-parent\" data-id=\"2ee545d4\" data-element_type=\"container\">\n\t\t\t\t\t<div class=\"e-con-inner\">\n\t\t\t\t<div class=\"elementor-element elementor-element-5341e850 elementor-widget-mobile__width-inherit elementor-widget elementor-widget-heading\" data-id=\"5341e850\" data-element_type=\"widget\" data-widget_type=\"heading.default\">\n\t\t\t\t<div class=\"elementor-widget-container\">\n\t\t\t\t\t<h2 class=\"elementor-heading-title elementor-size-default\">Personlig priss\u00e4ttning<\/h2>\t\t\t\t<\/div>\n\t\t\t\t<\/div>\n\t\t\t\t<div class=\"elementor-element elementor-element-f695084 elementor-widget-mobile__width-inherit elementor-widget elementor-widget-text-editor\" data-id=\"f695084\" data-element_type=\"widget\" data-widget_type=\"text-editor.default\">\n\t\t\t\t<div class=\"elementor-widget-container\">\n\t\t\t\t\t\t\t\t\t<p>Vi best\u00e4mmer belopp och leveranstid individuellt f\u00f6r varje best\u00e4llning. Kontakta oss g\u00e4rna via telefon eller e-post f\u00f6r transportinformation och en kostnadsfri offert f\u00f6r din specifika best\u00e4llning.<\/p>\t\t\t\t\t\t\t\t<\/div>\n\t\t\t\t<\/div>\n\t\t\t\t<div class=\"elementor-element elementor-element-3f1ec34e elementor-widget-mobile__width-inherit elementor-widget elementor-widget-heading\" data-id=\"3f1ec34e\" data-element_type=\"widget\" data-widget_type=\"heading.default\">\n\t\t\t\t<div class=\"elementor-widget-container\">\n\t\t\t\t\t<h2 class=\"elementor-heading-title elementor-size-default\">Varf\u00f6r DAJANO?<\/h2>\t\t\t\t<\/div>\n\t\t\t\t<\/div>\n\t\t\t\t<div class=\"elementor-element elementor-element-6d8ac351 elementor-widget-mobile__width-inherit elementor-widget elementor-widget-text-editor\" data-id=\"6d8ac351\" data-element_type=\"widget\" data-widget_type=\"text-editor.default\">\n\t\t\t\t<div class=\"elementor-widget-container\">\n\t\t\t\t\t\t\t\t\t<p>F\u00f6r att kunna m\u00f6ta de st\u00e4ndigt \u00f6kande kraven p\u00e5 marknaden och tillfredsst\u00e4lla \u00e4ven de mest kr\u00e4vande kunderna, ut\u00f6kar och moderniserar vi systematiskt v\u00e5r transportflotta och utvidgar v\u00e5rt geografiska verksamhetsomr\u00e5de. Vi garanterar punktlighet, h\u00f6g serviceniv\u00e5, attraktiva priser, kompetent personal och effektiva l\u00f6sningar.<\/p>\t\t\t\t\t\t\t\t<\/div>\n\t\t\t\t<\/div>\n\t\t\t\t\t<\/div>\n\t\t\t\t<\/div>\n\t\t\t\t<\/div>","protected":false},"excerpt":{"rendered":"<p>Transport w DAJANO \u2013 nowoczesna flota i niezawodna logistyka Szybki w\u0142asny transport minimalizuje czas realizacji z\u0142o\u017conego zam\u00f3wienia Dzi\u0119ki rozbudowanej flocie transportowej i zaufanej kadrze pracownik\u00f3w zapewniamy profesjonalny i bezpieczny przew\u00f3z ka\u017cdego zam\u00f3wionego towaru bezpo\u015brednio do klienta. Od lat prowadzimy sta\u0142\u0105 wsp\u00f3\u0142prac\u0119 z du\u017cymi firmami oraz producentami z ca\u0142ej Unii Europejskiej, a nawet poza jej granicami&#8230;.<\/p>","protected":false},"author":1,"featured_media":991135,"parent":85,"menu_order":0,"comment_status":"closed","ping_status":"closed","template":"","meta":{"_seopress_robots_primary_cat":"","_seopress_titles_title":"Transport - nowoczesna flota i niezawodna logistyka | DAJANO","_seopress_titles_desc":"Terminowe dostawy dzi\u0119ki nowoczesnej logistyce. Transport pojemnik\u00f3w i nadstawek!","_seopress_robots_index":"","footnotes":""},"class_list":["post-989619","page","type-page","status-publish","has-post-thumbnail","hentry"],"_links":{"self":[{"href":"https:\/\/dajano.pl\/se\/wp-json\/wp\/v2\/pages\/989619","targetHints":{"allow":["GET"]}}],"collection":[{"href":"https:\/\/dajano.pl\/se\/wp-json\/wp\/v2\/pages"}],"about":[{"href":"https:\/\/dajano.pl\/se\/wp-json\/wp\/v2\/types\/page"}],"author":[{"embeddable":true,"href":"https:\/\/dajano.pl\/se\/wp-json\/wp\/v2\/users\/1"}],"replies":[{"embeddable":true,"href":"https:\/\/dajano.pl\/se\/wp-json\/wp\/v2\/comments?post=989619"}],"version-history":[{"count":0,"href":"https:\/\/dajano.pl\/se\/wp-json\/wp\/v2\/pages\/989619\/revisions"}],"up":[{"embeddable":true,"href":"https:\/\/dajano.pl\/se\/wp-json\/wp\/v2\/pages\/85"}],"wp:featuredmedia":[{"embeddable":true,"href":"https:\/\/dajano.pl\/se\/wp-json\/wp\/v2\/media\/991135"}],"wp:attachment":[{"href":"https:\/\/dajano.pl\/se\/wp-json\/wp\/v2\/media?parent=989619"}],"curies":[{"name":"wp","href":"https:\/\/api.w.org\/{rel}","templated":true}]}}