{"id":989597,"date":"2025-03-25T12:51:21","date_gmt":"2025-03-25T12:51:21","guid":{"rendered":"https:\/\/dajano.eu\/?page_id=989597"},"modified":"2025-11-12T05:22:48","modified_gmt":"2025-11-12T05:22:48","slug":"efterlevnad","status":"publish","type":"page","link":"https:\/\/dajano.pl\/se\/foretag\/efterlevnad\/","title":{"rendered":"Efterlevnad"},"content":{"rendered":"<div data-elementor-type=\"wp-page\" data-elementor-id=\"989597\" class=\"elementor elementor-989597\" data-elementor-post-type=\"page\">\n\t\t\t\t\t\t<section class=\"elementor-section elementor-top-section elementor-element elementor-element-6d2d98a elementor-section-boxed elementor-section-height-default elementor-section-height-default\" data-id=\"6d2d98a\" data-element_type=\"section\">\n\t\t\t\t\t\t<div class=\"elementor-container elementor-column-gap-default\">\n\t\t\t\t\t<div class=\"elementor-column elementor-col-100 elementor-top-column elementor-element elementor-element-5fb472a\" data-id=\"5fb472a\" data-element_type=\"column\">\n\t\t\t<div class=\"elementor-widget-wrap elementor-element-populated\">\n\t\t\t\t\t\t<div class=\"elementor-element elementor-element-6ff307c animated-slow elementor-invisible elementor-widget elementor-widget-heading\" data-id=\"6ff307c\" data-element_type=\"widget\" data-settings=\"{&quot;_animation&quot;:&quot;fadeIn&quot;,&quot;_animation_tablet&quot;:&quot;none&quot;}\" data-widget_type=\"heading.default\">\n\t\t\t\t<div class=\"elementor-widget-container\">\n\t\t\t\t\t<h1 class=\"elementor-heading-title elementor-size-default\">Compliance - efterlevnad av standarder och regelverk<\/h1>\t\t\t\t<\/div>\n\t\t\t\t<\/div>\n\t\t\t\t<div class=\"elementor-element elementor-element-8970b63 animated-slow elementor-invisible elementor-widget elementor-widget-heading\" data-id=\"8970b63\" data-element_type=\"widget\" data-settings=\"{&quot;_animation&quot;:&quot;fadeIn&quot;,&quot;_animation_tablet&quot;:&quot;none&quot;,&quot;_animation_delay&quot;:300}\" data-widget_type=\"heading.default\">\n\t\t\t\t<div class=\"elementor-widget-container\">\n\t\t\t\t\t<p class=\"elementor-heading-title elementor-size-default\">Engagemang f\u00f6r kvalitet, s\u00e4kerhet och h\u00e5llbarhet<\/p>\t\t\t\t<\/div>\n\t\t\t\t<\/div>\n\t\t\t\t<div class=\"elementor-element elementor-element-0d43108 elementor-widget elementor-widget-spacer\" data-id=\"0d43108\" data-element_type=\"widget\" data-widget_type=\"spacer.default\">\n\t\t\t\t<div class=\"elementor-widget-container\">\n\t\t\t\t\t\t\t<div class=\"elementor-spacer\">\n\t\t\t<div class=\"elementor-spacer-inner\"><\/div>\n\t\t<\/div>\n\t\t\t\t\t\t<\/div>\n\t\t\t\t<\/div>\n\t\t\t\t\t<\/div>\n\t\t<\/div>\n\t\t\t\t\t<\/div>\n\t\t<\/section>\n\t\t\t\t<section class=\"elementor-section elementor-top-section elementor-element elementor-element-6f6defb elementor-section-boxed elementor-section-height-default elementor-section-height-default\" data-id=\"6f6defb\" data-element_type=\"section\">\n\t\t\t\t\t\t<div class=\"elementor-container elementor-column-gap-default\">\n\t\t\t\t\t<div class=\"elementor-column elementor-col-100 elementor-top-column elementor-element elementor-element-7c75eb6\" data-id=\"7c75eb6\" data-element_type=\"column\" data-settings=\"{&quot;background_background&quot;:&quot;classic&quot;}\">\n\t\t\t<div class=\"elementor-widget-wrap elementor-element-populated\">\n\t\t\t\t\t\t<div class=\"elementor-element elementor-element-a9358b9 elementor-widget elementor-widget-text-editor\" data-id=\"a9358b9\" data-element_type=\"widget\" data-widget_type=\"text-editor.default\">\n\t\t\t\t<div class=\"elementor-widget-container\">\n\t\t\t\t\t\t\t\t\t<p>P\u00e5 DAJANO prioriterar vi att respektera <strong>h\u00f6gsta m\u00f6jliga kvalitetsstandard<\/strong>, milj\u00f6 och etiska normer. V\u00e5ra produkter och produktionsprocesser uppfyller internationella standarder och best\u00e4mmelser, vilket g\u00f6r att vi kan tillhandah\u00e5lla tillf\u00f6rlitliga <strong>l\u00f6sningar f\u00f6r att m\u00f6ta v\u00e5ra kunders h\u00f6gsta krav<\/strong>. Vi str\u00e4var efter st\u00e4ndiga f\u00f6rb\u00e4ttringar, att f\u00f6lja lagstiftningen och att ta v\u00e5rt sociala ansvar.<\/p>\t\t\t\t\t\t\t\t<\/div>\n\t\t\t\t<\/div>\n\t\t\t\t\t<\/div>\n\t\t<\/div>\n\t\t\t\t\t<\/div>\n\t\t<\/section>\n\t\t\t\t<section class=\"elementor-section elementor-top-section elementor-element elementor-element-8271ecc elementor-section-boxed elementor-section-height-default elementor-section-height-default\" data-id=\"8271ecc\" data-element_type=\"section\">\n\t\t\t\t\t\t<div class=\"elementor-container elementor-column-gap-default\">\n\t\t\t\t\t<div class=\"elementor-column elementor-col-100 elementor-top-column elementor-element elementor-element-1ab099c\" data-id=\"1ab099c\" data-element_type=\"column\" data-settings=\"{&quot;background_background&quot;:&quot;classic&quot;}\">\n\t\t\t<div class=\"elementor-widget-wrap elementor-element-populated\">\n\t\t\t\t\t\t<div class=\"elementor-element elementor-element-a9c2e38 elementor-widget elementor-widget-heading\" data-id=\"a9c2e38\" data-element_type=\"widget\" data-widget_type=\"heading.default\">\n\t\t\t\t<div class=\"elementor-widget-container\">\n\t\t\t\t\t<h2 class=\"elementor-heading-title elementor-size-default\">Efterlevnad och ansvarighet i DAJANO:s verksamhet<\/h2>\t\t\t\t<\/div>\n\t\t\t\t<\/div>\n\t\t\t\t<div class=\"elementor-element elementor-element-f04cb0d elementor-widget elementor-widget-text-editor\" data-id=\"f04cb0d\" data-element_type=\"widget\" data-widget_type=\"text-editor.default\">\n\t\t\t\t<div class=\"elementor-widget-container\">\n\t\t\t\t\t\t\t\t\t<ul data-start=\"936\" data-end=\"1850\"><li data-start=\"936\" data-end=\"1187\"><p data-start=\"938\" data-end=\"1187\"><strong data-start=\"938\" data-end=\"963\">Kvalitetsstyrning:<\/strong>\u00a0I enlighet med standarden\u00a0<strong data-start=\"980\" data-end=\"992\">ISO 9001<\/strong>, N\u00e4r vi tillverkar v\u00e5ra produkter ser vi till att alla tillverkas i enlighet med strikta kvalitetskrav. Detta g\u00f6r att vi kan garantera h\u00f6g tillf\u00f6rlitlighet och repeterbarhet hos v\u00e5ra produkter.<\/p><\/li><li data-start=\"1188\" data-end=\"1450\"><p data-start=\"1190\" data-end=\"1450\"><strong data-start=\"1190\" data-end=\"1219\">Milj\u00f6ledning:<\/strong>\u00a0V\u00e5rt f\u00f6retag bedriver sin verksamhet i enlighet med\u00a0<strong data-start=\"1255\" data-end=\"1268\">ISO 14001<\/strong>, vilket bekr\u00e4ftar v\u00e5rt \u00e5tagande att minimera v\u00e5r milj\u00f6p\u00e5verkan. Vi anv\u00e4nder produktionstekniker som uppfyller de b\u00e4sta milj\u00f6standarderna.<\/p><\/li><li data-start=\"1451\" data-end=\"1621\"><p data-start=\"1453\" data-end=\"1621\"><strong data-start=\"1453\" data-end=\"1488\">\u00d6verensst\u00e4mmelse med branschstandarder:<\/strong>\u00a0V\u00e5ra Gitterboxar och metallkorgar uppfyller logistikbranschens krav, vilket har bekr\u00e4ftats av ett certifikat\u00a0<strong data-start=\"1612\" data-end=\"1620\">EPAL<\/strong>.<\/p><\/li><li data-start=\"1622\" data-end=\"1850\"><p data-start=\"1624\" data-end=\"1850\"><strong data-start=\"1624\" data-end=\"1657\">Ett etiskt f\u00f6rh\u00e5llningss\u00e4tt till f\u00f6retagande:<\/strong>\u00a0Tack till certifikatet\u00a0<strong data-start=\"1679\" data-end=\"1691\">EcoVadis<\/strong>\u00a0och\u00a0<strong data-start=\"1697\" data-end=\"1736\">SAQ (fr\u00e5geformul\u00e4r f\u00f6r sj\u00e4lvutv\u00e4rdering)<\/strong>Vi ser till att v\u00e5ra handlingar f\u00f6ljer internationella normer f\u00f6r etik och socialt ansvar.<\/p><\/li><\/ul>\t\t\t\t\t\t\t\t<\/div>\n\t\t\t\t<\/div>\n\t\t\t\t\t<\/div>\n\t\t<\/div>\n\t\t\t\t\t<\/div>\n\t\t<\/section>\n\t\t\t\t<section class=\"elementor-section elementor-top-section elementor-element elementor-element-ec2265a elementor-section-boxed elementor-section-height-default elementor-section-height-default\" data-id=\"ec2265a\" data-element_type=\"section\">\n\t\t\t\t\t\t<div class=\"elementor-container elementor-column-gap-default\">\n\t\t\t\t\t<div class=\"elementor-column elementor-col-100 elementor-top-column elementor-element elementor-element-69fbf93\" data-id=\"69fbf93\" data-element_type=\"column\" data-settings=\"{&quot;background_background&quot;:&quot;classic&quot;}\">\n\t\t\t<div class=\"elementor-widget-wrap elementor-element-populated\">\n\t\t\t\t\t\t<div class=\"elementor-element elementor-element-9661d3f elementor-widget elementor-widget-heading\" data-id=\"9661d3f\" data-element_type=\"widget\" data-widget_type=\"heading.default\">\n\t\t\t\t<div class=\"elementor-widget-container\">\n\t\t\t\t\t<h3 class=\"elementor-heading-title elementor-size-default\">DAJANO-policyer<\/h3>\t\t\t\t<\/div>\n\t\t\t\t<\/div>\n\t\t\t\t<div class=\"elementor-element elementor-element-6c83d3d elementor-widget elementor-widget-text-editor\" data-id=\"6c83d3d\" data-element_type=\"widget\" data-widget_type=\"text-editor.default\">\n\t\t\t\t<div class=\"elementor-widget-container\">\n\t\t\t\t\t\t\t\t\t<p data-start=\"1873\" data-end=\"2002\">F\u00f6r att s\u00e4kerst\u00e4lla transparens och full efterlevnad har vi inf\u00f6rt f\u00f6ljande policyer f\u00f6r att styra v\u00e5r verksamhet:<\/p><ol data-start=\"2004\" data-end=\"2634\"><li data-start=\"2004\" data-end=\"2332\"><p data-start=\"2007\" data-end=\"2332\"><strong data-start=\"2007\" data-end=\"2041\">Kvalitets- och milj\u00f6politik:<\/strong><br data-start=\"2041\" data-end=\"2044\" \/>V\u00e5r kvalitets- och milj\u00f6policy beskriver v\u00e5ra m\u00e5l och \u00e5taganden f\u00f6r att uppr\u00e4tth\u00e5lla h\u00f6gsta m\u00f6jliga kvalitetsstandard och skydda milj\u00f6n. Vi har inf\u00f6rt ett antal rutiner f\u00f6r att kontinuerligt f\u00f6rb\u00e4ttra v\u00e5ra processer och minimera v\u00e5r p\u00e5verkan p\u00e5 milj\u00f6n.<\/p><\/li><li data-start=\"2334\" data-end=\"2634\"><p data-start=\"2337\" data-end=\"2634\"><strong data-start=\"2337\" data-end=\"2374\">Priss\u00e4ttningspolicy f\u00f6r metallkorgar:<\/strong><br data-start=\"2374\" data-end=\"2377\" \/>Metal Baskets prispolicy fastst\u00e4ller de principer som styr priss\u00e4ttningen av v\u00e5ra produkter. Vi fokuserar p\u00e5 \u00f6ppenhet och \u00e4rlighet i v\u00e5ra relationer med v\u00e5ra kunder och s\u00e4kerst\u00e4ller konkurrenskraftiga priser samtidigt som vi uppr\u00e4tth\u00e5ller h\u00f6g produktkvalitet.<\/p><\/li><\/ol>\t\t\t\t\t\t\t\t<\/div>\n\t\t\t\t<\/div>\n\t\t\t\t\t<\/div>\n\t\t<\/div>\n\t\t\t\t\t<\/div>\n\t\t<\/section>\n\t\t\t\t<section class=\"elementor-section elementor-top-section elementor-element elementor-element-7a559ff elementor-section-boxed elementor-section-height-default elementor-section-height-default\" data-id=\"7a559ff\" data-element_type=\"section\">\n\t\t\t\t\t\t<div class=\"elementor-container elementor-column-gap-default\">\n\t\t\t\t\t<div class=\"elementor-column elementor-col-100 elementor-top-column elementor-element elementor-element-16d5555\" data-id=\"16d5555\" data-element_type=\"column\" data-settings=\"{&quot;background_background&quot;:&quot;classic&quot;}\">\n\t\t\t<div class=\"elementor-widget-wrap elementor-element-populated\">\n\t\t\t\t\t\t<div class=\"elementor-element elementor-element-d3b6bd7 elementor-widget elementor-widget-heading\" data-id=\"d3b6bd7\" data-element_type=\"widget\" data-widget_type=\"heading.default\">\n\t\t\t\t<div class=\"elementor-widget-container\">\n\t\t\t\t\t<h3 class=\"elementor-heading-title elementor-size-default\">Dokument att ladda ner<\/h3>\t\t\t\t<\/div>\n\t\t\t\t<\/div>\n\t\t\t\t<div class=\"elementor-element elementor-element-1fa5a1b elementor-widget elementor-widget-text-editor\" data-id=\"1fa5a1b\" data-element_type=\"widget\" data-widget_type=\"text-editor.default\">\n\t\t\t\t<div class=\"elementor-widget-container\">\n\t\t\t\t\t\t\t\t\t<p data-start=\"2668\" data-end=\"2803\">F\u00f6r detaljerad information om v\u00e5ra policyer och rutiner, v\u00e4nligen ladda ner PDF-dokumenten nedan:<\/p><ul data-start=\"2805\" data-end=\"2917\"><li data-start=\"2805\" data-end=\"2859\"><p data-start=\"2807\" data-end=\"2859\"><strong data-start=\"2807\" data-end=\"2840\">Kvalitets- och milj\u00f6politik<\/strong>\u00a0\u2013\u00a0<a href=\"http:\/\/dajano.eu\/wp-content\/uploads\/2025\/04\/Polityka-jakosci-i-srodowiska.pdf\" target=\"_blank\" rel=\"noopener\">Ladda ner PDF<\/a><\/p><\/li><li data-start=\"2860\" data-end=\"2917\"><p data-start=\"2862\" data-end=\"2917\"><strong data-start=\"2862\" data-end=\"2898\">Prispolicy f\u00f6r metallkorgar<\/strong>\u00a0\u2013\u00a0<a href=\"http:\/\/dajano.eu\/wp-content\/uploads\/2025\/04\/Polityka-cen-koszy-metalowych.pdf\" target=\"_blank\" rel=\"noopener\" data-start=\"2901\" data-end=\"2917\">Ladda ner PDF<\/a><\/p><\/li><\/ul>\t\t\t\t\t\t\t\t<\/div>\n\t\t\t\t<\/div>\n\t\t\t\t\t<\/div>\n\t\t<\/div>\n\t\t\t\t\t<\/div>\n\t\t<\/section>\n\t\t\t\t<\/div>","protected":false},"excerpt":{"rendered":"<p>Compliance \u2013 zgodno\u015b\u0107 z normami i przepisami Dba\u0142o\u015b\u0107 o jako\u015b\u0107, bezpiecze\u0144stwo i zr\u00f3wnowa\u017cony rozw\u00f3j W DAJANO priorytetem jest przestrzeganie najwy\u017cszych standard\u00f3w jako\u015bciowych, \u015brodowiskowych i etycznych. Nasze produkty oraz procesy produkcyjne s\u0105 zgodne z mi\u0119dzynarodowymi normami i przepisami, co pozwala nam dostarcza\u0107 niezawodne rozwi\u0105zania spe\u0142niaj\u0105ce najwy\u017csze wymagania naszych klient\u00f3w. D\u0105\u017cymy do ci\u0105g\u0142ego doskonalenia, przestrzegania przepis\u00f3w prawa&#8230;<\/p>","protected":false},"author":1,"featured_media":4533,"parent":85,"menu_order":0,"comment_status":"closed","ping_status":"closed","template":"","meta":{"_seopress_robots_primary_cat":"","_seopress_titles_title":"Jako\u015b\u0107 - nowoczesne technologie i wysoki standard produkcji | DAJANO","_seopress_titles_desc":"Stawiamy na precyzj\u0119 i innowacje \u2013 ci\u0119cie laserowe, spawanie robotami. Sprawd\u017a!","_seopress_robots_index":"","footnotes":""},"class_list":["post-989597","page","type-page","status-publish","has-post-thumbnail","hentry"],"_links":{"self":[{"href":"https:\/\/dajano.pl\/se\/wp-json\/wp\/v2\/pages\/989597","targetHints":{"allow":["GET"]}}],"collection":[{"href":"https:\/\/dajano.pl\/se\/wp-json\/wp\/v2\/pages"}],"about":[{"href":"https:\/\/dajano.pl\/se\/wp-json\/wp\/v2\/types\/page"}],"author":[{"embeddable":true,"href":"https:\/\/dajano.pl\/se\/wp-json\/wp\/v2\/users\/1"}],"replies":[{"embeddable":true,"href":"https:\/\/dajano.pl\/se\/wp-json\/wp\/v2\/comments?post=989597"}],"version-history":[{"count":0,"href":"https:\/\/dajano.pl\/se\/wp-json\/wp\/v2\/pages\/989597\/revisions"}],"up":[{"embeddable":true,"href":"https:\/\/dajano.pl\/se\/wp-json\/wp\/v2\/pages\/85"}],"wp:featuredmedia":[{"embeddable":true,"href":"https:\/\/dajano.pl\/se\/wp-json\/wp\/v2\/media\/4533"}],"wp:attachment":[{"href":"https:\/\/dajano.pl\/se\/wp-json\/wp\/v2\/media?parent=989597"}],"curies":[{"name":"wp","href":"https:\/\/api.w.org\/{rel}","templated":true}]}}