{"id":988100,"date":"2025-03-01T18:32:59","date_gmt":"2025-03-01T18:32:59","guid":{"rendered":"https:\/\/dajano.eu\/?page_id=988100"},"modified":"2025-11-12T05:28:37","modified_gmt":"2025-11-12T05:28:37","slug":"transportbehallare","status":"publish","type":"page","link":"https:\/\/dajano.pl\/se\/produkter\/specialbehallare\/transportbehallare\/","title":{"rendered":"Transportbeh\u00e5llare - transportera gods p\u00e5 ett s\u00e4kert s\u00e4tt utan risk f\u00f6r skador"},"content":{"rendered":"<div data-elementor-type=\"wp-page\" data-elementor-id=\"988100\" class=\"elementor elementor-988100\" data-elementor-post-type=\"page\">\n\t\t\t\t\t\t<section class=\"elementor-section elementor-top-section elementor-element elementor-element-2ecb4789 elementor-section-boxed elementor-section-height-default elementor-section-height-default\" data-id=\"2ecb4789\" data-element_type=\"section\" data-settings=\"{&quot;background_background&quot;:&quot;classic&quot;,&quot;background_motion_fx_motion_fx_scrolling&quot;:&quot;yes&quot;,&quot;background_motion_fx_translateY_effect&quot;:&quot;yes&quot;,&quot;background_motion_fx_translateY_speed&quot;:{&quot;unit&quot;:&quot;px&quot;,&quot;size&quot;:2,&quot;sizes&quot;:[]},&quot;background_motion_fx_devices&quot;:[&quot;desktop&quot;],&quot;background_motion_fx_translateY_affectedRange&quot;:{&quot;unit&quot;:&quot;%&quot;,&quot;size&quot;:&quot;&quot;,&quot;sizes&quot;:{&quot;start&quot;:0,&quot;end&quot;:100}}}\">\n\t\t\t\t\t\t<div class=\"elementor-container elementor-column-gap-no\">\n\t\t\t\t\t<div class=\"elementor-column elementor-col-50 elementor-top-column elementor-element elementor-element-2dc4573f\" data-id=\"2dc4573f\" data-element_type=\"column\">\n\t\t\t<div class=\"elementor-widget-wrap elementor-element-populated\">\n\t\t\t\t\t\t<div class=\"elementor-element elementor-element-6cac7618 elementor-widget elementor-widget-spacer\" data-id=\"6cac7618\" data-element_type=\"widget\" data-widget_type=\"spacer.default\">\n\t\t\t\t<div class=\"elementor-widget-container\">\n\t\t\t\t\t\t\t<div class=\"elementor-spacer\">\n\t\t\t<div class=\"elementor-spacer-inner\"><\/div>\n\t\t<\/div>\n\t\t\t\t\t\t<\/div>\n\t\t\t\t<\/div>\n\t\t\t\t<div class=\"elementor-element elementor-element-6c98450e elementor-widget elementor-widget-theme-post-title elementor-page-title elementor-widget-heading\" data-id=\"6c98450e\" data-element_type=\"widget\" data-widget_type=\"theme-post-title.default\">\n\t\t\t\t<div class=\"elementor-widget-container\">\n\t\t\t\t\t<h1 class=\"elementor-heading-title elementor-size-default\">Transportbeh\u00e5llare - transportera gods p\u00e5 ett s\u00e4kert s\u00e4tt utan risk f\u00f6r skador<\/h1>\t\t\t\t<\/div>\n\t\t\t\t<\/div>\n\t\t\t\t<div class=\"elementor-element elementor-element-223caf53 elementor-widget elementor-widget-spacer\" data-id=\"223caf53\" data-element_type=\"widget\" data-widget_type=\"spacer.default\">\n\t\t\t\t<div class=\"elementor-widget-container\">\n\t\t\t\t\t\t\t<div class=\"elementor-spacer\">\n\t\t\t<div class=\"elementor-spacer-inner\"><\/div>\n\t\t<\/div>\n\t\t\t\t\t\t<\/div>\n\t\t\t\t<\/div>\n\t\t\t\t\t<\/div>\n\t\t<\/div>\n\t\t\t\t<div class=\"elementor-column elementor-col-50 elementor-top-column elementor-element elementor-element-0efcfd9\" data-id=\"0efcfd9\" data-element_type=\"column\">\n\t\t\t<div class=\"elementor-widget-wrap elementor-element-populated\">\n\t\t\t\t\t\t<div class=\"vamtam-has-theme-widget-styles elementor-element elementor-element-90d2f4c elementor-align-right elementor-tablet-align-left elementor-widget elementor-widget-button\" data-id=\"90d2f4c\" data-element_type=\"widget\" data-widget_type=\"button.default\">\n\t\t\t\t<div class=\"elementor-widget-container\">\n\t\t\t\t\t\t\t\t\t<div class=\"elementor-button-wrapper\">\n\t\t\t\t\t<a class=\"elementor-button elementor-button-link elementor-size-sm\" href=\"\/se\/kontakta\/\">\n\t\t\t\t\t\t<span class=\"elementor-button-content-wrapper\">\n\t\t\t\t\t\t\t\t\t<span class=\"elementor-button-text\">Kontakta oss<\/span>\n\t\t\t\t\t<\/span>\n\t\t\t\t\t<\/a>\n\t\t\t\t<\/div>\n\t\t\t\t\t\t\t\t<\/div>\n\t\t\t\t<\/div>\n\t\t\t\t\t<\/div>\n\t\t<\/div>\n\t\t\t\t\t<\/div>\n\t\t<\/section>\n\t\t\t\t<section class=\"elementor-section elementor-top-section elementor-element elementor-element-8a7243b elementor-section-content-middle elementor-reverse-mobile elementor-section-boxed elementor-section-height-default elementor-section-height-default\" data-id=\"8a7243b\" data-element_type=\"section\">\n\t\t\t\t\t\t<div class=\"elementor-container elementor-column-gap-no\">\n\t\t\t\t\t<div class=\"elementor-column elementor-col-100 elementor-top-column elementor-element elementor-element-44cabfbd\" data-id=\"44cabfbd\" data-element_type=\"column\">\n\t\t\t<div class=\"elementor-widget-wrap elementor-element-populated\">\n\t\t\t\t\t\t<div class=\"elementor-element elementor-element-4804700 elementor-widget__width-auto elementor-widget elementor-widget-sp-breadcrumbs\" data-id=\"4804700\" data-element_type=\"widget\" data-widget_type=\"sp-breadcrumbs.default\">\n\t\t\t\t<div class=\"elementor-widget-container\">\n\t\t\t\t\t<nav  aria-label=\"br\u00f6dsmula\"><ol class=\"breadcrumb\" itemscope itemtype=\"https:\/\/schema.org\/BreadcrumbList\"><li class=\"breadcrumb-item active\" aria-current=\"page\" itemprop=\"itemListElement\" itemscope itemtype=\"https:\/\/schema.org\/ListItem\"><span itemprop=\"name\">Tillverkare av Gitterboxar<\/span><meta itemprop=\"position\" content=\"1\"><\/li><\/ol><\/nav>\t\t\t\t<\/div>\n\t\t\t\t<\/div>\n\t\t\t\t\t<\/div>\n\t\t<\/div>\n\t\t\t\t\t<\/div>\n\t\t<\/section>\n\t\t\t\t<section class=\"elementor-section elementor-top-section elementor-element elementor-element-c9e2ac7 elementor-section-boxed elementor-section-height-default elementor-section-height-default\" data-id=\"c9e2ac7\" data-element_type=\"section\">\n\t\t\t\t\t\t<div class=\"elementor-container elementor-column-gap-default\">\n\t\t\t\t\t<div class=\"elementor-column elementor-col-100 elementor-top-column elementor-element elementor-element-2282842\" data-id=\"2282842\" data-element_type=\"column\">\n\t\t\t<div class=\"elementor-widget-wrap elementor-element-populated\">\n\t\t\t\t\t\t<div class=\"elementor-element elementor-element-6b32a50 elementor-widget elementor-widget-heading\" data-id=\"6b32a50\" data-element_type=\"widget\" data-widget_type=\"heading.default\">\n\t\t\t\t<div class=\"elementor-widget-container\">\n\t\t\t\t\t<h2 class=\"elementor-heading-title elementor-size-default\">Containrar f\u00f6r transport - anpassade till olika branscher<\/h2>\t\t\t\t<\/div>\n\t\t\t\t<\/div>\n\t\t\t\t<div class=\"elementor-element elementor-element-500c543 elementor-widget elementor-widget-text-editor\" data-id=\"500c543\" data-element_type=\"widget\" data-widget_type=\"text-editor.default\">\n\t\t\t\t<div class=\"elementor-widget-container\">\n\t\t\t\t\t\t\t\t\t<p data-start=\"3785\" data-end=\"4015\">F\u00f6r att transportera varor kr\u00e4vs\u00a0<strong data-start=\"3810\" data-end=\"3847\">stabila och robusta beh\u00e5llare<\/strong>, som f\u00f6rhindrar att produkterna r\u00f6r sig under resan. V\u00e5ra transportbeh\u00e5llare minimerar risken f\u00f6r skador och uppfyller logistikstandarderna.<\/p>\t\t\t\t\t\t\t\t<\/div>\n\t\t\t\t<\/div>\n\t\t\t\t<div class=\"elementor-element elementor-element-a372635 elementor-widget elementor-widget-heading\" data-id=\"a372635\" data-element_type=\"widget\" data-widget_type=\"heading.default\">\n\t\t\t\t<div class=\"elementor-widget-container\">\n\t\t\t\t\t<h2 class=\"elementor-heading-title elementor-size-default\">Varf\u00f6r investera i transportcontainrar?<\/h2>\t\t\t\t<\/div>\n\t\t\t\t<\/div>\n\t\t\t\t<div class=\"elementor-element elementor-element-67e087f elementor-icon-list--layout-traditional elementor-list-item-link-full_width elementor-widget elementor-widget-icon-list\" data-id=\"67e087f\" data-element_type=\"widget\" data-widget_type=\"icon-list.default\">\n\t\t\t\t<div class=\"elementor-widget-container\">\n\t\t\t\t\t\t\t<ul class=\"elementor-icon-list-items\">\n\t\t\t\t\t\t\t<li class=\"elementor-icon-list-item\">\n\t\t\t\t\t\t\t\t\t\t\t<span class=\"elementor-icon-list-icon\">\n\t\t\t\t\t\t\t<i aria-hidden=\"true\" class=\"fas fa-check\"><\/i>\t\t\t\t\t\t<\/span>\n\t\t\t\t\t\t\t\t\t\t<span class=\"elementor-icon-list-text\"><b>H\u00f6g slag- och st\u00f6tt\u00e5lighet.<\/b><\/span>\n\t\t\t\t\t\t\t\t\t<\/li>\n\t\t\t\t\t\t\t\t<li class=\"elementor-icon-list-item\">\n\t\t\t\t\t\t\t\t\t\t\t<span class=\"elementor-icon-list-icon\">\n\t\t\t\t\t\t\t<i aria-hidden=\"true\" class=\"fas fa-check\"><\/i>\t\t\t\t\t\t<\/span>\n\t\t\t\t\t\t\t\t\t\t<span class=\"elementor-icon-list-text\"><b>Speciella lasts\u00e4kringsremmar<\/b> - perfekt f\u00f6r kurir- och e-handelsbranschen.<\/span>\n\t\t\t\t\t\t\t\t\t<\/li>\n\t\t\t\t\t\t\t\t<li class=\"elementor-icon-list-item\">\n\t\t\t\t\t\t\t\t\t\t\t<span class=\"elementor-icon-list-icon\">\n\t\t\t\t\t\t\t<i aria-hidden=\"true\" class=\"fas fa-check\"><\/i>\t\t\t\t\t\t<\/span>\n\t\t\t\t\t\t\t\t\t\t<span class=\"elementor-icon-list-text\"><b>Enkel lastning och lossning<\/b> - tack vare en praktisk d\u00f6rr.<\/span>\n\t\t\t\t\t\t\t\t\t<\/li>\n\t\t\t\t\t\t\t\t<li class=\"elementor-icon-list-item\">\n\t\t\t\t\t\t\t\t\t\t\t<span class=\"elementor-icon-list-icon\">\n\t\t\t\t\t\t\t<i aria-hidden=\"true\" class=\"fas fa-check\"><\/i>\t\t\t\t\t\t<\/span>\n\t\t\t\t\t\t\t\t\t\t<span class=\"elementor-icon-list-text\"><b>Eliminering av behovet av str\u00e4ckfilm<\/b> - besparingar i f\u00f6rpackningskostnader.<\/span>\n\t\t\t\t\t\t\t\t\t<\/li>\n\t\t\t\t\t\t\t\t<li class=\"elementor-icon-list-item\">\n\t\t\t\t\t\t\t\t\t\t\t<span class=\"elementor-icon-list-icon\">\n\t\t\t\t\t\t\t<i aria-hidden=\"true\" class=\"fas fa-check\"><\/i>\t\t\t\t\t\t<\/span>\n\t\t\t\t\t\t\t\t\t\t<span class=\"elementor-icon-list-text\"><b>Anpassad f\u00f6r v\u00e4g-, j\u00e4rnv\u00e4gs- och sj\u00f6transport.<\/b><\/span>\n\t\t\t\t\t\t\t\t\t<\/li>\n\t\t\t\t\t\t<\/ul>\n\t\t\t\t\t\t<\/div>\n\t\t\t\t<\/div>\n\t\t\t\t<div class=\"elementor-element elementor-element-a950a12 elementor-widget elementor-widget-heading\" data-id=\"a950a12\" data-element_type=\"widget\" data-widget_type=\"heading.default\">\n\t\t\t\t<div class=\"elementor-widget-container\">\n\t\t\t\t\t<h3 class=\"elementor-heading-title elementor-size-default\">Transportbeh\u00e5llare av n\u00e4t - h\u00e5llbarhet och anv\u00e4ndarv\u00e4nlighet<\/h3>\t\t\t\t<\/div>\n\t\t\t\t<\/div>\n\t\t\t\t<div class=\"elementor-element elementor-element-1f8aad3 elementor-widget elementor-widget-text-editor\" data-id=\"1f8aad3\" data-element_type=\"widget\" data-widget_type=\"text-editor.default\">\n\t\t\t\t<div class=\"elementor-widget-container\">\n\t\t\t\t\t\t\t\t\tTransportbeh\u00e5llare av n\u00e4t ger utm\u00e4rkt ventilation och insyn i lagrade produkter. Den robusta konstruktionen m\u00f6jligg\u00f6r bekv\u00e4m lastning och lossning, och stapelbarheten sparar utrymme i lagret och transportmedlen.\t\t\t\t\t\t\t\t<\/div>\n\t\t\t\t<\/div>\n\t\t\t\t<div class=\"elementor-element elementor-element-e869f9e elementor-widget elementor-widget-heading\" data-id=\"e869f9e\" data-element_type=\"widget\" data-widget_type=\"heading.default\">\n\t\t\t\t<div class=\"elementor-widget-container\">\n\t\t\t\t\t<h3 class=\"elementor-heading-title elementor-size-default\">Metallbeh\u00e5llare - motst\u00e5ndskraft mot skador under transport<\/h3>\t\t\t\t<\/div>\n\t\t\t\t<\/div>\n\t\t\t\t<div class=\"elementor-element elementor-element-80f2792 elementor-widget elementor-widget-text-editor\" data-id=\"80f2792\" data-element_type=\"widget\" data-widget_type=\"text-editor.default\">\n\t\t\t\t<div class=\"elementor-widget-container\">\n\t\t\t\t\t\t\t\t\tMetallcontainrarna \u00e4r tillverkade av st\u00e5l och utm\u00e4rker sig genom sin exceptionella h\u00e5llbarhet. Den svetsade konstruktionen garanterar motst\u00e5ndskraft mot intensiv anv\u00e4ndning, och beh\u00e5llarnas stabilitet minimerar risken f\u00f6r skador p\u00e5 den transporterade lasten.\t\t\t\t\t\t\t\t<\/div>\n\t\t\t\t<\/div>\n\t\t\t\t<div class=\"elementor-element elementor-element-dbd9026 elementor-widget elementor-widget-heading\" data-id=\"dbd9026\" data-element_type=\"widget\" data-widget_type=\"heading.default\">\n\t\t\t\t<div class=\"elementor-widget-container\">\n\t\t\t\t\t<h2 class=\"elementor-heading-title elementor-size-default\">Transport\u00f6rer - effektivitet i logistiken<\/h2>\t\t\t\t<\/div>\n\t\t\t\t<\/div>\n\t\t\t\t<div class=\"elementor-element elementor-element-75c3251 elementor-widget elementor-widget-text-editor\" data-id=\"75c3251\" data-element_type=\"widget\" data-widget_type=\"text-editor.default\">\n\t\t\t\t<div class=\"elementor-widget-container\">\n\t\t\t\t\t\t\t\t\t<p>Inom logistiken \u00e4r det viktigt att maximera anv\u00e4ndningen av utrymme och samtidigt uppr\u00e4tth\u00e5lla s\u00e4kerheten f\u00f6r de varor som transporteras. Med v\u00e5ra transportb\u00e4rare kan du optimera kostnaderna och \u00f6ka effektiviteten i dina lagrings- och transportprocesser.<\/p>\t\t\t\t\t\t\t\t<\/div>\n\t\t\t\t<\/div>\n\t\t\t\t<div class=\"elementor-element elementor-element-2d79f77 elementor-widget elementor-widget-heading\" data-id=\"2d79f77\" data-element_type=\"widget\" data-widget_type=\"heading.default\">\n\t\t\t\t<div class=\"elementor-widget-container\">\n\t\t\t\t\t<h3 class=\"elementor-heading-title elementor-size-default\">Transportkorgar - sparar utrymme vid f\u00f6rvaring och transport<\/h3>\t\t\t\t<\/div>\n\t\t\t\t<\/div>\n\t\t\t\t<div class=\"elementor-element elementor-element-87dc448 elementor-widget elementor-widget-text-editor\" data-id=\"87dc448\" data-element_type=\"widget\" data-widget_type=\"text-editor.default\">\n\t\t\t\t<div class=\"elementor-widget-container\">\n\t\t\t\t\t\t\t\t\tTransportkorgar g\u00f6r det enkelt att organisera de f\u00f6rem\u00e5l som ska transporteras. Tack vare att de \u00e4r stapelbara kan utrymmet som kr\u00e4vs minskas avsev\u00e4rt, vilket leder till besparingar i transport- och lagringskostnader.\t\t\t\t\t\t\t\t<\/div>\n\t\t\t\t<\/div>\n\t\t\t\t<div class=\"elementor-element elementor-element-e7eb688 elementor-widget elementor-widget-heading\" data-id=\"e7eb688\" data-element_type=\"widget\" data-widget_type=\"heading.default\">\n\t\t\t\t<div class=\"elementor-widget-container\">\n\t\t\t\t\t<h3 class=\"elementor-heading-title elementor-size-default\">Beh\u00e5llare med klaff - snabb \u00e5tkomst till f\u00f6rvaringsf\u00f6rem\u00e5len<\/h3>\t\t\t\t<\/div>\n\t\t\t\t<\/div>\n\t\t\t\t<div class=\"elementor-element elementor-element-6d2ed90 elementor-widget elementor-widget-text-editor\" data-id=\"6d2ed90\" data-element_type=\"widget\" data-widget_type=\"text-editor.default\">\n\t\t\t\t<div class=\"elementor-widget-container\">\n\t\t\t\t\t\t\t\t\tBeh\u00e5llare med klaff ger snabb och bekv\u00e4m \u00e5tkomst till inneh\u00e5llet utan att man beh\u00f6ver \u00f6ppna dem helt och h\u00e5llet. Detta \u00e4r idealiskt f\u00f6r situationer d\u00e4r man ofta m\u00e5ste str\u00e4cka sig efter f\u00f6rvaringsvarorna.\t\t\t\t\t\t\t\t<\/div>\n\t\t\t\t<\/div>\n\t\t\t\t<div class=\"elementor-element elementor-element-1e0b758 elementor-widget elementor-widget-heading\" data-id=\"1e0b758\" data-element_type=\"widget\" data-widget_type=\"heading.default\">\n\t\t\t\t<div class=\"elementor-widget-container\">\n\t\t\t\t\t<h2 class=\"elementor-heading-title elementor-size-default\">Transportbeh\u00e5llare - Vanliga fr\u00e5gor och svar\n<\/h2>\t\t\t\t<\/div>\n\t\t\t\t<\/div>\n\t\t\t\t<div class=\"elementor-element elementor-element-c8eaa74 elementor-widget elementor-widget-n-accordion\" data-id=\"c8eaa74\" data-element_type=\"widget\" data-settings=\"{&quot;default_state&quot;:&quot;expanded&quot;,&quot;max_items_expended&quot;:&quot;one&quot;,&quot;n_accordion_animation_duration&quot;:{&quot;unit&quot;:&quot;ms&quot;,&quot;size&quot;:400,&quot;sizes&quot;:[]}}\" data-widget_type=\"nested-accordion.default\">\n\t\t\t\t<div class=\"elementor-widget-container\">\n\t\t\t\t\t\t\t<div class=\"e-n-accordion\" aria-label=\"Dragspel. \u00d6ppna l\u00e4nkar med Enter eller Space, st\u00e4ng med Escape och navigera med piltangenterna.\">\n\t\t\t\t\t\t<details id=\"e-n-accordion-item-2100\" class=\"e-n-accordion-item\" open>\n\t\t\t\t<summary class=\"e-n-accordion-item-title\" data-accordion-index=\"1\" tabindex=\"0\" aria-expanded=\"true\" aria-controls=\"e-n-accordion-item-2100\" >\n\t\t\t\t\t<span class='e-n-accordion-item-title-header'><h3 class=\"e-n-accordion-item-title-text\"> Vad \u00e4r transportbeh\u00e5llare? <\/h3><\/span>\n\t\t\t\t\t\t\t<span class='e-n-accordion-item-title-icon'>\n\t\t\t<span class='e-opened' ><i aria-hidden=\"true\" class=\"fas fa-minus\"><\/i><\/span>\n\t\t\t<span class='e-closed'><i aria-hidden=\"true\" class=\"fas fa-plus\"><\/i><\/span>\n\t\t<\/span>\n\n\t\t\t\t\t\t<\/summary>\n\t\t\t\t<div role=\"region\" aria-labelledby=\"e-n-accordion-item-2100\" class=\"elementor-element elementor-element-bac090d e-con-full e-flex e-con e-child\" data-id=\"bac090d\" data-element_type=\"container\">\n\t\t<div role=\"region\" aria-labelledby=\"e-n-accordion-item-2100\" class=\"elementor-element elementor-element-a750480 e-flex e-con-boxed e-con e-child\" data-id=\"a750480\" data-element_type=\"container\">\n\t\t\t\t\t<div class=\"e-con-inner\">\n\t\t\t\t<div class=\"elementor-element elementor-element-61346f0 elementor-widget elementor-widget-text-editor\" data-id=\"61346f0\" data-element_type=\"widget\" data-widget_type=\"text-editor.default\">\n\t\t\t\t<div class=\"elementor-widget-container\">\n\t\t\t\t\t\t\t\t\tDet h\u00e4r \u00e4r transportb\u00e4rare, specialbeh\u00e5llare och korgar som \u00e4r utformade f\u00f6r s\u00e4ker transport av olika typer av gods. Deras robusta konstruktion minimerar risken f\u00f6r skador under transporten.\t\t\t\t\t\t\t\t<\/div>\n\t\t\t\t<\/div>\n\t\t\t\t\t<\/div>\n\t\t\t\t<\/div>\n\t\t\t\t<\/div>\n\t\t\t\t\t<\/details>\n\t\t\t\t\t\t<details id=\"e-n-accordion-item-2101\" class=\"e-n-accordion-item\" >\n\t\t\t\t<summary class=\"e-n-accordion-item-title\" data-accordion-index=\"2\" tabindex=\"-1\" aria-expanded=\"false\" aria-controls=\"e-n-accordion-item-2101\" >\n\t\t\t\t\t<span class='e-n-accordion-item-title-header'><h3 class=\"e-n-accordion-item-title-text\"> Vilka containrar \u00e4r b\u00e4st f\u00f6r godstransporter? <\/h3><\/span>\n\t\t\t\t\t\t\t<span class='e-n-accordion-item-title-icon'>\n\t\t\t<span class='e-opened' ><i aria-hidden=\"true\" class=\"fas fa-minus\"><\/i><\/span>\n\t\t\t<span class='e-closed'><i aria-hidden=\"true\" class=\"fas fa-plus\"><\/i><\/span>\n\t\t<\/span>\n\n\t\t\t\t\t\t<\/summary>\n\t\t\t\t<div role=\"region\" aria-labelledby=\"e-n-accordion-item-2101\" class=\"elementor-element elementor-element-2b77deb e-con-full e-flex e-con e-child\" data-id=\"2b77deb\" data-element_type=\"container\">\n\t\t<div role=\"region\" aria-labelledby=\"e-n-accordion-item-2101\" class=\"elementor-element elementor-element-47337fa e-flex e-con-boxed e-con e-child\" data-id=\"47337fa\" data-element_type=\"container\">\n\t\t\t\t\t<div class=\"e-con-inner\">\n\t\t\t\t<div class=\"elementor-element elementor-element-a60e851 elementor-widget elementor-widget-text-editor\" data-id=\"a60e851\" data-element_type=\"widget\" data-widget_type=\"text-editor.default\">\n\t\t\t\t<div class=\"elementor-widget-container\">\n\t\t\t\t\t\t\t\t\tDe b\u00e4sta transportbeh\u00e5llarna \u00e4r de som \u00e4r skr\u00e4ddarsydda f\u00f6r den typ av material som transporteras - metallbeh\u00e5llare f\u00f6r tunga och motst\u00e5ndskraftiga produkter, n\u00e4tbeh\u00e5llare f\u00f6r varor som kr\u00e4ver ventilation och beh\u00e5llare med lock f\u00f6r de produkter som ska s\u00e4kras p\u00e5 korgens ovansida.\t\t\t\t\t\t\t\t<\/div>\n\t\t\t\t<\/div>\n\t\t\t\t\t<\/div>\n\t\t\t\t<\/div>\n\t\t\t\t<\/div>\n\t\t\t\t\t<\/details>\n\t\t\t\t\t\t<details id=\"e-n-accordion-item-2102\" class=\"e-n-accordion-item\" >\n\t\t\t\t<summary class=\"e-n-accordion-item-title\" data-accordion-index=\"3\" tabindex=\"-1\" aria-expanded=\"false\" aria-controls=\"e-n-accordion-item-2102\" >\n\t\t\t\t\t<span class='e-n-accordion-item-title-header'><h3 class=\"e-n-accordion-item-title-text\"> Kan transportbeh\u00e5llare best\u00e4llas med specialm\u00e5tt? <\/h3><\/span>\n\t\t\t\t\t\t\t<span class='e-n-accordion-item-title-icon'>\n\t\t\t<span class='e-opened' ><i aria-hidden=\"true\" class=\"fas fa-minus\"><\/i><\/span>\n\t\t\t<span class='e-closed'><i aria-hidden=\"true\" class=\"fas fa-plus\"><\/i><\/span>\n\t\t<\/span>\n\n\t\t\t\t\t\t<\/summary>\n\t\t\t\t<div role=\"region\" aria-labelledby=\"e-n-accordion-item-2102\" class=\"elementor-element elementor-element-f4c9eac e-con-full e-flex e-con e-child\" data-id=\"f4c9eac\" data-element_type=\"container\">\n\t\t<div role=\"region\" aria-labelledby=\"e-n-accordion-item-2102\" class=\"elementor-element elementor-element-0e44994 e-flex e-con-boxed e-con e-child\" data-id=\"0e44994\" data-element_type=\"container\">\n\t\t\t\t\t<div class=\"e-con-inner\">\n\t\t\t\t<div class=\"elementor-element elementor-element-1af1627 elementor-widget elementor-widget-text-editor\" data-id=\"1af1627\" data-element_type=\"widget\" data-widget_type=\"text-editor.default\">\n\t\t\t\t<div class=\"elementor-widget-container\">\n\t\t\t\t\t\t\t\t\tJa, vi erbjuder skr\u00e4ddarsydda transportbeh\u00e5llare, anpassade efter specifika kundkrav n\u00e4r det g\u00e4ller storlek, design och ytterligare funktioner som t.ex. interna avdelare eller specialhandtag.\t\t\t\t\t\t\t\t<\/div>\n\t\t\t\t<\/div>\n\t\t\t\t\t<\/div>\n\t\t\t\t<\/div>\n\t\t\t\t<\/div>\n\t\t\t\t\t<\/details>\n\t\t\t\t\t\t<details id=\"e-n-accordion-item-2103\" class=\"e-n-accordion-item\" >\n\t\t\t\t<summary class=\"e-n-accordion-item-title\" data-accordion-index=\"4\" tabindex=\"-1\" aria-expanded=\"false\" aria-controls=\"e-n-accordion-item-2103\" >\n\t\t\t\t\t<span class='e-n-accordion-item-title-header'><h3 class=\"e-n-accordion-item-title-text\"> Vilka material anv\u00e4nds f\u00f6r att tillverka transportbeh\u00e5llare? <\/h3><\/span>\n\t\t\t\t\t\t\t<span class='e-n-accordion-item-title-icon'>\n\t\t\t<span class='e-opened' ><i aria-hidden=\"true\" class=\"fas fa-minus\"><\/i><\/span>\n\t\t\t<span class='e-closed'><i aria-hidden=\"true\" class=\"fas fa-plus\"><\/i><\/span>\n\t\t<\/span>\n\n\t\t\t\t\t\t<\/summary>\n\t\t\t\t<div role=\"region\" aria-labelledby=\"e-n-accordion-item-2103\" class=\"elementor-element elementor-element-c62c7c3 e-con-full e-flex e-con e-child\" data-id=\"c62c7c3\" data-element_type=\"container\">\n\t\t<div role=\"region\" aria-labelledby=\"e-n-accordion-item-2103\" class=\"elementor-element elementor-element-00212bb e-flex e-con-boxed e-con e-child\" data-id=\"00212bb\" data-element_type=\"container\">\n\t\t\t\t\t<div class=\"e-con-inner\">\n\t\t\t\t<div class=\"elementor-element elementor-element-796c826 elementor-widget elementor-widget-text-editor\" data-id=\"796c826\" data-element_type=\"widget\" data-widget_type=\"text-editor.default\">\n\t\t\t\t<div class=\"elementor-widget-container\">\n\t\t\t\t\t\t\t\t\tV\u00e5ra containrar \u00e4r tillverkade av st\u00e5l, vilket g\u00f6r dem h\u00e5llbara och motst\u00e5ndskraftiga mot intensiv anv\u00e4ndning. Den svetsade konstruktionen garanterar tillf\u00f6rlitlighet och s\u00e4kerhet f\u00f6r de laster som transporteras.\t\t\t\t\t\t\t\t<\/div>\n\t\t\t\t<\/div>\n\t\t\t\t\t<\/div>\n\t\t\t\t<\/div>\n\t\t\t\t<\/div>\n\t\t\t\t\t<\/details>\n\t\t\t\t\t\t<details id=\"e-n-accordion-item-2104\" class=\"e-n-accordion-item\" >\n\t\t\t\t<summary class=\"e-n-accordion-item-title\" data-accordion-index=\"5\" tabindex=\"-1\" aria-expanded=\"false\" aria-controls=\"e-n-accordion-item-2104\" >\n\t\t\t\t\t<span class='e-n-accordion-item-title-header'><h3 class=\"e-n-accordion-item-title-text\"> Vilka \u00e4r f\u00f6rdelarna med n\u00e4tcontainrar vid transporter? <\/h3><\/span>\n\t\t\t\t\t\t\t<span class='e-n-accordion-item-title-icon'>\n\t\t\t<span class='e-opened' ><i aria-hidden=\"true\" class=\"fas fa-minus\"><\/i><\/span>\n\t\t\t<span class='e-closed'><i aria-hidden=\"true\" class=\"fas fa-plus\"><\/i><\/span>\n\t\t<\/span>\n\n\t\t\t\t\t\t<\/summary>\n\t\t\t\t<div role=\"region\" aria-labelledby=\"e-n-accordion-item-2104\" class=\"elementor-element elementor-element-9224654 e-con-full e-flex e-con e-child\" data-id=\"9224654\" data-element_type=\"container\">\n\t\t<div role=\"region\" aria-labelledby=\"e-n-accordion-item-2104\" class=\"elementor-element elementor-element-d599d08 e-flex e-con-boxed e-con e-child\" data-id=\"d599d08\" data-element_type=\"container\">\n\t\t\t\t\t<div class=\"e-con-inner\">\n\t\t\t\t<div class=\"elementor-element elementor-element-13128cc elementor-widget elementor-widget-text-editor\" data-id=\"13128cc\" data-element_type=\"widget\" data-widget_type=\"text-editor.default\">\n\t\t\t\t<div class=\"elementor-widget-container\">\n\t\t\t\t\t\t\t\t\tN\u00e4tbeh\u00e5llare m\u00f6jligg\u00f6r effektiv kontroll av inneh\u00e5llet, god luftcirkulation och enkel stapling. Gitterboxar \u00e4r robusta, vilket g\u00f6r dem idealiska f\u00f6r logistik och transport.\t\t\t\t\t\t\t\t<\/div>\n\t\t\t\t<\/div>\n\t\t\t\t\t<\/div>\n\t\t\t\t<\/div>\n\t\t\t\t<\/div>\n\t\t\t\t\t<\/details>\n\t\t\t\t\t<\/div>\n\t\t\t\t\t\t<\/div>\n\t\t\t\t<\/div>\n\t\t\t\t\t<\/div>\n\t\t<\/div>\n\t\t\t\t\t<\/div>\n\t\t<\/section>\n\t\t\t\t<\/div>","protected":false},"excerpt":{"rendered":"<p>Skontaktuj si\u0119 z nami Producent Gitterbox\u00f3w Pojemniki do transportu \u2013 dostosowane do r\u00f3\u017cnych ga\u0142\u0119zi przemys\u0142u Transport towar\u00f3w wymaga\u00a0stabilnych i solidnych pojemnik\u00f3w, kt\u00f3re zabezpiecz\u0105 produkty przed przemieszczaniem si\u0119 podczas jazdy. Nasze pojemniki transportowe minimalizuj\u0105 ryzyko uszkodze\u0144 i s\u0105 zgodne z normami logistycznymi. Dlaczego warto zainwestowa\u0107 w pojemniki do transportu? Wysoka odporno\u015b\u0107 na uderzenia i wstrz\u0105sy. Specjalne&#8230;<\/p>","protected":false},"author":1,"featured_media":0,"parent":988093,"menu_order":0,"comment_status":"closed","ping_status":"closed","template":"elementor_theme","meta":{"_seopress_robots_primary_cat":"","_seopress_titles_title":"Pojemniki transportowe - bezpieczne przewozy \u0142adunk\u00f3w | DAJANO","_seopress_titles_desc":"Transportuj towary w bezpiecznych pojemnikach siatkowych i metalowych. Sprawd\u017a modele!","_seopress_robots_index":"","footnotes":""},"class_list":["post-988100","page","type-page","status-publish","hentry"],"_links":{"self":[{"href":"https:\/\/dajano.pl\/se\/wp-json\/wp\/v2\/pages\/988100","targetHints":{"allow":["GET"]}}],"collection":[{"href":"https:\/\/dajano.pl\/se\/wp-json\/wp\/v2\/pages"}],"about":[{"href":"https:\/\/dajano.pl\/se\/wp-json\/wp\/v2\/types\/page"}],"author":[{"embeddable":true,"href":"https:\/\/dajano.pl\/se\/wp-json\/wp\/v2\/users\/1"}],"replies":[{"embeddable":true,"href":"https:\/\/dajano.pl\/se\/wp-json\/wp\/v2\/comments?post=988100"}],"version-history":[{"count":0,"href":"https:\/\/dajano.pl\/se\/wp-json\/wp\/v2\/pages\/988100\/revisions"}],"up":[{"embeddable":true,"href":"https:\/\/dajano.pl\/se\/wp-json\/wp\/v2\/pages\/988093"}],"wp:attachment":[{"href":"https:\/\/dajano.pl\/se\/wp-json\/wp\/v2\/media?parent=988100"}],"curies":[{"name":"wp","href":"https:\/\/api.w.org\/{rel}","templated":true}]}}