{"id":7171,"date":"2023-04-03T13:00:04","date_gmt":"2023-04-03T13:00:04","guid":{"rendered":"https:\/\/tecnologia.vamtam.com\/?page_id=7171"},"modified":"2025-11-12T05:22:56","modified_gmt":"2025-11-12T05:22:56","slug":"vara-tjanster","status":"publish","type":"page","link":"https:\/\/dajano.pl\/se\/foretag\/vara-tjanster\/","title":{"rendered":"V\u00e5ra tj\u00e4nster"},"content":{"rendered":"<div data-elementor-type=\"wp-page\" data-elementor-id=\"7171\" class=\"elementor elementor-7171\" data-elementor-post-type=\"page\">\n\t\t\t\t\t\t<section class=\"elementor-section elementor-top-section elementor-element elementor-element-3333e3e elementor-section-boxed elementor-section-height-default elementor-section-height-default\" data-id=\"3333e3e\" data-element_type=\"section\">\n\t\t\t\t\t\t<div class=\"elementor-container elementor-column-gap-default\">\n\t\t\t\t\t<div class=\"elementor-column elementor-col-100 elementor-top-column elementor-element elementor-element-31ce0e8\" data-id=\"31ce0e8\" data-element_type=\"column\">\n\t\t\t<div class=\"elementor-widget-wrap elementor-element-populated\">\n\t\t\t\t\t\t<div class=\"elementor-element elementor-element-65c27ec animated-slow elementor-invisible elementor-widget elementor-widget-heading\" data-id=\"65c27ec\" data-element_type=\"widget\" data-settings=\"{&quot;_animation&quot;:&quot;fadeIn&quot;,&quot;_animation_tablet&quot;:&quot;none&quot;}\" data-widget_type=\"heading.default\">\n\t\t\t\t<div class=\"elementor-widget-container\">\n\t\t\t\t\t<h1 class=\"elementor-heading-title elementor-size-default\">V\u00e5ra tj\u00e4nster<\/h1>\t\t\t\t<\/div>\n\t\t\t\t<\/div>\n\t\t\t\t<div class=\"elementor-element elementor-element-fc14c35 animated-slow elementor-invisible elementor-widget elementor-widget-heading\" data-id=\"fc14c35\" data-element_type=\"widget\" data-settings=\"{&quot;_animation&quot;:&quot;fadeIn&quot;,&quot;_animation_tablet&quot;:&quot;none&quot;,&quot;_animation_delay&quot;:300}\" data-widget_type=\"heading.default\">\n\t\t\t\t<div class=\"elementor-widget-container\">\n\t\t\t\t\t<p class=\"elementor-heading-title elementor-size-default\">DAJANO | Ledande inom tillverkning av gallerboxar och metallkorgar<\/p>\t\t\t\t<\/div>\n\t\t\t\t<\/div>\n\t\t\t\t<div class=\"elementor-element elementor-element-e0226bb elementor-widget elementor-widget-spacer\" data-id=\"e0226bb\" data-element_type=\"widget\" data-widget_type=\"spacer.default\">\n\t\t\t\t<div class=\"elementor-widget-container\">\n\t\t\t\t\t\t\t<div class=\"elementor-spacer\">\n\t\t\t<div class=\"elementor-spacer-inner\"><\/div>\n\t\t<\/div>\n\t\t\t\t\t\t<\/div>\n\t\t\t\t<\/div>\n\t\t\t\t\t<\/div>\n\t\t<\/div>\n\t\t\t\t\t<\/div>\n\t\t<\/section>\n\t\t\t\t<section class=\"elementor-section elementor-top-section elementor-element elementor-element-16b92e18 elementor-section-items-stretch elementor-section-content-bottom elementor-section-height-min-height elementor-section-boxed elementor-section-height-default\" data-id=\"16b92e18\" data-element_type=\"section\">\n\t\t\t\t\t\t<div class=\"elementor-container elementor-column-gap-no\">\n\t\t\t\t\t<div class=\"elementor-column elementor-col-50 elementor-top-column elementor-element elementor-element-28c53cc8\" data-id=\"28c53cc8\" data-element_type=\"column\" data-settings=\"{&quot;background_background&quot;:&quot;classic&quot;}\">\n\t\t\t<div class=\"elementor-widget-wrap elementor-element-populated\">\n\t\t\t\t\t\t<div class=\"elementor-element elementor-element-2185a5e6 elementor-widget elementor-widget-spacer\" data-id=\"2185a5e6\" data-element_type=\"widget\" data-widget_type=\"spacer.default\">\n\t\t\t\t<div class=\"elementor-widget-container\">\n\t\t\t\t\t\t\t<div class=\"elementor-spacer\">\n\t\t\t<div class=\"elementor-spacer-inner\"><\/div>\n\t\t<\/div>\n\t\t\t\t\t\t<\/div>\n\t\t\t\t<\/div>\n\t\t\t\t\t<\/div>\n\t\t<\/div>\n\t\t\t\t<div class=\"elementor-column elementor-col-50 elementor-top-column elementor-element elementor-element-74aea336\" data-id=\"74aea336\" data-element_type=\"column\">\n\t\t\t<div class=\"elementor-widget-wrap elementor-element-populated\">\n\t\t\t\t\t\t<div class=\"elementor-element elementor-element-522fc684 elementor-widget-mobile__width-inherit elementor-widget elementor-widget-heading\" data-id=\"522fc684\" data-element_type=\"widget\" data-widget_type=\"heading.default\">\n\t\t\t\t<div class=\"elementor-widget-container\">\n\t\t\t\t\t<h2 class=\"elementor-heading-title elementor-size-default\">P\u00e5 DAJANO tillverkar vi alla komponenter till v\u00e5ra containrar och p\u00e5byggnader i v\u00e5r egen fabrik<\/h2>\t\t\t\t<\/div>\n\t\t\t\t<\/div>\n\t\t\t\t<div class=\"elementor-element elementor-element-a52819f elementor-widget-mobile__width-inherit elementor-widget elementor-widget-text-editor\" data-id=\"a52819f\" data-element_type=\"widget\" data-widget_type=\"text-editor.default\">\n\t\t\t\t<div class=\"elementor-widget-container\">\n\t\t\t\t\t\t\t\t\t<p data-pm-slice=\"1 1 []\">St\u00e5 p\u00e5 egen hand:<\/p><ul><li>vi svetsar st\u00e5ln\u00e4t,<\/li><li>Vi tillverkar ramar och b\u00e4rande konstruktioner,<\/li><li>Vi tillverkar d\u00f6rrar, klaffar och g\u00e5ngj\u00e4rn,<\/li><li>vi skapar baserna och svetsar benen,<\/li><li>vi f\u00f6rbereder komponenter f\u00f6r pulverlackering eller galvanisering.<\/li><\/ul><p data-start=\"536\" data-end=\"687\" data-is-last-node=\"\" data-is-only-node=\"\">Detta ger oss full kontroll \u00f6ver kvaliteten och g\u00f6r det m\u00f6jligt f\u00f6r oss att reagera flexibelt p\u00e5 v\u00e5ra kunders individuella behov - utan att vara beroende av underleverant\u00f6rer.<\/p>\t\t\t\t\t\t\t\t<\/div>\n\t\t\t\t<\/div>\n\t\t\t\t\t<\/div>\n\t\t<\/div>\n\t\t\t\t\t<\/div>\n\t\t<\/section>\n\t\t\t\t<section class=\"elementor-section elementor-top-section elementor-element elementor-element-f8a35de elementor-section-boxed elementor-section-height-default elementor-section-height-default\" data-id=\"f8a35de\" data-element_type=\"section\">\n\t\t\t\t\t\t<div class=\"elementor-container elementor-column-gap-default\">\n\t\t\t\t\t<div class=\"elementor-column elementor-col-100 elementor-top-column elementor-element elementor-element-e99d0cd\" data-id=\"e99d0cd\" data-element_type=\"column\" data-settings=\"{&quot;background_background&quot;:&quot;classic&quot;}\">\n\t\t\t<div class=\"elementor-widget-wrap elementor-element-populated\">\n\t\t\t\t\t\t<div class=\"elementor-element elementor-element-efe757f elementor-widget elementor-widget-heading\" data-id=\"efe757f\" data-element_type=\"widget\" data-widget_type=\"heading.default\">\n\t\t\t\t<div class=\"elementor-widget-container\">\n\t\t\t\t\t<h2 class=\"elementor-heading-title elementor-size-default\">Modern tillverkning - precision och teknik<\/h2>\t\t\t\t<\/div>\n\t\t\t\t<\/div>\n\t\t\t\t<div class=\"elementor-element elementor-element-d8e647b elementor-widget elementor-widget-text-editor\" data-id=\"d8e647b\" data-element_type=\"widget\" data-widget_type=\"text-editor.default\">\n\t\t\t\t<div class=\"elementor-widget-container\">\n\t\t\t\t\t\t\t\t\t<p data-start=\"845\" data-end=\"1095\">V\u00e5r produktion \u00e4r i linje med\u00a0<strong data-start=\"885\" data-end=\"902\">Industri 5.0<\/strong>, d\u00e4r m\u00e4nniska och maskin arbetar i harmoni f\u00f6r att skapa produkter av h\u00f6gsta kvalitet. Tack vare\u00a0<strong data-start=\"994\" data-end=\"1030\">moderna maskiner<\/strong>\u00a0vi har full kontroll \u00f6ver varje steg i processen. Vi anv\u00e4nder oss av:<\/p>\t\t\t\t\t\t\t\t<\/div>\n\t\t\t\t<\/div>\n\t\t\t\t<div class=\"elementor-element elementor-element-8f4d2f7 elementor-widget__width-initial elementor-widget-mobile__width-inherit elementor-icon-list--layout-traditional elementor-list-item-link-full_width elementor-widget elementor-widget-icon-list\" data-id=\"8f4d2f7\" data-element_type=\"widget\" data-widget_type=\"icon-list.default\">\n\t\t\t\t<div class=\"elementor-widget-container\">\n\t\t\t\t\t\t\t<ul class=\"elementor-icon-list-items\">\n\t\t\t\t\t\t\t<li class=\"elementor-icon-list-item\">\n\t\t\t\t\t\t\t\t\t\t\t<span class=\"elementor-icon-list-icon\">\n\t\t\t\t\t\t\t<i aria-hidden=\"true\" class=\"vamtamtheme- vamtam-theme-check-box\"><\/i>\t\t\t\t\t\t<\/span>\n\t\t\t\t\t\t\t\t\t\t<span class=\"elementor-icon-list-text\">Lasersk\u00e4rning - garanterar maximal precision och perfekt passform f\u00f6r komponenterna.<\/span>\n\t\t\t\t\t\t\t\t\t<\/li>\n\t\t\t\t\t\t\t\t<li class=\"elementor-icon-list-item\">\n\t\t\t\t\t\t\t\t\t\t\t<span class=\"elementor-icon-list-icon\">\n\t\t\t\t\t\t\t<i aria-hidden=\"true\" class=\"vamtamtheme- vamtam-theme-check-box\"><\/i>\t\t\t\t\t\t<\/span>\n\t\t\t\t\t\t\t\t\t\t<span class=\"elementor-icon-list-text\">CNC-bockning - garanterar repeterbarhet och exakta former.<\/span>\n\t\t\t\t\t\t\t\t\t<\/li>\n\t\t\t\t\t\t\t\t<li class=\"elementor-icon-list-item\">\n\t\t\t\t\t\t\t\t\t\t\t<span class=\"elementor-icon-list-icon\">\n\t\t\t\t\t\t\t<i aria-hidden=\"true\" class=\"vamtamtheme- vamtam-theme-check-box\"><\/i>\t\t\t\t\t\t<\/span>\n\t\t\t\t\t\t\t\t\t\t<span class=\"elementor-icon-list-text\">Robotsvetsning - \u00f6kar styrkan och tillf\u00f6rlitligheten hos v\u00e5ra konstruktioner.<\/span>\n\t\t\t\t\t\t\t\t\t<\/li>\n\t\t\t\t\t\t\t\t<li class=\"elementor-icon-list-item\">\n\t\t\t\t\t\t\t\t\t\t\t<span class=\"elementor-icon-list-icon\">\n\t\t\t\t\t\t\t<i aria-hidden=\"true\" class=\"vamtamtheme- vamtam-theme-check-box\"><\/i>\t\t\t\t\t\t<\/span>\n\t\t\t\t\t\t\t\t\t\t<span class=\"elementor-icon-list-text\">Pulverlackering - skyddar mot korrosion och \u00f6kar h\u00e5llbarheten hos produkterna.<\/span>\n\t\t\t\t\t\t\t\t\t<\/li>\n\t\t\t\t\t\t<\/ul>\n\t\t\t\t\t\t<\/div>\n\t\t\t\t<\/div>\n\t\t\t\t<div class=\"elementor-element elementor-element-cfc3533 elementor-widget elementor-widget-text-editor\" data-id=\"cfc3533\" data-element_type=\"widget\" data-widget_type=\"text-editor.default\">\n\t\t\t\t<div class=\"elementor-widget-container\">\n\t\t\t\t\t\t\t\t\t<p data-start=\"845\" data-end=\"1095\">Tack vare denna teknik kan v\u00e5ra\u00a0<strong data-start=\"1459\" data-end=\"1473\">Gitterboxar<\/strong>\u00a0i\u00a0<strong data-start=\"1476\" data-end=\"1494\">metallkorgar<\/strong> \u00e4r robusta, h\u00e5llbara och motst\u00e5ndskraftiga mot de tuffaste driftsf\u00f6rh\u00e5llandena.<\/p>\t\t\t\t\t\t\t\t<\/div>\n\t\t\t\t<\/div>\n\t\t\t\t\t<\/div>\n\t\t<\/div>\n\t\t\t\t\t<\/div>\n\t\t<\/section>\n\t\t\t\t<section class=\"elementor-section elementor-top-section elementor-element elementor-element-872bc64 elementor-section-boxed elementor-section-height-default elementor-section-height-default\" data-id=\"872bc64\" data-element_type=\"section\">\n\t\t\t\t\t\t<div class=\"elementor-container elementor-column-gap-default\">\n\t\t\t\t\t<div class=\"elementor-column elementor-col-100 elementor-top-column elementor-element elementor-element-e62b568\" data-id=\"e62b568\" data-element_type=\"column\" data-settings=\"{&quot;background_background&quot;:&quot;classic&quot;}\">\n\t\t\t<div class=\"elementor-widget-wrap elementor-element-populated\">\n\t\t\t\t\t\t<div class=\"elementor-element elementor-element-d9ad9b7 elementor-widget elementor-widget-heading\" data-id=\"d9ad9b7\" data-element_type=\"widget\" data-widget_type=\"heading.default\">\n\t\t\t\t<div class=\"elementor-widget-container\">\n\t\t\t\t\t<h2 class=\"elementor-heading-title elementor-size-default\">Metallbearbetning<\/h2>\t\t\t\t<\/div>\n\t\t\t\t<\/div>\n\t\t\t\t<div class=\"elementor-element elementor-element-17c76c5 elementor-widget elementor-widget-text-editor\" data-id=\"17c76c5\" data-element_type=\"widget\" data-widget_type=\"text-editor.default\">\n\t\t\t\t<div class=\"elementor-widget-container\">\n\t\t\t\t\t\t\t\t\t<p data-start=\"845\" data-end=\"1095\">Vi erbjuder omfattande metallbearbetning f\u00f6r industrin - fr\u00e5n precisionslasersk\u00e4rning, bockning och svetsning till pulverlackering. V\u00e5r maskinpark och erfarenhet g\u00f6r att vi kan utf\u00f6ra b\u00e5de repetitiva serier och icke-standardiserade best\u00e4llningar f\u00f6r individuella kundbehov. Vi bjuder in f\u00f6retag fr\u00e5n <strong>byggbranschen<\/strong>, <strong>fordonsindustrin<\/strong>, <strong>m\u00f6bler<\/strong>, <strong>jordbruk<\/strong>, <strong>logistik<\/strong> och andra sektorer <strong>Industri<\/strong>. Vi garanterar h\u00f6g kvalitet p\u00e5 utf\u00f6randet, punktlighet och ett flexibelt f\u00f6rh\u00e5llningss\u00e4tt till varje projekt.<\/p>\t\t\t\t\t\t\t\t<\/div>\n\t\t\t\t<\/div>\n\t\t\t\t<div class=\"vamtam-has-theme-widget-styles elementor-element elementor-element-ed0eac3 elementor-widget__width-inherit elementor-align-center elementor-widget-tablet__width-inherit elementor-widget elementor-widget-button\" data-id=\"ed0eac3\" data-element_type=\"widget\" data-widget_type=\"button.default\">\n\t\t\t\t<div class=\"elementor-widget-container\">\n\t\t\t\t\t\t\t\t\t<div class=\"elementor-button-wrapper\">\n\t\t\t\t\t<a class=\"elementor-button elementor-button-link elementor-size-sm\" href=\"\/se\/foretag\/vara-tjanster\/metallbearbetning\/\">\n\t\t\t\t\t\t<span class=\"elementor-button-content-wrapper\">\n\t\t\t\t\t\t\t\t\t<span class=\"elementor-button-text\">Komplex metallbearbetning<\/span>\n\t\t\t\t\t<\/span>\n\t\t\t\t\t<\/a>\n\t\t\t\t<\/div>\n\t\t\t\t\t\t\t\t<\/div>\n\t\t\t\t<\/div>\n\t\t\t\t\t<\/div>\n\t\t<\/div>\n\t\t\t\t\t<\/div>\n\t\t<\/section>\n\t\t\t\t<section class=\"elementor-section elementor-top-section elementor-element elementor-element-1b9382a3 elementor-section-boxed elementor-section-height-default elementor-section-height-default\" data-id=\"1b9382a3\" data-element_type=\"section\">\n\t\t\t\t\t\t<div class=\"elementor-container elementor-column-gap-no\">\n\t\t\t\t\t<div class=\"elementor-column elementor-col-50 elementor-top-column elementor-element elementor-element-27a2eed4\" data-id=\"27a2eed4\" data-element_type=\"column\">\n\t\t\t<div class=\"elementor-widget-wrap elementor-element-populated\">\n\t\t\t\t\t\t<div class=\"elementor-element elementor-element-6baebdd8 elementor-widget elementor-widget-heading\" data-id=\"6baebdd8\" data-element_type=\"widget\" data-widget_type=\"heading.default\">\n\t\t\t\t<div class=\"elementor-widget-container\">\n\t\t\t\t\t<h2 class=\"elementor-heading-title elementor-size-default\">Polsk kvalitet, europeiska standarder<\/h2>\t\t\t\t<\/div>\n\t\t\t\t<\/div>\n\t\t\t\t\t<\/div>\n\t\t<\/div>\n\t\t\t\t<div class=\"elementor-column elementor-col-50 elementor-top-column elementor-element elementor-element-14aed444 elementor-hidden-tablet elementor-hidden-mobile\" data-id=\"14aed444\" data-element_type=\"column\">\n\t\t\t<div class=\"elementor-widget-wrap\">\n\t\t\t\t\t\t\t<\/div>\n\t\t<\/div>\n\t\t\t\t\t<\/div>\n\t\t<\/section>\n\t\t\t\t<section class=\"elementor-section elementor-top-section elementor-element elementor-element-6896ac1e elementor-section-boxed elementor-section-height-default elementor-section-height-default\" data-id=\"6896ac1e\" data-element_type=\"section\">\n\t\t\t\t\t\t<div class=\"elementor-container elementor-column-gap-no\">\n\t\t\t\t\t<div class=\"elementor-column elementor-col-33 elementor-top-column elementor-element elementor-element-5c53bb31\" data-id=\"5c53bb31\" data-element_type=\"column\">\n\t\t\t<div class=\"elementor-widget-wrap elementor-element-populated\">\n\t\t\t\t\t\t<div class=\"elementor-element elementor-element-4877ce92 elementor-widget elementor-widget-text-editor\" data-id=\"4877ce92\" data-element_type=\"widget\" data-widget_type=\"text-editor.default\">\n\t\t\t\t<div class=\"elementor-widget-container\">\n\t\t\t\t\t\t\t\t\t<p>Som\u00a0<strong data-start=\"1626\" data-end=\"1656\">tillverkare av n\u00e4tkorgar<\/strong>\u00a0i\u00a0<strong data-start=\"1659\" data-end=\"1684\">metallbeh\u00e5llare<\/strong>\u00a0Vi fokuserar p\u00e5 kvalitet, h\u00e5llbarhet och funktionalitet. V\u00e5ra produkter k\u00e4nnetecknas av:<\/p><p>\u2705\u00a0<strong data-start=\"1772\" data-end=\"1790\">H\u00e5llbarhet<\/strong>\u00a0- tillverkad av h\u00f6gv\u00e4rdigt st\u00e5l, lastt\u00e5lig.<br data-start=\"1850\" data-end=\"1853\" \/>\u2705\u00a0<strong data-start=\"1855\" data-end=\"1885\">Universell till\u00e4mpning<\/strong>\u00a0- idealisk f\u00f6r transport, lagring och produktion.<br data-start=\"1937\" data-end=\"1940\" \/>\u2705\u00a0<strong data-start=\"1942\" data-end=\"1954\">Ekologi<\/strong>\u00a0- v\u00e5ra beh\u00e5llare \u00e4r helt \u00e5tervinningsbara och minskar milj\u00f6p\u00e5verkan.<\/p>\t\t\t\t\t\t\t\t<\/div>\n\t\t\t\t<\/div>\n\t\t\t\t\t<\/div>\n\t\t<\/div>\n\t\t\t\t<div class=\"elementor-column elementor-col-33 elementor-top-column elementor-element elementor-element-566ed395\" data-id=\"566ed395\" data-element_type=\"column\">\n\t\t\t<div class=\"elementor-widget-wrap\">\n\t\t\t\t\t\t\t<\/div>\n\t\t<\/div>\n\t\t\t\t<div class=\"elementor-column elementor-col-33 elementor-top-column elementor-element elementor-element-60fbe74a\" data-id=\"60fbe74a\" data-element_type=\"column\">\n\t\t\t<div class=\"elementor-widget-wrap elementor-element-populated\">\n\t\t\t\t\t\t<div class=\"elementor-element elementor-element-37aa52 elementor-widget elementor-widget-text-editor\" data-id=\"37aa52\" data-element_type=\"widget\" data-widget_type=\"text-editor.default\">\n\t\t\t\t<div class=\"elementor-widget-container\">\n\t\t\t\t\t\t\t\t\t<p>Vi har\u00a0<strong data-start=\"2048\" data-end=\"2092\">Kvalitetscertifikat enligt ISO 9001 och ISO 14001<\/strong>\u00a0och licens\u00a0<strong data-start=\"2107\" data-end=\"2115\">EPAL<\/strong>, vilket bekr\u00e4ftar att v\u00e5r produktion uppfyller internationella standarder.<\/p>\t\t\t\t\t\t\t\t<\/div>\n\t\t\t\t<\/div>\n\t\t\t\t\t<\/div>\n\t\t<\/div>\n\t\t\t\t\t<\/div>\n\t\t<\/section>\n\t\t\t\t<section class=\"elementor-section elementor-top-section elementor-element elementor-element-546a22fc elementor-section-boxed elementor-section-height-default elementor-section-height-default\" data-id=\"546a22fc\" data-element_type=\"section\">\n\t\t\t\t\t\t<div class=\"elementor-container elementor-column-gap-no\">\n\t\t\t\t\t<div class=\"elementor-column elementor-col-100 elementor-top-column elementor-element elementor-element-f43678c\" data-id=\"f43678c\" data-element_type=\"column\" data-settings=\"{&quot;background_background&quot;:&quot;classic&quot;,&quot;background_motion_fx_motion_fx_scrolling&quot;:&quot;yes&quot;,&quot;background_motion_fx_translateX_effect&quot;:&quot;yes&quot;,&quot;background_motion_fx_translateX_speed&quot;:{&quot;unit&quot;:&quot;px&quot;,&quot;size&quot;:3,&quot;sizes&quot;:[]},&quot;background_motion_fx_devices&quot;:[&quot;desktop&quot;],&quot;background_motion_fx_translateX_affectedRange&quot;:{&quot;unit&quot;:&quot;%&quot;,&quot;size&quot;:&quot;&quot;,&quot;sizes&quot;:{&quot;start&quot;:0,&quot;end&quot;:100}}}\">\n\t\t\t<div class=\"elementor-widget-wrap elementor-element-populated\">\n\t\t\t\t\t\t<div class=\"elementor-element elementor-element-78131159 elementor-widget elementor-widget-heading\" data-id=\"78131159\" data-element_type=\"widget\" data-widget_type=\"heading.default\">\n\t\t\t\t<div class=\"elementor-widget-container\">\n\t\t\t\t\t<h2 class=\"elementor-heading-title elementor-size-default\">Vi designar beh\u00e5llare som passar din produkt<\/h2>\t\t\t\t<\/div>\n\t\t\t\t<\/div>\n\t\t\t\t\t<\/div>\n\t\t<\/div>\n\t\t\t\t\t<\/div>\n\t\t<\/section>\n\t\t\t\t<section class=\"elementor-section elementor-top-section elementor-element elementor-element-518a129 elementor-section-boxed elementor-section-height-default elementor-section-height-default\" data-id=\"518a129\" data-element_type=\"section\">\n\t\t\t\t\t\t<div class=\"elementor-container elementor-column-gap-default\">\n\t\t\t\t\t<div class=\"elementor-column elementor-col-100 elementor-top-column elementor-element elementor-element-5620898\" data-id=\"5620898\" data-element_type=\"column\" data-settings=\"{&quot;background_background&quot;:&quot;classic&quot;}\">\n\t\t\t<div class=\"elementor-widget-wrap elementor-element-populated\">\n\t\t\t\t\t\t<div class=\"elementor-element elementor-element-e44030b elementor-widget elementor-widget-text-editor\" data-id=\"e44030b\" data-element_type=\"widget\" data-widget_type=\"text-editor.default\">\n\t\t\t\t<div class=\"elementor-widget-container\">\n\t\t\t\t\t\t\t\t\t<p data-start=\"266\" data-end=\"499\">P\u00e5 DAJANO \u00e4r vi inte begr\u00e4nsade till att producera standardl\u00f6sningar. Vi har v\u00e5ra egna\u00a0<strong data-start=\"350\" data-end=\"370\">designkontor<\/strong>, som utvecklar\u00a0<strong data-start=\"405\" data-end=\"443\">s\u00e4rskilda metallbeh\u00e5llare<\/strong>\u00a0- skapade fr\u00e5n grunden f\u00f6r att m\u00f6ta kundens specifika behov.<\/p><p data-start=\"501\" data-end=\"537\">Vi designar Gitterboxar och till\u00e4gg:<\/p><ul data-start=\"538\" data-end=\"833\"><li data-start=\"538\" data-end=\"575\"><p data-start=\"540\" data-end=\"575\">o\u00a0<strong data-start=\"542\" data-end=\"572\">icke-standardiserade dimensioner<\/strong>,<\/p><\/li><li data-start=\"576\" data-end=\"612\"><p data-start=\"578\" data-end=\"612\">z\u00a0<strong data-start=\"580\" data-end=\"609\">ytterligare f\u00f6rst\u00e4rkningar<\/strong>,<\/p><\/li><li data-start=\"613\" data-end=\"669\"><p data-start=\"615\" data-end=\"669\">z\u00a0<strong data-start=\"617\" data-end=\"666\">klaffar, d\u00f6rrar, fack och lock<\/strong>,<\/p><\/li><li data-start=\"670\" data-end=\"739\"><p data-start=\"672\" data-end=\"739\">anpassad till\u00a0<strong data-start=\"689\" data-end=\"736\">ovanliga former och storlekar p\u00e5 produkter<\/strong>,<\/p><\/li><li data-start=\"740\" data-end=\"833\"><p data-start=\"742\" data-end=\"833\">kompatibel\u00a0<strong data-start=\"760\" data-end=\"807\">produktionslinjer, hyllor, transport\u00f6rer<\/strong>\u00a0och logistiksystem.<\/p><\/li><\/ul><p data-start=\"835\" data-end=\"1065\">Baserat p\u00e5 en teknisk ritning, en prototyp eller till och med bara en beskrivning av funktionaliteten kan vi ta fram en individuell design och s\u00e4tta den i produktion. Allt f\u00f6r att beh\u00e5llaren ska st\u00f6dja din process, inte tv\u00e4rtom.<\/p><p data-start=\"1067\" data-end=\"1172\" data-is-last-node=\"\" data-is-only-node=\"\">Vi skapar l\u00f6sningar som p\u00e5 ett realistiskt s\u00e4tt f\u00f6rb\u00e4ttrar logistiken och produktionen - fr\u00e5n design till f\u00e4rdig produkt.<\/p>\t\t\t\t\t\t\t\t<\/div>\n\t\t\t\t<\/div>\n\t\t\t\t\t<\/div>\n\t\t<\/div>\n\t\t\t\t\t<\/div>\n\t\t<\/section>\n\t\t\t\t<\/div>","protected":false},"excerpt":{"rendered":"<p>Nasze us\u0142ugi DAJANO | Lider w Produkcji Gitterbox\u00f3w i Koszy Metalowych W DAJANO wszystkie komponenty do naszych pojemnik\u00f3w i nadstawek produkujemy we w\u0142asnym zak\u0142adzie Samodzielnie: zgrzewamy siatki stalowe, wykonujemy ramy i konstrukcje no\u015bne, produkujemy drzwiczki, klapy i zawiasy, tworzymy podstawy i spawamy n\u00f3\u017cki, przygotowujemy elementy do malowania proszkowego lub cynkowania. Dzi\u0119ki temu mamy pe\u0142n\u0105 kontrol\u0119&#8230;<\/p>","protected":false},"author":1,"featured_media":990819,"parent":85,"menu_order":0,"comment_status":"closed","ping_status":"closed","template":"","meta":{"_seopress_robots_primary_cat":"","_seopress_titles_title":"Nasze us\u0142ugi - rozwi\u0105zania dla magazynowania i transportu | DAJANO","_seopress_titles_desc":"30 lat do\u015bwiadczenia w produkcji pojemnik\u00f3w metalowych. Poznaj nasz\u0105 histori\u0119!","_seopress_robots_index":"","footnotes":""},"class_list":["post-7171","page","type-page","status-publish","has-post-thumbnail","hentry"],"_links":{"self":[{"href":"https:\/\/dajano.pl\/se\/wp-json\/wp\/v2\/pages\/7171","targetHints":{"allow":["GET"]}}],"collection":[{"href":"https:\/\/dajano.pl\/se\/wp-json\/wp\/v2\/pages"}],"about":[{"href":"https:\/\/dajano.pl\/se\/wp-json\/wp\/v2\/types\/page"}],"author":[{"embeddable":true,"href":"https:\/\/dajano.pl\/se\/wp-json\/wp\/v2\/users\/1"}],"replies":[{"embeddable":true,"href":"https:\/\/dajano.pl\/se\/wp-json\/wp\/v2\/comments?post=7171"}],"version-history":[{"count":0,"href":"https:\/\/dajano.pl\/se\/wp-json\/wp\/v2\/pages\/7171\/revisions"}],"up":[{"embeddable":true,"href":"https:\/\/dajano.pl\/se\/wp-json\/wp\/v2\/pages\/85"}],"wp:featuredmedia":[{"embeddable":true,"href":"https:\/\/dajano.pl\/se\/wp-json\/wp\/v2\/media\/990819"}],"wp:attachment":[{"href":"https:\/\/dajano.pl\/se\/wp-json\/wp\/v2\/media?parent=7171"}],"curies":[{"name":"wp","href":"https:\/\/api.w.org\/{rel}","templated":true}]}}