{"id":1648,"date":"2023-03-16T13:53:41","date_gmt":"2023-03-16T13:53:41","guid":{"rendered":"https:\/\/tecnologia.vamtam.com\/?page_id=1648"},"modified":"2025-03-20T22:00:56","modified_gmt":"2025-03-20T22:00:56","slug":"sekretesspolicy","status":"publish","type":"page","link":"https:\/\/dajano.pl\/se\/sekretesspolicy\/","title":{"rendered":"Sekretesspolicy"},"content":{"rendered":"<div data-elementor-type=\"wp-page\" data-elementor-id=\"1648\" class=\"elementor elementor-1648\" data-elementor-post-type=\"page\">\n\t\t\t\t\t\t<section class=\"elementor-section elementor-top-section elementor-element elementor-element-6c5644c elementor-section-boxed elementor-section-height-default elementor-section-height-default\" data-id=\"6c5644c\" data-element_type=\"section\">\n\t\t\t\t\t\t<div class=\"elementor-container elementor-column-gap-default\">\n\t\t\t\t\t<div class=\"elementor-column elementor-col-100 elementor-top-column elementor-element elementor-element-759c98e\" data-id=\"759c98e\" data-element_type=\"column\">\n\t\t\t<div class=\"elementor-widget-wrap elementor-element-populated\">\n\t\t\t\t\t\t<div class=\"elementor-element elementor-element-9af75f0 animated-slow elementor-invisible elementor-widget elementor-widget-heading\" data-id=\"9af75f0\" data-element_type=\"widget\" data-settings=\"{&quot;_animation&quot;:&quot;fadeIn&quot;,&quot;_animation_tablet&quot;:&quot;none&quot;}\" data-widget_type=\"heading.default\">\n\t\t\t\t<div class=\"elementor-widget-container\">\n\t\t\t\t\t<h1 class=\"elementor-heading-title elementor-size-default\">Sekretesspolicy<\/h1>\t\t\t\t<\/div>\n\t\t\t\t<\/div>\n\t\t\t\t<div class=\"elementor-element elementor-element-88a728c animated-slow elementor-invisible elementor-widget elementor-widget-heading\" data-id=\"88a728c\" data-element_type=\"widget\" data-settings=\"{&quot;_animation&quot;:&quot;fadeIn&quot;,&quot;_animation_tablet&quot;:&quot;none&quot;,&quot;_animation_delay&quot;:300}\" data-widget_type=\"heading.default\">\n\t\t\t\t<div class=\"elementor-widget-container\">\n\t\t\t\t\t<p class=\"elementor-heading-title elementor-size-default\">Skydd av v\u00e5ra kunders personuppgifter och integritet - i enlighet med till\u00e4mplig lag<\/p>\t\t\t\t<\/div>\n\t\t\t\t<\/div>\n\t\t\t\t<div class=\"elementor-element elementor-element-31a03c4 elementor-widget elementor-widget-spacer\" data-id=\"31a03c4\" data-element_type=\"widget\" data-widget_type=\"spacer.default\">\n\t\t\t\t<div class=\"elementor-widget-container\">\n\t\t\t\t\t\t\t<div class=\"elementor-spacer\">\n\t\t\t<div class=\"elementor-spacer-inner\"><\/div>\n\t\t<\/div>\n\t\t\t\t\t\t<\/div>\n\t\t\t\t<\/div>\n\t\t\t\t\t<\/div>\n\t\t<\/div>\n\t\t\t\t\t<\/div>\n\t\t<\/section>\n\t\t\t\t<section class=\"elementor-section elementor-top-section elementor-element elementor-element-1fcb2d8 elementor-section-boxed elementor-section-height-default elementor-section-height-default\" data-id=\"1fcb2d8\" data-element_type=\"section\">\n\t\t\t\t\t\t<div class=\"elementor-container elementor-column-gap-no\">\n\t\t\t\t\t<div class=\"elementor-column elementor-col-100 elementor-top-column elementor-element elementor-element-5923213\" data-id=\"5923213\" data-element_type=\"column\">\n\t\t\t<div class=\"elementor-widget-wrap elementor-element-populated\">\n\t\t\t\t\t\t<div class=\"elementor-element elementor-element-d10225c elementor-widget elementor-widget-text-editor\" data-id=\"d10225c\" data-element_type=\"widget\" data-widget_type=\"text-editor.default\">\n\t\t\t\t<div class=\"elementor-widget-container\">\n\t\t\t\t\t\t\t\t\t<p class=\"tm-0\">Vi vill informera dig om att vi p\u00e5 v\u00e5r webbplats\u00a0<a href=\"https:\/\/dajano.pl\/se\/\">www.dajano.pl<\/a>\u00a0Vi samlar inte in n\u00e5gra personuppgifter direkt. Det finns en m\u00f6jlighet att personer som anv\u00e4nder v\u00e5r webbplats skickar ett e-postmeddelande till en av de e-postadresser som anges p\u00e5 webbplatsen och meddelandet kommer att inneh\u00e5lla personuppgifter om kontaktpersonen.<br \/>I det h\u00e4r fallet \u00e4r administrat\u00f6ren av dina personuppgifter Konrad Nogaj, Russ\u00f3w 32, 62-817 \u017belazk\u00f3w, som agerar som s\u00e4ljare f\u00f6r f\u00f6retaget P.H.U.P. \u201cDajano\u201d Jacek Nogaj ul. Ogrodowa 71 A, 62-860 Opat\u00f3wek, NIP: 6180011390.<br \/>Om du har n\u00e5gra fr\u00e5gor om integritetspolicyn kan du n\u00e4r som helst kontakta oss genom att skicka ett e-postmeddelande till\u00a0<a href=\"mailto:box@dajano.pl\">box@dajano.pl<\/a><\/p><p class=\"tm-0\">Dessutom anv\u00e4nder vi cookies i samband med anv\u00e4ndningen av v\u00e5r webbplats.<\/p>\t\t\t\t\t\t\t\t<\/div>\n\t\t\t\t<\/div>\n\t\t\t\t<div class=\"elementor-element elementor-element-4a7087e elementor-widget elementor-widget-heading\" data-id=\"4a7087e\" data-element_type=\"widget\" data-widget_type=\"heading.default\">\n\t\t\t\t<div class=\"elementor-widget-container\">\n\t\t\t\t\t<h3 class=\"elementor-heading-title elementor-size-default\">I f\u00f6rh\u00e5llande till v\u00e5r behandling av dina personuppgifter har du f\u00f6ljande r\u00e4ttigheter:<\/h3>\t\t\t\t<\/div>\n\t\t\t\t<\/div>\n\t\t\t\t<div class=\"elementor-element elementor-element-ff17bec elementor-widget elementor-widget-text-editor\" data-id=\"ff17bec\" data-element_type=\"widget\" data-widget_type=\"text-editor.default\">\n\t\t\t\t<div class=\"elementor-widget-container\">\n\t\t\t\t\t\t\t\t\t<ul class=\"tresc\"><li>R\u00e4tt att beg\u00e4ra tillg\u00e5ng till dina personuppgifter, r\u00e4ttelse, radering eller begr\u00e4nsning av behandlingen,<\/li><li>R\u00e4tt att inv\u00e4nda mot behandling,<\/li><li>r\u00e4tten till dataportabilitet,<\/li><li>R\u00e4tten att \u00e5terkalla ditt samtycke till behandling av personuppgifter f\u00f6r ett specifikt \u00e4ndam\u00e5l om du tidigare har gett ett s\u00e5dant samtycke,<\/li><li>R\u00e4tten att l\u00e4mna in ett klagom\u00e5l till en tillsynsmyndighet i f\u00f6rh\u00e5llande till v\u00e5r behandling av dina personuppgifter.<\/li><\/ul><p>\u00a0<\/p><p class=\"tm-0\">Du kan ut\u00f6va ovanst\u00e5ende r\u00e4ttigheter i enlighet med de principer som beskrivs i artiklarna 16-21 i Europaparlamentets och r\u00e5dets f\u00f6rordning (EU) 2016\/679 av den 27 april 2016 om skydd f\u00f6r fysiska personer med avseende p\u00e5 behandling av personuppgifter och om det fria fl\u00f6det av s\u00e5dana uppgifter och om upph\u00e4vande av direktiv 95\/46\/EG (nedan kallad RODO) genom att kontakta oss p\u00e5 e-postadressen inbepo@inbepo.pl eller p\u00e5 annat s\u00e4tt som passar dig. Vi kan v\u00e4gra att ut\u00f6va vissa av de r\u00e4ttigheter som anges ovan under omst\u00e4ndigheter d\u00e4r ut\u00f6vandet av en viss r\u00e4ttighet skulle strida mot det legitima syftet med v\u00e5r databehandling. Vi kan t.ex. v\u00e4gra att l\u00e5ta dig omedelbart radera de personuppgifter som ing\u00e5r i en best\u00e4llning som du har skickat in tills dess att preskriptionstiden f\u00f6r anspr\u00e5k enligt ett avtal som du har ing\u00e5tt med oss har l\u00f6pt ut.<\/p><p class=\"tm-0\"><strong>E-postkontakt<\/strong><br \/>N\u00e4r du kontaktar oss via e-post uppger du naturligtvis din e-postadress som avs\u00e4ndare av meddelandet. Du kan ocks\u00e5 inkludera andra personuppgifter i inneh\u00e5llet i meddelandet. Den r\u00e4ttsliga grunden f\u00f6r behandlingen av dina personuppgifter i detta fall \u00e4r ditt samtycke som f\u00f6ljer av att du inleder kontakten med oss. De personuppgifter som du l\u00e4mnar till oss i samband med en e-postkontakt behandlas uteslutande f\u00f6r att vi ska kunna hantera din beg\u00e4ran. Inneh\u00e5llet i korrespondensen kan bli f\u00f6rem\u00e5l f\u00f6r arkivering.<\/p><p class=\"tm-0\"><strong>Telefonmeddelanden<\/strong><br \/>I samband med v\u00e5r produktions-, transport-, konsult- och projektverksamhet kan vi komma att skicka p\u00e5minnelser om kommande m\u00f6ten eller planerad transport av din best\u00e4llning via sms och kontakta dig via telefon. F\u00f6r detta \u00e4ndam\u00e5l behandlas uppgifter om ditt telefonnummer. Den r\u00e4ttsliga grunden f\u00f6r behandlingen av uppgifterna \u00e4r fullg\u00f6randet av avtalet.<\/p><p class=\"tm-0\"><strong>Cookies och annan sp\u00e5rningsteknik<\/strong><br \/>V\u00e5r webbplats, liksom n\u00e4stan alla andra webbplatser, anv\u00e4nder cookies f\u00f6r att ge dig den b\u00e4sta anv\u00e4ndarupplevelsen.<br \/>Cookies \u00e4r liten textinformation som lagras p\u00e5 din terminal (t.ex. dator, surfplatta, smartphone) och som kan l\u00e4sas av v\u00e5rt ICT-system.<\/p>\t\t\t\t\t\t\t\t<\/div>\n\t\t\t\t<\/div>\n\t\t\t\t<div class=\"elementor-element elementor-element-066c896 elementor-widget elementor-widget-heading\" data-id=\"066c896\" data-element_type=\"widget\" data-widget_type=\"heading.default\">\n\t\t\t\t<div class=\"elementor-widget-container\">\n\t\t\t\t\t<h3 class=\"elementor-heading-title elementor-size-default\">Cookies g\u00f6r det m\u00f6jligt f\u00f6r oss att:<\/h3>\t\t\t\t<\/div>\n\t\t\t\t<\/div>\n\t\t\t\t<div class=\"elementor-element elementor-element-783a250 elementor-widget elementor-widget-text-editor\" data-id=\"783a250\" data-element_type=\"widget\" data-widget_type=\"text-editor.default\">\n\t\t\t\t<div class=\"elementor-widget-container\">\n\t\t\t\t\t\t\t\t\t<div class=\"container-main\"><div class=\"container\"><div class=\"main\"><ul class=\"tresc\"><li>se till att webbplatsen fungerar som du f\u00f6rv\u00e4ntar dig att den ska g\u00f6ra,<\/li><li>anv\u00e4nda analytiska verktyg,<\/li><li>s\u00e4kerst\u00e4lla anv\u00e4ndningen av samh\u00e4llsfunktioner.<\/li><\/ul><p class=\"tm-0\"><strong>Samtycke till cookies<\/strong><br \/>N\u00e4r du bes\u00f6ker webbplatsen f\u00f6r f\u00f6rsta g\u00e5ngen visas ett meddelande om anv\u00e4ndningen av cookies. Genom att acceptera och st\u00e4nga detta meddelande samtycker du till anv\u00e4ndningen av cookies i enlighet med best\u00e4mmelserna i denna integritetspolicy. Du kan alltid \u00e5terkalla ditt samtycke genom att radera cookies och \u00e4ndra inst\u00e4llningarna f\u00f6r cookies i din webbl\u00e4sare. Observera dock att inaktivering av cookies kan orsaka sv\u00e5righeter att anv\u00e4nda webbplatsen, liksom m\u00e5nga andra webbplatser som anv\u00e4nder cookies.<\/p><p class=\"tm-0\"><strong>Egna kakor<\/strong><br \/>Cookies kan delas in i egna cookies och tredjepartscookies. N\u00e4r det g\u00e4ller v\u00e5ra egna cookies anv\u00e4nder vi dem f\u00f6r att webbplatsen ska fungera korrekt.<br \/>Cookies fr\u00e5n tredje part. V\u00e5r webbplats, liksom de flesta moderna webbplatser, anv\u00e4nder funktioner som tillhandah\u00e5lls av tredje part, vilket inneb\u00e4r anv\u00e4ndning av cookies fr\u00e5n tredje part. Anv\u00e4ndningen av s\u00e5dana cookies beskrivs nedan.<\/p><p class=\"tm-0\"><strong>Analys och statistik<\/strong><br \/>Vi anv\u00e4nder cookies f\u00f6r att sp\u00e5ra webbplatsstatistik som t.ex. antalet bes\u00f6kare, vilken typ av operativsystem och webbl\u00e4sare som anv\u00e4nds f\u00f6r att visa webbplatsen, den tid som spenderas p\u00e5 webbplatsen, de undersidor som bes\u00f6ks etc. Vi anv\u00e4nder Google Analytics f\u00f6r detta \u00e4ndam\u00e5l. Den information som samlas in i detta avseende \u00e4r helt anonym och g\u00f6r det inte m\u00f6jligt att identifiera dig. F\u00f6r detta \u00e4ndam\u00e5l anv\u00e4nds Googles cookies f\u00f6r tj\u00e4nsten Google Analytics.<\/p><p class=\"tm-0\"><strong>Marknadsf\u00f6ring<\/strong><br \/>Vi anv\u00e4nder marknadsf\u00f6ringsverktyg som tillhandah\u00e5lls av Facebook, vilket inneb\u00e4r anv\u00e4ndning av Facebook-cookies, i synnerhet Facebook Pixel. Vi anv\u00e4nder ocks\u00e5 remarketingaktiviteter med hj\u00e4lp av Google AdWords-n\u00e4tverket, vilket inneb\u00e4r anv\u00e4ndning av Google-cookies som \u00e4r kopplade till Google AdWords-tj\u00e4nsten.<\/p><p class=\"tm-0\">Sociala funktioner. Vi f\u00f6rbeh\u00e5ller oss r\u00e4tten att utrusta webbplatsen med sociala moduler, vilket kan inneb\u00e4ra anv\u00e4ndning av cookies fr\u00e5n sociala n\u00e4tverksoperat\u00f6rer som Facebook, Instagram, YouTube, Google+, Linkedin.<\/p><p class=\"tm-0\"><strong>Serverloggar<\/strong><br \/>Anv\u00e4ndningen av webbplatsen inneb\u00e4r att f\u00f6rfr\u00e5gningar skickas till den server d\u00e4r webbplatsen \u00e4r lagrad. Varje beg\u00e4ran som g\u00f6rs till servern registreras i serverns loggar.<\/p><p class=\"tm-0\">Loggarna inneh\u00e5ller bland annat din IP-adress, datum och tid f\u00f6r servern, information om den webbl\u00e4sare och det operativsystem som du anv\u00e4nder. Loggarna sparas och lagras p\u00e5 servern.<\/p><p class=\"tm-0\">De uppgifter som lagras i serverloggarna \u00e4r inte kopplade till specifika anv\u00e4ndare av webbplatsen och anv\u00e4nds inte av oss f\u00f6r att identifiera dig.<\/p><p class=\"tm-0\">Serverloggarna \u00e4r endast hj\u00e4lpmaterial f\u00f6r administrationen av webbplatsen och deras inneh\u00e5ll l\u00e4mnas inte ut till n\u00e5gon annan \u00e4n de som \u00e4r beh\u00f6riga att administrera servern.<\/p><div class=\"clear\">\u00a0<\/div><\/div><\/div><\/div>\t\t\t\t\t\t\t\t<\/div>\n\t\t\t\t<\/div>\n\t\t\t\t\t<\/div>\n\t\t<\/div>\n\t\t\t\t\t<\/div>\n\t\t<\/section>\n\t\t\t\t<\/div>","protected":false},"excerpt":{"rendered":"<p>Polityka prywatno\u015bci Ochrona danych osobowych oraz prywatno\u015bci naszych klient\u00f3w &#8211; zgodnie z obowi\u0105zuj\u0105cym prawem Informujemy \u017ce na naszej stronie\u00a0www.dajano.pl\u00a0w spos\u00f3b bezpo\u015bredni nie zbieramy jakichkolwiek danych osobowych. Istnieje mo\u017cliwo\u015b\u0107 w kt\u00f3rej osoby korzystaj\u0105ce z naszej strony wy\u015bl\u0105 wiadomo\u015b\u0107 e-mail na jeden z adres\u00f3w e-mail podanych na stronie, a wiadomo\u015b\u0107 b\u0119dzie zawiera\u0142a dane osobowe osoby kontaktuj\u0105cej si\u0119.W&#8230;<\/p>","protected":false},"author":1,"featured_media":0,"parent":0,"menu_order":0,"comment_status":"closed","ping_status":"closed","template":"","meta":{"_seopress_robots_primary_cat":"0","_seopress_titles_title":"","_seopress_titles_desc":"","_seopress_robots_index":"","footnotes":""},"class_list":["post-1648","page","type-page","status-publish","hentry"],"_links":{"self":[{"href":"https:\/\/dajano.pl\/se\/wp-json\/wp\/v2\/pages\/1648","targetHints":{"allow":["GET"]}}],"collection":[{"href":"https:\/\/dajano.pl\/se\/wp-json\/wp\/v2\/pages"}],"about":[{"href":"https:\/\/dajano.pl\/se\/wp-json\/wp\/v2\/types\/page"}],"author":[{"embeddable":true,"href":"https:\/\/dajano.pl\/se\/wp-json\/wp\/v2\/users\/1"}],"replies":[{"embeddable":true,"href":"https:\/\/dajano.pl\/se\/wp-json\/wp\/v2\/comments?post=1648"}],"version-history":[{"count":0,"href":"https:\/\/dajano.pl\/se\/wp-json\/wp\/v2\/pages\/1648\/revisions"}],"wp:attachment":[{"href":"https:\/\/dajano.pl\/se\/wp-json\/wp\/v2\/media?parent=1648"}],"curies":[{"name":"wp","href":"https:\/\/api.w.org\/{rel}","templated":true}]}}