{"id":989619,"date":"2025-03-25T13:24:29","date_gmt":"2025-03-25T13:24:29","guid":{"rendered":"https:\/\/dajano.eu\/?page_id=989619"},"modified":"2025-11-12T05:23:32","modified_gmt":"2025-11-12T05:23:32","slug":"transport","status":"publish","type":"page","link":"https:\/\/dajano.pl\/fr\/entreprise\/transport\/","title":{"rendered":"Transport"},"content":{"rendered":"<div data-elementor-type=\"wp-page\" data-elementor-id=\"989619\" class=\"elementor elementor-989619\" data-elementor-post-type=\"page\">\n\t\t\t\t\t\t<section class=\"elementor-section elementor-top-section elementor-element elementor-element-7130eed1 elementor-section-boxed elementor-section-height-default elementor-section-height-default\" data-id=\"7130eed1\" data-element_type=\"section\">\n\t\t\t\t\t\t<div class=\"elementor-container elementor-column-gap-default\">\n\t\t\t\t\t<div class=\"elementor-column elementor-col-100 elementor-top-column elementor-element elementor-element-4a38ad43\" data-id=\"4a38ad43\" data-element_type=\"column\">\n\t\t\t<div class=\"elementor-widget-wrap elementor-element-populated\">\n\t\t\t\t\t\t<div class=\"elementor-element elementor-element-2faa1f3e animated-slow elementor-invisible elementor-widget elementor-widget-heading\" data-id=\"2faa1f3e\" data-element_type=\"widget\" data-settings=\"{&quot;_animation&quot;:&quot;fadeIn&quot;,&quot;_animation_tablet&quot;:&quot;none&quot;}\" data-widget_type=\"heading.default\">\n\t\t\t\t<div class=\"elementor-widget-container\">\n\t\t\t\t\t<h1 class=\"elementor-heading-title elementor-size-default\">Le transport \u00e0 DAJANO - une flotte moderne et une logistique fiable<\/h1>\t\t\t\t<\/div>\n\t\t\t\t<\/div>\n\t\t\t\t<div class=\"elementor-element elementor-element-4c00855b animated-slow elementor-invisible elementor-widget elementor-widget-heading\" data-id=\"4c00855b\" data-element_type=\"widget\" data-settings=\"{&quot;_animation&quot;:&quot;fadeIn&quot;,&quot;_animation_tablet&quot;:&quot;none&quot;,&quot;_animation_delay&quot;:300}\" data-widget_type=\"heading.default\">\n\t\t\t\t<div class=\"elementor-widget-container\">\n\t\t\t\t\t<p class=\"elementor-heading-title elementor-size-default\">Transport interne rapide\nminimise les d\u00e9lais d'ex\u00e9cution des commandes pass\u00e9es<\/p>\t\t\t\t<\/div>\n\t\t\t\t<\/div>\n\t\t\t\t<div class=\"elementor-element elementor-element-6d1ce047 elementor-widget elementor-widget-spacer\" data-id=\"6d1ce047\" data-element_type=\"widget\" data-widget_type=\"spacer.default\">\n\t\t\t\t<div class=\"elementor-widget-container\">\n\t\t\t\t\t\t\t<div class=\"elementor-spacer\">\n\t\t\t<div class=\"elementor-spacer-inner\"><\/div>\n\t\t<\/div>\n\t\t\t\t\t\t<\/div>\n\t\t\t\t<\/div>\n\t\t\t\t\t<\/div>\n\t\t<\/div>\n\t\t\t\t\t<\/div>\n\t\t<\/section>\n\t\t\t\t<section class=\"elementor-section elementor-top-section elementor-element elementor-element-68c80ee9 elementor-section-boxed elementor-section-height-default elementor-section-height-default\" data-id=\"68c80ee9\" data-element_type=\"section\">\n\t\t\t\t\t\t<div class=\"elementor-container elementor-column-gap-default\">\n\t\t\t\t\t<div class=\"elementor-column elementor-col-100 elementor-top-column elementor-element elementor-element-3be7e479\" data-id=\"3be7e479\" data-element_type=\"column\" data-settings=\"{&quot;background_background&quot;:&quot;classic&quot;}\">\n\t\t\t<div class=\"elementor-widget-wrap elementor-element-populated\">\n\t\t\t\t\t\t<div class=\"elementor-element elementor-element-82f7a2f elementor-widget elementor-widget-spacer\" data-id=\"82f7a2f\" data-element_type=\"widget\" data-widget_type=\"spacer.default\">\n\t\t\t\t<div class=\"elementor-widget-container\">\n\t\t\t\t\t\t\t<div class=\"elementor-spacer\">\n\t\t\t<div class=\"elementor-spacer-inner\"><\/div>\n\t\t<\/div>\n\t\t\t\t\t\t<\/div>\n\t\t\t\t<\/div>\n\t\t\t\t\t<\/div>\n\t\t<\/div>\n\t\t\t\t\t<\/div>\n\t\t<\/section>\n\t\t\t\t<section class=\"elementor-section elementor-top-section elementor-element elementor-element-1ca6fd86 elementor-section-boxed elementor-section-height-default elementor-section-height-default\" data-id=\"1ca6fd86\" data-element_type=\"section\">\n\t\t\t\t\t\t<div class=\"elementor-container elementor-column-gap-no\">\n\t\t\t\t\t<div class=\"elementor-column elementor-col-100 elementor-top-column elementor-element elementor-element-79a69e09\" data-id=\"79a69e09\" data-element_type=\"column\">\n\t\t\t<div class=\"elementor-widget-wrap elementor-element-populated\">\n\t\t\t\t\t\t<div class=\"elementor-element elementor-element-38277e14 elementor-widget elementor-widget-text-editor\" data-id=\"38277e14\" data-element_type=\"widget\" data-widget_type=\"text-editor.default\">\n\t\t\t\t<div class=\"elementor-widget-container\">\n\t\t\t\t\t\t\t\t\t<p>Gr\u00e2ce \u00e0 notre vaste flotte de transport et \u00e0 notre personnel de confiance, nous assurons un transport professionnel et s\u00fbr de toutes les marchandises command\u00e9es, directement chez le client. Depuis des ann\u00e9es, nous coop\u00e9rons de mani\u00e8re continue avec de grandes entreprises et des fabricants dans toute l'Union europ\u00e9enne et m\u00eame au-del\u00e0.<\/p>\t\t\t\t\t\t\t\t<\/div>\n\t\t\t\t<\/div>\n\t\t\t\t\t<\/div>\n\t\t<\/div>\n\t\t\t\t\t<\/div>\n\t\t<\/section>\n\t\t\t\t<section class=\"elementor-section elementor-top-section elementor-element elementor-element-7be6ea41 elementor-section-boxed elementor-section-height-default elementor-section-height-default\" data-id=\"7be6ea41\" data-element_type=\"section\">\n\t\t\t\t\t\t<div class=\"elementor-container elementor-column-gap-extended\">\n\t\t\t\t\t<div class=\"elementor-column elementor-col-100 elementor-top-column elementor-element elementor-element-2944c680\" data-id=\"2944c680\" data-element_type=\"column\">\n\t\t\t<div class=\"elementor-widget-wrap elementor-element-populated\">\n\t\t\t\t\t\t<div class=\"elementor-element elementor-element-2983164c elementor-widget elementor-widget-heading\" data-id=\"2983164c\" data-element_type=\"widget\" data-widget_type=\"heading.default\">\n\t\t\t\t<div class=\"elementor-widget-container\">\n\t\t\t\t\t<h2 class=\"elementor-heading-title elementor-size-default\">KIT A<\/h2>\t\t\t\t<\/div>\n\t\t\t\t<\/div>\n\t\t\t\t<div class=\"elementor-element elementor-element-39ba2f1 elementor-widget elementor-widget-aic-image-comparison\" data-id=\"39ba2f1\" data-element_type=\"widget\" data-widget_type=\"aic-image-comparison.default\">\n\t\t\t\t<div class=\"elementor-widget-container\">\n\t\t\t\t\t        \n        <div id=\"aic-image-comparison-39ba2f1\" class=\"aic-image-container\" data-offset=\"0.5\" data-orientation=\"horizontal\" data-before_label=\"\" data-after_label=\"\" data-overlay=\"\" data-onhover=\"yes\" data-click_to_move=\"no\">\n\t\t\t<img decoding=\"async\" class=\"aic-before-img\" alt=\"Avant l&#039;image alt\" src=\"http:\/\/dajano.eu\/wp-content\/uploads\/2025\/06\/zestawB-before.jpg\">\n\t\t\t<img decoding=\"async\" class=\"aic-after-img\" alt=\"Apr\u00e8s l&#039;image alt\" src=\"http:\/\/dajano.eu\/wp-content\/uploads\/2025\/06\/zestawB-after.jpg\">\n        <\/div>\n\n        \t\t\t\t<\/div>\n\t\t\t\t<\/div>\n\t\t\t\t\t<\/div>\n\t\t<\/div>\n\t\t\t\t\t<\/div>\n\t\t<\/section>\n\t\t\t\t<section class=\"elementor-section elementor-top-section elementor-element elementor-element-2308c14 elementor-section-boxed elementor-section-height-default elementor-section-height-default\" data-id=\"2308c14\" data-element_type=\"section\">\n\t\t\t\t\t\t<div class=\"elementor-container elementor-column-gap-extended\">\n\t\t\t\t\t<div class=\"elementor-column elementor-col-100 elementor-top-column elementor-element elementor-element-d0f5166\" data-id=\"d0f5166\" data-element_type=\"column\">\n\t\t\t<div class=\"elementor-widget-wrap elementor-element-populated\">\n\t\t\t\t\t\t<div class=\"elementor-element elementor-element-d20b684 elementor-widget elementor-widget-heading\" data-id=\"d20b684\" data-element_type=\"widget\" data-widget_type=\"heading.default\">\n\t\t\t\t<div class=\"elementor-widget-container\">\n\t\t\t\t\t<h2 class=\"elementor-heading-title elementor-size-default\">KIT B<\/h2>\t\t\t\t<\/div>\n\t\t\t\t<\/div>\n\t\t\t\t<div class=\"elementor-element elementor-element-1626472 elementor-widget elementor-widget-aic-image-comparison\" data-id=\"1626472\" data-element_type=\"widget\" data-widget_type=\"aic-image-comparison.default\">\n\t\t\t\t<div class=\"elementor-widget-container\">\n\t\t\t\t\t        \n        <div id=\"aic-image-comparison-1626472\" class=\"aic-image-container\" data-offset=\"0.5\" data-orientation=\"horizontal\" data-before_label=\"\" data-after_label=\"\" data-overlay=\"\" data-onhover=\"yes\" data-click_to_move=\"no\">\n\t\t\t<img decoding=\"async\" class=\"aic-before-img\" alt=\"Avant l&#039;image alt\" src=\"http:\/\/dajano.eu\/wp-content\/uploads\/2025\/06\/zestawA-before.jpg\">\n\t\t\t<img decoding=\"async\" class=\"aic-after-img\" alt=\"Apr\u00e8s l&#039;image alt\" src=\"http:\/\/dajano.eu\/wp-content\/uploads\/2025\/06\/zestawA-after.jpg\">\n        <\/div>\n\n        \t\t\t\t<\/div>\n\t\t\t\t<\/div>\n\t\t\t\t\t<\/div>\n\t\t<\/div>\n\t\t\t\t\t<\/div>\n\t\t<\/section>\n\t\t\t\t<section class=\"elementor-section elementor-top-section elementor-element elementor-element-797568a1 elementor-section-items-stretch elementor-section-content-bottom elementor-section-height-min-height elementor-section-boxed elementor-section-height-default\" data-id=\"797568a1\" data-element_type=\"section\">\n\t\t\t\t\t\t<div class=\"elementor-container elementor-column-gap-no\">\n\t\t\t\t\t<div class=\"elementor-column elementor-col-50 elementor-top-column elementor-element elementor-element-3c91295\" data-id=\"3c91295\" data-element_type=\"column\">\n\t\t\t<div class=\"elementor-widget-wrap elementor-element-populated\">\n\t\t\t\t\t\t<div class=\"elementor-element elementor-element-4cbdc1c4 elementor-widget-mobile__width-inherit elementor-widget elementor-widget-heading\" data-id=\"4cbdc1c4\" data-element_type=\"widget\" data-widget_type=\"heading.default\">\n\t\t\t\t<div class=\"elementor-widget-container\">\n\t\t\t\t\t<h2 class=\"elementor-heading-title elementor-size-default\">Notre flotte<\/h2>\t\t\t\t<\/div>\n\t\t\t\t<\/div>\n\t\t\t\t<div class=\"elementor-element elementor-element-1294c3b2 elementor-widget-mobile__width-inherit elementor-widget elementor-widget-text-editor\" data-id=\"1294c3b2\" data-element_type=\"widget\" data-widget_type=\"text-editor.default\">\n\t\t\t\t<div class=\"elementor-widget-container\">\n\t\t\t\t\t\t\t\t\t<p>Notre flotte se compose de 20 camions modernes de la marque\u00a0<strong data-start=\"300\" data-end=\"310\">SCANIA<\/strong>, \u00e9quip\u00e9s de remorques du type\u00a0<strong data-start=\"342\" data-end=\"352\">tandem<\/strong>\u00a0avec dimensions\u00a0<strong data-start=\"365\" data-end=\"390\">2500 x 7700 x 3000 mm<\/strong>. Gr\u00e2ce \u00e0 cette configuration logistique, nous sommes en mesure d'acheminer jusqu'\u00e0\u00a0<strong data-start=\"463\" data-end=\"493\">108 Gitterboxes EPAL<\/strong>\u00a0en un seul chargement, ce qui rend notre flotte extr\u00eamement efficace et rentable.<\/p><p data-start=\"210\" data-end=\"224\">Chaque v\u00e9hicule est \u00e9quip\u00e9 d'un syst\u00e8me moderne\u00a0<strong data-start=\"620\" data-end=\"651\">Navigation et surveillance par GPS<\/strong>, qui assure un contr\u00f4le total de l'ex\u00e9cution des commandes en temps r\u00e9el. Des inspections techniques r\u00e9guli\u00e8res et le remplacement syst\u00e9matique des anciens v\u00e9hicules par de nouveaux garantissent la fiabilit\u00e9 de notre flotte \u00e0 tous les stades du transport.<\/p><p data-start=\"210\" data-end=\"224\">Nous employons des chauffeurs exp\u00e9riment\u00e9s et fiables qui connaissent bien le transport national et international. Pour nos employ\u00e9s, la conduite n'est pas seulement une profession, mais une passion et une responsabilit\u00e9.<\/p>\t\t\t\t\t\t\t\t<\/div>\n\t\t\t\t<\/div>\n\t\t\t\t<div class=\"elementor-element elementor-element-70f3762b elementor-widget-mobile__width-inherit elementor-widget elementor-widget-heading\" data-id=\"70f3762b\" data-element_type=\"widget\" data-widget_type=\"heading.default\">\n\t\t\t\t<div class=\"elementor-widget-container\">\n\t\t\t\t\t<h2 class=\"elementor-heading-title elementor-size-default\">Destinations<\/h2>\t\t\t\t<\/div>\n\t\t\t\t<\/div>\n\t\t\t\t<div class=\"elementor-element elementor-element-7e234a3b elementor-widget-mobile__width-inherit elementor-widget elementor-widget-text-editor\" data-id=\"7e234a3b\" data-element_type=\"widget\" data-widget_type=\"text-editor.default\">\n\t\t\t\t<div class=\"elementor-widget-container\">\n\t\t\t\t\t\t\t\t\t<p data-start=\"210\" data-end=\"224\">Nous ex\u00e9cutons les commandes\u00a0<strong data-start=\"1137\" data-end=\"1175\">dans l'ensemble de l'Union europ\u00e9enne<\/strong>. Chaque jour, nos chauffeurs parcourent plusieurs itin\u00e9raires dans diff\u00e9rentes directions, en fournissant\u00a0<strong data-start=\"1259\" data-end=\"1332\">la ponctualit\u00e9, la s\u00e9curit\u00e9 et les normes les plus \u00e9lev\u00e9es en mati\u00e8re de services logistiques<\/strong>. Gr\u00e2ce \u00e0 notre flexibilit\u00e9 op\u00e9rationnelle et \u00e0 notre grande capacit\u00e9 de chargement, nous livrons les commandes rapidement et sans compromettre la qualit\u00e9 des marchandises, quelle que soit la destination.<\/p>\t\t\t\t\t\t\t\t<\/div>\n\t\t\t\t<\/div>\n\t\t\t\t\t<\/div>\n\t\t<\/div>\n\t\t\t\t<div class=\"elementor-column elementor-col-50 elementor-top-column elementor-element elementor-element-9b1ec20\" data-id=\"9b1ec20\" data-element_type=\"column\" data-settings=\"{&quot;background_background&quot;:&quot;classic&quot;}\">\n\t\t\t<div class=\"elementor-widget-wrap elementor-element-populated\">\n\t\t\t\t\t\t<div class=\"elementor-element elementor-element-ecf03d7 elementor-widget elementor-widget-spacer\" data-id=\"ecf03d7\" data-element_type=\"widget\" data-widget_type=\"spacer.default\">\n\t\t\t\t<div class=\"elementor-widget-container\">\n\t\t\t\t\t\t\t<div class=\"elementor-spacer\">\n\t\t\t<div class=\"elementor-spacer-inner\"><\/div>\n\t\t<\/div>\n\t\t\t\t\t\t<\/div>\n\t\t\t\t<\/div>\n\t\t\t\t\t<\/div>\n\t\t<\/div>\n\t\t\t\t\t<\/div>\n\t\t<\/section>\n\t\t<div class=\"elementor-element elementor-element-2ee545d4 e-flex e-con-boxed e-con e-parent\" data-id=\"2ee545d4\" data-element_type=\"container\">\n\t\t\t\t\t<div class=\"e-con-inner\">\n\t\t\t\t<div class=\"elementor-element elementor-element-5341e850 elementor-widget-mobile__width-inherit elementor-widget elementor-widget-heading\" data-id=\"5341e850\" data-element_type=\"widget\" data-widget_type=\"heading.default\">\n\t\t\t\t<div class=\"elementor-widget-container\">\n\t\t\t\t\t<h2 class=\"elementor-heading-title elementor-size-default\">Tarification personnalis\u00e9e<\/h2>\t\t\t\t<\/div>\n\t\t\t\t<\/div>\n\t\t\t\t<div class=\"elementor-element elementor-element-f695084 elementor-widget-mobile__width-inherit elementor-widget elementor-widget-text-editor\" data-id=\"f695084\" data-element_type=\"widget\" data-widget_type=\"text-editor.default\">\n\t\t\t\t<div class=\"elementor-widget-container\">\n\t\t\t\t\t\t\t\t\t<p>Nous d\u00e9terminons le montant et le d\u00e9lai de livraison individuellement pour chaque commande. N'h\u00e9sitez pas \u00e0 nous contacter par t\u00e9l\u00e9phone ou par e-mail pour obtenir des d\u00e9tails sur le transport et un devis gratuit pour votre commande sp\u00e9cifique.<\/p>\t\t\t\t\t\t\t\t<\/div>\n\t\t\t\t<\/div>\n\t\t\t\t<div class=\"elementor-element elementor-element-3f1ec34e elementor-widget-mobile__width-inherit elementor-widget elementor-widget-heading\" data-id=\"3f1ec34e\" data-element_type=\"widget\" data-widget_type=\"heading.default\">\n\t\t\t\t<div class=\"elementor-widget-container\">\n\t\t\t\t\t<h2 class=\"elementor-heading-title elementor-size-default\">Pourquoi DAJANO ?<\/h2>\t\t\t\t<\/div>\n\t\t\t\t<\/div>\n\t\t\t\t<div class=\"elementor-element elementor-element-6d8ac351 elementor-widget-mobile__width-inherit elementor-widget elementor-widget-text-editor\" data-id=\"6d8ac351\" data-element_type=\"widget\" data-widget_type=\"text-editor.default\">\n\t\t\t\t<div class=\"elementor-widget-container\">\n\t\t\t\t\t\t\t\t\t<p>Afin de r\u00e9pondre aux demandes sans cesse croissantes du march\u00e9 et de satisfaire les clients les plus exigeants, nous d\u00e9veloppons et modernisons syst\u00e9matiquement notre flotte de transport, et nous \u00e9tendons la port\u00e9e territoriale de nos op\u00e9rations. Nous garantissons la ponctualit\u00e9, un service de qualit\u00e9, des prix attractifs, un personnel comp\u00e9tent et des solutions efficaces.<\/p>\t\t\t\t\t\t\t\t<\/div>\n\t\t\t\t<\/div>\n\t\t\t\t\t<\/div>\n\t\t\t\t<\/div>\n\t\t\t\t<\/div>","protected":false},"excerpt":{"rendered":"<p>Transport w DAJANO \u2013 nowoczesna flota i niezawodna logistyka Szybki w\u0142asny transport minimalizuje czas realizacji z\u0142o\u017conego zam\u00f3wienia Dzi\u0119ki rozbudowanej flocie transportowej i zaufanej kadrze pracownik\u00f3w zapewniamy profesjonalny i bezpieczny przew\u00f3z ka\u017cdego zam\u00f3wionego towaru bezpo\u015brednio do klienta. Od lat prowadzimy sta\u0142\u0105 wsp\u00f3\u0142prac\u0119 z du\u017cymi firmami oraz producentami z ca\u0142ej Unii Europejskiej, a nawet poza jej granicami&#8230;.<\/p>","protected":false},"author":1,"featured_media":991135,"parent":85,"menu_order":0,"comment_status":"closed","ping_status":"closed","template":"","meta":{"_seopress_robots_primary_cat":"","_seopress_titles_title":"Transport - nowoczesna flota i niezawodna logistyka | DAJANO","_seopress_titles_desc":"Terminowe dostawy dzi\u0119ki nowoczesnej logistyce. Transport pojemnik\u00f3w i nadstawek!","_seopress_robots_index":"","footnotes":""},"class_list":["post-989619","page","type-page","status-publish","has-post-thumbnail","hentry"],"_links":{"self":[{"href":"https:\/\/dajano.pl\/fr\/wp-json\/wp\/v2\/pages\/989619","targetHints":{"allow":["GET"]}}],"collection":[{"href":"https:\/\/dajano.pl\/fr\/wp-json\/wp\/v2\/pages"}],"about":[{"href":"https:\/\/dajano.pl\/fr\/wp-json\/wp\/v2\/types\/page"}],"author":[{"embeddable":true,"href":"https:\/\/dajano.pl\/fr\/wp-json\/wp\/v2\/users\/1"}],"replies":[{"embeddable":true,"href":"https:\/\/dajano.pl\/fr\/wp-json\/wp\/v2\/comments?post=989619"}],"version-history":[{"count":0,"href":"https:\/\/dajano.pl\/fr\/wp-json\/wp\/v2\/pages\/989619\/revisions"}],"up":[{"embeddable":true,"href":"https:\/\/dajano.pl\/fr\/wp-json\/wp\/v2\/pages\/85"}],"wp:featuredmedia":[{"embeddable":true,"href":"https:\/\/dajano.pl\/fr\/wp-json\/wp\/v2\/media\/991135"}],"wp:attachment":[{"href":"https:\/\/dajano.pl\/fr\/wp-json\/wp\/v2\/media?parent=989619"}],"curies":[{"name":"wp","href":"https:\/\/api.w.org\/{rel}","templated":true}]}}