{"id":989597,"date":"2025-03-25T12:51:21","date_gmt":"2025-03-25T12:51:21","guid":{"rendered":"https:\/\/dajano.eu\/?page_id=989597"},"modified":"2025-11-12T05:22:48","modified_gmt":"2025-11-12T05:22:48","slug":"conformite","status":"publish","type":"page","link":"https:\/\/dajano.pl\/fr\/entreprise\/conformite\/","title":{"rendered":"Conformit\u00e9"},"content":{"rendered":"<div data-elementor-type=\"wp-page\" data-elementor-id=\"989597\" class=\"elementor elementor-989597\" data-elementor-post-type=\"page\">\n\t\t\t\t\t\t<section class=\"elementor-section elementor-top-section elementor-element elementor-element-6d2d98a elementor-section-boxed elementor-section-height-default elementor-section-height-default\" data-id=\"6d2d98a\" data-element_type=\"section\">\n\t\t\t\t\t\t<div class=\"elementor-container elementor-column-gap-default\">\n\t\t\t\t\t<div class=\"elementor-column elementor-col-100 elementor-top-column elementor-element elementor-element-5fb472a\" data-id=\"5fb472a\" data-element_type=\"column\">\n\t\t\t<div class=\"elementor-widget-wrap elementor-element-populated\">\n\t\t\t\t\t\t<div class=\"elementor-element elementor-element-6ff307c animated-slow elementor-invisible elementor-widget elementor-widget-heading\" data-id=\"6ff307c\" data-element_type=\"widget\" data-settings=\"{&quot;_animation&quot;:&quot;fadeIn&quot;,&quot;_animation_tablet&quot;:&quot;none&quot;}\" data-widget_type=\"heading.default\">\n\t\t\t\t<div class=\"elementor-widget-container\">\n\t\t\t\t\t<h1 class=\"elementor-heading-title elementor-size-default\">Conformit\u00e9 - respect des normes et des r\u00e8glements<\/h1>\t\t\t\t<\/div>\n\t\t\t\t<\/div>\n\t\t\t\t<div class=\"elementor-element elementor-element-8970b63 animated-slow elementor-invisible elementor-widget elementor-widget-heading\" data-id=\"8970b63\" data-element_type=\"widget\" data-settings=\"{&quot;_animation&quot;:&quot;fadeIn&quot;,&quot;_animation_tablet&quot;:&quot;none&quot;,&quot;_animation_delay&quot;:300}\" data-widget_type=\"heading.default\">\n\t\t\t\t<div class=\"elementor-widget-container\">\n\t\t\t\t\t<p class=\"elementor-heading-title elementor-size-default\">Engagement en faveur de la qualit\u00e9, de la s\u00e9curit\u00e9 et du d\u00e9veloppement durable<\/p>\t\t\t\t<\/div>\n\t\t\t\t<\/div>\n\t\t\t\t<div class=\"elementor-element elementor-element-0d43108 elementor-widget elementor-widget-spacer\" data-id=\"0d43108\" data-element_type=\"widget\" data-widget_type=\"spacer.default\">\n\t\t\t\t<div class=\"elementor-widget-container\">\n\t\t\t\t\t\t\t<div class=\"elementor-spacer\">\n\t\t\t<div class=\"elementor-spacer-inner\"><\/div>\n\t\t<\/div>\n\t\t\t\t\t\t<\/div>\n\t\t\t\t<\/div>\n\t\t\t\t\t<\/div>\n\t\t<\/div>\n\t\t\t\t\t<\/div>\n\t\t<\/section>\n\t\t\t\t<section class=\"elementor-section elementor-top-section elementor-element elementor-element-6f6defb elementor-section-boxed elementor-section-height-default elementor-section-height-default\" data-id=\"6f6defb\" data-element_type=\"section\">\n\t\t\t\t\t\t<div class=\"elementor-container elementor-column-gap-default\">\n\t\t\t\t\t<div class=\"elementor-column elementor-col-100 elementor-top-column elementor-element elementor-element-7c75eb6\" data-id=\"7c75eb6\" data-element_type=\"column\" data-settings=\"{&quot;background_background&quot;:&quot;classic&quot;}\">\n\t\t\t<div class=\"elementor-widget-wrap elementor-element-populated\">\n\t\t\t\t\t\t<div class=\"elementor-element elementor-element-a9358b9 elementor-widget elementor-widget-text-editor\" data-id=\"a9358b9\" data-element_type=\"widget\" data-widget_type=\"text-editor.default\">\n\t\t\t\t<div class=\"elementor-widget-container\">\n\t\t\t\t\t\t\t\t\t<p>Chez DAJANO, la priorit\u00e9 est donn\u00e9e au respect <strong>les normes de qualit\u00e9 les plus \u00e9lev\u00e9es<\/strong>, Nos produits et nos processus de production respectent les normes internationales et les normes environnementales et \u00e9thiques. Nos produits et nos processus de production sont conformes aux normes et r\u00e9glementations internationales, ce qui nous permet de fournir des produits fiables et de qualit\u00e9. <strong>des solutions pour r\u00e9pondre aux exigences les plus \u00e9lev\u00e9es de nos clients<\/strong>. Nous nous engageons \u00e0 nous am\u00e9liorer continuellement, \u00e0 respecter la l\u00e9gislation et \u00e0 d\u00e9velopper notre responsabilit\u00e9 sociale.<\/p>\t\t\t\t\t\t\t\t<\/div>\n\t\t\t\t<\/div>\n\t\t\t\t\t<\/div>\n\t\t<\/div>\n\t\t\t\t\t<\/div>\n\t\t<\/section>\n\t\t\t\t<section class=\"elementor-section elementor-top-section elementor-element elementor-element-8271ecc elementor-section-boxed elementor-section-height-default elementor-section-height-default\" data-id=\"8271ecc\" data-element_type=\"section\">\n\t\t\t\t\t\t<div class=\"elementor-container elementor-column-gap-default\">\n\t\t\t\t\t<div class=\"elementor-column elementor-col-100 elementor-top-column elementor-element elementor-element-1ab099c\" data-id=\"1ab099c\" data-element_type=\"column\" data-settings=\"{&quot;background_background&quot;:&quot;classic&quot;}\">\n\t\t\t<div class=\"elementor-widget-wrap elementor-element-populated\">\n\t\t\t\t\t\t<div class=\"elementor-element elementor-element-a9c2e38 elementor-widget elementor-widget-heading\" data-id=\"a9c2e38\" data-element_type=\"widget\" data-widget_type=\"heading.default\">\n\t\t\t\t<div class=\"elementor-widget-container\">\n\t\t\t\t\t<h2 class=\"elementor-heading-title elementor-size-default\">Conformit\u00e9 et responsabilit\u00e9 dans les op\u00e9rations de DAJANO<\/h2>\t\t\t\t<\/div>\n\t\t\t\t<\/div>\n\t\t\t\t<div class=\"elementor-element elementor-element-f04cb0d elementor-widget elementor-widget-text-editor\" data-id=\"f04cb0d\" data-element_type=\"widget\" data-widget_type=\"text-editor.default\">\n\t\t\t\t<div class=\"elementor-widget-container\">\n\t\t\t\t\t\t\t\t\t<ul data-start=\"936\" data-end=\"1850\"><li data-start=\"936\" data-end=\"1187\"><p data-start=\"938\" data-end=\"1187\"><strong data-start=\"938\" data-end=\"963\">Gestion de la qualit\u00e9 :<\/strong>\u00a0Conform\u00e9ment \u00e0 la norme\u00a0<strong data-start=\"980\" data-end=\"992\">ISO 9001<\/strong>, En outre, nous veillons \u00e0 ce que tous nos produits soient fabriqu\u00e9s conform\u00e9ment \u00e0 des exigences de qualit\u00e9 strictes. Cela nous permet de garantir la grande fiabilit\u00e9 et la reproductibilit\u00e9 de nos produits.<\/p><\/li><li data-start=\"1188\" data-end=\"1450\"><p data-start=\"1190\" data-end=\"1450\"><strong data-start=\"1190\" data-end=\"1219\">Gestion de l'environnement :<\/strong>\u00a0Notre entreprise op\u00e8re conform\u00e9ment \u00e0 la\u00a0<strong data-start=\"1255\" data-end=\"1268\">ISO 14001<\/strong>, qui confirme notre engagement \u00e0 minimiser notre impact sur l'environnement. Nous utilisons des technologies de production conformes aux meilleures normes environnementales.<\/p><\/li><li data-start=\"1451\" data-end=\"1621\"><p data-start=\"1453\" data-end=\"1621\"><strong data-start=\"1453\" data-end=\"1488\">Respect des normes industrielles :<\/strong>\u00a0Nos Gitterboxes et paniers m\u00e9talliques sont conformes aux exigences de l'industrie logistique, ce qui a \u00e9t\u00e9 confirm\u00e9 par un certificat.\u00a0<strong data-start=\"1612\" data-end=\"1620\">EPAL<\/strong>.<\/p><\/li><li data-start=\"1622\" data-end=\"1850\"><p data-start=\"1624\" data-end=\"1850\"><strong data-start=\"1624\" data-end=\"1657\">Une approche \u00e9thique des affaires :<\/strong>\u00a0Gr\u00e2ce au certificat\u00a0<strong data-start=\"1679\" data-end=\"1691\">EcoVadis<\/strong>\u00a0et\u00a0<strong data-start=\"1697\" data-end=\"1736\">SAQ (Questionnaire d'auto-\u00e9valuation)<\/strong>nous veillons \u00e0 ce que nos actions soient conformes aux normes internationales en mati\u00e8re d'\u00e9thique et de responsabilit\u00e9 sociale.<\/p><\/li><\/ul>\t\t\t\t\t\t\t\t<\/div>\n\t\t\t\t<\/div>\n\t\t\t\t\t<\/div>\n\t\t<\/div>\n\t\t\t\t\t<\/div>\n\t\t<\/section>\n\t\t\t\t<section class=\"elementor-section elementor-top-section elementor-element elementor-element-ec2265a elementor-section-boxed elementor-section-height-default elementor-section-height-default\" data-id=\"ec2265a\" data-element_type=\"section\">\n\t\t\t\t\t\t<div class=\"elementor-container elementor-column-gap-default\">\n\t\t\t\t\t<div class=\"elementor-column elementor-col-100 elementor-top-column elementor-element elementor-element-69fbf93\" data-id=\"69fbf93\" data-element_type=\"column\" data-settings=\"{&quot;background_background&quot;:&quot;classic&quot;}\">\n\t\t\t<div class=\"elementor-widget-wrap elementor-element-populated\">\n\t\t\t\t\t\t<div class=\"elementor-element elementor-element-9661d3f elementor-widget elementor-widget-heading\" data-id=\"9661d3f\" data-element_type=\"widget\" data-widget_type=\"heading.default\">\n\t\t\t\t<div class=\"elementor-widget-container\">\n\t\t\t\t\t<h3 class=\"elementor-heading-title elementor-size-default\">Politiques de DAJANO<\/h3>\t\t\t\t<\/div>\n\t\t\t\t<\/div>\n\t\t\t\t<div class=\"elementor-element elementor-element-6c83d3d elementor-widget elementor-widget-text-editor\" data-id=\"6c83d3d\" data-element_type=\"widget\" data-widget_type=\"text-editor.default\">\n\t\t\t\t<div class=\"elementor-widget-container\">\n\t\t\t\t\t\t\t\t\t<p data-start=\"1873\" data-end=\"2002\">Afin de garantir la transparence et le respect total des r\u00e8gles, nous avons mis en place les politiques suivantes pour guider nos activit\u00e9s :<\/p><ol data-start=\"2004\" data-end=\"2634\"><li data-start=\"2004\" data-end=\"2332\"><p data-start=\"2007\" data-end=\"2332\"><strong data-start=\"2007\" data-end=\"2041\">Qualit\u00e9 et politique environnementale :<\/strong><br data-start=\"2041\" data-end=\"2044\" \/>Notre politique en mati\u00e8re de qualit\u00e9 et d'environnement d\u00e9crit nos objectifs et nos engagements pour maintenir les normes de qualit\u00e9 les plus \u00e9lev\u00e9es et prot\u00e9ger l'environnement. Nous avons mis en place un certain nombre de proc\u00e9dures afin d'am\u00e9liorer continuellement nos processus et de minimiser notre impact sur l'environnement.<\/p><\/li><li data-start=\"2334\" data-end=\"2634\"><p data-start=\"2337\" data-end=\"2634\"><strong data-start=\"2337\" data-end=\"2374\">Politique de tarification des paniers m\u00e9talliques :<\/strong><br data-start=\"2374\" data-end=\"2377\" \/>La politique de prix des Paniers M\u00e9talliques d\u00e9finit les principes qui guident la tarification de nos produits. Nous mettons l'accent sur la transparence et l'honn\u00eatet\u00e9 dans nos relations avec nos clients, en garantissant des prix comp\u00e9titifs tout en maintenant une qualit\u00e9 de produit \u00e9lev\u00e9e.<\/p><\/li><\/ol>\t\t\t\t\t\t\t\t<\/div>\n\t\t\t\t<\/div>\n\t\t\t\t\t<\/div>\n\t\t<\/div>\n\t\t\t\t\t<\/div>\n\t\t<\/section>\n\t\t\t\t<section class=\"elementor-section elementor-top-section elementor-element elementor-element-7a559ff elementor-section-boxed elementor-section-height-default elementor-section-height-default\" data-id=\"7a559ff\" data-element_type=\"section\">\n\t\t\t\t\t\t<div class=\"elementor-container elementor-column-gap-default\">\n\t\t\t\t\t<div class=\"elementor-column elementor-col-100 elementor-top-column elementor-element elementor-element-16d5555\" data-id=\"16d5555\" data-element_type=\"column\" data-settings=\"{&quot;background_background&quot;:&quot;classic&quot;}\">\n\t\t\t<div class=\"elementor-widget-wrap elementor-element-populated\">\n\t\t\t\t\t\t<div class=\"elementor-element elementor-element-d3b6bd7 elementor-widget elementor-widget-heading\" data-id=\"d3b6bd7\" data-element_type=\"widget\" data-widget_type=\"heading.default\">\n\t\t\t\t<div class=\"elementor-widget-container\">\n\t\t\t\t\t<h3 class=\"elementor-heading-title elementor-size-default\">Documents \u00e0 t\u00e9l\u00e9charger<\/h3>\t\t\t\t<\/div>\n\t\t\t\t<\/div>\n\t\t\t\t<div class=\"elementor-element elementor-element-1fa5a1b elementor-widget elementor-widget-text-editor\" data-id=\"1fa5a1b\" data-element_type=\"widget\" data-widget_type=\"text-editor.default\">\n\t\t\t\t<div class=\"elementor-widget-container\">\n\t\t\t\t\t\t\t\t\t<p data-start=\"2668\" data-end=\"2803\">Pour obtenir des informations d\u00e9taill\u00e9es sur nos politiques et proc\u00e9dures, veuillez t\u00e9l\u00e9charger les documents PDF ci-dessous :<\/p><ul data-start=\"2805\" data-end=\"2917\"><li data-start=\"2805\" data-end=\"2859\"><p data-start=\"2807\" data-end=\"2859\"><strong data-start=\"2807\" data-end=\"2840\">Politique de qualit\u00e9 et d'environnement<\/strong>\u00a0\u2013\u00a0<a href=\"http:\/\/dajano.eu\/wp-content\/uploads\/2025\/04\/Polityka-jakosci-i-srodowiska.pdf\" target=\"_blank\" rel=\"noopener\">T\u00e9l\u00e9charger le PDF<\/a><\/p><\/li><li data-start=\"2860\" data-end=\"2917\"><p data-start=\"2862\" data-end=\"2917\"><strong data-start=\"2862\" data-end=\"2898\">Politique de prix pour les paniers m\u00e9talliques<\/strong>\u00a0\u2013\u00a0<a href=\"http:\/\/dajano.eu\/wp-content\/uploads\/2025\/04\/Polityka-cen-koszy-metalowych.pdf\" target=\"_blank\" rel=\"noopener\" data-start=\"2901\" data-end=\"2917\">T\u00e9l\u00e9charger le PDF<\/a><\/p><\/li><\/ul>\t\t\t\t\t\t\t\t<\/div>\n\t\t\t\t<\/div>\n\t\t\t\t\t<\/div>\n\t\t<\/div>\n\t\t\t\t\t<\/div>\n\t\t<\/section>\n\t\t\t\t<\/div>","protected":false},"excerpt":{"rendered":"<p>Compliance \u2013 zgodno\u015b\u0107 z normami i przepisami Dba\u0142o\u015b\u0107 o jako\u015b\u0107, bezpiecze\u0144stwo i zr\u00f3wnowa\u017cony rozw\u00f3j W DAJANO priorytetem jest przestrzeganie najwy\u017cszych standard\u00f3w jako\u015bciowych, \u015brodowiskowych i etycznych. Nasze produkty oraz procesy produkcyjne s\u0105 zgodne z mi\u0119dzynarodowymi normami i przepisami, co pozwala nam dostarcza\u0107 niezawodne rozwi\u0105zania spe\u0142niaj\u0105ce najwy\u017csze wymagania naszych klient\u00f3w. D\u0105\u017cymy do ci\u0105g\u0142ego doskonalenia, przestrzegania przepis\u00f3w prawa&#8230;<\/p>","protected":false},"author":1,"featured_media":4533,"parent":85,"menu_order":0,"comment_status":"closed","ping_status":"closed","template":"","meta":{"_seopress_robots_primary_cat":"","_seopress_titles_title":"Jako\u015b\u0107 - nowoczesne technologie i wysoki standard produkcji | DAJANO","_seopress_titles_desc":"Stawiamy na precyzj\u0119 i innowacje \u2013 ci\u0119cie laserowe, spawanie robotami. Sprawd\u017a!","_seopress_robots_index":"","footnotes":""},"class_list":["post-989597","page","type-page","status-publish","has-post-thumbnail","hentry"],"_links":{"self":[{"href":"https:\/\/dajano.pl\/fr\/wp-json\/wp\/v2\/pages\/989597","targetHints":{"allow":["GET"]}}],"collection":[{"href":"https:\/\/dajano.pl\/fr\/wp-json\/wp\/v2\/pages"}],"about":[{"href":"https:\/\/dajano.pl\/fr\/wp-json\/wp\/v2\/types\/page"}],"author":[{"embeddable":true,"href":"https:\/\/dajano.pl\/fr\/wp-json\/wp\/v2\/users\/1"}],"replies":[{"embeddable":true,"href":"https:\/\/dajano.pl\/fr\/wp-json\/wp\/v2\/comments?post=989597"}],"version-history":[{"count":0,"href":"https:\/\/dajano.pl\/fr\/wp-json\/wp\/v2\/pages\/989597\/revisions"}],"up":[{"embeddable":true,"href":"https:\/\/dajano.pl\/fr\/wp-json\/wp\/v2\/pages\/85"}],"wp:featuredmedia":[{"embeddable":true,"href":"https:\/\/dajano.pl\/fr\/wp-json\/wp\/v2\/media\/4533"}],"wp:attachment":[{"href":"https:\/\/dajano.pl\/fr\/wp-json\/wp\/v2\/media?parent=989597"}],"curies":[{"name":"wp","href":"https:\/\/api.w.org\/{rel}","templated":true}]}}