{"id":7171,"date":"2023-04-03T13:00:04","date_gmt":"2023-04-03T13:00:04","guid":{"rendered":"https:\/\/tecnologia.vamtam.com\/?page_id=7171"},"modified":"2025-11-12T05:22:56","modified_gmt":"2025-11-12T05:22:56","slug":"nos-services","status":"publish","type":"page","link":"https:\/\/dajano.pl\/fr\/entreprise\/nos-services\/","title":{"rendered":"Nos prestations"},"content":{"rendered":"<div data-elementor-type=\"wp-page\" data-elementor-id=\"7171\" class=\"elementor elementor-7171\" data-elementor-post-type=\"page\">\n\t\t\t\t\t\t<section class=\"elementor-section elementor-top-section elementor-element elementor-element-3333e3e elementor-section-boxed elementor-section-height-default elementor-section-height-default\" data-id=\"3333e3e\" data-element_type=\"section\">\n\t\t\t\t\t\t<div class=\"elementor-container elementor-column-gap-default\">\n\t\t\t\t\t<div class=\"elementor-column elementor-col-100 elementor-top-column elementor-element elementor-element-31ce0e8\" data-id=\"31ce0e8\" data-element_type=\"column\">\n\t\t\t<div class=\"elementor-widget-wrap elementor-element-populated\">\n\t\t\t\t\t\t<div class=\"elementor-element elementor-element-65c27ec animated-slow elementor-invisible elementor-widget elementor-widget-heading\" data-id=\"65c27ec\" data-element_type=\"widget\" data-settings=\"{&quot;_animation&quot;:&quot;fadeIn&quot;,&quot;_animation_tablet&quot;:&quot;none&quot;}\" data-widget_type=\"heading.default\">\n\t\t\t\t<div class=\"elementor-widget-container\">\n\t\t\t\t\t<h1 class=\"elementor-heading-title elementor-size-default\">Nos prestations<\/h1>\t\t\t\t<\/div>\n\t\t\t\t<\/div>\n\t\t\t\t<div class=\"elementor-element elementor-element-fc14c35 animated-slow elementor-invisible elementor-widget elementor-widget-heading\" data-id=\"fc14c35\" data-element_type=\"widget\" data-settings=\"{&quot;_animation&quot;:&quot;fadeIn&quot;,&quot;_animation_tablet&quot;:&quot;none&quot;,&quot;_animation_delay&quot;:300}\" data-widget_type=\"heading.default\">\n\t\t\t\t<div class=\"elementor-widget-container\">\n\t\t\t\t\t<p class=\"elementor-heading-title elementor-size-default\">DAJANO - Leader dans la fabrication de bo\u00eetes \u00e0 ordures et de paniers m\u00e9talliques<\/p>\t\t\t\t<\/div>\n\t\t\t\t<\/div>\n\t\t\t\t<div class=\"elementor-element elementor-element-e0226bb elementor-widget elementor-widget-spacer\" data-id=\"e0226bb\" data-element_type=\"widget\" data-widget_type=\"spacer.default\">\n\t\t\t\t<div class=\"elementor-widget-container\">\n\t\t\t\t\t\t\t<div class=\"elementor-spacer\">\n\t\t\t<div class=\"elementor-spacer-inner\"><\/div>\n\t\t<\/div>\n\t\t\t\t\t\t<\/div>\n\t\t\t\t<\/div>\n\t\t\t\t\t<\/div>\n\t\t<\/div>\n\t\t\t\t\t<\/div>\n\t\t<\/section>\n\t\t\t\t<section class=\"elementor-section elementor-top-section elementor-element elementor-element-16b92e18 elementor-section-items-stretch elementor-section-content-bottom elementor-section-height-min-height elementor-section-boxed elementor-section-height-default\" data-id=\"16b92e18\" data-element_type=\"section\">\n\t\t\t\t\t\t<div class=\"elementor-container elementor-column-gap-no\">\n\t\t\t\t\t<div class=\"elementor-column elementor-col-50 elementor-top-column elementor-element elementor-element-28c53cc8\" data-id=\"28c53cc8\" data-element_type=\"column\" data-settings=\"{&quot;background_background&quot;:&quot;classic&quot;}\">\n\t\t\t<div class=\"elementor-widget-wrap elementor-element-populated\">\n\t\t\t\t\t\t<div class=\"elementor-element elementor-element-2185a5e6 elementor-widget elementor-widget-spacer\" data-id=\"2185a5e6\" data-element_type=\"widget\" data-widget_type=\"spacer.default\">\n\t\t\t\t<div class=\"elementor-widget-container\">\n\t\t\t\t\t\t\t<div class=\"elementor-spacer\">\n\t\t\t<div class=\"elementor-spacer-inner\"><\/div>\n\t\t<\/div>\n\t\t\t\t\t\t<\/div>\n\t\t\t\t<\/div>\n\t\t\t\t\t<\/div>\n\t\t<\/div>\n\t\t\t\t<div class=\"elementor-column elementor-col-50 elementor-top-column elementor-element elementor-element-74aea336\" data-id=\"74aea336\" data-element_type=\"column\">\n\t\t\t<div class=\"elementor-widget-wrap elementor-element-populated\">\n\t\t\t\t\t\t<div class=\"elementor-element elementor-element-522fc684 elementor-widget-mobile__width-inherit elementor-widget elementor-widget-heading\" data-id=\"522fc684\" data-element_type=\"widget\" data-widget_type=\"heading.default\">\n\t\t\t\t<div class=\"elementor-widget-container\">\n\t\t\t\t\t<h2 class=\"elementor-heading-title elementor-size-default\">Chez DAJANO, nous produisons tous les composants de nos conteneurs et extensions dans notre propre usine.<\/h2>\t\t\t\t<\/div>\n\t\t\t\t<\/div>\n\t\t\t\t<div class=\"elementor-element elementor-element-a52819f elementor-widget-mobile__width-inherit elementor-widget elementor-widget-text-editor\" data-id=\"a52819f\" data-element_type=\"widget\" data-widget_type=\"text-editor.default\">\n\t\t\t\t<div class=\"elementor-widget-container\">\n\t\t\t\t\t\t\t\t\t<p data-pm-slice=\"1 1 []\">Autonomes :<\/p><ul><li>nous soudons des treillis en acier,<\/li><li>nous fabriquons des cadres et des structures de soutien,<\/li><li>Nous fabriquons des portes, des abattants et des charni\u00e8res,<\/li><li>nous cr\u00e9ons les bases et soudons les pieds,<\/li><li>nous pr\u00e9parons les composants pour le rev\u00eatement par poudre ou la galvanisation.<\/li><\/ul><p data-start=\"536\" data-end=\"687\" data-is-last-node=\"\" data-is-only-node=\"\">Cela nous permet de contr\u00f4ler pleinement la qualit\u00e9 et de r\u00e9pondre avec souplesse aux besoins individuels de nos clients, sans d\u00e9pendre de sous-traitants.<\/p>\t\t\t\t\t\t\t\t<\/div>\n\t\t\t\t<\/div>\n\t\t\t\t\t<\/div>\n\t\t<\/div>\n\t\t\t\t\t<\/div>\n\t\t<\/section>\n\t\t\t\t<section class=\"elementor-section elementor-top-section elementor-element elementor-element-f8a35de elementor-section-boxed elementor-section-height-default elementor-section-height-default\" data-id=\"f8a35de\" data-element_type=\"section\">\n\t\t\t\t\t\t<div class=\"elementor-container elementor-column-gap-default\">\n\t\t\t\t\t<div class=\"elementor-column elementor-col-100 elementor-top-column elementor-element elementor-element-e99d0cd\" data-id=\"e99d0cd\" data-element_type=\"column\" data-settings=\"{&quot;background_background&quot;:&quot;classic&quot;}\">\n\t\t\t<div class=\"elementor-widget-wrap elementor-element-populated\">\n\t\t\t\t\t\t<div class=\"elementor-element elementor-element-efe757f elementor-widget elementor-widget-heading\" data-id=\"efe757f\" data-element_type=\"widget\" data-widget_type=\"heading.default\">\n\t\t\t\t<div class=\"elementor-widget-container\">\n\t\t\t\t\t<h2 class=\"elementor-heading-title elementor-size-default\">Fabrication moderne - Pr\u00e9cision et technologie<\/h2>\t\t\t\t<\/div>\n\t\t\t\t<\/div>\n\t\t\t\t<div class=\"elementor-element elementor-element-d8e647b elementor-widget elementor-widget-text-editor\" data-id=\"d8e647b\" data-element_type=\"widget\" data-widget_type=\"text-editor.default\">\n\t\t\t\t<div class=\"elementor-widget-container\">\n\t\t\t\t\t\t\t\t\t<p data-start=\"845\" data-end=\"1095\">Notre production est conforme \u00e0\u00a0<strong data-start=\"885\" data-end=\"902\">Industrie 5.0<\/strong>, o\u00f9 l'homme et la machine travaillent en harmonie pour cr\u00e9er des produits de la plus haute qualit\u00e9. Gr\u00e2ce \u00e0\u00a0<strong data-start=\"994\" data-end=\"1030\">machines modernes<\/strong>\u00a0nous avons un contr\u00f4le total sur chaque \u00e9tape du processus. Nous utilisons :<\/p>\t\t\t\t\t\t\t\t<\/div>\n\t\t\t\t<\/div>\n\t\t\t\t<div class=\"elementor-element elementor-element-8f4d2f7 elementor-widget__width-initial elementor-widget-mobile__width-inherit elementor-icon-list--layout-traditional elementor-list-item-link-full_width elementor-widget elementor-widget-icon-list\" data-id=\"8f4d2f7\" data-element_type=\"widget\" data-widget_type=\"icon-list.default\">\n\t\t\t\t<div class=\"elementor-widget-container\">\n\t\t\t\t\t\t\t<ul class=\"elementor-icon-list-items\">\n\t\t\t\t\t\t\t<li class=\"elementor-icon-list-item\">\n\t\t\t\t\t\t\t\t\t\t\t<span class=\"elementor-icon-list-icon\">\n\t\t\t\t\t\t\t<i aria-hidden=\"true\" class=\"vamtamtheme- vamtam-theme-check-box\"><\/i>\t\t\t\t\t\t<\/span>\n\t\t\t\t\t\t\t\t\t\t<span class=\"elementor-icon-list-text\">D\u00e9coupe au laser - assure une pr\u00e9cision maximale et un ajustement parfait des composants.<\/span>\n\t\t\t\t\t\t\t\t\t<\/li>\n\t\t\t\t\t\t\t\t<li class=\"elementor-icon-list-item\">\n\t\t\t\t\t\t\t\t\t\t\t<span class=\"elementor-icon-list-icon\">\n\t\t\t\t\t\t\t<i aria-hidden=\"true\" class=\"vamtamtheme- vamtam-theme-check-box\"><\/i>\t\t\t\t\t\t<\/span>\n\t\t\t\t\t\t\t\t\t\t<span class=\"elementor-icon-list-text\">Cintrage CNC - garantit la r\u00e9p\u00e9tabilit\u00e9 et la pr\u00e9cision des formes.<\/span>\n\t\t\t\t\t\t\t\t\t<\/li>\n\t\t\t\t\t\t\t\t<li class=\"elementor-icon-list-item\">\n\t\t\t\t\t\t\t\t\t\t\t<span class=\"elementor-icon-list-icon\">\n\t\t\t\t\t\t\t<i aria-hidden=\"true\" class=\"vamtamtheme- vamtam-theme-check-box\"><\/i>\t\t\t\t\t\t<\/span>\n\t\t\t\t\t\t\t\t\t\t<span class=\"elementor-icon-list-text\">Soudage robotis\u00e9 - augmente la r\u00e9sistance et la fiabilit\u00e9 de nos structures.<\/span>\n\t\t\t\t\t\t\t\t\t<\/li>\n\t\t\t\t\t\t\t\t<li class=\"elementor-icon-list-item\">\n\t\t\t\t\t\t\t\t\t\t\t<span class=\"elementor-icon-list-icon\">\n\t\t\t\t\t\t\t<i aria-hidden=\"true\" class=\"vamtamtheme- vamtam-theme-check-box\"><\/i>\t\t\t\t\t\t<\/span>\n\t\t\t\t\t\t\t\t\t\t<span class=\"elementor-icon-list-text\">Rev\u00eatements en poudre - prot\u00e8gent contre la corrosion et augmentent la durabilit\u00e9 des produits.<\/span>\n\t\t\t\t\t\t\t\t\t<\/li>\n\t\t\t\t\t\t<\/ul>\n\t\t\t\t\t\t<\/div>\n\t\t\t\t<\/div>\n\t\t\t\t<div class=\"elementor-element elementor-element-cfc3533 elementor-widget elementor-widget-text-editor\" data-id=\"cfc3533\" data-element_type=\"widget\" data-widget_type=\"text-editor.default\">\n\t\t\t\t<div class=\"elementor-widget-container\">\n\t\t\t\t\t\t\t\t\t<p data-start=\"845\" data-end=\"1095\">Gr\u00e2ce \u00e0 ces technologies, nos\u00a0<strong data-start=\"1459\" data-end=\"1473\">Gitterboxes<\/strong>\u00a0i\u00a0<strong data-start=\"1476\" data-end=\"1494\">paniers m\u00e9talliques<\/strong> sont robustes, durables et r\u00e9sistants aux conditions d'utilisation les plus difficiles.<\/p>\t\t\t\t\t\t\t\t<\/div>\n\t\t\t\t<\/div>\n\t\t\t\t\t<\/div>\n\t\t<\/div>\n\t\t\t\t\t<\/div>\n\t\t<\/section>\n\t\t\t\t<section class=\"elementor-section elementor-top-section elementor-element elementor-element-872bc64 elementor-section-boxed elementor-section-height-default elementor-section-height-default\" data-id=\"872bc64\" data-element_type=\"section\">\n\t\t\t\t\t\t<div class=\"elementor-container elementor-column-gap-default\">\n\t\t\t\t\t<div class=\"elementor-column elementor-col-100 elementor-top-column elementor-element elementor-element-e62b568\" data-id=\"e62b568\" data-element_type=\"column\" data-settings=\"{&quot;background_background&quot;:&quot;classic&quot;}\">\n\t\t\t<div class=\"elementor-widget-wrap elementor-element-populated\">\n\t\t\t\t\t\t<div class=\"elementor-element elementor-element-d9ad9b7 elementor-widget elementor-widget-heading\" data-id=\"d9ad9b7\" data-element_type=\"widget\" data-widget_type=\"heading.default\">\n\t\t\t\t<div class=\"elementor-widget-container\">\n\t\t\t\t\t<h2 class=\"elementor-heading-title elementor-size-default\">Travail des m\u00e9taux<\/h2>\t\t\t\t<\/div>\n\t\t\t\t<\/div>\n\t\t\t\t<div class=\"elementor-element elementor-element-17c76c5 elementor-widget elementor-widget-text-editor\" data-id=\"17c76c5\" data-element_type=\"widget\" data-widget_type=\"text-editor.default\">\n\t\t\t\t<div class=\"elementor-widget-container\">\n\t\t\t\t\t\t\t\t\t<p data-start=\"845\" data-end=\"1095\">Nous offrons une gamme compl\u00e8te de services de transformation des m\u00e9taux pour l'industrie - de la d\u00e9coupe laser de pr\u00e9cision au pliage et au soudage, en passant par le rev\u00eatement par poudrage. Notre parc de machines et notre exp\u00e9rience nous permettent de r\u00e9aliser aussi bien des s\u00e9ries r\u00e9p\u00e9titives que des commandes non standard r\u00e9pondant aux besoins individuels des clients. Nous invitons les entreprises de <strong>l'industrie de la construction<\/strong>, <strong>automobile<\/strong>, <strong>meubles<\/strong>, <strong>agricole<\/strong>, <strong>logistique<\/strong> et d'autres secteurs <strong>l'industrie<\/strong>. Nous garantissons un travail de haute qualit\u00e9, la ponctualit\u00e9 et une approche flexible de chaque projet.<\/p>\t\t\t\t\t\t\t\t<\/div>\n\t\t\t\t<\/div>\n\t\t\t\t<div class=\"vamtam-has-theme-widget-styles elementor-element elementor-element-ed0eac3 elementor-widget__width-inherit elementor-align-center elementor-widget-tablet__width-inherit elementor-widget elementor-widget-button\" data-id=\"ed0eac3\" data-element_type=\"widget\" data-widget_type=\"button.default\">\n\t\t\t\t<div class=\"elementor-widget-container\">\n\t\t\t\t\t\t\t\t\t<div class=\"elementor-button-wrapper\">\n\t\t\t\t\t<a class=\"elementor-button elementor-button-link elementor-size-sm\" href=\"\/fr\/entreprise\/nos-services\/usinage-des-metaux\/\">\n\t\t\t\t\t\t<span class=\"elementor-button-content-wrapper\">\n\t\t\t\t\t\t\t\t\t<span class=\"elementor-button-text\">Travail complexe des m\u00e9taux<\/span>\n\t\t\t\t\t<\/span>\n\t\t\t\t\t<\/a>\n\t\t\t\t<\/div>\n\t\t\t\t\t\t\t\t<\/div>\n\t\t\t\t<\/div>\n\t\t\t\t\t<\/div>\n\t\t<\/div>\n\t\t\t\t\t<\/div>\n\t\t<\/section>\n\t\t\t\t<section class=\"elementor-section elementor-top-section elementor-element elementor-element-1b9382a3 elementor-section-boxed elementor-section-height-default elementor-section-height-default\" data-id=\"1b9382a3\" data-element_type=\"section\">\n\t\t\t\t\t\t<div class=\"elementor-container elementor-column-gap-no\">\n\t\t\t\t\t<div class=\"elementor-column elementor-col-50 elementor-top-column elementor-element elementor-element-27a2eed4\" data-id=\"27a2eed4\" data-element_type=\"column\">\n\t\t\t<div class=\"elementor-widget-wrap elementor-element-populated\">\n\t\t\t\t\t\t<div class=\"elementor-element elementor-element-6baebdd8 elementor-widget elementor-widget-heading\" data-id=\"6baebdd8\" data-element_type=\"widget\" data-widget_type=\"heading.default\">\n\t\t\t\t<div class=\"elementor-widget-container\">\n\t\t\t\t\t<h2 class=\"elementor-heading-title elementor-size-default\">Qualit\u00e9 polonaise, normes europ\u00e9ennes<\/h2>\t\t\t\t<\/div>\n\t\t\t\t<\/div>\n\t\t\t\t\t<\/div>\n\t\t<\/div>\n\t\t\t\t<div class=\"elementor-column elementor-col-50 elementor-top-column elementor-element elementor-element-14aed444 elementor-hidden-tablet elementor-hidden-mobile\" data-id=\"14aed444\" data-element_type=\"column\">\n\t\t\t<div class=\"elementor-widget-wrap\">\n\t\t\t\t\t\t\t<\/div>\n\t\t<\/div>\n\t\t\t\t\t<\/div>\n\t\t<\/section>\n\t\t\t\t<section class=\"elementor-section elementor-top-section elementor-element elementor-element-6896ac1e elementor-section-boxed elementor-section-height-default elementor-section-height-default\" data-id=\"6896ac1e\" data-element_type=\"section\">\n\t\t\t\t\t\t<div class=\"elementor-container elementor-column-gap-no\">\n\t\t\t\t\t<div class=\"elementor-column elementor-col-33 elementor-top-column elementor-element elementor-element-5c53bb31\" data-id=\"5c53bb31\" data-element_type=\"column\">\n\t\t\t<div class=\"elementor-widget-wrap elementor-element-populated\">\n\t\t\t\t\t\t<div class=\"elementor-element elementor-element-4877ce92 elementor-widget elementor-widget-text-editor\" data-id=\"4877ce92\" data-element_type=\"widget\" data-widget_type=\"text-editor.default\">\n\t\t\t\t<div class=\"elementor-widget-container\">\n\t\t\t\t\t\t\t\t\t<p>En tant que\u00a0<strong data-start=\"1626\" data-end=\"1656\">fabricant de paniers \u00e0 mailles<\/strong>\u00a0i\u00a0<strong data-start=\"1659\" data-end=\"1684\">conteneurs m\u00e9talliques<\/strong>\u00a0Nous mettons l'accent sur la qualit\u00e9, la durabilit\u00e9 et la fonctionnalit\u00e9. Nos produits se caract\u00e9risent par :<\/p><p>\u2705\u00a0<strong data-start=\"1772\" data-end=\"1790\">Durabilit\u00e9<\/strong>\u00a0- en acier de haute qualit\u00e9, r\u00e9sistant \u00e0 la charge.<br data-start=\"1850\" data-end=\"1853\" \/>\u2705\u00a0<strong data-start=\"1855\" data-end=\"1885\">Application universelle<\/strong>\u00a0- id\u00e9al pour le transport, le stockage et la production.<br data-start=\"1937\" data-end=\"1940\" \/>\u2705\u00a0<strong data-start=\"1942\" data-end=\"1954\">\u00c9cologie<\/strong>\u00a0- nos conteneurs sont enti\u00e8rement recyclables et r\u00e9duisent l'impact sur l'environnement.<\/p>\t\t\t\t\t\t\t\t<\/div>\n\t\t\t\t<\/div>\n\t\t\t\t\t<\/div>\n\t\t<\/div>\n\t\t\t\t<div class=\"elementor-column elementor-col-33 elementor-top-column elementor-element elementor-element-566ed395\" data-id=\"566ed395\" data-element_type=\"column\">\n\t\t\t<div class=\"elementor-widget-wrap\">\n\t\t\t\t\t\t\t<\/div>\n\t\t<\/div>\n\t\t\t\t<div class=\"elementor-column elementor-col-33 elementor-top-column elementor-element elementor-element-60fbe74a\" data-id=\"60fbe74a\" data-element_type=\"column\">\n\t\t\t<div class=\"elementor-widget-wrap elementor-element-populated\">\n\t\t\t\t\t\t<div class=\"elementor-element elementor-element-37aa52 elementor-widget elementor-widget-text-editor\" data-id=\"37aa52\" data-element_type=\"widget\" data-widget_type=\"text-editor.default\">\n\t\t\t\t<div class=\"elementor-widget-container\">\n\t\t\t\t\t\t\t\t\t<p>Nous avons\u00a0<strong data-start=\"2048\" data-end=\"2092\">Certificats de qualit\u00e9 ISO 9001 et ISO 14001<\/strong>\u00a0et licence\u00a0<strong data-start=\"2107\" data-end=\"2115\">EPAL<\/strong>, qui confirme la conformit\u00e9 de notre production avec les normes internationales.<\/p>\t\t\t\t\t\t\t\t<\/div>\n\t\t\t\t<\/div>\n\t\t\t\t\t<\/div>\n\t\t<\/div>\n\t\t\t\t\t<\/div>\n\t\t<\/section>\n\t\t\t\t<section class=\"elementor-section elementor-top-section elementor-element elementor-element-546a22fc elementor-section-boxed elementor-section-height-default elementor-section-height-default\" data-id=\"546a22fc\" data-element_type=\"section\">\n\t\t\t\t\t\t<div class=\"elementor-container elementor-column-gap-no\">\n\t\t\t\t\t<div class=\"elementor-column elementor-col-100 elementor-top-column elementor-element elementor-element-f43678c\" data-id=\"f43678c\" data-element_type=\"column\" data-settings=\"{&quot;background_background&quot;:&quot;classic&quot;,&quot;background_motion_fx_motion_fx_scrolling&quot;:&quot;yes&quot;,&quot;background_motion_fx_translateX_effect&quot;:&quot;yes&quot;,&quot;background_motion_fx_translateX_speed&quot;:{&quot;unit&quot;:&quot;px&quot;,&quot;size&quot;:3,&quot;sizes&quot;:[]},&quot;background_motion_fx_devices&quot;:[&quot;desktop&quot;],&quot;background_motion_fx_translateX_affectedRange&quot;:{&quot;unit&quot;:&quot;%&quot;,&quot;size&quot;:&quot;&quot;,&quot;sizes&quot;:{&quot;start&quot;:0,&quot;end&quot;:100}}}\">\n\t\t\t<div class=\"elementor-widget-wrap elementor-element-populated\">\n\t\t\t\t\t\t<div class=\"elementor-element elementor-element-78131159 elementor-widget elementor-widget-heading\" data-id=\"78131159\" data-element_type=\"widget\" data-widget_type=\"heading.default\">\n\t\t\t\t<div class=\"elementor-widget-container\">\n\t\t\t\t\t<h2 class=\"elementor-heading-title elementor-size-default\">Nous concevons des conteneurs adapt\u00e9s \u00e0 votre produit<\/h2>\t\t\t\t<\/div>\n\t\t\t\t<\/div>\n\t\t\t\t\t<\/div>\n\t\t<\/div>\n\t\t\t\t\t<\/div>\n\t\t<\/section>\n\t\t\t\t<section class=\"elementor-section elementor-top-section elementor-element elementor-element-518a129 elementor-section-boxed elementor-section-height-default elementor-section-height-default\" data-id=\"518a129\" data-element_type=\"section\">\n\t\t\t\t\t\t<div class=\"elementor-container elementor-column-gap-default\">\n\t\t\t\t\t<div class=\"elementor-column elementor-col-100 elementor-top-column elementor-element elementor-element-5620898\" data-id=\"5620898\" data-element_type=\"column\" data-settings=\"{&quot;background_background&quot;:&quot;classic&quot;}\">\n\t\t\t<div class=\"elementor-widget-wrap elementor-element-populated\">\n\t\t\t\t\t\t<div class=\"elementor-element elementor-element-e44030b elementor-widget elementor-widget-text-editor\" data-id=\"e44030b\" data-element_type=\"widget\" data-widget_type=\"text-editor.default\">\n\t\t\t\t<div class=\"elementor-widget-container\">\n\t\t\t\t\t\t\t\t\t<p data-start=\"266\" data-end=\"499\">Chez DAJANO, nous ne nous limitons pas \u00e0 la production de solutions standard. Nous avons nos propres\u00a0<strong data-start=\"350\" data-end=\"370\">bureau d'\u00e9tudes<\/strong>, qui d\u00e9veloppe\u00a0<strong data-start=\"405\" data-end=\"443\">conteneurs m\u00e9talliques sp\u00e9cialis\u00e9s<\/strong>\u00a0- cr\u00e9\u00e9 de toutes pi\u00e8ces pour r\u00e9pondre aux besoins sp\u00e9cifiques du client.<\/p><p data-start=\"501\" data-end=\"537\">Nous concevons des Gitterbox et des extensions :<\/p><ul data-start=\"538\" data-end=\"833\"><li data-start=\"538\" data-end=\"575\"><p data-start=\"540\" data-end=\"575\">o\u00a0<strong data-start=\"542\" data-end=\"572\">dimensions non standard<\/strong>,<\/p><\/li><li data-start=\"576\" data-end=\"612\"><p data-start=\"578\" data-end=\"612\">z\u00a0<strong data-start=\"580\" data-end=\"609\">renforts suppl\u00e9mentaires<\/strong>,<\/p><\/li><li data-start=\"613\" data-end=\"669\"><p data-start=\"615\" data-end=\"669\">z\u00a0<strong data-start=\"617\" data-end=\"666\">les volets, portes, compartiments et couvercles<\/strong>,<\/p><\/li><li data-start=\"670\" data-end=\"739\"><p data-start=\"672\" data-end=\"739\">adapt\u00e9 \u00e0\u00a0<strong data-start=\"689\" data-end=\"736\">formes et dimensions inhabituelles des produits<\/strong>,<\/p><\/li><li data-start=\"740\" data-end=\"833\"><p data-start=\"742\" data-end=\"833\">conforme\u00a0<strong data-start=\"760\" data-end=\"807\">lignes de production, rayonnages, convoyeurs<\/strong>\u00a0et les syst\u00e8mes logistiques.<\/p><\/li><\/ul><p data-start=\"835\" data-end=\"1065\">Sur la base d'un dessin technique, d'un prototype ou m\u00eame d'une simple description de la fonctionnalit\u00e9, nous sommes en mesure de pr\u00e9parer une conception individuelle et de la mettre en production. Tout cela pour que le conteneur soutienne votre processus, et non l'inverse.<\/p><p data-start=\"1067\" data-end=\"1172\" data-is-last-node=\"\" data-is-only-node=\"\">Nous cr\u00e9ons des solutions qui am\u00e9liorent de mani\u00e8re r\u00e9aliste la logistique et la production - de la conception au produit fini.<\/p>\t\t\t\t\t\t\t\t<\/div>\n\t\t\t\t<\/div>\n\t\t\t\t\t<\/div>\n\t\t<\/div>\n\t\t\t\t\t<\/div>\n\t\t<\/section>\n\t\t\t\t<\/div>","protected":false},"excerpt":{"rendered":"<p>Nasze us\u0142ugi DAJANO | Lider w Produkcji Gitterbox\u00f3w i Koszy Metalowych W DAJANO wszystkie komponenty do naszych pojemnik\u00f3w i nadstawek produkujemy we w\u0142asnym zak\u0142adzie Samodzielnie: zgrzewamy siatki stalowe, wykonujemy ramy i konstrukcje no\u015bne, produkujemy drzwiczki, klapy i zawiasy, tworzymy podstawy i spawamy n\u00f3\u017cki, przygotowujemy elementy do malowania proszkowego lub cynkowania. Dzi\u0119ki temu mamy pe\u0142n\u0105 kontrol\u0119&#8230;<\/p>","protected":false},"author":1,"featured_media":990819,"parent":85,"menu_order":0,"comment_status":"closed","ping_status":"closed","template":"","meta":{"_seopress_robots_primary_cat":"","_seopress_titles_title":"Nasze us\u0142ugi - rozwi\u0105zania dla magazynowania i transportu | DAJANO","_seopress_titles_desc":"30 lat do\u015bwiadczenia w produkcji pojemnik\u00f3w metalowych. Poznaj nasz\u0105 histori\u0119!","_seopress_robots_index":"","footnotes":""},"class_list":["post-7171","page","type-page","status-publish","has-post-thumbnail","hentry"],"_links":{"self":[{"href":"https:\/\/dajano.pl\/fr\/wp-json\/wp\/v2\/pages\/7171","targetHints":{"allow":["GET"]}}],"collection":[{"href":"https:\/\/dajano.pl\/fr\/wp-json\/wp\/v2\/pages"}],"about":[{"href":"https:\/\/dajano.pl\/fr\/wp-json\/wp\/v2\/types\/page"}],"author":[{"embeddable":true,"href":"https:\/\/dajano.pl\/fr\/wp-json\/wp\/v2\/users\/1"}],"replies":[{"embeddable":true,"href":"https:\/\/dajano.pl\/fr\/wp-json\/wp\/v2\/comments?post=7171"}],"version-history":[{"count":0,"href":"https:\/\/dajano.pl\/fr\/wp-json\/wp\/v2\/pages\/7171\/revisions"}],"up":[{"embeddable":true,"href":"https:\/\/dajano.pl\/fr\/wp-json\/wp\/v2\/pages\/85"}],"wp:featuredmedia":[{"embeddable":true,"href":"https:\/\/dajano.pl\/fr\/wp-json\/wp\/v2\/media\/990819"}],"wp:attachment":[{"href":"https:\/\/dajano.pl\/fr\/wp-json\/wp\/v2\/media?parent=7171"}],"curies":[{"name":"wp","href":"https:\/\/api.w.org\/{rel}","templated":true}]}}