{"id":1648,"date":"2023-03-16T13:53:41","date_gmt":"2023-03-16T13:53:41","guid":{"rendered":"https:\/\/tecnologia.vamtam.com\/?page_id=1648"},"modified":"2025-03-20T22:00:56","modified_gmt":"2025-03-20T22:00:56","slug":"politique-de-confidentialite","status":"publish","type":"page","link":"https:\/\/dajano.pl\/fr\/politique-de-confidentialite\/","title":{"rendered":"Politique de confidentialit\u00e9"},"content":{"rendered":"<div data-elementor-type=\"wp-page\" data-elementor-id=\"1648\" class=\"elementor elementor-1648\" data-elementor-post-type=\"page\">\n\t\t\t\t\t\t<section class=\"elementor-section elementor-top-section elementor-element elementor-element-6c5644c elementor-section-boxed elementor-section-height-default elementor-section-height-default\" data-id=\"6c5644c\" data-element_type=\"section\">\n\t\t\t\t\t\t<div class=\"elementor-container elementor-column-gap-default\">\n\t\t\t\t\t<div class=\"elementor-column elementor-col-100 elementor-top-column elementor-element elementor-element-759c98e\" data-id=\"759c98e\" data-element_type=\"column\">\n\t\t\t<div class=\"elementor-widget-wrap elementor-element-populated\">\n\t\t\t\t\t\t<div class=\"elementor-element elementor-element-9af75f0 animated-slow elementor-invisible elementor-widget elementor-widget-heading\" data-id=\"9af75f0\" data-element_type=\"widget\" data-settings=\"{&quot;_animation&quot;:&quot;fadeIn&quot;,&quot;_animation_tablet&quot;:&quot;none&quot;}\" data-widget_type=\"heading.default\">\n\t\t\t\t<div class=\"elementor-widget-container\">\n\t\t\t\t\t<h1 class=\"elementor-heading-title elementor-size-default\">Politique de confidentialit\u00e9<\/h1>\t\t\t\t<\/div>\n\t\t\t\t<\/div>\n\t\t\t\t<div class=\"elementor-element elementor-element-88a728c animated-slow elementor-invisible elementor-widget elementor-widget-heading\" data-id=\"88a728c\" data-element_type=\"widget\" data-settings=\"{&quot;_animation&quot;:&quot;fadeIn&quot;,&quot;_animation_tablet&quot;:&quot;none&quot;,&quot;_animation_delay&quot;:300}\" data-widget_type=\"heading.default\">\n\t\t\t\t<div class=\"elementor-widget-container\">\n\t\t\t\t\t<p class=\"elementor-heading-title elementor-size-default\">Protection des donn\u00e9es personnelles et de la vie priv\u00e9e de nos clients - conform\u00e9ment \u00e0 la l\u00e9gislation applicable<\/p>\t\t\t\t<\/div>\n\t\t\t\t<\/div>\n\t\t\t\t<div class=\"elementor-element elementor-element-31a03c4 elementor-widget elementor-widget-spacer\" data-id=\"31a03c4\" data-element_type=\"widget\" data-widget_type=\"spacer.default\">\n\t\t\t\t<div class=\"elementor-widget-container\">\n\t\t\t\t\t\t\t<div class=\"elementor-spacer\">\n\t\t\t<div class=\"elementor-spacer-inner\"><\/div>\n\t\t<\/div>\n\t\t\t\t\t\t<\/div>\n\t\t\t\t<\/div>\n\t\t\t\t\t<\/div>\n\t\t<\/div>\n\t\t\t\t\t<\/div>\n\t\t<\/section>\n\t\t\t\t<section class=\"elementor-section elementor-top-section elementor-element elementor-element-1fcb2d8 elementor-section-boxed elementor-section-height-default elementor-section-height-default\" data-id=\"1fcb2d8\" data-element_type=\"section\">\n\t\t\t\t\t\t<div class=\"elementor-container elementor-column-gap-no\">\n\t\t\t\t\t<div class=\"elementor-column elementor-col-100 elementor-top-column elementor-element elementor-element-5923213\" data-id=\"5923213\" data-element_type=\"column\">\n\t\t\t<div class=\"elementor-widget-wrap elementor-element-populated\">\n\t\t\t\t\t\t<div class=\"elementor-element elementor-element-d10225c elementor-widget elementor-widget-text-editor\" data-id=\"d10225c\" data-element_type=\"widget\" data-widget_type=\"text-editor.default\">\n\t\t\t\t<div class=\"elementor-widget-container\">\n\t\t\t\t\t\t\t\t\t<p class=\"tm-0\">Nous vous informons que sur notre site web\u00a0<a href=\"https:\/\/dajano.pl\/fr\/\">www.dajano.pl<\/a>\u00a0nous ne collectons pas directement de donn\u00e9es \u00e0 caract\u00e8re personnel. Il est possible que les utilisateurs de notre site web envoient un courrier \u00e9lectronique \u00e0 l'une des adresses \u00e9lectroniques fournies sur le site web et que le message contienne des donn\u00e9es personnelles de la personne de contact.<br \/>Dans ce cas, l'administrateur de vos donn\u00e9es personnelles est Konrad Nogaj, Russ\u00f3w 32, 62-817 \u017belazk\u00f3w, agissant en tant que vendeur pour la soci\u00e9t\u00e9 P.H.U.P. \u201cDajano\u201d Jacek Nogaj ul. Ogrodowa 71 A, 62-860 Opat\u00f3wek, NIP : 6180011390.<br \/>Si vous avez des inqui\u00e9tudes concernant la politique de confidentialit\u00e9, vous pouvez nous contacter \u00e0 tout moment en envoyant un courriel \u00e0\u00a0<a href=\"mailto:box@dajano.pl\">box@dajano.pl<\/a><\/p><p class=\"tm-0\">En outre, nous utilisons des cookies dans le cadre de l'utilisation de notre site web.<\/p>\t\t\t\t\t\t\t\t<\/div>\n\t\t\t\t<\/div>\n\t\t\t\t<div class=\"elementor-element elementor-element-4a7087e elementor-widget elementor-widget-heading\" data-id=\"4a7087e\" data-element_type=\"widget\" data-widget_type=\"heading.default\">\n\t\t\t\t<div class=\"elementor-widget-container\">\n\t\t\t\t\t<h3 class=\"elementor-heading-title elementor-size-default\">En ce qui concerne le traitement de vos donn\u00e9es personnelles, vous disposez des droits suivants :<\/h3>\t\t\t\t<\/div>\n\t\t\t\t<\/div>\n\t\t\t\t<div class=\"elementor-element elementor-element-ff17bec elementor-widget elementor-widget-text-editor\" data-id=\"ff17bec\" data-element_type=\"widget\" data-widget_type=\"text-editor.default\">\n\t\t\t\t<div class=\"elementor-widget-container\">\n\t\t\t\t\t\t\t\t\t<ul class=\"tresc\"><li>Le droit de demander l'acc\u00e8s \u00e0 vos donn\u00e9es personnelles, la rectification, l'effacement ou la limitation du traitement,<\/li><li>Le droit de s'opposer au traitement,<\/li><li>le droit \u00e0 la portabilit\u00e9 des donn\u00e9es,<\/li><li>Le droit de retirer votre consentement au traitement des donn\u00e9es \u00e0 caract\u00e8re personnel pour une finalit\u00e9 sp\u00e9cifique si vous l'avez d\u00e9j\u00e0 donn\u00e9,<\/li><li>Le droit d'introduire une r\u00e9clamation aupr\u00e8s d'une autorit\u00e9 de contr\u00f4le en ce qui concerne notre traitement de vos donn\u00e9es personnelles.<\/li><\/ul><p>\u00a0<\/p><p class=\"tm-0\">Vous pouvez exercer les droits susmentionn\u00e9s conform\u00e9ment aux principes d\u00e9crits aux articles 16 \u00e0 21 du r\u00e8glement (UE) 2016\/679 du Parlement europ\u00e9en et du Conseil du 27 avril 2016 relatif \u00e0 la protection des personnes physiques \u00e0 l'\u00e9gard du traitement des donn\u00e9es \u00e0 caract\u00e8re personnel et \u00e0 la libre circulation de ces donn\u00e9es, et abrogeant la directive 95\/46\/CE (ci-apr\u00e8s : RODO) en nous contactant \u00e0 l'adresse \u00e9lectronique inbepo@inbepo.pl ou sous une autre forme qui vous convient. Nous pouvons refuser d'exercer certains des droits \u00e9nonc\u00e9s ci-dessus dans des circonstances o\u00f9 l'exercice d'un droit particulier entrerait en conflit avec l'objectif l\u00e9gitime de notre traitement des donn\u00e9es. Par exemple, nous pouvons refuser de vous autoriser \u00e0 supprimer imm\u00e9diatement les donn\u00e9es \u00e0 caract\u00e8re personnel contenues dans une commande que vous avez soumise jusqu'\u00e0 ce que le d\u00e9lai de prescription pour les r\u00e9clamations dans le cadre d'un contrat avec nous ait expir\u00e9.<\/p><p class=\"tm-0\"><strong>Contact e-mail<\/strong><br \/>Lorsque vous nous contactez par courrier \u00e9lectronique, vous nous communiquez naturellement votre adresse \u00e9lectronique en tant qu'exp\u00e9diteur du message. Vous pouvez \u00e9galement inclure d'autres donn\u00e9es personnelles dans le corps du message. La base juridique du traitement de vos donn\u00e9es \u00e0 caract\u00e8re personnel dans ce cas est votre consentement r\u00e9sultant de la prise de contact avec nous. Les donn\u00e9es \u00e0 caract\u00e8re personnel que vous nous fournissez dans le cadre d'un contact par courrier \u00e9lectronique sont trait\u00e9es exclusivement dans le but de traiter votre demande. Le contenu de la correspondance peut faire l'objet d'un archivage.<\/p><p class=\"tm-0\"><strong>Notifications par t\u00e9l\u00e9phone<\/strong><br \/>Dans le cadre de nos activit\u00e9s de production, de transport, de conseil et de projet, nous pouvons vous envoyer des rappels concernant des r\u00e9unions \u00e0 venir ou le transport pr\u00e9vu de votre commande par SMS et vous contacter par t\u00e9l\u00e9phone. \u00c0 cette fin, nous traitons les donn\u00e9es relatives \u00e0 votre num\u00e9ro de t\u00e9l\u00e9phone. La base juridique du traitement des donn\u00e9es est l'ex\u00e9cution du contrat.<\/p><p class=\"tm-0\"><strong>Cookies et autres technologies de suivi<\/strong><br \/>Notre site web, comme presque tous les autres sites web, utilise des cookies pour vous offrir la meilleure exp\u00e9rience utilisateur possible.<br \/>Les cookies sont de petites informations textuelles stock\u00e9es sur votre terminal (par exemple, ordinateur, tablette, smartphone) qui peuvent \u00eatre lues par notre syst\u00e8me TIC.<\/p>\t\t\t\t\t\t\t\t<\/div>\n\t\t\t\t<\/div>\n\t\t\t\t<div class=\"elementor-element elementor-element-066c896 elementor-widget elementor-widget-heading\" data-id=\"066c896\" data-element_type=\"widget\" data-widget_type=\"heading.default\">\n\t\t\t\t<div class=\"elementor-widget-container\">\n\t\t\t\t\t<h3 class=\"elementor-heading-title elementor-size-default\">Les cookies nous permettent de :<\/h3>\t\t\t\t<\/div>\n\t\t\t\t<\/div>\n\t\t\t\t<div class=\"elementor-element elementor-element-783a250 elementor-widget elementor-widget-text-editor\" data-id=\"783a250\" data-element_type=\"widget\" data-widget_type=\"text-editor.default\">\n\t\t\t\t<div class=\"elementor-widget-container\">\n\t\t\t\t\t\t\t\t\t<div class=\"container-main\"><div class=\"container\"><div class=\"main\"><ul class=\"tresc\"><li>s'assurer que le site fonctionne comme vous l'attendez,<\/li><li>utiliser des outils d'analyse,<\/li><li>garantir l'utilisation des caract\u00e9ristiques de la communaut\u00e9.<\/li><\/ul><p class=\"tm-0\"><strong>Consentement aux cookies<\/strong><br \/>Lors de votre premi\u00e8re visite sur le site, vous verrez appara\u00eetre un avis concernant l'utilisation de cookies. En acceptant et en fermant cet avis, vous consentez \u00e0 l'utilisation de cookies conform\u00e9ment aux dispositions de la pr\u00e9sente politique de confidentialit\u00e9. Vous pouvez toujours retirer votre consentement en supprimant les cookies et en modifiant les param\u00e8tres de cookies de votre navigateur. Veuillez toutefois noter que la d\u00e9sactivation des cookies peut entra\u00eener des difficult\u00e9s d'utilisation du site web, ainsi que de nombreux autres sites web qui utilisent des cookies.<\/p><p class=\"tm-0\"><strong>Ses propres biscuits<\/strong><br \/>Les cookies peuvent \u00eatre divis\u00e9s en cookies propres et cookies de tiers. En ce qui concerne nos propres cookies, nous les utilisons pour le bon fonctionnement du site web.<br \/>Cookies de tiers. Notre site web, comme la plupart des sites web modernes, utilise des fonctions fournies par des tiers, ce qui implique l'utilisation de cookies de tiers. L'utilisation de ces cookies est d\u00e9crite ci-dessous.<\/p><p class=\"tm-0\"><strong>Analyse et statistiques<\/strong><br \/>Nous utilisons des cookies pour suivre les statistiques du site telles que le nombre de visiteurs, le type de syst\u00e8me d'exploitation et de navigateur utilis\u00e9 pour visualiser le site, le temps pass\u00e9 sur le site, les sous-pages visit\u00e9es, etc. Nous utilisons Google Analytics \u00e0 cette fin. Les informations collect\u00e9es \u00e0 cet \u00e9gard sont totalement anonymes et ne permettent pas de vous identifier. Les cookies de Google pour le service Google Analytics sont utilis\u00e9s \u00e0 cette fin.<\/p><p class=\"tm-0\"><strong>Marketing<\/strong><br \/>Nous utilisons des outils de marketing fournis par Facebook, ce qui implique l'utilisation de cookies Facebook, en particulier Facebook Pixel. Nous utilisons \u00e9galement des activit\u00e9s de remarketing en utilisant le r\u00e9seau Google AdWords, ce qui implique l'utilisation de cookies Google associ\u00e9s au service Google AdWords.<\/p><p class=\"tm-0\">Fonctionnalit\u00e9s sociales. Nous nous r\u00e9servons le droit d'\u00e9quiper le site web de modules sociaux, ce qui peut impliquer l'utilisation de cookies provenant d'op\u00e9rateurs de r\u00e9seaux sociaux tels que Facebook, Instagram, YouTube, Google+, Linkedin.<\/p><p class=\"tm-0\"><strong>Journaux du serveur<\/strong><br \/>L'utilisation du site web implique l'envoi de requ\u00eates au serveur o\u00f9 le site est stock\u00e9. Chaque requ\u00eate adress\u00e9e au serveur est enregistr\u00e9e dans les journaux du serveur.<\/p><p class=\"tm-0\">Les journaux comprennent, entre autres, votre adresse IP, la date et l'heure du serveur, des informations sur le navigateur web et le syst\u00e8me d'exploitation que vous utilisez. Les journaux sont enregistr\u00e9s et stock\u00e9s sur le serveur.<\/p><p class=\"tm-0\">Les donn\u00e9es stock\u00e9es dans les journaux du serveur ne sont pas associ\u00e9es \u00e0 des utilisateurs sp\u00e9cifiques du site web et ne sont pas utilis\u00e9es par nous pour vous identifier.<\/p><p class=\"tm-0\">Les journaux du serveur ne constituent qu'un mat\u00e9riel auxiliaire pour l'administration du site et leur contenu n'est divulgu\u00e9 \u00e0 personne d'autre que les personnes autoris\u00e9es \u00e0 administrer le serveur.<\/p><div class=\"clear\">\u00a0<\/div><\/div><\/div><\/div>\t\t\t\t\t\t\t\t<\/div>\n\t\t\t\t<\/div>\n\t\t\t\t\t<\/div>\n\t\t<\/div>\n\t\t\t\t\t<\/div>\n\t\t<\/section>\n\t\t\t\t<\/div>","protected":false},"excerpt":{"rendered":"<p>Polityka prywatno\u015bci Ochrona danych osobowych oraz prywatno\u015bci naszych klient\u00f3w &#8211; zgodnie z obowi\u0105zuj\u0105cym prawem Informujemy \u017ce na naszej stronie\u00a0www.dajano.pl\u00a0w spos\u00f3b bezpo\u015bredni nie zbieramy jakichkolwiek danych osobowych. Istnieje mo\u017cliwo\u015b\u0107 w kt\u00f3rej osoby korzystaj\u0105ce z naszej strony wy\u015bl\u0105 wiadomo\u015b\u0107 e-mail na jeden z adres\u00f3w e-mail podanych na stronie, a wiadomo\u015b\u0107 b\u0119dzie zawiera\u0142a dane osobowe osoby kontaktuj\u0105cej si\u0119.W&#8230;<\/p>","protected":false},"author":1,"featured_media":0,"parent":0,"menu_order":0,"comment_status":"closed","ping_status":"closed","template":"","meta":{"_seopress_robots_primary_cat":"0","_seopress_titles_title":"","_seopress_titles_desc":"","_seopress_robots_index":"","footnotes":""},"class_list":["post-1648","page","type-page","status-publish","hentry"],"_links":{"self":[{"href":"https:\/\/dajano.pl\/fr\/wp-json\/wp\/v2\/pages\/1648","targetHints":{"allow":["GET"]}}],"collection":[{"href":"https:\/\/dajano.pl\/fr\/wp-json\/wp\/v2\/pages"}],"about":[{"href":"https:\/\/dajano.pl\/fr\/wp-json\/wp\/v2\/types\/page"}],"author":[{"embeddable":true,"href":"https:\/\/dajano.pl\/fr\/wp-json\/wp\/v2\/users\/1"}],"replies":[{"embeddable":true,"href":"https:\/\/dajano.pl\/fr\/wp-json\/wp\/v2\/comments?post=1648"}],"version-history":[{"count":0,"href":"https:\/\/dajano.pl\/fr\/wp-json\/wp\/v2\/pages\/1648\/revisions"}],"wp:attachment":[{"href":"https:\/\/dajano.pl\/fr\/wp-json\/wp\/v2\/media?parent=1648"}],"curies":[{"name":"wp","href":"https:\/\/api.w.org\/{rel}","templated":true}]}}