{"id":991907,"date":"2025-09-12T07:44:12","date_gmt":"2025-09-12T07:44:12","guid":{"rendered":"https:\/\/dajano.eu\/?page_id=991907"},"modified":"2025-12-11T11:20:30","modified_gmt":"2025-12-11T11:20:30","slug":"european-funds","status":"publish","type":"page","link":"https:\/\/dajano.pl\/en\/company\/european-funds\/","title":{"rendered":"Implementation of innovative production technology for advanced transport carriers at DAJANO"},"content":{"rendered":"<div data-elementor-type=\"wp-page\" data-elementor-id=\"991907\" class=\"elementor elementor-991907\" data-elementor-post-type=\"page\">\n\t\t\t\t\t\t<section class=\"elementor-section elementor-top-section elementor-element elementor-element-6d2d98a elementor-section-boxed elementor-section-height-default elementor-section-height-default\" data-id=\"6d2d98a\" data-element_type=\"section\">\n\t\t\t\t\t\t<div class=\"elementor-container elementor-column-gap-default\">\n\t\t\t\t\t<div class=\"elementor-column elementor-col-100 elementor-top-column elementor-element elementor-element-5fb472a\" data-id=\"5fb472a\" data-element_type=\"column\">\n\t\t\t<div class=\"elementor-widget-wrap elementor-element-populated\">\n\t\t\t\t\t\t<div class=\"elementor-element elementor-element-6ff307c animated-slow elementor-invisible elementor-widget elementor-widget-heading\" data-id=\"6ff307c\" data-element_type=\"widget\" data-settings=\"{&quot;_animation&quot;:&quot;fadeIn&quot;,&quot;_animation_tablet&quot;:&quot;none&quot;}\" data-widget_type=\"heading.default\">\n\t\t\t\t<div class=\"elementor-widget-container\">\n\t\t\t\t\t<h1 class=\"elementor-heading-title elementor-size-default\">Improving efficiency <br>energy in Dajano<\/h1>\t\t\t\t<\/div>\n\t\t\t\t<\/div>\n\t\t\t\t<div class=\"elementor-element elementor-element-0d43108 elementor-widget elementor-widget-spacer\" data-id=\"0d43108\" data-element_type=\"widget\" data-widget_type=\"spacer.default\">\n\t\t\t\t<div class=\"elementor-widget-container\">\n\t\t\t\t\t\t\t<div class=\"elementor-spacer\">\n\t\t\t<div class=\"elementor-spacer-inner\"><\/div>\n\t\t<\/div>\n\t\t\t\t\t\t<\/div>\n\t\t\t\t<\/div>\n\t\t\t\t\t<\/div>\n\t\t<\/div>\n\t\t\t\t\t<\/div>\n\t\t<\/section>\n\t\t\t\t<section class=\"elementor-section elementor-top-section elementor-element elementor-element-3ed37aa elementor-section-boxed elementor-section-height-default elementor-section-height-default\" data-id=\"3ed37aa\" data-element_type=\"section\">\n\t\t\t\t\t\t<div class=\"elementor-container elementor-column-gap-default\">\n\t\t\t\t\t<div class=\"elementor-column elementor-col-100 elementor-top-column elementor-element elementor-element-c3b9442\" data-id=\"c3b9442\" data-element_type=\"column\" data-settings=\"{&quot;background_background&quot;:&quot;classic&quot;}\">\n\t\t\t<div class=\"elementor-widget-wrap elementor-element-populated\">\n\t\t\t\t\t\t<div class=\"elementor-element elementor-element-ad24f3e elementor-widget elementor-widget-text-editor\" data-id=\"ad24f3e\" data-element_type=\"widget\" data-widget_type=\"text-editor.default\">\n\t\t\t\t<div class=\"elementor-widget-container\">\n\t\t\t\t\t\t\t\t\t<p><strong>Project objectives<\/strong><br \/>The aim of the project is to improve the energy efficiency of the Dajano company. The investment includes replacing the machinery park with a more efficient one.<br \/>energy to implement new production technology.<\/p><p><strong>Project effects<\/strong><br \/>Implementation of the project will reduce the company's primary energy demand by 85.25% compared to the original state<\/p><p><strong>The project envisages investments including the following tasks:<\/strong><\/p><ul><li>Purchase of laser cutting machine with automation<\/li><li>Laser purchase<\/li><\/ul>\t\t\t\t\t\t\t\t<\/div>\n\t\t\t\t<\/div>\n\t\t\t\t\t<\/div>\n\t\t<\/div>\n\t\t\t\t\t<\/div>\n\t\t<\/section>\n\t\t\t\t<section class=\"elementor-section elementor-top-section elementor-element elementor-element-27d88f2 elementor-section-boxed elementor-section-height-default elementor-section-height-default\" data-id=\"27d88f2\" data-element_type=\"section\">\n\t\t\t\t\t\t<div class=\"elementor-container elementor-column-gap-default\">\n\t\t\t\t\t<div class=\"elementor-column elementor-col-100 elementor-top-column elementor-element elementor-element-424e98b\" data-id=\"424e98b\" data-element_type=\"column\" data-settings=\"{&quot;background_background&quot;:&quot;classic&quot;}\">\n\t\t\t<div class=\"elementor-widget-wrap elementor-element-populated\">\n\t\t\t\t\t\t<div class=\"elementor-element elementor-element-1665b3f elementor-widget elementor-widget-text-editor\" data-id=\"1665b3f\" data-element_type=\"widget\" data-widget_type=\"text-editor.default\">\n\t\t\t\t<div class=\"elementor-widget-container\">\n\t\t\t\t\t\t\t\t\t<p><strong>Target group:<\/strong> Dajano sp. z o.o.<br \/><strong>Project value:<\/strong> PLN 10 674 589.00<br \/><strong>EU funding for the project:<\/strong> PLN 3 743 156.15<\/p>\t\t\t\t\t\t\t\t<\/div>\n\t\t\t\t<\/div>\n\t\t\t\t<div class=\"elementor-element elementor-element-25da3c1 elementor-widget elementor-widget-image\" data-id=\"25da3c1\" data-element_type=\"widget\" data-widget_type=\"image.default\">\n\t\t\t\t<div class=\"elementor-widget-container\">\n\t\t\t\t\t\t\t\t\t\t\t\t\t\t\t<img alt=\"\" fetchpriority=\"high\" decoding=\"async\" width=\"945\" height=\"127\" src=\"https:\/\/dajano.pl\/wp-content\/uploads\/2025\/12\/unnamed-1.png\" class=\"attachment-large size-large wp-image-992714\" srcset=\"https:\/\/dajano.pl\/wp-content\/uploads\/2025\/12\/unnamed-1.png 945w, https:\/\/dajano.pl\/wp-content\/uploads\/2025\/12\/unnamed-1-300x40.png 300w, https:\/\/dajano.pl\/wp-content\/uploads\/2025\/12\/unnamed-1-768x103.png 768w\" sizes=\"(max-width: 945px) 100vw, 945px\" \/>\t\t\t\t\t\t\t\t\t\t\t\t\t\t\t<\/div>\n\t\t\t\t<\/div>\n\t\t\t\t\t<\/div>\n\t\t<\/div>\n\t\t\t\t\t<\/div>\n\t\t<\/section>\n\t\t\t\t<section class=\"elementor-section elementor-top-section elementor-element elementor-element-e8cff7c elementor-section-boxed elementor-section-height-default elementor-section-height-default\" data-id=\"e8cff7c\" data-element_type=\"section\">\n\t\t\t\t\t\t<div class=\"elementor-container elementor-column-gap-default\">\n\t\t\t\t\t<div class=\"elementor-column elementor-col-100 elementor-top-column elementor-element elementor-element-8c4739d\" data-id=\"8c4739d\" data-element_type=\"column\">\n\t\t\t<div class=\"elementor-widget-wrap elementor-element-populated\">\n\t\t\t\t\t\t<div class=\"elementor-element elementor-element-a18bf58 animated-slow elementor-invisible elementor-widget elementor-widget-heading\" data-id=\"a18bf58\" data-element_type=\"widget\" data-settings=\"{&quot;_animation&quot;:&quot;fadeIn&quot;,&quot;_animation_tablet&quot;:&quot;none&quot;}\" data-widget_type=\"heading.default\">\n\t\t\t\t<div class=\"elementor-widget-container\">\n\t\t\t\t\t<h1 class=\"elementor-heading-title elementor-size-default\">Implementation of innovative production technology for advanced transport carriers at DAJANO<\/h1>\t\t\t\t<\/div>\n\t\t\t\t<\/div>\n\t\t\t\t<div class=\"elementor-element elementor-element-9c729b6 elementor-widget elementor-widget-spacer\" data-id=\"9c729b6\" data-element_type=\"widget\" data-widget_type=\"spacer.default\">\n\t\t\t\t<div class=\"elementor-widget-container\">\n\t\t\t\t\t\t\t<div class=\"elementor-spacer\">\n\t\t\t<div class=\"elementor-spacer-inner\"><\/div>\n\t\t<\/div>\n\t\t\t\t\t\t<\/div>\n\t\t\t\t<\/div>\n\t\t\t\t\t<\/div>\n\t\t<\/div>\n\t\t\t\t\t<\/div>\n\t\t<\/section>\n\t\t\t\t<section class=\"elementor-section elementor-top-section elementor-element elementor-element-545fe20 elementor-section-boxed elementor-section-height-default elementor-section-height-default\" data-id=\"545fe20\" data-element_type=\"section\">\n\t\t\t\t\t\t<div class=\"elementor-container elementor-column-gap-default\">\n\t\t\t\t\t<div class=\"elementor-column elementor-col-100 elementor-top-column elementor-element elementor-element-8afbde2\" data-id=\"8afbde2\" data-element_type=\"column\" data-settings=\"{&quot;background_background&quot;:&quot;classic&quot;}\">\n\t\t\t<div class=\"elementor-widget-wrap elementor-element-populated\">\n\t\t\t\t\t\t<div class=\"elementor-element elementor-element-9c325e8 elementor-widget elementor-widget-text-editor\" data-id=\"9c325e8\" data-element_type=\"widget\" data-widget_type=\"text-editor.default\">\n\t\t\t\t<div class=\"elementor-widget-container\">\n\t\t\t\t\t\t\t\t\t<p data-start=\"265\" data-end=\"597\">The main objective of the project is to implement a modern production technology for transport carriers. Thanks to the implementation of the solution, a further dynamic increase in export sales, shortening of the production cycle, and improvement in quality resulting from the use of state-of-the-art technological solutions are planned.<\/p>\t\t\t\t\t\t\t\t<\/div>\n\t\t\t\t<\/div>\n\t\t\t\t\t<\/div>\n\t\t<\/div>\n\t\t\t\t\t<\/div>\n\t\t<\/section>\n\t\t\t\t<section class=\"elementor-section elementor-top-section elementor-element elementor-element-3182885 elementor-section-boxed elementor-section-height-default elementor-section-height-default\" data-id=\"3182885\" data-element_type=\"section\">\n\t\t\t\t\t\t<div class=\"elementor-container elementor-column-gap-default\">\n\t\t\t\t\t<div class=\"elementor-column elementor-col-100 elementor-top-column elementor-element elementor-element-13cb1aa\" data-id=\"13cb1aa\" data-element_type=\"column\" data-settings=\"{&quot;background_background&quot;:&quot;classic&quot;}\">\n\t\t\t<div class=\"elementor-widget-wrap elementor-element-populated\">\n\t\t\t\t\t\t<div class=\"elementor-element elementor-element-d52881e elementor-widget elementor-widget-text-editor\" data-id=\"d52881e\" data-element_type=\"widget\" data-widget_type=\"text-editor.default\">\n\t\t\t\t<div class=\"elementor-widget-container\">\n\t\t\t\t\t\t\t\t\t<p><strong>Value of the project: PLN 27 770 000.00<\/strong><\/p><p><strong>EU funding for the project: PLN 9 684 500.00<\/strong><\/p>\t\t\t\t\t\t\t\t<\/div>\n\t\t\t\t<\/div>\n\t\t\t\t<div class=\"elementor-element elementor-element-82feb48 elementor-widget elementor-widget-image\" data-id=\"82feb48\" data-element_type=\"widget\" data-widget_type=\"image.default\">\n\t\t\t\t<div class=\"elementor-widget-container\">\n\t\t\t\t\t\t\t\t\t\t\t\t\t\t\t<img decoding=\"async\" width=\"1024\" height=\"141\" src=\"https:\/\/dajano.pl\/wp-content\/uploads\/2025\/09\/FE_POIR_poziom_pl-1_rgb-1024x141.jpg\" class=\"attachment-large size-large wp-image-991910\" alt=\"FE_POIR_level_en\" srcset=\"https:\/\/dajano.pl\/wp-content\/uploads\/2025\/09\/FE_POIR_poziom_pl-1_rgb-1024x141.jpg 1024w, https:\/\/dajano.pl\/wp-content\/uploads\/2025\/09\/FE_POIR_poziom_pl-1_rgb-300x41.jpg 300w, https:\/\/dajano.pl\/wp-content\/uploads\/2025\/09\/FE_POIR_poziom_pl-1_rgb-768x106.jpg 768w, https:\/\/dajano.pl\/wp-content\/uploads\/2025\/09\/FE_POIR_poziom_pl-1_rgb-1536x211.jpg 1536w, https:\/\/dajano.pl\/wp-content\/uploads\/2025\/09\/FE_POIR_poziom_pl-1_rgb-2048x282.jpg 2048w\" sizes=\"(max-width: 1024px) 100vw, 1024px\" \/>\t\t\t\t\t\t\t\t\t\t\t\t\t\t\t<\/div>\n\t\t\t\t<\/div>\n\t\t\t\t\t<\/div>\n\t\t<\/div>\n\t\t\t\t\t<\/div>\n\t\t<\/section>\n\t\t<div class=\"elementor-element elementor-element-84e3dd1 e-flex e-con-boxed e-con e-parent\" data-id=\"84e3dd1\" data-element_type=\"container\">\n\t\t\t\t\t<div class=\"e-con-inner\">\n\t\t\t\t<div class=\"elementor-element elementor-element-8b387e5 elementor-widget elementor-widget-spacer\" data-id=\"8b387e5\" data-element_type=\"widget\" data-widget_type=\"spacer.default\">\n\t\t\t\t<div class=\"elementor-widget-container\">\n\t\t\t\t\t\t\t<div class=\"elementor-spacer\">\n\t\t\t<div class=\"elementor-spacer-inner\"><\/div>\n\t\t<\/div>\n\t\t\t\t\t\t<\/div>\n\t\t\t\t<\/div>\n\t\t\t\t\t<\/div>\n\t\t\t\t<\/div>\n\t\t\t\t<section class=\"elementor-section elementor-top-section elementor-element elementor-element-0c7d20d elementor-section-boxed elementor-section-height-default elementor-section-height-default\" data-id=\"0c7d20d\" data-element_type=\"section\">\n\t\t\t\t\t\t<div class=\"elementor-container elementor-column-gap-no\">\n\t\t\t\t\t<div class=\"elementor-column elementor-col-100 elementor-top-column elementor-element elementor-element-304274b\" data-id=\"304274b\" data-element_type=\"column\">\n\t\t\t<div class=\"elementor-widget-wrap elementor-element-populated\">\n\t\t\t\t\t\t<section class=\"elementor-section elementor-inner-section elementor-element elementor-element-87940b7 elementor-section-full_width elementor-section-content-middle elementor-section-height-default elementor-section-height-default\" data-id=\"87940b7\" data-element_type=\"section\" data-settings=\"{&quot;background_background&quot;:&quot;gradient&quot;}\">\n\t\t\t\t\t\t<div class=\"elementor-container elementor-column-gap-no\">\n\t\t\t\t\t<div class=\"elementor-column elementor-col-66 elementor-inner-column elementor-element elementor-element-602939a\" data-id=\"602939a\" data-element_type=\"column\" data-settings=\"{&quot;background_background&quot;:&quot;classic&quot;}\">\n\t\t\t<div class=\"elementor-widget-wrap elementor-element-populated\">\n\t\t\t\t\t\t<div class=\"elementor-element elementor-element-643c3d0 elementor-widget elementor-widget-heading\" data-id=\"643c3d0\" data-element_type=\"widget\" data-widget_type=\"heading.default\">\n\t\t\t\t<div class=\"elementor-widget-container\">\n\t\t\t\t\t<p class=\"elementor-heading-title elementor-size-default\"><p style=\"font-size: 20px\">We're happy to answer any questions you may have and help you decide which of our products best suits your needs. <\/p><\/p>\t\t\t\t<\/div>\n\t\t\t\t<\/div>\n\t\t\t\t<div class=\"elementor-element elementor-element-3d294e7 elementor-button-align-start elementor-widget elementor-widget-form\" data-id=\"3d294e7\" data-element_type=\"widget\" data-settings=\"{&quot;step_next_label&quot;:&quot;Next&quot;,&quot;step_previous_label&quot;:&quot;Previous&quot;,&quot;button_width&quot;:&quot;100&quot;,&quot;step_type&quot;:&quot;number_text&quot;,&quot;step_icon_shape&quot;:&quot;circle&quot;}\" data-widget_type=\"form.default\">\n\t\t\t\t<div class=\"elementor-widget-container\">\n\t\t\t\t\t\t\t<form class=\"elementor-form\" method=\"post\" name=\"Schedule a Free Consultation\" aria-label=\"Schedule a Free Consultation\" action=\"\">\n\t\t\t<input type=\"hidden\" name=\"post_id\" value=\"991907\"\/>\n\t\t\t<input type=\"hidden\" name=\"form_id\" value=\"3d294e7\"\/>\n\t\t\t<input type=\"hidden\" name=\"referer_title\" value=\"Wdro\u017cenie innowacyjnej technologii produkcji zaawansowanych no\u015bnik\u00f3w transportowych w DAJANO\" \/>\n\n\t\t\t\t\t\t\t<input type=\"hidden\" name=\"queried_id\" value=\"991907\"\/>\n\t\t\t\n\t\t\t<div class=\"elementor-form-fields-wrapper elementor-labels-above\">\n\t\t\t\t\t\t\t\t<div class=\"elementor-field-type-text elementor-field-group elementor-column elementor-field-group-form_support_first_name elementor-col-50 elementor-field-required\">\n\t\t\t\t\t\t\t\t\t\t\t\t\t<input size=\"1\" type=\"text\" name=\"form_fields[form_support_first_name]\" id=\"form-field-form_support_first_name\" class=\"elementor-field elementor-size-sm  elementor-field-textual\" placeholder=\"Name\" required=\"required\">\n\t\t\t\t\t\t\t\t\t\t\t<\/div>\n\t\t\t\t\t\t\t\t<div class=\"elementor-field-type-text elementor-field-group elementor-column elementor-field-group-form_support_last_name elementor-col-50 elementor-field-required\">\n\t\t\t\t\t\t\t\t\t\t\t\t\t<input size=\"1\" type=\"text\" name=\"form_fields[form_support_last_name]\" id=\"form-field-form_support_last_name\" class=\"elementor-field elementor-size-sm  elementor-field-textual\" placeholder=\"Last name\" required=\"required\">\n\t\t\t\t\t\t\t\t\t\t\t<\/div>\n\t\t\t\t\t\t\t\t<div class=\"elementor-field-type-email elementor-field-group elementor-column elementor-field-group-form_support_email elementor-col-50 elementor-field-required\">\n\t\t\t\t\t\t\t\t\t\t\t\t\t<input size=\"1\" type=\"email\" name=\"form_fields[form_support_email]\" id=\"form-field-form_support_email\" class=\"elementor-field elementor-size-sm  elementor-field-textual\" placeholder=\"E-mail\" required=\"required\">\n\t\t\t\t\t\t\t\t\t\t\t<\/div>\n\t\t\t\t\t\t\t\t<div class=\"elementor-field-type-tel elementor-field-group elementor-column elementor-field-group-form_support_phone elementor-col-50\">\n\t\t\t\t\t\t\t<input size=\"1\" type=\"tel\" name=\"form_fields[form_support_phone]\" id=\"form-field-form_support_phone\" class=\"elementor-field elementor-size-sm  elementor-field-textual\" placeholder=\"Phone\" pattern=\"[0-9()#&amp;+*-=.]+\" title=\"Seuls les caract\u00e8res de num\u00e9ros de t\u00e9l\u00e9phone (#, -, *, etc.) sont accept\u00e9s.\" data-no-translation-title=\"\">\n\n\t\t\t\t\t\t<\/div>\n\t\t\t\t\t\t\t\t<div class=\"elementor-field-type-textarea elementor-field-group elementor-column elementor-field-group-form_support_message elementor-col-100\">\n\t\t\t\t\t<textarea class=\"elementor-field-textual elementor-field  elementor-size-sm\" name=\"form_fields[form_support_message]\" id=\"form-field-form_support_message\" rows=\"4\" placeholder=\"Describe how we could help you\"><\/textarea>\t\t\t\t<\/div>\n\t\t\t\t\t\t\t\t<div class=\"elementor-field-type-text\">\n\t\t\t\t\t<input size=\"1\" type=\"text\" name=\"form_fields[field_13272ad]\" id=\"form-field-field_13272ad\" class=\"elementor-field elementor-size-sm\" style=\"display:none !important;\">\t\t\t\t<\/div>\n\t\t\t\t\t\t\t\t<div class=\"elementor-field-type-acceptance elementor-field-group elementor-column elementor-field-group-field_8dcfffd elementor-col-100 elementor-field-required\">\n\t\t\t\t\t\t\t<div class=\"elementor-field-subgroup\">\n\t\t\t<span class=\"elementor-field-option\">\n\t\t\t\t<input type=\"checkbox\" name=\"form_fields[field_8dcfffd]\" id=\"form-field-field_8dcfffd\" class=\"elementor-field elementor-size-sm  elementor-acceptance-field\" required=\"required\">\n\t\t\t\t<label for=\"form-field-field_8dcfffd\">By sending a message, you accept the provisions of our privacy policy and consent to forwarding your inquiry to the nearest trading partner.<\/label>\t\t\t<\/span>\n\t\t<\/div>\n\t\t\t\t\t\t<\/div>\n\t\t\t\t\t\t\t\t<div class=\"elementor-field-group elementor-column elementor-field-type-submit elementor-col-100 e-form__buttons\">\n\t\t\t\t\t<button class=\"elementor-button elementor-size-sm\" type=\"submit\">\n\t\t\t\t\t\t<span class=\"elementor-button-content-wrapper\">\n\t\t\t\t\t\t\t\t\t\t\t\t\t\t\t\t\t\t\t\t\t\t<span class=\"elementor-button-text\">Send a message<\/span>\n\t\t\t\t\t\t\t\t\t\t\t\t\t<\/span>\n\t\t\t\t\t<\/button>\n\t\t\t\t<\/div>\n\t\t\t<\/div>\n\t\t<input type=\"hidden\" name=\"trp-form-language\" value=\"en\"\/><\/form>\n\t\t\t\t\t\t<\/div>\n\t\t\t\t<\/div>\n\t\t\t\t\t<\/div>\n\t\t<\/div>\n\t\t\t\t<div class=\"elementor-column elementor-col-33 elementor-inner-column elementor-element elementor-element-3d813ec\" data-id=\"3d813ec\" data-element_type=\"column\">\n\t\t\t<div class=\"elementor-widget-wrap elementor-element-populated\">\n\t\t\t\t\t\t<div class=\"elementor-element elementor-element-656cc6c elementor-widget elementor-widget-image\" data-id=\"656cc6c\" data-element_type=\"widget\" data-widget_type=\"image.default\">\n\t\t\t\t<div class=\"elementor-widget-container\">\n\t\t\t\t\t\t\t\t\t\t\t\t\t\t\t<img alt=\"\" decoding=\"async\" width=\"1024\" height=\"395\" src=\"https:\/\/dajano.pl\/wp-content\/uploads\/2025\/02\/logo-white-1024x395.png\" class=\"attachment-large size-large wp-image-987721\" srcset=\"https:\/\/dajano.pl\/wp-content\/uploads\/2025\/02\/logo-white-1024x395.png 1024w, https:\/\/dajano.pl\/wp-content\/uploads\/2025\/02\/logo-white-300x116.png 300w, https:\/\/dajano.pl\/wp-content\/uploads\/2025\/02\/logo-white-768x296.png 768w, https:\/\/dajano.pl\/wp-content\/uploads\/2025\/02\/logo-white.png 1303w\" sizes=\"(max-width: 1024px) 100vw, 1024px\" \/>\t\t\t\t\t\t\t\t\t\t\t\t\t\t\t<\/div>\n\t\t\t\t<\/div>\n\t\t\t\t<div class=\"elementor-element elementor-element-29d300e elementor-widget-divider--view-line elementor-widget elementor-widget-divider\" data-id=\"29d300e\" data-element_type=\"widget\" data-widget_type=\"divider.default\">\n\t\t\t\t<div class=\"elementor-widget-container\">\n\t\t\t\t\t\t\t<div class=\"elementor-divider\">\n\t\t\t<span class=\"elementor-divider-separator\">\n\t\t\t\t\t\t<\/span>\n\t\t<\/div>\n\t\t\t\t\t\t<\/div>\n\t\t\t\t<\/div>\n\t\t\t\t<div class=\"elementor-element elementor-element-a0d17dd elementor-widget__width-auto elementor-widget elementor-widget-heading\" data-id=\"a0d17dd\" data-element_type=\"widget\" data-widget_type=\"heading.default\">\n\t\t\t\t<div class=\"elementor-widget-container\">\n\t\t\t\t\t<span class=\"elementor-heading-title elementor-size-default\">DAJANO sp. z o.o.<\/span>\t\t\t\t<\/div>\n\t\t\t\t<\/div>\n\t\t\t\t<div class=\"elementor-element elementor-element-79ab7be elementor-widget elementor-widget-text-editor\" data-id=\"79ab7be\" data-element_type=\"widget\" data-widget_type=\"text-editor.default\">\n\t\t\t\t<div class=\"elementor-widget-container\">\n\t\t\t\t\t\t\t\t\t<p>(formerly P.H.U.P \u201cDAJANO\u201d JACEK NOGAJ)<br \/><br \/>71 OGRODOWA St.<br \/>62-860 OPAT\u00d3WEK<\/p>\t\t\t\t\t\t\t\t<\/div>\n\t\t\t\t<\/div>\n\t\t\t\t<div class=\"elementor-element elementor-element-9b393c8 elementor-widget-divider--view-line elementor-widget elementor-widget-divider\" data-id=\"9b393c8\" data-element_type=\"widget\" data-widget_type=\"divider.default\">\n\t\t\t\t<div class=\"elementor-widget-container\">\n\t\t\t\t\t\t\t<div class=\"elementor-divider\">\n\t\t\t<span class=\"elementor-divider-separator\">\n\t\t\t\t\t\t<\/span>\n\t\t<\/div>\n\t\t\t\t\t\t<\/div>\n\t\t\t\t<\/div>\n\t\t\t\t<div class=\"elementor-element elementor-element-59b0877 elementor-widget elementor-widget-text-editor\" data-id=\"59b0877\" data-element_type=\"widget\" data-widget_type=\"text-editor.default\">\n\t\t\t\t<div class=\"elementor-widget-container\">\n\t\t\t\t\t\t\t\t\t<p class=\"translation-block\">KRS: 0001075799<br>NIP: 9681010440<br>REGON: 527348821<br>Share capital: PLN 10,000.00<br>Company registration: District Court Pozna\u0144-Nowe Miasto and Wilda in Pozna\u0144<\/p>\t\t\t\t\t\t\t\t<\/div>\n\t\t\t\t<\/div>\n\t\t\t\t\t<\/div>\n\t\t<\/div>\n\t\t\t\t\t<\/div>\n\t\t<\/section>\n\t\t\t\t\t<\/div>\n\t\t<\/div>\n\t\t\t\t\t<\/div>\n\t\t<\/section>\n\t\t\t\t<\/div>","protected":false},"excerpt":{"rendered":"<p>Projekt dofinansowany z UE: wdro\u017cenie nowoczesnej technologii produkcji zaawansowanych no\u015bnik\u00f3w transportowych w Dajano. Wzrost eksportu, kr\u00f3tszy cykl produkcji i wy\u017csza jako\u015b\u0107.<\/p>","protected":false},"author":3,"featured_media":987663,"parent":85,"menu_order":0,"comment_status":"closed","ping_status":"closed","template":"","meta":{"_seopress_robots_primary_cat":"","_seopress_titles_title":"Wdro\u017cenie innowacyjnej technologii produkcji zaawansowanych no\u015bnik\u00f3w transportowych w DAJANO","_seopress_titles_desc":"Projekt dofinansowany z UE: wdro\u017cenie nowoczesnej technologii produkcji zaawansowanych no\u015bnik\u00f3w transportowych w DAJANO.","_seopress_robots_index":"","footnotes":""},"class_list":["post-991907","page","type-page","status-publish","has-post-thumbnail","hentry"],"_links":{"self":[{"href":"https:\/\/dajano.pl\/en\/wp-json\/wp\/v2\/pages\/991907","targetHints":{"allow":["GET"]}}],"collection":[{"href":"https:\/\/dajano.pl\/en\/wp-json\/wp\/v2\/pages"}],"about":[{"href":"https:\/\/dajano.pl\/en\/wp-json\/wp\/v2\/types\/page"}],"author":[{"embeddable":true,"href":"https:\/\/dajano.pl\/en\/wp-json\/wp\/v2\/users\/3"}],"replies":[{"embeddable":true,"href":"https:\/\/dajano.pl\/en\/wp-json\/wp\/v2\/comments?post=991907"}],"version-history":[{"count":0,"href":"https:\/\/dajano.pl\/en\/wp-json\/wp\/v2\/pages\/991907\/revisions"}],"up":[{"embeddable":true,"href":"https:\/\/dajano.pl\/en\/wp-json\/wp\/v2\/pages\/85"}],"wp:featuredmedia":[{"embeddable":true,"href":"https:\/\/dajano.pl\/en\/wp-json\/wp\/v2\/media\/987663"}],"wp:attachment":[{"href":"https:\/\/dajano.pl\/en\/wp-json\/wp\/v2\/media?parent=991907"}],"curies":[{"name":"wp","href":"https:\/\/api.w.org\/{rel}","templated":true}]}}