{"id":991894,"date":"2025-09-10T13:08:08","date_gmt":"2025-09-10T13:08:08","guid":{"rendered":"https:\/\/dajano.eu\/?page_id=991894"},"modified":"2025-11-12T05:23:19","modified_gmt":"2025-11-12T05:23:19","slug":"reviews","status":"publish","type":"page","link":"https:\/\/dajano.pl\/en\/company\/reviews\/","title":{"rendered":"Opinions on DAJANO"},"content":{"rendered":"<div data-elementor-type=\"wp-page\" data-elementor-id=\"991894\" class=\"elementor elementor-991894\" data-elementor-post-type=\"page\">\n\t\t\t\t\t\t<section class=\"elementor-section elementor-top-section elementor-element elementor-element-6d2d98a elementor-section-boxed elementor-section-height-default elementor-section-height-default\" data-id=\"6d2d98a\" data-element_type=\"section\">\n\t\t\t\t\t\t<div class=\"elementor-container elementor-column-gap-default\">\n\t\t\t\t\t<div class=\"elementor-column elementor-col-100 elementor-top-column elementor-element elementor-element-5fb472a\" data-id=\"5fb472a\" data-element_type=\"column\">\n\t\t\t<div class=\"elementor-widget-wrap elementor-element-populated\">\n\t\t\t\t\t\t<div class=\"elementor-element elementor-element-6ff307c animated-slow elementor-invisible elementor-widget elementor-widget-heading\" data-id=\"6ff307c\" data-element_type=\"widget\" data-settings=\"{&quot;_animation&quot;:&quot;fadeIn&quot;,&quot;_animation_tablet&quot;:&quot;none&quot;}\" data-widget_type=\"heading.default\">\n\t\t\t\t<div class=\"elementor-widget-container\">\n\t\t\t\t\t<h1 class=\"elementor-heading-title elementor-size-default\">Opinions on DAJANO<\/h1>\t\t\t\t<\/div>\n\t\t\t\t<\/div>\n\t\t\t\t<div class=\"elementor-element elementor-element-0d43108 elementor-widget elementor-widget-spacer\" data-id=\"0d43108\" data-element_type=\"widget\" data-widget_type=\"spacer.default\">\n\t\t\t\t<div class=\"elementor-widget-container\">\n\t\t\t\t\t\t\t<div class=\"elementor-spacer\">\n\t\t\t<div class=\"elementor-spacer-inner\"><\/div>\n\t\t<\/div>\n\t\t\t\t\t\t<\/div>\n\t\t\t\t<\/div>\n\t\t\t\t\t<\/div>\n\t\t<\/div>\n\t\t\t\t\t<\/div>\n\t\t<\/section>\n\t\t\t\t<section class=\"elementor-section elementor-top-section elementor-element elementor-element-3ed37aa elementor-section-boxed elementor-section-height-default elementor-section-height-default\" data-id=\"3ed37aa\" data-element_type=\"section\">\n\t\t\t\t\t\t<div class=\"elementor-container elementor-column-gap-default\">\n\t\t\t\t\t<div class=\"elementor-column elementor-col-100 elementor-top-column elementor-element elementor-element-c3b9442\" data-id=\"c3b9442\" data-element_type=\"column\" data-settings=\"{&quot;background_background&quot;:&quot;classic&quot;}\">\n\t\t\t<div class=\"elementor-widget-wrap elementor-element-populated\">\n\t\t\t\t\t\t<div class=\"elementor-element elementor-element-ad24f3e elementor-widget elementor-widget-text-editor\" data-id=\"ad24f3e\" data-element_type=\"widget\" data-widget_type=\"text-editor.default\">\n\t\t\t\t<div class=\"elementor-widget-container\">\n\t\t\t\t\t\t\t\t\t<p data-start=\"265\" data-end=\"597\">We have been supporting companies in logistics, industry and warehousing for more than 30 years. Feedback from our customers shows that <strong data-start=\"136\" data-end=\"198\">gitterboxes, pallet collars and bespoke containers from Dajano<\/strong> They really do make everyday work easier and are proof of the quality of our solutions.<\/p>\t\t\t\t\t\t\t\t<\/div>\n\t\t\t\t<\/div>\n\t\t\t\t\t<\/div>\n\t\t<\/div>\n\t\t\t\t\t<\/div>\n\t\t<\/section>\n\t\t<div class=\"elementor-element elementor-element-7c18507 e-flex e-con-boxed e-con e-parent\" data-id=\"7c18507\" data-element_type=\"container\">\n\t\t\t\t\t<div class=\"e-con-inner\">\n\t\t<div class=\"elementor-element elementor-element-25b62bf e-con-full e-flex e-con e-child\" data-id=\"25b62bf\" data-element_type=\"container\">\n\t\t\t\t<div class=\"elementor-element elementor-element-9d0a471 elementor-widget elementor-widget-text-editor\" data-id=\"9d0a471\" data-element_type=\"widget\" data-widget_type=\"text-editor.default\">\n\t\t\t\t<div class=\"elementor-widget-container\">\n\t\t\t\t\t\t\t\t\t<h3>\u0141ukasz Pawlak<\/h3><p>\u2b50\u2b50\u2b50\u2b50\u2b50<\/p><p style=\"text-align: center;\">Probably the most specialised steel processing company ! Highly recommended for its experience and customer approach.<\/p>\t\t\t\t\t\t\t\t<\/div>\n\t\t\t\t<\/div>\n\t\t\t\t<\/div>\n\t\t<div class=\"elementor-element elementor-element-330895b e-con-full e-flex e-con e-child\" data-id=\"330895b\" data-element_type=\"container\">\n\t\t\t\t<div class=\"elementor-element elementor-element-ad2c659 elementor-widget elementor-widget-text-editor\" data-id=\"ad2c659\" data-element_type=\"widget\" data-widget_type=\"text-editor.default\">\n\t\t\t\t<div class=\"elementor-widget-container\">\n\t\t\t\t\t\t\t\t\t<h3>Marcin<\/h3><p>\u2b50\u2b50\u2b50\u2b50\u2b50<\/p><p>What is there to say, very.... But it's a very reliable company. Extensive machinery. They have a lot of experience in laser cutting of sheets and profiles and it really shows.<br \/>The employees are friendly and welcoming. I wish every company had such committed employees. Best regards<\/p><p style=\"text-align: center;\">\u00a0<\/p>\t\t\t\t\t\t\t\t<\/div>\n\t\t\t\t<\/div>\n\t\t\t\t<\/div>\n\t\t<div class=\"elementor-element elementor-element-e2df283 e-con-full e-flex e-con e-child\" data-id=\"e2df283\" data-element_type=\"container\">\n\t\t\t\t<div class=\"elementor-element elementor-element-866ca84 elementor-widget elementor-widget-text-editor\" data-id=\"866ca84\" data-element_type=\"widget\" data-widget_type=\"text-editor.default\">\n\t\t\t\t<div class=\"elementor-widget-container\">\n\t\t\t\t\t\t\t\t\t<h3>Pawe\u0142 Jarz\u0105b<\/h3><p><img decoding=\"async\" class=\"emoji\" role=\"img\" draggable=\"false\" src=\"https:\/\/s.w.org\/images\/core\/emoji\/16.0.1\/svg\/2b50.svg\" alt=\"\u2b50\" \/><img decoding=\"async\" class=\"emoji\" role=\"img\" draggable=\"false\" src=\"https:\/\/s.w.org\/images\/core\/emoji\/16.0.1\/svg\/2b50.svg\" alt=\"\u2b50\" \/><img decoding=\"async\" class=\"emoji\" role=\"img\" draggable=\"false\" src=\"https:\/\/s.w.org\/images\/core\/emoji\/16.0.1\/svg\/2b50.svg\" alt=\"\u2b50\" \/><img decoding=\"async\" class=\"emoji\" role=\"img\" draggable=\"false\" src=\"https:\/\/s.w.org\/images\/core\/emoji\/16.0.1\/svg\/2b50.svg\" alt=\"\u2b50\" \/><img decoding=\"async\" class=\"emoji\" role=\"img\" draggable=\"false\" src=\"https:\/\/s.w.org\/images\/core\/emoji\/16.0.1\/svg\/2b50.svg\" alt=\"\u2b50\" \/><\/p><p style=\"text-align: center;\">The special order for our production company was made very quickly. The metal dividers fit perfectly into our gitterboxes. I recommend the Dajano company.<\/p>\t\t\t\t\t\t\t\t<\/div>\n\t\t\t\t<\/div>\n\t\t\t\t<\/div>\n\t\t\t\t\t<\/div>\n\t\t\t\t<\/div>\n\t\t<div class=\"elementor-element elementor-element-7edb685 e-flex e-con-boxed e-con e-parent\" data-id=\"7edb685\" data-element_type=\"container\">\n\t\t\t\t\t<div class=\"e-con-inner\">\n\t\t<div class=\"elementor-element elementor-element-e34ea60 e-con-full e-flex e-con e-child\" data-id=\"e34ea60\" data-element_type=\"container\">\n\t\t<div class=\"elementor-element elementor-element-5c97762 e-con-full e-flex e-con e-child\" data-id=\"5c97762\" data-element_type=\"container\">\n\t\t\t\t<div class=\"elementor-element elementor-element-0c79cf0 elementor-widget elementor-widget-text-editor\" data-id=\"0c79cf0\" data-element_type=\"widget\" data-widget_type=\"text-editor.default\">\n\t\t\t\t<div class=\"elementor-widget-container\">\n\t\t\t\t\t\t\t\t\t<h3>KapoMar<\/h3><p>\u2b50\u2b50\u2b50\u2b50\u2b50<\/p><p>Quick unloading of steel full professionalism. Employees nice and polite gentleman at the gate 5 stars. You want to come back to such a company<\/p>\t\t\t\t\t\t\t\t<\/div>\n\t\t\t\t<\/div>\n\t\t\t\t<\/div>\n\t\t\t\t<\/div>\n\t\t<div class=\"elementor-element elementor-element-57ef1f6 e-con-full e-flex e-con e-child\" data-id=\"57ef1f6\" data-element_type=\"container\">\n\t\t\t\t<div class=\"elementor-element elementor-element-5ad29e1 elementor-widget elementor-widget-text-editor\" data-id=\"5ad29e1\" data-element_type=\"widget\" data-widget_type=\"text-editor.default\">\n\t\t\t\t<div class=\"elementor-widget-container\">\n\t\t\t\t\t\t\t\t\t<h3>Robert K.<\/h3><p>\u2b50\u2b50\u2b50\u2b50\u2b50<\/p><p style=\"text-align: center;\">Impressive machinery for sheet and profile machining<\/p>\t\t\t\t\t\t\t\t<\/div>\n\t\t\t\t<\/div>\n\t\t\t\t<\/div>\n\t\t<div class=\"elementor-element elementor-element-5730c8b e-con-full e-flex e-con e-child\" data-id=\"5730c8b\" data-element_type=\"container\">\n\t\t\t\t<div class=\"elementor-element elementor-element-81c96b1 elementor-widget elementor-widget-text-editor\" data-id=\"81c96b1\" data-element_type=\"widget\" data-widget_type=\"text-editor.default\">\n\t\t\t\t<div class=\"elementor-widget-container\">\n\t\t\t\t\t\t\t\t\t<h3>Damian LP i8<\/h3><p>\u2b50\u2b50\u2b50\u2b50\u2b50<\/p><p>Detail workmanship with attention to detail and excellent quality<\/p>\t\t\t\t\t\t\t\t<\/div>\n\t\t\t\t<\/div>\n\t\t\t\t<\/div>\n\t\t\t\t\t<\/div>\n\t\t\t\t<\/div>\n\t\t\t\t<section class=\"elementor-section elementor-top-section elementor-element elementor-element-27d88f2 elementor-section-boxed elementor-section-height-default elementor-section-height-default\" data-id=\"27d88f2\" data-element_type=\"section\">\n\t\t\t\t\t\t<div class=\"elementor-container elementor-column-gap-default\">\n\t\t\t\t\t<div class=\"elementor-column elementor-col-100 elementor-top-column elementor-element elementor-element-424e98b\" data-id=\"424e98b\" data-element_type=\"column\" data-settings=\"{&quot;background_background&quot;:&quot;classic&quot;}\">\n\t\t\t<div class=\"elementor-widget-wrap elementor-element-populated\">\n\t\t\t\t\t\t<div class=\"elementor-element elementor-element-1665b3f elementor-widget elementor-widget-text-editor\" data-id=\"1665b3f\" data-element_type=\"widget\" data-widget_type=\"text-editor.default\">\n\t\t\t\t<div class=\"elementor-widget-container\">\n\t\t\t\t\t\t\t\t\t<p><em>All of the above reviews are from Google Business.<\/em><\/p>\t\t\t\t\t\t\t\t<\/div>\n\t\t\t\t<\/div>\n\t\t\t\t\t<\/div>\n\t\t<\/div>\n\t\t\t\t\t<\/div>\n\t\t<\/section>\n\t\t\t\t<section class=\"elementor-section elementor-top-section elementor-element elementor-element-45a7fad elementor-section-boxed elementor-section-height-default elementor-section-height-default\" data-id=\"45a7fad\" data-element_type=\"section\">\n\t\t\t\t\t\t<div class=\"elementor-container elementor-column-gap-default\">\n\t\t\t\t\t<div class=\"elementor-column elementor-col-100 elementor-top-column elementor-element elementor-element-d8b1584\" data-id=\"d8b1584\" data-element_type=\"column\" data-settings=\"{&quot;background_background&quot;:&quot;classic&quot;}\">\n\t\t\t<div class=\"elementor-widget-wrap elementor-element-populated\">\n\t\t\t\t\t\t<div class=\"elementor-element elementor-element-5a8ccd7 elementor-widget elementor-widget-heading\" data-id=\"5a8ccd7\" data-element_type=\"widget\" data-widget_type=\"heading.default\">\n\t\t\t\t<div class=\"elementor-widget-container\">\n\t\t\t\t\t<h2 class=\"elementor-heading-title elementor-size-default\">Join the ranks of satisfied customers and contact us<\/h2>\t\t\t\t<\/div>\n\t\t\t\t<\/div>\n\t\t\t\t<div class=\"elementor-element elementor-element-935bc7e elementor-widget elementor-widget-text-editor\" data-id=\"935bc7e\" data-element_type=\"widget\" data-widget_type=\"text-editor.default\">\n\t\t\t\t<div class=\"elementor-widget-container\">\n\t\t\t\t\t\t\t\t\t<p data-start=\"2267\" data-end=\"2438\">\u2b50 Want to join the ranks of satisfied companies? Contact us and order solutions tailored to your business needs.<\/p>\t\t\t\t\t\t\t\t<\/div>\n\t\t\t\t<\/div>\n\t\t\t\t\t<\/div>\n\t\t<\/div>\n\t\t\t\t\t<\/div>\n\t\t<\/section>\n\t\t\t\t<section class=\"elementor-section elementor-top-section elementor-element elementor-element-0c7d20d elementor-section-boxed elementor-section-height-default elementor-section-height-default\" data-id=\"0c7d20d\" data-element_type=\"section\">\n\t\t\t\t\t\t<div class=\"elementor-container elementor-column-gap-no\">\n\t\t\t\t\t<div class=\"elementor-column elementor-col-100 elementor-top-column elementor-element elementor-element-304274b\" data-id=\"304274b\" data-element_type=\"column\">\n\t\t\t<div class=\"elementor-widget-wrap elementor-element-populated\">\n\t\t\t\t\t\t<section class=\"elementor-section elementor-inner-section elementor-element elementor-element-87940b7 elementor-section-full_width elementor-section-content-middle elementor-section-height-default elementor-section-height-default\" data-id=\"87940b7\" data-element_type=\"section\" data-settings=\"{&quot;background_background&quot;:&quot;gradient&quot;}\">\n\t\t\t\t\t\t<div class=\"elementor-container elementor-column-gap-no\">\n\t\t\t\t\t<div class=\"elementor-column elementor-col-66 elementor-inner-column elementor-element elementor-element-602939a\" data-id=\"602939a\" data-element_type=\"column\" data-settings=\"{&quot;background_background&quot;:&quot;classic&quot;}\">\n\t\t\t<div class=\"elementor-widget-wrap elementor-element-populated\">\n\t\t\t\t\t\t<div class=\"elementor-element elementor-element-643c3d0 elementor-widget elementor-widget-heading\" data-id=\"643c3d0\" data-element_type=\"widget\" data-widget_type=\"heading.default\">\n\t\t\t\t<div class=\"elementor-widget-container\">\n\t\t\t\t\t<p class=\"elementor-heading-title elementor-size-default\"><p style=\"font-size: 20px\">We're happy to answer any questions you may have and help you decide which of our products best suits your needs. <\/p><\/p>\t\t\t\t<\/div>\n\t\t\t\t<\/div>\n\t\t\t\t<div class=\"elementor-element elementor-element-3d294e7 elementor-button-align-start elementor-widget elementor-widget-form\" data-id=\"3d294e7\" data-element_type=\"widget\" data-settings=\"{&quot;step_next_label&quot;:&quot;Next&quot;,&quot;step_previous_label&quot;:&quot;Previous&quot;,&quot;button_width&quot;:&quot;100&quot;,&quot;step_type&quot;:&quot;number_text&quot;,&quot;step_icon_shape&quot;:&quot;circle&quot;}\" data-widget_type=\"form.default\">\n\t\t\t\t<div class=\"elementor-widget-container\">\n\t\t\t\t\t\t\t<form class=\"elementor-form\" method=\"post\" name=\"Schedule a Free Consultation\" aria-label=\"Schedule a Free Consultation\" action=\"\">\n\t\t\t<input type=\"hidden\" name=\"post_id\" value=\"991894\"\/>\n\t\t\t<input type=\"hidden\" name=\"form_id\" value=\"3d294e7\"\/>\n\t\t\t<input type=\"hidden\" name=\"referer_title\" value=\"Opinie o DAJANO\" \/>\n\n\t\t\t\t\t\t\t<input type=\"hidden\" name=\"queried_id\" value=\"991894\"\/>\n\t\t\t\n\t\t\t<div class=\"elementor-form-fields-wrapper elementor-labels-above\">\n\t\t\t\t\t\t\t\t<div class=\"elementor-field-type-text elementor-field-group elementor-column elementor-field-group-form_support_first_name elementor-col-50 elementor-field-required\">\n\t\t\t\t\t\t\t\t\t\t\t\t\t<input size=\"1\" type=\"text\" name=\"form_fields[form_support_first_name]\" id=\"form-field-form_support_first_name\" class=\"elementor-field elementor-size-sm  elementor-field-textual\" placeholder=\"Name\" required=\"required\">\n\t\t\t\t\t\t\t\t\t\t\t<\/div>\n\t\t\t\t\t\t\t\t<div class=\"elementor-field-type-text elementor-field-group elementor-column elementor-field-group-form_support_last_name elementor-col-50 elementor-field-required\">\n\t\t\t\t\t\t\t\t\t\t\t\t\t<input size=\"1\" type=\"text\" name=\"form_fields[form_support_last_name]\" id=\"form-field-form_support_last_name\" class=\"elementor-field elementor-size-sm  elementor-field-textual\" placeholder=\"Last name\" required=\"required\">\n\t\t\t\t\t\t\t\t\t\t\t<\/div>\n\t\t\t\t\t\t\t\t<div class=\"elementor-field-type-email elementor-field-group elementor-column elementor-field-group-form_support_email elementor-col-50 elementor-field-required\">\n\t\t\t\t\t\t\t\t\t\t\t\t\t<input size=\"1\" type=\"email\" name=\"form_fields[form_support_email]\" id=\"form-field-form_support_email\" class=\"elementor-field elementor-size-sm  elementor-field-textual\" placeholder=\"E-mail\" required=\"required\">\n\t\t\t\t\t\t\t\t\t\t\t<\/div>\n\t\t\t\t\t\t\t\t<div class=\"elementor-field-type-tel elementor-field-group elementor-column elementor-field-group-form_support_phone elementor-col-50\">\n\t\t\t\t\t\t\t<input size=\"1\" type=\"tel\" name=\"form_fields[form_support_phone]\" id=\"form-field-form_support_phone\" class=\"elementor-field elementor-size-sm  elementor-field-textual\" placeholder=\"Phone\" pattern=\"[0-9()#&amp;+*-=.]+\" title=\"Seuls les caract\u00e8res de num\u00e9ros de t\u00e9l\u00e9phone (#, -, *, etc.) sont accept\u00e9s.\" data-no-translation-title=\"\">\n\n\t\t\t\t\t\t<\/div>\n\t\t\t\t\t\t\t\t<div class=\"elementor-field-type-textarea elementor-field-group elementor-column elementor-field-group-form_support_message elementor-col-100\">\n\t\t\t\t\t<textarea class=\"elementor-field-textual elementor-field  elementor-size-sm\" name=\"form_fields[form_support_message]\" id=\"form-field-form_support_message\" rows=\"4\" placeholder=\"Describe how we could help you\"><\/textarea>\t\t\t\t<\/div>\n\t\t\t\t\t\t\t\t<div class=\"elementor-field-type-text\">\n\t\t\t\t\t<input size=\"1\" type=\"text\" name=\"form_fields[field_13272ad]\" id=\"form-field-field_13272ad\" class=\"elementor-field elementor-size-sm\" style=\"display:none !important;\">\t\t\t\t<\/div>\n\t\t\t\t\t\t\t\t<div class=\"elementor-field-type-acceptance elementor-field-group elementor-column elementor-field-group-field_8dcfffd elementor-col-100 elementor-field-required\">\n\t\t\t\t\t\t\t<div class=\"elementor-field-subgroup\">\n\t\t\t<span class=\"elementor-field-option\">\n\t\t\t\t<input type=\"checkbox\" name=\"form_fields[field_8dcfffd]\" id=\"form-field-field_8dcfffd\" class=\"elementor-field elementor-size-sm  elementor-acceptance-field\" required=\"required\">\n\t\t\t\t<label for=\"form-field-field_8dcfffd\">By sending a message, you accept the provisions of our privacy policy and consent to forwarding your inquiry to the nearest trading partner.<\/label>\t\t\t<\/span>\n\t\t<\/div>\n\t\t\t\t\t\t<\/div>\n\t\t\t\t\t\t\t\t<div class=\"elementor-field-group elementor-column elementor-field-type-submit elementor-col-100 e-form__buttons\">\n\t\t\t\t\t<button class=\"elementor-button elementor-size-sm\" type=\"submit\">\n\t\t\t\t\t\t<span class=\"elementor-button-content-wrapper\">\n\t\t\t\t\t\t\t\t\t\t\t\t\t\t\t\t\t\t\t\t\t\t<span class=\"elementor-button-text\">Send a message<\/span>\n\t\t\t\t\t\t\t\t\t\t\t\t\t<\/span>\n\t\t\t\t\t<\/button>\n\t\t\t\t<\/div>\n\t\t\t<\/div>\n\t\t<input type=\"hidden\" name=\"trp-form-language\" value=\"en\"\/><\/form>\n\t\t\t\t\t\t<\/div>\n\t\t\t\t<\/div>\n\t\t\t\t\t<\/div>\n\t\t<\/div>\n\t\t\t\t<div class=\"elementor-column elementor-col-33 elementor-inner-column elementor-element elementor-element-3d813ec\" data-id=\"3d813ec\" data-element_type=\"column\">\n\t\t\t<div class=\"elementor-widget-wrap elementor-element-populated\">\n\t\t\t\t\t\t<div class=\"elementor-element elementor-element-656cc6c elementor-widget elementor-widget-image\" data-id=\"656cc6c\" data-element_type=\"widget\" data-widget_type=\"image.default\">\n\t\t\t\t<div class=\"elementor-widget-container\">\n\t\t\t\t\t\t\t\t\t\t\t\t\t\t\t<img alt=\"\" fetchpriority=\"high\" decoding=\"async\" width=\"1024\" height=\"395\" src=\"https:\/\/dajano.pl\/wp-content\/uploads\/2025\/02\/logo-white-1024x395.png\" class=\"attachment-large size-large wp-image-987721\" srcset=\"https:\/\/dajano.pl\/wp-content\/uploads\/2025\/02\/logo-white-1024x395.png 1024w, https:\/\/dajano.pl\/wp-content\/uploads\/2025\/02\/logo-white-300x116.png 300w, https:\/\/dajano.pl\/wp-content\/uploads\/2025\/02\/logo-white-768x296.png 768w, https:\/\/dajano.pl\/wp-content\/uploads\/2025\/02\/logo-white.png 1303w\" sizes=\"(max-width: 1024px) 100vw, 1024px\" \/>\t\t\t\t\t\t\t\t\t\t\t\t\t\t\t<\/div>\n\t\t\t\t<\/div>\n\t\t\t\t<div class=\"elementor-element elementor-element-29d300e elementor-widget-divider--view-line elementor-widget elementor-widget-divider\" data-id=\"29d300e\" data-element_type=\"widget\" data-widget_type=\"divider.default\">\n\t\t\t\t<div class=\"elementor-widget-container\">\n\t\t\t\t\t\t\t<div class=\"elementor-divider\">\n\t\t\t<span class=\"elementor-divider-separator\">\n\t\t\t\t\t\t<\/span>\n\t\t<\/div>\n\t\t\t\t\t\t<\/div>\n\t\t\t\t<\/div>\n\t\t\t\t<div class=\"elementor-element elementor-element-a0d17dd elementor-widget__width-auto elementor-widget elementor-widget-heading\" data-id=\"a0d17dd\" data-element_type=\"widget\" data-widget_type=\"heading.default\">\n\t\t\t\t<div class=\"elementor-widget-container\">\n\t\t\t\t\t<span class=\"elementor-heading-title elementor-size-default\">DAJANO sp. z o.o.<\/span>\t\t\t\t<\/div>\n\t\t\t\t<\/div>\n\t\t\t\t<div class=\"elementor-element elementor-element-79ab7be elementor-widget elementor-widget-text-editor\" data-id=\"79ab7be\" data-element_type=\"widget\" data-widget_type=\"text-editor.default\">\n\t\t\t\t<div class=\"elementor-widget-container\">\n\t\t\t\t\t\t\t\t\t<p>(formerly P.H.U.P \u201cDAJANO\u201d JACEK NOGAJ)<br \/><br \/>71 OGRODOWA St.<br \/>62-860 OPAT\u00d3WEK<\/p>\t\t\t\t\t\t\t\t<\/div>\n\t\t\t\t<\/div>\n\t\t\t\t<div class=\"elementor-element elementor-element-9b393c8 elementor-widget-divider--view-line elementor-widget elementor-widget-divider\" data-id=\"9b393c8\" data-element_type=\"widget\" data-widget_type=\"divider.default\">\n\t\t\t\t<div class=\"elementor-widget-container\">\n\t\t\t\t\t\t\t<div class=\"elementor-divider\">\n\t\t\t<span class=\"elementor-divider-separator\">\n\t\t\t\t\t\t<\/span>\n\t\t<\/div>\n\t\t\t\t\t\t<\/div>\n\t\t\t\t<\/div>\n\t\t\t\t<div class=\"elementor-element elementor-element-59b0877 elementor-widget elementor-widget-text-editor\" data-id=\"59b0877\" data-element_type=\"widget\" data-widget_type=\"text-editor.default\">\n\t\t\t\t<div class=\"elementor-widget-container\">\n\t\t\t\t\t\t\t\t\t<p class=\"translation-block\">KRS: 0001075799<br>NIP: 9681010440<br>REGON: 527348821<br>Share capital: PLN 10,000.00<br>Company registration: District Court Pozna\u0144-Nowe Miasto and Wilda in Pozna\u0144<\/p>\t\t\t\t\t\t\t\t<\/div>\n\t\t\t\t<\/div>\n\t\t\t\t\t<\/div>\n\t\t<\/div>\n\t\t\t\t\t<\/div>\n\t\t<\/section>\n\t\t\t\t\t<\/div>\n\t\t<\/div>\n\t\t\t\t\t<\/div>\n\t\t<\/section>\n\t\t\t\t<\/div>","protected":false},"excerpt":{"rendered":"<p>Sprawd\u017a opinie klient\u00f3w o firmie Dajano. Zobacz, jak nasze pojemniki siatkowe, gitterboxy i nadstawki paletowe sprawdzaj\u0105 si\u0119 w logistyce, magazynach i transporcie.<\/p>","protected":false},"author":3,"featured_media":987663,"parent":85,"menu_order":0,"comment_status":"closed","ping_status":"closed","template":"","meta":{"_seopress_robots_primary_cat":"","_seopress_titles_title":"Opinie o DAJANO | Sprawd\u017a opinie naszych klient\u00f3w","_seopress_titles_desc":"Sprawd\u017a opinie klient\u00f3w o firmie DAJANO. Zobacz, jak nasze pojemniki siatkowe i nadstawki paletowe sprawdzaj\u0105 si\u0119 u klient\u00f3w.","_seopress_robots_index":"","footnotes":""},"class_list":["post-991894","page","type-page","status-publish","has-post-thumbnail","hentry"],"_links":{"self":[{"href":"https:\/\/dajano.pl\/en\/wp-json\/wp\/v2\/pages\/991894","targetHints":{"allow":["GET"]}}],"collection":[{"href":"https:\/\/dajano.pl\/en\/wp-json\/wp\/v2\/pages"}],"about":[{"href":"https:\/\/dajano.pl\/en\/wp-json\/wp\/v2\/types\/page"}],"author":[{"embeddable":true,"href":"https:\/\/dajano.pl\/en\/wp-json\/wp\/v2\/users\/3"}],"replies":[{"embeddable":true,"href":"https:\/\/dajano.pl\/en\/wp-json\/wp\/v2\/comments?post=991894"}],"version-history":[{"count":0,"href":"https:\/\/dajano.pl\/en\/wp-json\/wp\/v2\/pages\/991894\/revisions"}],"up":[{"embeddable":true,"href":"https:\/\/dajano.pl\/en\/wp-json\/wp\/v2\/pages\/85"}],"wp:featuredmedia":[{"embeddable":true,"href":"https:\/\/dajano.pl\/en\/wp-json\/wp\/v2\/media\/987663"}],"wp:attachment":[{"href":"https:\/\/dajano.pl\/en\/wp-json\/wp\/v2\/media?parent=991894"}],"curies":[{"name":"wp","href":"https:\/\/api.w.org\/{rel}","templated":true}]}}