{"id":989619,"date":"2025-03-25T13:24:29","date_gmt":"2025-03-25T13:24:29","guid":{"rendered":"https:\/\/dajano.eu\/?page_id=989619"},"modified":"2025-11-12T05:23:32","modified_gmt":"2025-11-12T05:23:32","slug":"transport","status":"publish","type":"page","link":"https:\/\/dajano.pl\/en\/company\/transport\/","title":{"rendered":"Transport"},"content":{"rendered":"<div data-elementor-type=\"wp-page\" data-elementor-id=\"989619\" class=\"elementor elementor-989619\" data-elementor-post-type=\"page\">\n\t\t\t\t\t\t<section class=\"elementor-section elementor-top-section elementor-element elementor-element-7130eed1 elementor-section-boxed elementor-section-height-default elementor-section-height-default\" data-id=\"7130eed1\" data-element_type=\"section\">\n\t\t\t\t\t\t<div class=\"elementor-container elementor-column-gap-default\">\n\t\t\t\t\t<div class=\"elementor-column elementor-col-100 elementor-top-column elementor-element elementor-element-4a38ad43\" data-id=\"4a38ad43\" data-element_type=\"column\">\n\t\t\t<div class=\"elementor-widget-wrap elementor-element-populated\">\n\t\t\t\t\t\t<div class=\"elementor-element elementor-element-2faa1f3e animated-slow elementor-invisible elementor-widget elementor-widget-heading\" data-id=\"2faa1f3e\" data-element_type=\"widget\" data-settings=\"{&quot;_animation&quot;:&quot;fadeIn&quot;,&quot;_animation_tablet&quot;:&quot;none&quot;}\" data-widget_type=\"heading.default\">\n\t\t\t\t<div class=\"elementor-widget-container\">\n\t\t\t\t\t<h1 class=\"elementor-heading-title elementor-size-default\">Transport at DAJANO - modern fleet and reliable logistics<\/h1>\t\t\t\t<\/div>\n\t\t\t\t<\/div>\n\t\t\t\t<div class=\"elementor-element elementor-element-4c00855b animated-slow elementor-invisible elementor-widget elementor-widget-heading\" data-id=\"4c00855b\" data-element_type=\"widget\" data-settings=\"{&quot;_animation&quot;:&quot;fadeIn&quot;,&quot;_animation_tablet&quot;:&quot;none&quot;,&quot;_animation_delay&quot;:300}\" data-widget_type=\"heading.default\">\n\t\t\t\t<div class=\"elementor-widget-container\">\n\t\t\t\t\t<p class=\"elementor-heading-title elementor-size-default\">Fast in-house transport\nminimises lead times on orders placed<\/p>\t\t\t\t<\/div>\n\t\t\t\t<\/div>\n\t\t\t\t<div class=\"elementor-element elementor-element-6d1ce047 elementor-widget elementor-widget-spacer\" data-id=\"6d1ce047\" data-element_type=\"widget\" data-widget_type=\"spacer.default\">\n\t\t\t\t<div class=\"elementor-widget-container\">\n\t\t\t\t\t\t\t<div class=\"elementor-spacer\">\n\t\t\t<div class=\"elementor-spacer-inner\"><\/div>\n\t\t<\/div>\n\t\t\t\t\t\t<\/div>\n\t\t\t\t<\/div>\n\t\t\t\t\t<\/div>\n\t\t<\/div>\n\t\t\t\t\t<\/div>\n\t\t<\/section>\n\t\t\t\t<section class=\"elementor-section elementor-top-section elementor-element elementor-element-68c80ee9 elementor-section-boxed elementor-section-height-default elementor-section-height-default\" data-id=\"68c80ee9\" data-element_type=\"section\">\n\t\t\t\t\t\t<div class=\"elementor-container elementor-column-gap-default\">\n\t\t\t\t\t<div class=\"elementor-column elementor-col-100 elementor-top-column elementor-element elementor-element-3be7e479\" data-id=\"3be7e479\" data-element_type=\"column\" data-settings=\"{&quot;background_background&quot;:&quot;classic&quot;}\">\n\t\t\t<div class=\"elementor-widget-wrap elementor-element-populated\">\n\t\t\t\t\t\t<div class=\"elementor-element elementor-element-82f7a2f elementor-widget elementor-widget-spacer\" data-id=\"82f7a2f\" data-element_type=\"widget\" data-widget_type=\"spacer.default\">\n\t\t\t\t<div class=\"elementor-widget-container\">\n\t\t\t\t\t\t\t<div class=\"elementor-spacer\">\n\t\t\t<div class=\"elementor-spacer-inner\"><\/div>\n\t\t<\/div>\n\t\t\t\t\t\t<\/div>\n\t\t\t\t<\/div>\n\t\t\t\t\t<\/div>\n\t\t<\/div>\n\t\t\t\t\t<\/div>\n\t\t<\/section>\n\t\t\t\t<section class=\"elementor-section elementor-top-section elementor-element elementor-element-1ca6fd86 elementor-section-boxed elementor-section-height-default elementor-section-height-default\" data-id=\"1ca6fd86\" data-element_type=\"section\">\n\t\t\t\t\t\t<div class=\"elementor-container elementor-column-gap-no\">\n\t\t\t\t\t<div class=\"elementor-column elementor-col-100 elementor-top-column elementor-element elementor-element-79a69e09\" data-id=\"79a69e09\" data-element_type=\"column\">\n\t\t\t<div class=\"elementor-widget-wrap elementor-element-populated\">\n\t\t\t\t\t\t<div class=\"elementor-element elementor-element-38277e14 elementor-widget elementor-widget-text-editor\" data-id=\"38277e14\" data-element_type=\"widget\" data-widget_type=\"text-editor.default\">\n\t\t\t\t<div class=\"elementor-widget-container\">\n\t\t\t\t\t\t\t\t\t<p>Thanks to our extensive transport fleet and trusted staff, we ensure professional and safe transport of any ordered goods directly to the customer. For years, we have been cooperating on an ongoing basis with large companies and manufacturers throughout the European Union and even beyond.<\/p>\t\t\t\t\t\t\t\t<\/div>\n\t\t\t\t<\/div>\n\t\t\t\t\t<\/div>\n\t\t<\/div>\n\t\t\t\t\t<\/div>\n\t\t<\/section>\n\t\t\t\t<section class=\"elementor-section elementor-top-section elementor-element elementor-element-7be6ea41 elementor-section-boxed elementor-section-height-default elementor-section-height-default\" data-id=\"7be6ea41\" data-element_type=\"section\">\n\t\t\t\t\t\t<div class=\"elementor-container elementor-column-gap-extended\">\n\t\t\t\t\t<div class=\"elementor-column elementor-col-100 elementor-top-column elementor-element elementor-element-2944c680\" data-id=\"2944c680\" data-element_type=\"column\">\n\t\t\t<div class=\"elementor-widget-wrap elementor-element-populated\">\n\t\t\t\t\t\t<div class=\"elementor-element elementor-element-2983164c elementor-widget elementor-widget-heading\" data-id=\"2983164c\" data-element_type=\"widget\" data-widget_type=\"heading.default\">\n\t\t\t\t<div class=\"elementor-widget-container\">\n\t\t\t\t\t<h2 class=\"elementor-heading-title elementor-size-default\">KIT A<\/h2>\t\t\t\t<\/div>\n\t\t\t\t<\/div>\n\t\t\t\t<div class=\"elementor-element elementor-element-39ba2f1 elementor-widget elementor-widget-aic-image-comparison\" data-id=\"39ba2f1\" data-element_type=\"widget\" data-widget_type=\"aic-image-comparison.default\">\n\t\t\t\t<div class=\"elementor-widget-container\">\n\t\t\t\t\t        \n        <div id=\"aic-image-comparison-39ba2f1\" class=\"aic-image-container\" data-offset=\"0.5\" data-orientation=\"horizontal\" data-before_label=\"\" data-after_label=\"\" data-overlay=\"\" data-onhover=\"yes\" data-click_to_move=\"no\">\n\t\t\t<img decoding=\"async\" class=\"aic-before-img\" alt=\"Before image alt\" src=\"http:\/\/dajano.eu\/wp-content\/uploads\/2025\/06\/zestawB-before.jpg\">\n\t\t\t<img decoding=\"async\" class=\"aic-after-img\" alt=\"After image alt\" src=\"http:\/\/dajano.eu\/wp-content\/uploads\/2025\/06\/zestawB-after.jpg\">\n        <\/div>\n\n        \t\t\t\t<\/div>\n\t\t\t\t<\/div>\n\t\t\t\t\t<\/div>\n\t\t<\/div>\n\t\t\t\t\t<\/div>\n\t\t<\/section>\n\t\t\t\t<section class=\"elementor-section elementor-top-section elementor-element elementor-element-2308c14 elementor-section-boxed elementor-section-height-default elementor-section-height-default\" data-id=\"2308c14\" data-element_type=\"section\">\n\t\t\t\t\t\t<div class=\"elementor-container elementor-column-gap-extended\">\n\t\t\t\t\t<div class=\"elementor-column elementor-col-100 elementor-top-column elementor-element elementor-element-d0f5166\" data-id=\"d0f5166\" data-element_type=\"column\">\n\t\t\t<div class=\"elementor-widget-wrap elementor-element-populated\">\n\t\t\t\t\t\t<div class=\"elementor-element elementor-element-d20b684 elementor-widget elementor-widget-heading\" data-id=\"d20b684\" data-element_type=\"widget\" data-widget_type=\"heading.default\">\n\t\t\t\t<div class=\"elementor-widget-container\">\n\t\t\t\t\t<h2 class=\"elementor-heading-title elementor-size-default\">KIT B<\/h2>\t\t\t\t<\/div>\n\t\t\t\t<\/div>\n\t\t\t\t<div class=\"elementor-element elementor-element-1626472 elementor-widget elementor-widget-aic-image-comparison\" data-id=\"1626472\" data-element_type=\"widget\" data-widget_type=\"aic-image-comparison.default\">\n\t\t\t\t<div class=\"elementor-widget-container\">\n\t\t\t\t\t        \n        <div id=\"aic-image-comparison-1626472\" class=\"aic-image-container\" data-offset=\"0.5\" data-orientation=\"horizontal\" data-before_label=\"\" data-after_label=\"\" data-overlay=\"\" data-onhover=\"yes\" data-click_to_move=\"no\">\n\t\t\t<img decoding=\"async\" class=\"aic-before-img\" alt=\"Before image alt\" src=\"http:\/\/dajano.eu\/wp-content\/uploads\/2025\/06\/zestawA-before.jpg\">\n\t\t\t<img decoding=\"async\" class=\"aic-after-img\" alt=\"After image alt\" src=\"http:\/\/dajano.eu\/wp-content\/uploads\/2025\/06\/zestawA-after.jpg\">\n        <\/div>\n\n        \t\t\t\t<\/div>\n\t\t\t\t<\/div>\n\t\t\t\t\t<\/div>\n\t\t<\/div>\n\t\t\t\t\t<\/div>\n\t\t<\/section>\n\t\t\t\t<section class=\"elementor-section elementor-top-section elementor-element elementor-element-797568a1 elementor-section-items-stretch elementor-section-content-bottom elementor-section-height-min-height elementor-section-boxed elementor-section-height-default\" data-id=\"797568a1\" data-element_type=\"section\">\n\t\t\t\t\t\t<div class=\"elementor-container elementor-column-gap-no\">\n\t\t\t\t\t<div class=\"elementor-column elementor-col-50 elementor-top-column elementor-element elementor-element-3c91295\" data-id=\"3c91295\" data-element_type=\"column\">\n\t\t\t<div class=\"elementor-widget-wrap elementor-element-populated\">\n\t\t\t\t\t\t<div class=\"elementor-element elementor-element-4cbdc1c4 elementor-widget-mobile__width-inherit elementor-widget elementor-widget-heading\" data-id=\"4cbdc1c4\" data-element_type=\"widget\" data-widget_type=\"heading.default\">\n\t\t\t\t<div class=\"elementor-widget-container\">\n\t\t\t\t\t<h2 class=\"elementor-heading-title elementor-size-default\">Our fleet<\/h2>\t\t\t\t<\/div>\n\t\t\t\t<\/div>\n\t\t\t\t<div class=\"elementor-element elementor-element-1294c3b2 elementor-widget-mobile__width-inherit elementor-widget elementor-widget-text-editor\" data-id=\"1294c3b2\" data-element_type=\"widget\" data-widget_type=\"text-editor.default\">\n\t\t\t\t<div class=\"elementor-widget-container\">\n\t\t\t\t\t\t\t\t\t<p>Our fleet consists of 20 modern trucks of the brand\u00a0<strong data-start=\"300\" data-end=\"310\">SCANIA<\/strong>, equipped with trailers of the type\u00a0<strong data-start=\"342\" data-end=\"352\">tandem<\/strong>\u00a0with dimensions\u00a0<strong data-start=\"365\" data-end=\"390\">2500 x 7700 x 3000 mm<\/strong>. Thanks to this logistical configuration, we are able to transport up to\u00a0<strong data-start=\"463\" data-end=\"493\">108 EPAL Gitterboxes<\/strong>\u00a0in a single load, making our fleet extremely efficient and cost-effective.<\/p><p data-start=\"210\" data-end=\"224\">Each vehicle is equipped with a modern system\u00a0<strong data-start=\"620\" data-end=\"651\">GPS navigation and monitoring<\/strong>, which ensures full control over the execution of orders in real time. Regular technical inspections and the systematic replacement of older vehicles with new ones guarantee the reliability of our fleet at every stage of transport.<\/p><p data-start=\"210\" data-end=\"224\">We employ experienced and reliable drivers who are well versed in both national and international transport. For our employees, driving is not just a profession, but a passion and a responsibility.<\/p>\t\t\t\t\t\t\t\t<\/div>\n\t\t\t\t<\/div>\n\t\t\t\t<div class=\"elementor-element elementor-element-70f3762b elementor-widget-mobile__width-inherit elementor-widget elementor-widget-heading\" data-id=\"70f3762b\" data-element_type=\"widget\" data-widget_type=\"heading.default\">\n\t\t\t\t<div class=\"elementor-widget-container\">\n\t\t\t\t\t<h2 class=\"elementor-heading-title elementor-size-default\">Destinations<\/h2>\t\t\t\t<\/div>\n\t\t\t\t<\/div>\n\t\t\t\t<div class=\"elementor-element elementor-element-7e234a3b elementor-widget-mobile__width-inherit elementor-widget elementor-widget-text-editor\" data-id=\"7e234a3b\" data-element_type=\"widget\" data-widget_type=\"text-editor.default\">\n\t\t\t\t<div class=\"elementor-widget-container\">\n\t\t\t\t\t\t\t\t\t<p data-start=\"210\" data-end=\"224\">We carry out orders\u00a0<strong data-start=\"1137\" data-end=\"1175\">throughout the European Union<\/strong>. Every day, our drivers operate multiple routes in different directions, providing\u00a0<strong data-start=\"1259\" data-end=\"1332\">punctuality, security and the highest standard of logistics services<\/strong>. Thanks to our operational flexibility and large loading capacity, we deliver orders quickly and without compromising the quality of the goods - regardless of the destination.<\/p>\t\t\t\t\t\t\t\t<\/div>\n\t\t\t\t<\/div>\n\t\t\t\t\t<\/div>\n\t\t<\/div>\n\t\t\t\t<div class=\"elementor-column elementor-col-50 elementor-top-column elementor-element elementor-element-9b1ec20\" data-id=\"9b1ec20\" data-element_type=\"column\" data-settings=\"{&quot;background_background&quot;:&quot;classic&quot;}\">\n\t\t\t<div class=\"elementor-widget-wrap elementor-element-populated\">\n\t\t\t\t\t\t<div class=\"elementor-element elementor-element-ecf03d7 elementor-widget elementor-widget-spacer\" data-id=\"ecf03d7\" data-element_type=\"widget\" data-widget_type=\"spacer.default\">\n\t\t\t\t<div class=\"elementor-widget-container\">\n\t\t\t\t\t\t\t<div class=\"elementor-spacer\">\n\t\t\t<div class=\"elementor-spacer-inner\"><\/div>\n\t\t<\/div>\n\t\t\t\t\t\t<\/div>\n\t\t\t\t<\/div>\n\t\t\t\t\t<\/div>\n\t\t<\/div>\n\t\t\t\t\t<\/div>\n\t\t<\/section>\n\t\t<div class=\"elementor-element elementor-element-2ee545d4 e-flex e-con-boxed e-con e-parent\" data-id=\"2ee545d4\" data-element_type=\"container\">\n\t\t\t\t\t<div class=\"e-con-inner\">\n\t\t\t\t<div class=\"elementor-element elementor-element-5341e850 elementor-widget-mobile__width-inherit elementor-widget elementor-widget-heading\" data-id=\"5341e850\" data-element_type=\"widget\" data-widget_type=\"heading.default\">\n\t\t\t\t<div class=\"elementor-widget-container\">\n\t\t\t\t\t<h2 class=\"elementor-heading-title elementor-size-default\">Personalised pricing<\/h2>\t\t\t\t<\/div>\n\t\t\t\t<\/div>\n\t\t\t\t<div class=\"elementor-element elementor-element-f695084 elementor-widget-mobile__width-inherit elementor-widget elementor-widget-text-editor\" data-id=\"f695084\" data-element_type=\"widget\" data-widget_type=\"text-editor.default\">\n\t\t\t\t<div class=\"elementor-widget-container\">\n\t\t\t\t\t\t\t\t\t<p>We determine the amount and delivery time individually for each order. Please feel free to contact us by phone or email for transport details and a free quote for your specific order.<\/p>\t\t\t\t\t\t\t\t<\/div>\n\t\t\t\t<\/div>\n\t\t\t\t<div class=\"elementor-element elementor-element-3f1ec34e elementor-widget-mobile__width-inherit elementor-widget elementor-widget-heading\" data-id=\"3f1ec34e\" data-element_type=\"widget\" data-widget_type=\"heading.default\">\n\t\t\t\t<div class=\"elementor-widget-container\">\n\t\t\t\t\t<h2 class=\"elementor-heading-title elementor-size-default\">Why DAJANO?<\/h2>\t\t\t\t<\/div>\n\t\t\t\t<\/div>\n\t\t\t\t<div class=\"elementor-element elementor-element-6d8ac351 elementor-widget-mobile__width-inherit elementor-widget elementor-widget-text-editor\" data-id=\"6d8ac351\" data-element_type=\"widget\" data-widget_type=\"text-editor.default\">\n\t\t\t\t<div class=\"elementor-widget-container\">\n\t\t\t\t\t\t\t\t\t<p>In order to meet the ever-increasing demands of the market and satisfy even the most demanding, customers, we are systematically expanding and modernising our transport fleet, as well as extending the territorial range of our operations. We guarantee punctuality, a high standard of service, attractive prices, competent staff and effective solutions.<\/p>\t\t\t\t\t\t\t\t<\/div>\n\t\t\t\t<\/div>\n\t\t\t\t\t<\/div>\n\t\t\t\t<\/div>\n\t\t\t\t<\/div>","protected":false},"excerpt":{"rendered":"<p>Transport w DAJANO \u2013 nowoczesna flota i niezawodna logistyka Szybki w\u0142asny transport minimalizuje czas realizacji z\u0142o\u017conego zam\u00f3wienia Dzi\u0119ki rozbudowanej flocie transportowej i zaufanej kadrze pracownik\u00f3w zapewniamy profesjonalny i bezpieczny przew\u00f3z ka\u017cdego zam\u00f3wionego towaru bezpo\u015brednio do klienta. Od lat prowadzimy sta\u0142\u0105 wsp\u00f3\u0142prac\u0119 z du\u017cymi firmami oraz producentami z ca\u0142ej Unii Europejskiej, a nawet poza jej granicami&#8230;.<\/p>","protected":false},"author":1,"featured_media":991135,"parent":85,"menu_order":0,"comment_status":"closed","ping_status":"closed","template":"","meta":{"_seopress_robots_primary_cat":"","_seopress_titles_title":"Transport - nowoczesna flota i niezawodna logistyka | DAJANO","_seopress_titles_desc":"Terminowe dostawy dzi\u0119ki nowoczesnej logistyce. Transport pojemnik\u00f3w i nadstawek!","_seopress_robots_index":"","footnotes":""},"class_list":["post-989619","page","type-page","status-publish","has-post-thumbnail","hentry"],"_links":{"self":[{"href":"https:\/\/dajano.pl\/en\/wp-json\/wp\/v2\/pages\/989619","targetHints":{"allow":["GET"]}}],"collection":[{"href":"https:\/\/dajano.pl\/en\/wp-json\/wp\/v2\/pages"}],"about":[{"href":"https:\/\/dajano.pl\/en\/wp-json\/wp\/v2\/types\/page"}],"author":[{"embeddable":true,"href":"https:\/\/dajano.pl\/en\/wp-json\/wp\/v2\/users\/1"}],"replies":[{"embeddable":true,"href":"https:\/\/dajano.pl\/en\/wp-json\/wp\/v2\/comments?post=989619"}],"version-history":[{"count":0,"href":"https:\/\/dajano.pl\/en\/wp-json\/wp\/v2\/pages\/989619\/revisions"}],"up":[{"embeddable":true,"href":"https:\/\/dajano.pl\/en\/wp-json\/wp\/v2\/pages\/85"}],"wp:featuredmedia":[{"embeddable":true,"href":"https:\/\/dajano.pl\/en\/wp-json\/wp\/v2\/media\/991135"}],"wp:attachment":[{"href":"https:\/\/dajano.pl\/en\/wp-json\/wp\/v2\/media?parent=989619"}],"curies":[{"name":"wp","href":"https:\/\/api.w.org\/{rel}","templated":true}]}}