{"id":7171,"date":"2023-04-03T13:00:04","date_gmt":"2023-04-03T13:00:04","guid":{"rendered":"https:\/\/tecnologia.vamtam.com\/?page_id=7171"},"modified":"2025-11-12T05:22:56","modified_gmt":"2025-11-12T05:22:56","slug":"our-services","status":"publish","type":"page","link":"https:\/\/dajano.pl\/en\/company\/our-services\/","title":{"rendered":"Our services"},"content":{"rendered":"<div data-elementor-type=\"wp-page\" data-elementor-id=\"7171\" class=\"elementor elementor-7171\" data-elementor-post-type=\"page\">\n\t\t\t\t\t\t<section class=\"elementor-section elementor-top-section elementor-element elementor-element-3333e3e elementor-section-boxed elementor-section-height-default elementor-section-height-default\" data-id=\"3333e3e\" data-element_type=\"section\">\n\t\t\t\t\t\t<div class=\"elementor-container elementor-column-gap-default\">\n\t\t\t\t\t<div class=\"elementor-column elementor-col-100 elementor-top-column elementor-element elementor-element-31ce0e8\" data-id=\"31ce0e8\" data-element_type=\"column\">\n\t\t\t<div class=\"elementor-widget-wrap elementor-element-populated\">\n\t\t\t\t\t\t<div class=\"elementor-element elementor-element-65c27ec animated-slow elementor-invisible elementor-widget elementor-widget-heading\" data-id=\"65c27ec\" data-element_type=\"widget\" data-settings=\"{&quot;_animation&quot;:&quot;fadeIn&quot;,&quot;_animation_tablet&quot;:&quot;none&quot;}\" data-widget_type=\"heading.default\">\n\t\t\t\t<div class=\"elementor-widget-container\">\n\t\t\t\t\t<h1 class=\"elementor-heading-title elementor-size-default\">Our services<\/h1>\t\t\t\t<\/div>\n\t\t\t\t<\/div>\n\t\t\t\t<div class=\"elementor-element elementor-element-fc14c35 animated-slow elementor-invisible elementor-widget elementor-widget-heading\" data-id=\"fc14c35\" data-element_type=\"widget\" data-settings=\"{&quot;_animation&quot;:&quot;fadeIn&quot;,&quot;_animation_tablet&quot;:&quot;none&quot;,&quot;_animation_delay&quot;:300}\" data-widget_type=\"heading.default\">\n\t\t\t\t<div class=\"elementor-widget-container\">\n\t\t\t\t\t<p class=\"elementor-heading-title elementor-size-default\">DAJANO | Leader in the Manufacture of Gitterboxes and Metal Baskets<\/p>\t\t\t\t<\/div>\n\t\t\t\t<\/div>\n\t\t\t\t<div class=\"elementor-element elementor-element-e0226bb elementor-widget elementor-widget-spacer\" data-id=\"e0226bb\" data-element_type=\"widget\" data-widget_type=\"spacer.default\">\n\t\t\t\t<div class=\"elementor-widget-container\">\n\t\t\t\t\t\t\t<div class=\"elementor-spacer\">\n\t\t\t<div class=\"elementor-spacer-inner\"><\/div>\n\t\t<\/div>\n\t\t\t\t\t\t<\/div>\n\t\t\t\t<\/div>\n\t\t\t\t\t<\/div>\n\t\t<\/div>\n\t\t\t\t\t<\/div>\n\t\t<\/section>\n\t\t\t\t<section class=\"elementor-section elementor-top-section elementor-element elementor-element-16b92e18 elementor-section-items-stretch elementor-section-content-bottom elementor-section-height-min-height elementor-section-boxed elementor-section-height-default\" data-id=\"16b92e18\" data-element_type=\"section\">\n\t\t\t\t\t\t<div class=\"elementor-container elementor-column-gap-no\">\n\t\t\t\t\t<div class=\"elementor-column elementor-col-50 elementor-top-column elementor-element elementor-element-28c53cc8\" data-id=\"28c53cc8\" data-element_type=\"column\" data-settings=\"{&quot;background_background&quot;:&quot;classic&quot;}\">\n\t\t\t<div class=\"elementor-widget-wrap elementor-element-populated\">\n\t\t\t\t\t\t<div class=\"elementor-element elementor-element-2185a5e6 elementor-widget elementor-widget-spacer\" data-id=\"2185a5e6\" data-element_type=\"widget\" data-widget_type=\"spacer.default\">\n\t\t\t\t<div class=\"elementor-widget-container\">\n\t\t\t\t\t\t\t<div class=\"elementor-spacer\">\n\t\t\t<div class=\"elementor-spacer-inner\"><\/div>\n\t\t<\/div>\n\t\t\t\t\t\t<\/div>\n\t\t\t\t<\/div>\n\t\t\t\t\t<\/div>\n\t\t<\/div>\n\t\t\t\t<div class=\"elementor-column elementor-col-50 elementor-top-column elementor-element elementor-element-74aea336\" data-id=\"74aea336\" data-element_type=\"column\">\n\t\t\t<div class=\"elementor-widget-wrap elementor-element-populated\">\n\t\t\t\t\t\t<div class=\"elementor-element elementor-element-522fc684 elementor-widget-mobile__width-inherit elementor-widget elementor-widget-heading\" data-id=\"522fc684\" data-element_type=\"widget\" data-widget_type=\"heading.default\">\n\t\t\t\t<div class=\"elementor-widget-container\">\n\t\t\t\t\t<h2 class=\"elementor-heading-title elementor-size-default\">At DAJANO we produce all the components for our containers and extensions in our own factory<\/h2>\t\t\t\t<\/div>\n\t\t\t\t<\/div>\n\t\t\t\t<div class=\"elementor-element elementor-element-a52819f elementor-widget-mobile__width-inherit elementor-widget elementor-widget-text-editor\" data-id=\"a52819f\" data-element_type=\"widget\" data-widget_type=\"text-editor.default\">\n\t\t\t\t<div class=\"elementor-widget-container\">\n\t\t\t\t\t\t\t\t\t<p data-pm-slice=\"1 1 []\">Stand alone:<\/p><ul><li>we weld steel mesh,<\/li><li>we manufacture frames and supporting structures,<\/li><li>We manufacture doors, flaps and hinges,<\/li><li>we create the bases and weld the legs,<\/li><li>we prepare components for powder coating or galvanising.<\/li><\/ul><p data-start=\"536\" data-end=\"687\" data-is-last-node=\"\" data-is-only-node=\"\">This gives us full control over quality and allows us to respond flexibly to the individual needs of our customers - without depending on subcontractors.<\/p>\t\t\t\t\t\t\t\t<\/div>\n\t\t\t\t<\/div>\n\t\t\t\t\t<\/div>\n\t\t<\/div>\n\t\t\t\t\t<\/div>\n\t\t<\/section>\n\t\t\t\t<section class=\"elementor-section elementor-top-section elementor-element elementor-element-f8a35de elementor-section-boxed elementor-section-height-default elementor-section-height-default\" data-id=\"f8a35de\" data-element_type=\"section\">\n\t\t\t\t\t\t<div class=\"elementor-container elementor-column-gap-default\">\n\t\t\t\t\t<div class=\"elementor-column elementor-col-100 elementor-top-column elementor-element elementor-element-e99d0cd\" data-id=\"e99d0cd\" data-element_type=\"column\" data-settings=\"{&quot;background_background&quot;:&quot;classic&quot;}\">\n\t\t\t<div class=\"elementor-widget-wrap elementor-element-populated\">\n\t\t\t\t\t\t<div class=\"elementor-element elementor-element-efe757f elementor-widget elementor-widget-heading\" data-id=\"efe757f\" data-element_type=\"widget\" data-widget_type=\"heading.default\">\n\t\t\t\t<div class=\"elementor-widget-container\">\n\t\t\t\t\t<h2 class=\"elementor-heading-title elementor-size-default\">Modern Manufacturing - Precision and Technology<\/h2>\t\t\t\t<\/div>\n\t\t\t\t<\/div>\n\t\t\t\t<div class=\"elementor-element elementor-element-d8e647b elementor-widget elementor-widget-text-editor\" data-id=\"d8e647b\" data-element_type=\"widget\" data-widget_type=\"text-editor.default\">\n\t\t\t\t<div class=\"elementor-widget-container\">\n\t\t\t\t\t\t\t\t\t<p data-start=\"845\" data-end=\"1095\">Our production is in line with\u00a0<strong data-start=\"885\" data-end=\"902\">Industry 5.0<\/strong>, where man and machine work in harmony to create products of the highest quality. Thanks to\u00a0<strong data-start=\"994\" data-end=\"1030\">modern machinery<\/strong>\u00a0we have full control over every step of the process. We use:<\/p>\t\t\t\t\t\t\t\t<\/div>\n\t\t\t\t<\/div>\n\t\t\t\t<div class=\"elementor-element elementor-element-8f4d2f7 elementor-widget__width-initial elementor-widget-mobile__width-inherit elementor-icon-list--layout-traditional elementor-list-item-link-full_width elementor-widget elementor-widget-icon-list\" data-id=\"8f4d2f7\" data-element_type=\"widget\" data-widget_type=\"icon-list.default\">\n\t\t\t\t<div class=\"elementor-widget-container\">\n\t\t\t\t\t\t\t<ul class=\"elementor-icon-list-items\">\n\t\t\t\t\t\t\t<li class=\"elementor-icon-list-item\">\n\t\t\t\t\t\t\t\t\t\t\t<span class=\"elementor-icon-list-icon\">\n\t\t\t\t\t\t\t<i aria-hidden=\"true\" class=\"vamtamtheme- vamtam-theme-check-box\"><\/i>\t\t\t\t\t\t<\/span>\n\t\t\t\t\t\t\t\t\t\t<span class=\"elementor-icon-list-text\">Laser cutting - ensures maximum precision and perfect fit of components.<\/span>\n\t\t\t\t\t\t\t\t\t<\/li>\n\t\t\t\t\t\t\t\t<li class=\"elementor-icon-list-item\">\n\t\t\t\t\t\t\t\t\t\t\t<span class=\"elementor-icon-list-icon\">\n\t\t\t\t\t\t\t<i aria-hidden=\"true\" class=\"vamtamtheme- vamtam-theme-check-box\"><\/i>\t\t\t\t\t\t<\/span>\n\t\t\t\t\t\t\t\t\t\t<span class=\"elementor-icon-list-text\">CNC bending - guarantees repeatability and precise shapes.<\/span>\n\t\t\t\t\t\t\t\t\t<\/li>\n\t\t\t\t\t\t\t\t<li class=\"elementor-icon-list-item\">\n\t\t\t\t\t\t\t\t\t\t\t<span class=\"elementor-icon-list-icon\">\n\t\t\t\t\t\t\t<i aria-hidden=\"true\" class=\"vamtamtheme- vamtam-theme-check-box\"><\/i>\t\t\t\t\t\t<\/span>\n\t\t\t\t\t\t\t\t\t\t<span class=\"elementor-icon-list-text\">Robotic welding - increases the strength and reliability of our structures.<\/span>\n\t\t\t\t\t\t\t\t\t<\/li>\n\t\t\t\t\t\t\t\t<li class=\"elementor-icon-list-item\">\n\t\t\t\t\t\t\t\t\t\t\t<span class=\"elementor-icon-list-icon\">\n\t\t\t\t\t\t\t<i aria-hidden=\"true\" class=\"vamtamtheme- vamtam-theme-check-box\"><\/i>\t\t\t\t\t\t<\/span>\n\t\t\t\t\t\t\t\t\t\t<span class=\"elementor-icon-list-text\">Powder coatings - protect against corrosion and increase the durability of products.<\/span>\n\t\t\t\t\t\t\t\t\t<\/li>\n\t\t\t\t\t\t<\/ul>\n\t\t\t\t\t\t<\/div>\n\t\t\t\t<\/div>\n\t\t\t\t<div class=\"elementor-element elementor-element-cfc3533 elementor-widget elementor-widget-text-editor\" data-id=\"cfc3533\" data-element_type=\"widget\" data-widget_type=\"text-editor.default\">\n\t\t\t\t<div class=\"elementor-widget-container\">\n\t\t\t\t\t\t\t\t\t<p data-start=\"845\" data-end=\"1095\">Thanks to these technologies, our\u00a0<strong data-start=\"1459\" data-end=\"1473\">Gitterboxes<\/strong>\u00a0i\u00a0<strong data-start=\"1476\" data-end=\"1494\">metal baskets<\/strong> are robust, durable and resistant to the harshest operating conditions.<\/p>\t\t\t\t\t\t\t\t<\/div>\n\t\t\t\t<\/div>\n\t\t\t\t\t<\/div>\n\t\t<\/div>\n\t\t\t\t\t<\/div>\n\t\t<\/section>\n\t\t\t\t<section class=\"elementor-section elementor-top-section elementor-element elementor-element-872bc64 elementor-section-boxed elementor-section-height-default elementor-section-height-default\" data-id=\"872bc64\" data-element_type=\"section\">\n\t\t\t\t\t\t<div class=\"elementor-container elementor-column-gap-default\">\n\t\t\t\t\t<div class=\"elementor-column elementor-col-100 elementor-top-column elementor-element elementor-element-e62b568\" data-id=\"e62b568\" data-element_type=\"column\" data-settings=\"{&quot;background_background&quot;:&quot;classic&quot;}\">\n\t\t\t<div class=\"elementor-widget-wrap elementor-element-populated\">\n\t\t\t\t\t\t<div class=\"elementor-element elementor-element-d9ad9b7 elementor-widget elementor-widget-heading\" data-id=\"d9ad9b7\" data-element_type=\"widget\" data-widget_type=\"heading.default\">\n\t\t\t\t<div class=\"elementor-widget-container\">\n\t\t\t\t\t<h2 class=\"elementor-heading-title elementor-size-default\">Metalworking<\/h2>\t\t\t\t<\/div>\n\t\t\t\t<\/div>\n\t\t\t\t<div class=\"elementor-element elementor-element-17c76c5 elementor-widget elementor-widget-text-editor\" data-id=\"17c76c5\" data-element_type=\"widget\" data-widget_type=\"text-editor.default\">\n\t\t\t\t<div class=\"elementor-widget-container\">\n\t\t\t\t\t\t\t\t\t<p data-start=\"845\" data-end=\"1095\">We offer comprehensive metalworking for industry - from precision laser cutting, bending and welding to powder coating. Our machine park and experience allow us to carry out both repetitive series and non-standard orders for individual customer needs. We invite companies from <strong>construction industry<\/strong>, <strong>automotive<\/strong>, <strong>furniture<\/strong>, <strong>agricultural<\/strong>, <strong>logistics<\/strong> and other sectors <strong>industry<\/strong>. We guarantee high quality workmanship, punctuality and a flexible approach to each project.<\/p>\t\t\t\t\t\t\t\t<\/div>\n\t\t\t\t<\/div>\n\t\t\t\t<div class=\"vamtam-has-theme-widget-styles elementor-element elementor-element-ed0eac3 elementor-widget__width-inherit elementor-align-center elementor-widget-tablet__width-inherit elementor-widget elementor-widget-button\" data-id=\"ed0eac3\" data-element_type=\"widget\" data-widget_type=\"button.default\">\n\t\t\t\t<div class=\"elementor-widget-container\">\n\t\t\t\t\t\t\t\t\t<div class=\"elementor-button-wrapper\">\n\t\t\t\t\t<a class=\"elementor-button elementor-button-link elementor-size-sm\" href=\"\/en\/company\/our-services\/metalwork\/\">\n\t\t\t\t\t\t<span class=\"elementor-button-content-wrapper\">\n\t\t\t\t\t\t\t\t\t<span class=\"elementor-button-text\">Complex metalworking<\/span>\n\t\t\t\t\t<\/span>\n\t\t\t\t\t<\/a>\n\t\t\t\t<\/div>\n\t\t\t\t\t\t\t\t<\/div>\n\t\t\t\t<\/div>\n\t\t\t\t\t<\/div>\n\t\t<\/div>\n\t\t\t\t\t<\/div>\n\t\t<\/section>\n\t\t\t\t<section class=\"elementor-section elementor-top-section elementor-element elementor-element-1b9382a3 elementor-section-boxed elementor-section-height-default elementor-section-height-default\" data-id=\"1b9382a3\" data-element_type=\"section\">\n\t\t\t\t\t\t<div class=\"elementor-container elementor-column-gap-no\">\n\t\t\t\t\t<div class=\"elementor-column elementor-col-50 elementor-top-column elementor-element elementor-element-27a2eed4\" data-id=\"27a2eed4\" data-element_type=\"column\">\n\t\t\t<div class=\"elementor-widget-wrap elementor-element-populated\">\n\t\t\t\t\t\t<div class=\"elementor-element elementor-element-6baebdd8 elementor-widget elementor-widget-heading\" data-id=\"6baebdd8\" data-element_type=\"widget\" data-widget_type=\"heading.default\">\n\t\t\t\t<div class=\"elementor-widget-container\">\n\t\t\t\t\t<h2 class=\"elementor-heading-title elementor-size-default\">Polish Quality, European Standards<\/h2>\t\t\t\t<\/div>\n\t\t\t\t<\/div>\n\t\t\t\t\t<\/div>\n\t\t<\/div>\n\t\t\t\t<div class=\"elementor-column elementor-col-50 elementor-top-column elementor-element elementor-element-14aed444 elementor-hidden-tablet elementor-hidden-mobile\" data-id=\"14aed444\" data-element_type=\"column\">\n\t\t\t<div class=\"elementor-widget-wrap\">\n\t\t\t\t\t\t\t<\/div>\n\t\t<\/div>\n\t\t\t\t\t<\/div>\n\t\t<\/section>\n\t\t\t\t<section class=\"elementor-section elementor-top-section elementor-element elementor-element-6896ac1e elementor-section-boxed elementor-section-height-default elementor-section-height-default\" data-id=\"6896ac1e\" data-element_type=\"section\">\n\t\t\t\t\t\t<div class=\"elementor-container elementor-column-gap-no\">\n\t\t\t\t\t<div class=\"elementor-column elementor-col-33 elementor-top-column elementor-element elementor-element-5c53bb31\" data-id=\"5c53bb31\" data-element_type=\"column\">\n\t\t\t<div class=\"elementor-widget-wrap elementor-element-populated\">\n\t\t\t\t\t\t<div class=\"elementor-element elementor-element-4877ce92 elementor-widget elementor-widget-text-editor\" data-id=\"4877ce92\" data-element_type=\"widget\" data-widget_type=\"text-editor.default\">\n\t\t\t\t<div class=\"elementor-widget-container\">\n\t\t\t\t\t\t\t\t\t<p>As\u00a0<strong data-start=\"1626\" data-end=\"1656\">manufacturer of mesh baskets<\/strong>\u00a0i\u00a0<strong data-start=\"1659\" data-end=\"1684\">metal containers<\/strong>\u00a0We focus on quality, durability and functionality. Our products are characterised by:<\/p><p>\u2705\u00a0<strong data-start=\"1772\" data-end=\"1790\">Durability<\/strong>\u00a0- made of high-grade steel, load-resistant.<br data-start=\"1850\" data-end=\"1853\" \/>\u2705\u00a0<strong data-start=\"1855\" data-end=\"1885\">Universal application<\/strong>\u00a0- ideal for transport, storage and production.<br data-start=\"1937\" data-end=\"1940\" \/>\u2705\u00a0<strong data-start=\"1942\" data-end=\"1954\">Ecology<\/strong>\u00a0- our containers are fully recyclable and reduce environmental impact.<\/p>\t\t\t\t\t\t\t\t<\/div>\n\t\t\t\t<\/div>\n\t\t\t\t\t<\/div>\n\t\t<\/div>\n\t\t\t\t<div class=\"elementor-column elementor-col-33 elementor-top-column elementor-element elementor-element-566ed395\" data-id=\"566ed395\" data-element_type=\"column\">\n\t\t\t<div class=\"elementor-widget-wrap\">\n\t\t\t\t\t\t\t<\/div>\n\t\t<\/div>\n\t\t\t\t<div class=\"elementor-column elementor-col-33 elementor-top-column elementor-element elementor-element-60fbe74a\" data-id=\"60fbe74a\" data-element_type=\"column\">\n\t\t\t<div class=\"elementor-widget-wrap elementor-element-populated\">\n\t\t\t\t\t\t<div class=\"elementor-element elementor-element-37aa52 elementor-widget elementor-widget-text-editor\" data-id=\"37aa52\" data-element_type=\"widget\" data-widget_type=\"text-editor.default\">\n\t\t\t\t<div class=\"elementor-widget-container\">\n\t\t\t\t\t\t\t\t\t<p>We have\u00a0<strong data-start=\"2048\" data-end=\"2092\">ISO 9001 and ISO 14001 quality certificates<\/strong>\u00a0and licence\u00a0<strong data-start=\"2107\" data-end=\"2115\">EPAL<\/strong>, which confirms the compliance of our production with international standards.<\/p>\t\t\t\t\t\t\t\t<\/div>\n\t\t\t\t<\/div>\n\t\t\t\t\t<\/div>\n\t\t<\/div>\n\t\t\t\t\t<\/div>\n\t\t<\/section>\n\t\t\t\t<section class=\"elementor-section elementor-top-section elementor-element elementor-element-546a22fc elementor-section-boxed elementor-section-height-default elementor-section-height-default\" data-id=\"546a22fc\" data-element_type=\"section\">\n\t\t\t\t\t\t<div class=\"elementor-container elementor-column-gap-no\">\n\t\t\t\t\t<div class=\"elementor-column elementor-col-100 elementor-top-column elementor-element elementor-element-f43678c\" data-id=\"f43678c\" data-element_type=\"column\" data-settings=\"{&quot;background_background&quot;:&quot;classic&quot;,&quot;background_motion_fx_motion_fx_scrolling&quot;:&quot;yes&quot;,&quot;background_motion_fx_translateX_effect&quot;:&quot;yes&quot;,&quot;background_motion_fx_translateX_speed&quot;:{&quot;unit&quot;:&quot;px&quot;,&quot;size&quot;:3,&quot;sizes&quot;:[]},&quot;background_motion_fx_devices&quot;:[&quot;desktop&quot;],&quot;background_motion_fx_translateX_affectedRange&quot;:{&quot;unit&quot;:&quot;%&quot;,&quot;size&quot;:&quot;&quot;,&quot;sizes&quot;:{&quot;start&quot;:0,&quot;end&quot;:100}}}\">\n\t\t\t<div class=\"elementor-widget-wrap elementor-element-populated\">\n\t\t\t\t\t\t<div class=\"elementor-element elementor-element-78131159 elementor-widget elementor-widget-heading\" data-id=\"78131159\" data-element_type=\"widget\" data-widget_type=\"heading.default\">\n\t\t\t\t<div class=\"elementor-widget-container\">\n\t\t\t\t\t<h2 class=\"elementor-heading-title elementor-size-default\">We design containers to match your product<\/h2>\t\t\t\t<\/div>\n\t\t\t\t<\/div>\n\t\t\t\t\t<\/div>\n\t\t<\/div>\n\t\t\t\t\t<\/div>\n\t\t<\/section>\n\t\t\t\t<section class=\"elementor-section elementor-top-section elementor-element elementor-element-518a129 elementor-section-boxed elementor-section-height-default elementor-section-height-default\" data-id=\"518a129\" data-element_type=\"section\">\n\t\t\t\t\t\t<div class=\"elementor-container elementor-column-gap-default\">\n\t\t\t\t\t<div class=\"elementor-column elementor-col-100 elementor-top-column elementor-element elementor-element-5620898\" data-id=\"5620898\" data-element_type=\"column\" data-settings=\"{&quot;background_background&quot;:&quot;classic&quot;}\">\n\t\t\t<div class=\"elementor-widget-wrap elementor-element-populated\">\n\t\t\t\t\t\t<div class=\"elementor-element elementor-element-e44030b elementor-widget elementor-widget-text-editor\" data-id=\"e44030b\" data-element_type=\"widget\" data-widget_type=\"text-editor.default\">\n\t\t\t\t<div class=\"elementor-widget-container\">\n\t\t\t\t\t\t\t\t\t<p data-start=\"266\" data-end=\"499\">At DAJANO, we are not limited to producing standard solutions. We have our own\u00a0<strong data-start=\"350\" data-end=\"370\">design office<\/strong>, which develops\u00a0<strong data-start=\"405\" data-end=\"443\">dedicated metal containers<\/strong>\u00a0- created from scratch to meet the specific needs of the client.<\/p><p data-start=\"501\" data-end=\"537\">We design Gitterboxes and extensions:<\/p><ul data-start=\"538\" data-end=\"833\"><li data-start=\"538\" data-end=\"575\"><p data-start=\"540\" data-end=\"575\">o\u00a0<strong data-start=\"542\" data-end=\"572\">non-standard dimensions<\/strong>,<\/p><\/li><li data-start=\"576\" data-end=\"612\"><p data-start=\"578\" data-end=\"612\">z\u00a0<strong data-start=\"580\" data-end=\"609\">additional reinforcements<\/strong>,<\/p><\/li><li data-start=\"613\" data-end=\"669\"><p data-start=\"615\" data-end=\"669\">z\u00a0<strong data-start=\"617\" data-end=\"666\">flaps, doors, compartments and lids<\/strong>,<\/p><\/li><li data-start=\"670\" data-end=\"739\"><p data-start=\"672\" data-end=\"739\">adapted to\u00a0<strong data-start=\"689\" data-end=\"736\">unusual shapes and sizes of products<\/strong>,<\/p><\/li><li data-start=\"740\" data-end=\"833\"><p data-start=\"742\" data-end=\"833\">compliant\u00a0<strong data-start=\"760\" data-end=\"807\">production lines, shelving, conveyors<\/strong>\u00a0and logistics systems.<\/p><\/li><\/ul><p data-start=\"835\" data-end=\"1065\">Based on a technical drawing, a prototype or even just a description of the functionality, we are able to prepare an individual design and put it into production. All so that the container supports your process, not the other way around.<\/p><p data-start=\"1067\" data-end=\"1172\" data-is-last-node=\"\" data-is-only-node=\"\">We create solutions that realistically improve logistics and production - from design to finished product.<\/p>\t\t\t\t\t\t\t\t<\/div>\n\t\t\t\t<\/div>\n\t\t\t\t\t<\/div>\n\t\t<\/div>\n\t\t\t\t\t<\/div>\n\t\t<\/section>\n\t\t\t\t<\/div>","protected":false},"excerpt":{"rendered":"<p>Our Services DAJANO | Leader in the Production of Gitterboxes and Metal Baskets. At DAJANO, we produce all the components for our containers and extensions in-house: we weld steel mesh, build frames and supporting structures, produce doors, flaps, and hinges, create bases and weld legs, and prepare components for powder coating or galvanizing. This gives us complete control\u2026<\/p>","protected":false},"author":1,"featured_media":990819,"parent":85,"menu_order":0,"comment_status":"closed","ping_status":"closed","template":"","meta":{"_seopress_robots_primary_cat":"","_seopress_titles_title":"Nasze us\u0142ugi - rozwi\u0105zania dla magazynowania i transportu | DAJANO","_seopress_titles_desc":"30 lat do\u015bwiadczenia w produkcji pojemnik\u00f3w metalowych. Poznaj nasz\u0105 histori\u0119!","_seopress_robots_index":"","footnotes":""},"class_list":["post-7171","page","type-page","status-publish","has-post-thumbnail","hentry"],"_links":{"self":[{"href":"https:\/\/dajano.pl\/en\/wp-json\/wp\/v2\/pages\/7171","targetHints":{"allow":["GET"]}}],"collection":[{"href":"https:\/\/dajano.pl\/en\/wp-json\/wp\/v2\/pages"}],"about":[{"href":"https:\/\/dajano.pl\/en\/wp-json\/wp\/v2\/types\/page"}],"author":[{"embeddable":true,"href":"https:\/\/dajano.pl\/en\/wp-json\/wp\/v2\/users\/1"}],"replies":[{"embeddable":true,"href":"https:\/\/dajano.pl\/en\/wp-json\/wp\/v2\/comments?post=7171"}],"version-history":[{"count":0,"href":"https:\/\/dajano.pl\/en\/wp-json\/wp\/v2\/pages\/7171\/revisions"}],"up":[{"embeddable":true,"href":"https:\/\/dajano.pl\/en\/wp-json\/wp\/v2\/pages\/85"}],"wp:featuredmedia":[{"embeddable":true,"href":"https:\/\/dajano.pl\/en\/wp-json\/wp\/v2\/media\/990819"}],"wp:attachment":[{"href":"https:\/\/dajano.pl\/en\/wp-json\/wp\/v2\/media?parent=7171"}],"curies":[{"name":"wp","href":"https:\/\/api.w.org\/{rel}","templated":true}]}}