{"id":1648,"date":"2023-03-16T13:53:41","date_gmt":"2023-03-16T13:53:41","guid":{"rendered":"https:\/\/tecnologia.vamtam.com\/?page_id=1648"},"modified":"2025-03-20T22:00:56","modified_gmt":"2025-03-20T22:00:56","slug":"privacy-policy","status":"publish","type":"page","link":"https:\/\/dajano.pl\/en\/privacy-policy\/","title":{"rendered":"Privacy Policy"},"content":{"rendered":"<div data-elementor-type=\"wp-page\" data-elementor-id=\"1648\" class=\"elementor elementor-1648\" data-elementor-post-type=\"page\">\n\t\t\t\t\t\t<section class=\"elementor-section elementor-top-section elementor-element elementor-element-6c5644c elementor-section-boxed elementor-section-height-default elementor-section-height-default\" data-id=\"6c5644c\" data-element_type=\"section\">\n\t\t\t\t\t\t<div class=\"elementor-container elementor-column-gap-default\">\n\t\t\t\t\t<div class=\"elementor-column elementor-col-100 elementor-top-column elementor-element elementor-element-759c98e\" data-id=\"759c98e\" data-element_type=\"column\">\n\t\t\t<div class=\"elementor-widget-wrap elementor-element-populated\">\n\t\t\t\t\t\t<div class=\"elementor-element elementor-element-9af75f0 animated-slow elementor-invisible elementor-widget elementor-widget-heading\" data-id=\"9af75f0\" data-element_type=\"widget\" data-settings=\"{&quot;_animation&quot;:&quot;fadeIn&quot;,&quot;_animation_tablet&quot;:&quot;none&quot;}\" data-widget_type=\"heading.default\">\n\t\t\t\t<div class=\"elementor-widget-container\">\n\t\t\t\t\t<h1 class=\"elementor-heading-title elementor-size-default\">Privacy Policy<\/h1>\t\t\t\t<\/div>\n\t\t\t\t<\/div>\n\t\t\t\t<div class=\"elementor-element elementor-element-88a728c animated-slow elementor-invisible elementor-widget elementor-widget-heading\" data-id=\"88a728c\" data-element_type=\"widget\" data-settings=\"{&quot;_animation&quot;:&quot;fadeIn&quot;,&quot;_animation_tablet&quot;:&quot;none&quot;,&quot;_animation_delay&quot;:300}\" data-widget_type=\"heading.default\">\n\t\t\t\t<div class=\"elementor-widget-container\">\n\t\t\t\t\t<p class=\"elementor-heading-title elementor-size-default\">Protection of personal data and privacy of our customers - in accordance with applicable law<\/p>\t\t\t\t<\/div>\n\t\t\t\t<\/div>\n\t\t\t\t<div class=\"elementor-element elementor-element-31a03c4 elementor-widget elementor-widget-spacer\" data-id=\"31a03c4\" data-element_type=\"widget\" data-widget_type=\"spacer.default\">\n\t\t\t\t<div class=\"elementor-widget-container\">\n\t\t\t\t\t\t\t<div class=\"elementor-spacer\">\n\t\t\t<div class=\"elementor-spacer-inner\"><\/div>\n\t\t<\/div>\n\t\t\t\t\t\t<\/div>\n\t\t\t\t<\/div>\n\t\t\t\t\t<\/div>\n\t\t<\/div>\n\t\t\t\t\t<\/div>\n\t\t<\/section>\n\t\t\t\t<section class=\"elementor-section elementor-top-section elementor-element elementor-element-1fcb2d8 elementor-section-boxed elementor-section-height-default elementor-section-height-default\" data-id=\"1fcb2d8\" data-element_type=\"section\">\n\t\t\t\t\t\t<div class=\"elementor-container elementor-column-gap-no\">\n\t\t\t\t\t<div class=\"elementor-column elementor-col-100 elementor-top-column elementor-element elementor-element-5923213\" data-id=\"5923213\" data-element_type=\"column\">\n\t\t\t<div class=\"elementor-widget-wrap elementor-element-populated\">\n\t\t\t\t\t\t<div class=\"elementor-element elementor-element-d10225c elementor-widget elementor-widget-text-editor\" data-id=\"d10225c\" data-element_type=\"widget\" data-widget_type=\"text-editor.default\">\n\t\t\t\t<div class=\"elementor-widget-container\">\n\t\t\t\t\t\t\t\t\t<p class=\"tm-0\">We would like to inform you that on our website\u00a0<a href=\"https:\/\/dajano.pl\/en\/\">www.dajano.pl<\/a>\u00a0we do not directly collect any personal data. There is a possibility in which people using our website send an e-mail to one of the e-mail addresses provided on the website and the message will contain personal data of the contact person.<br \/>In this case, the administrator of your personal data is Konrad Nogaj, Russ\u00f3w 32, 62-817 \u017belazk\u00f3w, acting as vendor for the company P.H.U.P. \u201cDajano\u201d Jacek Nogaj ul. Ogrodowa 71 A, 62-860 Opat\u00f3wek, NIP: 6180011390.<br \/>If you have any concerns about the privacy policy, you can contact us at any time by sending an email to\u00a0<a href=\"mailto:box@dajano.pl\">box@dajano.pl<\/a><\/p><p class=\"tm-0\">In addition, we use cookies in connection with the use of our website.<\/p>\t\t\t\t\t\t\t\t<\/div>\n\t\t\t\t<\/div>\n\t\t\t\t<div class=\"elementor-element elementor-element-4a7087e elementor-widget elementor-widget-heading\" data-id=\"4a7087e\" data-element_type=\"widget\" data-widget_type=\"heading.default\">\n\t\t\t\t<div class=\"elementor-widget-container\">\n\t\t\t\t\t<h3 class=\"elementor-heading-title elementor-size-default\">In relation to our processing of your personal data, you have the following rights:<\/h3>\t\t\t\t<\/div>\n\t\t\t\t<\/div>\n\t\t\t\t<div class=\"elementor-element elementor-element-ff17bec elementor-widget elementor-widget-text-editor\" data-id=\"ff17bec\" data-element_type=\"widget\" data-widget_type=\"text-editor.default\">\n\t\t\t\t<div class=\"elementor-widget-container\">\n\t\t\t\t\t\t\t\t\t<ul class=\"tresc\"><li>The right to request access to your personal data, rectification, erasure or restriction of processing,<\/li><li>The right to object to processing,<\/li><li>the right to data portability,<\/li><li>The right to withdraw your consent to the processing of personal data for a specific purpose if you have previously given such consent,<\/li><li>The right to lodge a complaint with a supervisory authority in relation to our processing of your personal data.<\/li><\/ul><p>\u00a0<\/p><p class=\"tm-0\">You may exercise the above rights in accordance with the principles described in Articles 16 to 21 of Regulation (EU) 2016\/679 of the European Parliament and of the Council of 27 April 2016 on the protection of natural persons with regard to the processing of personal data and on the free movement of such data and repealing Directive 95\/46\/EC (hereinafter: RODO) by contacting us at the email address inbepo@inbepo.pl or in another form convenient for you. We may refuse to exercise some of the rights set out above in circumstances where the exercise of a particular right would conflict with the legitimate purpose of our data processing. For example, we may refuse to allow you to immediately delete the personal data contained in an order you have submitted until the statute of limitations for claims under a contract with us has expired.<\/p><p class=\"tm-0\"><strong>Email contact<\/strong><br \/>When you contact us by e-mail, you naturally provide us with your e-mail address as the sender of the message. You may also include other personal data in the content of the message. The legal basis for processing your personal data in this case is your consent resulting from initiating contact with us. Your personal data provided to us in the context of e-mail contact is processed exclusively for the purpose of handling your request. The content of the correspondence may be subject to archiving.<\/p><p class=\"tm-0\"><strong>Telephone notifications<\/strong><br \/>In connection with our production, transport, consultancy and project activities, we may send you reminders about upcoming meetings or the planned transport of your order by text message and contact you by telephone. For this purpose, data in the scope of your telephone number are processed. The legal basis for data processing is the performance of the contract.<\/p><p class=\"tm-0\"><strong>Cookies and other tracking technologies<\/strong><br \/>Our website, like almost all other websites, uses cookies to give you the best user experience.<br \/>Cookies are small textual information stored on your terminal device (e.g. computer, tablet, smartphone) that can be read by our ICT system.<\/p>\t\t\t\t\t\t\t\t<\/div>\n\t\t\t\t<\/div>\n\t\t\t\t<div class=\"elementor-element elementor-element-066c896 elementor-widget elementor-widget-heading\" data-id=\"066c896\" data-element_type=\"widget\" data-widget_type=\"heading.default\">\n\t\t\t\t<div class=\"elementor-widget-container\">\n\t\t\t\t\t<h3 class=\"elementor-heading-title elementor-size-default\">Cookies allow us to:<\/h3>\t\t\t\t<\/div>\n\t\t\t\t<\/div>\n\t\t\t\t<div class=\"elementor-element elementor-element-783a250 elementor-widget elementor-widget-text-editor\" data-id=\"783a250\" data-element_type=\"widget\" data-widget_type=\"text-editor.default\">\n\t\t\t\t<div class=\"elementor-widget-container\">\n\t\t\t\t\t\t\t\t\t<div class=\"container-main\"><div class=\"container\"><div class=\"main\"><ul class=\"tresc\"><li>ensure that the site functions as you expect it to,<\/li><li>use analytical tools,<\/li><li>ensure the use of community features.<\/li><\/ul><p class=\"tm-0\"><strong>Consent to cookies<\/strong><br \/>When you first visit the site, you will be shown a notice about the use of cookies. By accepting and closing this notice, you consent to the use of cookies in accordance with the provisions of this privacy policy. You can always withdraw your consent by deleting cookies and changing the cookie settings of your browser. Please note, however, that disabling cookies may cause difficulties in using the website, as well as many other websites that use cookies.<\/p><p class=\"tm-0\"><strong>Own cookies<\/strong><br \/>Cookies can be divided into own and third-party cookies. As far as our own cookies are concerned, we use them for the proper functioning of the website.<br \/>Third party cookies. Our website, like most modern websites, uses functions provided by third parties, which involves the use of cookies from third parties. The use of such cookies is described below.<\/p><p class=\"tm-0\"><strong>Analysis and statistics<\/strong><br \/>We use cookies to track site statistics such as the number of visitors, the type of operating system and browser used to view the site, the time spent on the site, the sub-pages visited etc. We use Google Analytics for this purpose. The information collected in this regard is completely anonymous and does not allow you to be identified. Google's cookies for the Google Analytics service are used for this purpose.<\/p><p class=\"tm-0\"><strong>Marketing<\/strong><br \/>We use marketing tools provided by Facebook, which involves the use of Facebook cookies, in particular Facebook Pixel. We also use remarketing activities using the Google AdWords network, which involves the use of Google cookies associated with the Google AdWords service.<\/p><p class=\"tm-0\">Social features. We reserve the right to equip the website with social modules, which may involve the use of cookies from social network operators such as Facebook, Instagram, YouTube, Google+, Linkedin.<\/p><p class=\"tm-0\"><strong>Server logs<\/strong><br \/>The use of the website involves sending requests to the server where the website is stored. Each request made to the server is recorded in the server logs.<\/p><p class=\"tm-0\">The logs include, among other things, your IP address, the date and time of the server, information about the web browser and the operating system you are using. The logs are saved and stored on the server.<\/p><p class=\"tm-0\">The data stored in the server logs is not associated with specific users of the website and is not used by us to identify you.<\/p><p class=\"tm-0\">The server logs are only ancillary material for the administration of the site and their contents are not disclosed to anyone other than those authorised to administer the server.<\/p><div class=\"clear\">\u00a0<\/div><\/div><\/div><\/div>\t\t\t\t\t\t\t\t<\/div>\n\t\t\t\t<\/div>\n\t\t\t\t\t<\/div>\n\t\t<\/div>\n\t\t\t\t\t<\/div>\n\t\t<\/section>\n\t\t\t\t<\/div>","protected":false},"excerpt":{"rendered":"<p>Polityka prywatno\u015bci Ochrona danych osobowych oraz prywatno\u015bci naszych klient\u00f3w &#8211; zgodnie z obowi\u0105zuj\u0105cym prawem Informujemy \u017ce na naszej stronie\u00a0www.dajano.pl\u00a0w spos\u00f3b bezpo\u015bredni nie zbieramy jakichkolwiek danych osobowych. Istnieje mo\u017cliwo\u015b\u0107 w kt\u00f3rej osoby korzystaj\u0105ce z naszej strony wy\u015bl\u0105 wiadomo\u015b\u0107 e-mail na jeden z adres\u00f3w e-mail podanych na stronie, a wiadomo\u015b\u0107 b\u0119dzie zawiera\u0142a dane osobowe osoby kontaktuj\u0105cej si\u0119.W&#8230;<\/p>","protected":false},"author":1,"featured_media":0,"parent":0,"menu_order":0,"comment_status":"closed","ping_status":"closed","template":"","meta":{"_seopress_robots_primary_cat":"0","_seopress_titles_title":"","_seopress_titles_desc":"","_seopress_robots_index":"","footnotes":""},"class_list":["post-1648","page","type-page","status-publish","hentry"],"_links":{"self":[{"href":"https:\/\/dajano.pl\/en\/wp-json\/wp\/v2\/pages\/1648","targetHints":{"allow":["GET"]}}],"collection":[{"href":"https:\/\/dajano.pl\/en\/wp-json\/wp\/v2\/pages"}],"about":[{"href":"https:\/\/dajano.pl\/en\/wp-json\/wp\/v2\/types\/page"}],"author":[{"embeddable":true,"href":"https:\/\/dajano.pl\/en\/wp-json\/wp\/v2\/users\/1"}],"replies":[{"embeddable":true,"href":"https:\/\/dajano.pl\/en\/wp-json\/wp\/v2\/comments?post=1648"}],"version-history":[{"count":0,"href":"https:\/\/dajano.pl\/en\/wp-json\/wp\/v2\/pages\/1648\/revisions"}],"wp:attachment":[{"href":"https:\/\/dajano.pl\/en\/wp-json\/wp\/v2\/media?parent=1648"}],"curies":[{"name":"wp","href":"https:\/\/api.w.org\/{rel}","templated":true}]}}