{"id":989619,"date":"2025-03-25T13:24:29","date_gmt":"2025-03-25T13:24:29","guid":{"rendered":"https:\/\/dajano.eu\/?page_id=989619"},"modified":"2025-11-12T05:23:32","modified_gmt":"2025-11-12T05:23:32","slug":"doprava","status":"publish","type":"page","link":"https:\/\/dajano.pl\/cz\/firma\/doprava\/","title":{"rendered":"Doprava"},"content":{"rendered":"<div data-elementor-type=\"wp-page\" data-elementor-id=\"989619\" class=\"elementor elementor-989619\" data-elementor-post-type=\"page\">\n\t\t\t\t\t\t<section class=\"elementor-section elementor-top-section elementor-element elementor-element-7130eed1 elementor-section-boxed elementor-section-height-default elementor-section-height-default\" data-id=\"7130eed1\" data-element_type=\"section\">\n\t\t\t\t\t\t<div class=\"elementor-container elementor-column-gap-default\">\n\t\t\t\t\t<div class=\"elementor-column elementor-col-100 elementor-top-column elementor-element elementor-element-4a38ad43\" data-id=\"4a38ad43\" data-element_type=\"column\">\n\t\t\t<div class=\"elementor-widget-wrap elementor-element-populated\">\n\t\t\t\t\t\t<div class=\"elementor-element elementor-element-2faa1f3e animated-slow elementor-invisible elementor-widget elementor-widget-heading\" data-id=\"2faa1f3e\" data-element_type=\"widget\" data-settings=\"{&quot;_animation&quot;:&quot;fadeIn&quot;,&quot;_animation_tablet&quot;:&quot;none&quot;}\" data-widget_type=\"heading.default\">\n\t\t\t\t<div class=\"elementor-widget-container\">\n\t\t\t\t\t<h1 class=\"elementor-heading-title elementor-size-default\">Doprava ve spole\u010dnosti DAJANO - modern\u00ed vozov\u00fd park a spolehliv\u00e1 logistika<\/h1>\t\t\t\t<\/div>\n\t\t\t\t<\/div>\n\t\t\t\t<div class=\"elementor-element elementor-element-4c00855b animated-slow elementor-invisible elementor-widget elementor-widget-heading\" data-id=\"4c00855b\" data-element_type=\"widget\" data-settings=\"{&quot;_animation&quot;:&quot;fadeIn&quot;,&quot;_animation_tablet&quot;:&quot;none&quot;,&quot;_animation_delay&quot;:300}\" data-widget_type=\"heading.default\">\n\t\t\t\t<div class=\"elementor-widget-container\">\n\t\t\t\t\t<p class=\"elementor-heading-title elementor-size-default\">Rychl\u00e1 vnitropodnikov\u00e1 doprava\nminimalizuje dobu realizace objedn\u00e1vek<\/p>\t\t\t\t<\/div>\n\t\t\t\t<\/div>\n\t\t\t\t<div class=\"elementor-element elementor-element-6d1ce047 elementor-widget elementor-widget-spacer\" data-id=\"6d1ce047\" data-element_type=\"widget\" data-widget_type=\"spacer.default\">\n\t\t\t\t<div class=\"elementor-widget-container\">\n\t\t\t\t\t\t\t<div class=\"elementor-spacer\">\n\t\t\t<div class=\"elementor-spacer-inner\"><\/div>\n\t\t<\/div>\n\t\t\t\t\t\t<\/div>\n\t\t\t\t<\/div>\n\t\t\t\t\t<\/div>\n\t\t<\/div>\n\t\t\t\t\t<\/div>\n\t\t<\/section>\n\t\t\t\t<section class=\"elementor-section elementor-top-section elementor-element elementor-element-68c80ee9 elementor-section-boxed elementor-section-height-default elementor-section-height-default\" data-id=\"68c80ee9\" data-element_type=\"section\">\n\t\t\t\t\t\t<div class=\"elementor-container elementor-column-gap-default\">\n\t\t\t\t\t<div class=\"elementor-column elementor-col-100 elementor-top-column elementor-element elementor-element-3be7e479\" data-id=\"3be7e479\" data-element_type=\"column\" data-settings=\"{&quot;background_background&quot;:&quot;classic&quot;}\">\n\t\t\t<div class=\"elementor-widget-wrap elementor-element-populated\">\n\t\t\t\t\t\t<div class=\"elementor-element elementor-element-82f7a2f elementor-widget elementor-widget-spacer\" data-id=\"82f7a2f\" data-element_type=\"widget\" data-widget_type=\"spacer.default\">\n\t\t\t\t<div class=\"elementor-widget-container\">\n\t\t\t\t\t\t\t<div class=\"elementor-spacer\">\n\t\t\t<div class=\"elementor-spacer-inner\"><\/div>\n\t\t<\/div>\n\t\t\t\t\t\t<\/div>\n\t\t\t\t<\/div>\n\t\t\t\t\t<\/div>\n\t\t<\/div>\n\t\t\t\t\t<\/div>\n\t\t<\/section>\n\t\t\t\t<section class=\"elementor-section elementor-top-section elementor-element elementor-element-1ca6fd86 elementor-section-boxed elementor-section-height-default elementor-section-height-default\" data-id=\"1ca6fd86\" data-element_type=\"section\">\n\t\t\t\t\t\t<div class=\"elementor-container elementor-column-gap-no\">\n\t\t\t\t\t<div class=\"elementor-column elementor-col-100 elementor-top-column elementor-element elementor-element-79a69e09\" data-id=\"79a69e09\" data-element_type=\"column\">\n\t\t\t<div class=\"elementor-widget-wrap elementor-element-populated\">\n\t\t\t\t\t\t<div class=\"elementor-element elementor-element-38277e14 elementor-widget elementor-widget-text-editor\" data-id=\"38277e14\" data-element_type=\"widget\" data-widget_type=\"text-editor.default\">\n\t\t\t\t<div class=\"elementor-widget-container\">\n\t\t\t\t\t\t\t\t\t<p>D\u00edky na\u0161emu rozs\u00e1hl\u00e9mu vozov\u00e9mu parku a spolehliv\u00fdm zam\u011bstnanc\u016fm zaji\u0161\u0165ujeme profesion\u00e1ln\u00ed a bezpe\u010dnou p\u0159epravu objednan\u00e9ho zbo\u017e\u00ed p\u0159\u00edmo k z\u00e1kazn\u00edkovi. Ji\u017e \u0159adu let pr\u016fb\u011b\u017en\u011b spolupracujeme s velk\u00fdmi spole\u010dnostmi a v\u00fdrobci v cel\u00e9 Evropsk\u00e9 unii, a dokonce i mimo ni.<\/p>\t\t\t\t\t\t\t\t<\/div>\n\t\t\t\t<\/div>\n\t\t\t\t\t<\/div>\n\t\t<\/div>\n\t\t\t\t\t<\/div>\n\t\t<\/section>\n\t\t\t\t<section class=\"elementor-section elementor-top-section elementor-element elementor-element-7be6ea41 elementor-section-boxed elementor-section-height-default elementor-section-height-default\" data-id=\"7be6ea41\" data-element_type=\"section\">\n\t\t\t\t\t\t<div class=\"elementor-container elementor-column-gap-extended\">\n\t\t\t\t\t<div class=\"elementor-column elementor-col-100 elementor-top-column elementor-element elementor-element-2944c680\" data-id=\"2944c680\" data-element_type=\"column\">\n\t\t\t<div class=\"elementor-widget-wrap elementor-element-populated\">\n\t\t\t\t\t\t<div class=\"elementor-element elementor-element-2983164c elementor-widget elementor-widget-heading\" data-id=\"2983164c\" data-element_type=\"widget\" data-widget_type=\"heading.default\">\n\t\t\t\t<div class=\"elementor-widget-container\">\n\t\t\t\t\t<h2 class=\"elementor-heading-title elementor-size-default\">SADA A<\/h2>\t\t\t\t<\/div>\n\t\t\t\t<\/div>\n\t\t\t\t<div class=\"elementor-element elementor-element-39ba2f1 elementor-widget elementor-widget-aic-image-comparison\" data-id=\"39ba2f1\" data-element_type=\"widget\" data-widget_type=\"aic-image-comparison.default\">\n\t\t\t\t<div class=\"elementor-widget-container\">\n\t\t\t\t\t        \n        <div id=\"aic-image-comparison-39ba2f1\" class=\"aic-image-container\" data-offset=\"0.5\" data-orientation=\"horizontal\" data-before_label=\"\" data-after_label=\"\" data-overlay=\"\" data-onhover=\"yes\" data-click_to_move=\"no\">\n\t\t\t<img decoding=\"async\" class=\"aic-before-img\" alt=\"P\u0159ed obr\u00e1zkem alt\" src=\"http:\/\/dajano.eu\/wp-content\/uploads\/2025\/06\/zestawB-before.jpg\">\n\t\t\t<img decoding=\"async\" class=\"aic-after-img\" alt=\"Po obr\u00e1zku alt\" src=\"http:\/\/dajano.eu\/wp-content\/uploads\/2025\/06\/zestawB-after.jpg\">\n        <\/div>\n\n        \t\t\t\t<\/div>\n\t\t\t\t<\/div>\n\t\t\t\t\t<\/div>\n\t\t<\/div>\n\t\t\t\t\t<\/div>\n\t\t<\/section>\n\t\t\t\t<section class=\"elementor-section elementor-top-section elementor-element elementor-element-2308c14 elementor-section-boxed elementor-section-height-default elementor-section-height-default\" data-id=\"2308c14\" data-element_type=\"section\">\n\t\t\t\t\t\t<div class=\"elementor-container elementor-column-gap-extended\">\n\t\t\t\t\t<div class=\"elementor-column elementor-col-100 elementor-top-column elementor-element elementor-element-d0f5166\" data-id=\"d0f5166\" data-element_type=\"column\">\n\t\t\t<div class=\"elementor-widget-wrap elementor-element-populated\">\n\t\t\t\t\t\t<div class=\"elementor-element elementor-element-d20b684 elementor-widget elementor-widget-heading\" data-id=\"d20b684\" data-element_type=\"widget\" data-widget_type=\"heading.default\">\n\t\t\t\t<div class=\"elementor-widget-container\">\n\t\t\t\t\t<h2 class=\"elementor-heading-title elementor-size-default\">SADA B<\/h2>\t\t\t\t<\/div>\n\t\t\t\t<\/div>\n\t\t\t\t<div class=\"elementor-element elementor-element-1626472 elementor-widget elementor-widget-aic-image-comparison\" data-id=\"1626472\" data-element_type=\"widget\" data-widget_type=\"aic-image-comparison.default\">\n\t\t\t\t<div class=\"elementor-widget-container\">\n\t\t\t\t\t        \n        <div id=\"aic-image-comparison-1626472\" class=\"aic-image-container\" data-offset=\"0.5\" data-orientation=\"horizontal\" data-before_label=\"\" data-after_label=\"\" data-overlay=\"\" data-onhover=\"yes\" data-click_to_move=\"no\">\n\t\t\t<img decoding=\"async\" class=\"aic-before-img\" alt=\"P\u0159ed obr\u00e1zkem alt\" src=\"http:\/\/dajano.eu\/wp-content\/uploads\/2025\/06\/zestawA-before.jpg\">\n\t\t\t<img decoding=\"async\" class=\"aic-after-img\" alt=\"Po obr\u00e1zku alt\" src=\"http:\/\/dajano.eu\/wp-content\/uploads\/2025\/06\/zestawA-after.jpg\">\n        <\/div>\n\n        \t\t\t\t<\/div>\n\t\t\t\t<\/div>\n\t\t\t\t\t<\/div>\n\t\t<\/div>\n\t\t\t\t\t<\/div>\n\t\t<\/section>\n\t\t\t\t<section class=\"elementor-section elementor-top-section elementor-element elementor-element-797568a1 elementor-section-items-stretch elementor-section-content-bottom elementor-section-height-min-height elementor-section-boxed elementor-section-height-default\" data-id=\"797568a1\" data-element_type=\"section\">\n\t\t\t\t\t\t<div class=\"elementor-container elementor-column-gap-no\">\n\t\t\t\t\t<div class=\"elementor-column elementor-col-50 elementor-top-column elementor-element elementor-element-3c91295\" data-id=\"3c91295\" data-element_type=\"column\">\n\t\t\t<div class=\"elementor-widget-wrap elementor-element-populated\">\n\t\t\t\t\t\t<div class=\"elementor-element elementor-element-4cbdc1c4 elementor-widget-mobile__width-inherit elementor-widget elementor-widget-heading\" data-id=\"4cbdc1c4\" data-element_type=\"widget\" data-widget_type=\"heading.default\">\n\t\t\t\t<div class=\"elementor-widget-container\">\n\t\t\t\t\t<h2 class=\"elementor-heading-title elementor-size-default\">N\u00e1\u0161 vozov\u00fd park<\/h2>\t\t\t\t<\/div>\n\t\t\t\t<\/div>\n\t\t\t\t<div class=\"elementor-element elementor-element-1294c3b2 elementor-widget-mobile__width-inherit elementor-widget elementor-widget-text-editor\" data-id=\"1294c3b2\" data-element_type=\"widget\" data-widget_type=\"text-editor.default\">\n\t\t\t\t<div class=\"elementor-widget-container\">\n\t\t\t\t\t\t\t\t\t<p>N\u00e1\u0161 vozov\u00fd park tvo\u0159\u00ed 20 modern\u00edch n\u00e1kladn\u00edch vozidel zna\u010dky\u00a0<strong data-start=\"300\" data-end=\"310\">SCANIA<\/strong>, vybaven\u00e9 p\u0159\u00edv\u011bsy typu\u00a0<strong data-start=\"342\" data-end=\"352\">tandem<\/strong>\u00a0s rozm\u011bry\u00a0<strong data-start=\"365\" data-end=\"390\">2500 x 7700 x 3000 mm<\/strong>. D\u00edky t\u00e9to logistick\u00e9 konfiguraci jsme schopni p\u0159epravit a\u017e.\u00a0<strong data-start=\"463\" data-end=\"493\">108 schr\u00e1nek EPAL Gitterbox<\/strong>\u00a0na jeden n\u00e1klad, co\u017e \u010din\u00ed n\u00e1\u0161 vozov\u00fd park mimo\u0159\u00e1dn\u011b efektivn\u00edm a hospod\u00e1rn\u00fdm.<\/p><p data-start=\"210\" data-end=\"224\">Ka\u017ed\u00e9 vozidlo je vybaveno modern\u00edm syst\u00e9mem\u00a0<strong data-start=\"620\" data-end=\"651\">Navigace a sledov\u00e1n\u00ed pomoc\u00ed GPS<\/strong>, kter\u00fd zaji\u0161\u0165uje plnou kontrolu nad prov\u00e1d\u011bn\u00edm p\u0159\u00edkaz\u016f v re\u00e1ln\u00e9m \u010dase. Pravideln\u00e9 technick\u00e9 kontroly a systematick\u00e1 v\u00fdm\u011bna star\u0161\u00edch vozidel za nov\u00e1 zaru\u010duj\u00ed spolehlivost na\u0161eho vozov\u00e9ho parku v ka\u017ed\u00e9 f\u00e1zi p\u0159epravy.<\/p><p data-start=\"210\" data-end=\"224\">Zam\u011bstn\u00e1v\u00e1me zku\u0161en\u00e9 a spolehliv\u00e9 \u0159idi\u010de, kte\u0159\u00ed se dob\u0159e orientuj\u00ed ve vnitrost\u00e1tn\u00ed i mezin\u00e1rodn\u00ed doprav\u011b. Pro na\u0161e zam\u011bstnance je \u0159\u00edzen\u00ed nejen povol\u00e1n\u00edm, ale i v\u00e1\u0161n\u00ed a odpov\u011bdnost\u00ed.<\/p>\t\t\t\t\t\t\t\t<\/div>\n\t\t\t\t<\/div>\n\t\t\t\t<div class=\"elementor-element elementor-element-70f3762b elementor-widget-mobile__width-inherit elementor-widget elementor-widget-heading\" data-id=\"70f3762b\" data-element_type=\"widget\" data-widget_type=\"heading.default\">\n\t\t\t\t<div class=\"elementor-widget-container\">\n\t\t\t\t\t<h2 class=\"elementor-heading-title elementor-size-default\">Destinace<\/h2>\t\t\t\t<\/div>\n\t\t\t\t<\/div>\n\t\t\t\t<div class=\"elementor-element elementor-element-7e234a3b elementor-widget-mobile__width-inherit elementor-widget elementor-widget-text-editor\" data-id=\"7e234a3b\" data-element_type=\"widget\" data-widget_type=\"text-editor.default\">\n\t\t\t\t<div class=\"elementor-widget-container\">\n\t\t\t\t\t\t\t\t\t<p data-start=\"210\" data-end=\"224\">Prov\u00e1d\u00edme zak\u00e1zky\u00a0<strong data-start=\"1137\" data-end=\"1175\">v cel\u00e9 Evropsk\u00e9 unii<\/strong>. Ka\u017ed\u00fd den na\u0161i \u0159idi\u010di jezd\u00ed na v\u00edce tras\u00e1ch v r\u016fzn\u00fdch sm\u011brech a zaji\u0161\u0165uj\u00ed.\u00a0<strong data-start=\"1259\" data-end=\"1332\">p\u0159esnost, bezpe\u010dnost a nejvy\u0161\u0161\u00ed standard logistick\u00fdch slu\u017eeb.<\/strong>. D\u00edky na\u0161\u00ed provozn\u00ed flexibilit\u011b a velk\u00e9 nakl\u00e1dac\u00ed kapacit\u011b dod\u00e1v\u00e1me objedn\u00e1vky rychle a bez sn\u00ed\u017een\u00ed kvality zbo\u017e\u00ed - bez ohledu na m\u00edsto ur\u010den\u00ed.<\/p>\t\t\t\t\t\t\t\t<\/div>\n\t\t\t\t<\/div>\n\t\t\t\t\t<\/div>\n\t\t<\/div>\n\t\t\t\t<div class=\"elementor-column elementor-col-50 elementor-top-column elementor-element elementor-element-9b1ec20\" data-id=\"9b1ec20\" data-element_type=\"column\" data-settings=\"{&quot;background_background&quot;:&quot;classic&quot;}\">\n\t\t\t<div class=\"elementor-widget-wrap elementor-element-populated\">\n\t\t\t\t\t\t<div class=\"elementor-element elementor-element-ecf03d7 elementor-widget elementor-widget-spacer\" data-id=\"ecf03d7\" data-element_type=\"widget\" data-widget_type=\"spacer.default\">\n\t\t\t\t<div class=\"elementor-widget-container\">\n\t\t\t\t\t\t\t<div class=\"elementor-spacer\">\n\t\t\t<div class=\"elementor-spacer-inner\"><\/div>\n\t\t<\/div>\n\t\t\t\t\t\t<\/div>\n\t\t\t\t<\/div>\n\t\t\t\t\t<\/div>\n\t\t<\/div>\n\t\t\t\t\t<\/div>\n\t\t<\/section>\n\t\t<div class=\"elementor-element elementor-element-2ee545d4 e-flex e-con-boxed e-con e-parent\" data-id=\"2ee545d4\" data-element_type=\"container\">\n\t\t\t\t\t<div class=\"e-con-inner\">\n\t\t\t\t<div class=\"elementor-element elementor-element-5341e850 elementor-widget-mobile__width-inherit elementor-widget elementor-widget-heading\" data-id=\"5341e850\" data-element_type=\"widget\" data-widget_type=\"heading.default\">\n\t\t\t\t<div class=\"elementor-widget-container\">\n\t\t\t\t\t<h2 class=\"elementor-heading-title elementor-size-default\">Individu\u00e1ln\u00ed ceny<\/h2>\t\t\t\t<\/div>\n\t\t\t\t<\/div>\n\t\t\t\t<div class=\"elementor-element elementor-element-f695084 elementor-widget-mobile__width-inherit elementor-widget elementor-widget-text-editor\" data-id=\"f695084\" data-element_type=\"widget\" data-widget_type=\"text-editor.default\">\n\t\t\t\t<div class=\"elementor-widget-container\">\n\t\t\t\t\t\t\t\t\t<p>\u010c\u00e1stku a dodac\u00ed lh\u016ftu ur\u010dujeme individu\u00e1ln\u011b pro ka\u017edou objedn\u00e1vku. Nev\u00e1hejte n\u00e1s kontaktovat telefonicky nebo e-mailem, abychom v\u00e1m poskytli podrobnosti o doprav\u011b a bezplatnou cenovou nab\u00eddku pro va\u0161i konkr\u00e9tn\u00ed objedn\u00e1vku.<\/p>\t\t\t\t\t\t\t\t<\/div>\n\t\t\t\t<\/div>\n\t\t\t\t<div class=\"elementor-element elementor-element-3f1ec34e elementor-widget-mobile__width-inherit elementor-widget elementor-widget-heading\" data-id=\"3f1ec34e\" data-element_type=\"widget\" data-widget_type=\"heading.default\">\n\t\t\t\t<div class=\"elementor-widget-container\">\n\t\t\t\t\t<h2 class=\"elementor-heading-title elementor-size-default\">Pro\u010d DAJANO?<\/h2>\t\t\t\t<\/div>\n\t\t\t\t<\/div>\n\t\t\t\t<div class=\"elementor-element elementor-element-6d8ac351 elementor-widget-mobile__width-inherit elementor-widget elementor-widget-text-editor\" data-id=\"6d8ac351\" data-element_type=\"widget\" data-widget_type=\"text-editor.default\">\n\t\t\t\t<div class=\"elementor-widget-container\">\n\t\t\t\t\t\t\t\t\t<p>Abychom vyhov\u011bli st\u00e1le rostouc\u00edm po\u017eadavk\u016fm trhu a uspokojili i ty nejn\u00e1ro\u010dn\u011bj\u0161\u00ed z\u00e1kazn\u00edky, systematicky roz\u0161i\u0159ujeme a modernizujeme n\u00e1\u0161 dopravn\u00ed park a roz\u0161i\u0159ujeme \u00fazemn\u00ed rozsah na\u0161\u00ed \u010dinnosti. Zaru\u010dujeme p\u0159esnost, vysok\u00fd standard slu\u017eeb, atraktivn\u00ed ceny, kompetentn\u00ed person\u00e1l a efektivn\u00ed \u0159e\u0161en\u00ed.<\/p>\t\t\t\t\t\t\t\t<\/div>\n\t\t\t\t<\/div>\n\t\t\t\t\t<\/div>\n\t\t\t\t<\/div>\n\t\t\t\t<\/div>","protected":false},"excerpt":{"rendered":"<p>Transport w DAJANO \u2013 nowoczesna flota i niezawodna logistyka Szybki w\u0142asny transport minimalizuje czas realizacji z\u0142o\u017conego zam\u00f3wienia Dzi\u0119ki rozbudowanej flocie transportowej i zaufanej kadrze pracownik\u00f3w zapewniamy profesjonalny i bezpieczny przew\u00f3z ka\u017cdego zam\u00f3wionego towaru bezpo\u015brednio do klienta. Od lat prowadzimy sta\u0142\u0105 wsp\u00f3\u0142prac\u0119 z du\u017cymi firmami oraz producentami z ca\u0142ej Unii Europejskiej, a nawet poza jej granicami&#8230;.<\/p>","protected":false},"author":1,"featured_media":991135,"parent":85,"menu_order":0,"comment_status":"closed","ping_status":"closed","template":"","meta":{"_seopress_robots_primary_cat":"","_seopress_titles_title":"Transport - nowoczesna flota i niezawodna logistyka | DAJANO","_seopress_titles_desc":"Terminowe dostawy dzi\u0119ki nowoczesnej logistyce. Transport pojemnik\u00f3w i nadstawek!","_seopress_robots_index":"","footnotes":""},"class_list":["post-989619","page","type-page","status-publish","has-post-thumbnail","hentry"],"_links":{"self":[{"href":"https:\/\/dajano.pl\/cz\/wp-json\/wp\/v2\/pages\/989619","targetHints":{"allow":["GET"]}}],"collection":[{"href":"https:\/\/dajano.pl\/cz\/wp-json\/wp\/v2\/pages"}],"about":[{"href":"https:\/\/dajano.pl\/cz\/wp-json\/wp\/v2\/types\/page"}],"author":[{"embeddable":true,"href":"https:\/\/dajano.pl\/cz\/wp-json\/wp\/v2\/users\/1"}],"replies":[{"embeddable":true,"href":"https:\/\/dajano.pl\/cz\/wp-json\/wp\/v2\/comments?post=989619"}],"version-history":[{"count":0,"href":"https:\/\/dajano.pl\/cz\/wp-json\/wp\/v2\/pages\/989619\/revisions"}],"up":[{"embeddable":true,"href":"https:\/\/dajano.pl\/cz\/wp-json\/wp\/v2\/pages\/85"}],"wp:featuredmedia":[{"embeddable":true,"href":"https:\/\/dajano.pl\/cz\/wp-json\/wp\/v2\/media\/991135"}],"wp:attachment":[{"href":"https:\/\/dajano.pl\/cz\/wp-json\/wp\/v2\/media?parent=989619"}],"curies":[{"name":"wp","href":"https:\/\/api.w.org\/{rel}","templated":true}]}}