{"id":989597,"date":"2025-03-25T12:51:21","date_gmt":"2025-03-25T12:51:21","guid":{"rendered":"https:\/\/dajano.eu\/?page_id=989597"},"modified":"2025-11-12T05:22:48","modified_gmt":"2025-11-12T05:22:48","slug":"dodrzovani-predpisu","status":"publish","type":"page","link":"https:\/\/dajano.pl\/cz\/firma\/dodrzovani-predpisu\/","title":{"rendered":"Dodr\u017eov\u00e1n\u00ed"},"content":{"rendered":"<div data-elementor-type=\"wp-page\" data-elementor-id=\"989597\" class=\"elementor elementor-989597\" data-elementor-post-type=\"page\">\n\t\t\t\t\t\t<section class=\"elementor-section elementor-top-section elementor-element elementor-element-6d2d98a elementor-section-boxed elementor-section-height-default elementor-section-height-default\" data-id=\"6d2d98a\" data-element_type=\"section\">\n\t\t\t\t\t\t<div class=\"elementor-container elementor-column-gap-default\">\n\t\t\t\t\t<div class=\"elementor-column elementor-col-100 elementor-top-column elementor-element elementor-element-5fb472a\" data-id=\"5fb472a\" data-element_type=\"column\">\n\t\t\t<div class=\"elementor-widget-wrap elementor-element-populated\">\n\t\t\t\t\t\t<div class=\"elementor-element elementor-element-6ff307c animated-slow elementor-invisible elementor-widget elementor-widget-heading\" data-id=\"6ff307c\" data-element_type=\"widget\" data-settings=\"{&quot;_animation&quot;:&quot;fadeIn&quot;,&quot;_animation_tablet&quot;:&quot;none&quot;}\" data-widget_type=\"heading.default\">\n\t\t\t\t<div class=\"elementor-widget-container\">\n\t\t\t\t\t<h1 class=\"elementor-heading-title elementor-size-default\">Soulad - dodr\u017eov\u00e1n\u00ed norem a p\u0159edpis\u016f<\/h1>\t\t\t\t<\/div>\n\t\t\t\t<\/div>\n\t\t\t\t<div class=\"elementor-element elementor-element-8970b63 animated-slow elementor-invisible elementor-widget elementor-widget-heading\" data-id=\"8970b63\" data-element_type=\"widget\" data-settings=\"{&quot;_animation&quot;:&quot;fadeIn&quot;,&quot;_animation_tablet&quot;:&quot;none&quot;,&quot;_animation_delay&quot;:300}\" data-widget_type=\"heading.default\">\n\t\t\t\t<div class=\"elementor-widget-container\">\n\t\t\t\t\t<p class=\"elementor-heading-title elementor-size-default\">Z\u00e1vazek ke kvalit\u011b, bezpe\u010dnosti a udr\u017eitelnosti<\/p>\t\t\t\t<\/div>\n\t\t\t\t<\/div>\n\t\t\t\t<div class=\"elementor-element elementor-element-0d43108 elementor-widget elementor-widget-spacer\" data-id=\"0d43108\" data-element_type=\"widget\" data-widget_type=\"spacer.default\">\n\t\t\t\t<div class=\"elementor-widget-container\">\n\t\t\t\t\t\t\t<div class=\"elementor-spacer\">\n\t\t\t<div class=\"elementor-spacer-inner\"><\/div>\n\t\t<\/div>\n\t\t\t\t\t\t<\/div>\n\t\t\t\t<\/div>\n\t\t\t\t\t<\/div>\n\t\t<\/div>\n\t\t\t\t\t<\/div>\n\t\t<\/section>\n\t\t\t\t<section class=\"elementor-section elementor-top-section elementor-element elementor-element-6f6defb elementor-section-boxed elementor-section-height-default elementor-section-height-default\" data-id=\"6f6defb\" data-element_type=\"section\">\n\t\t\t\t\t\t<div class=\"elementor-container elementor-column-gap-default\">\n\t\t\t\t\t<div class=\"elementor-column elementor-col-100 elementor-top-column elementor-element elementor-element-7c75eb6\" data-id=\"7c75eb6\" data-element_type=\"column\" data-settings=\"{&quot;background_background&quot;:&quot;classic&quot;}\">\n\t\t\t<div class=\"elementor-widget-wrap elementor-element-populated\">\n\t\t\t\t\t\t<div class=\"elementor-element elementor-element-a9358b9 elementor-widget elementor-widget-text-editor\" data-id=\"a9358b9\" data-element_type=\"widget\" data-widget_type=\"text-editor.default\">\n\t\t\t\t<div class=\"elementor-widget-container\">\n\t\t\t\t\t\t\t\t\t<p>V DAJANO je prioritou respektovat <strong>nejvy\u0161\u0161\u00ed standardy kvality<\/strong>, ekologick\u00e9 a etick\u00e9 normy. Na\u0161e v\u00fdrobky a v\u00fdrobn\u00ed procesy odpov\u00eddaj\u00ed mezin\u00e1rodn\u00edm norm\u00e1m a p\u0159edpis\u016fm, co\u017e n\u00e1m umo\u017e\u0148uje poskytovat spolehliv\u00e9 slu\u017eby. <strong>\u0159e\u0161en\u00ed, kter\u00e1 spl\u0148uj\u00ed nejvy\u0161\u0161\u00ed po\u017eadavky na\u0161ich z\u00e1kazn\u00edk\u016f<\/strong>. Zav\u00e1zali jsme se k neust\u00e1l\u00e9mu zlep\u0161ov\u00e1n\u00ed, dodr\u017eov\u00e1n\u00ed legislativy a rozv\u00edjen\u00ed na\u0161\u00ed spole\u010densk\u00e9 odpov\u011bdnosti.<\/p>\t\t\t\t\t\t\t\t<\/div>\n\t\t\t\t<\/div>\n\t\t\t\t\t<\/div>\n\t\t<\/div>\n\t\t\t\t\t<\/div>\n\t\t<\/section>\n\t\t\t\t<section class=\"elementor-section elementor-top-section elementor-element elementor-element-8271ecc elementor-section-boxed elementor-section-height-default elementor-section-height-default\" data-id=\"8271ecc\" data-element_type=\"section\">\n\t\t\t\t\t\t<div class=\"elementor-container elementor-column-gap-default\">\n\t\t\t\t\t<div class=\"elementor-column elementor-col-100 elementor-top-column elementor-element elementor-element-1ab099c\" data-id=\"1ab099c\" data-element_type=\"column\" data-settings=\"{&quot;background_background&quot;:&quot;classic&quot;}\">\n\t\t\t<div class=\"elementor-widget-wrap elementor-element-populated\">\n\t\t\t\t\t\t<div class=\"elementor-element elementor-element-a9c2e38 elementor-widget elementor-widget-heading\" data-id=\"a9c2e38\" data-element_type=\"widget\" data-widget_type=\"heading.default\">\n\t\t\t\t<div class=\"elementor-widget-container\">\n\t\t\t\t\t<h2 class=\"elementor-heading-title elementor-size-default\">Dodr\u017eov\u00e1n\u00ed p\u0159edpis\u016f a odpov\u011bdnost p\u0159i \u010dinnosti DAJANO<\/h2>\t\t\t\t<\/div>\n\t\t\t\t<\/div>\n\t\t\t\t<div class=\"elementor-element elementor-element-f04cb0d elementor-widget elementor-widget-text-editor\" data-id=\"f04cb0d\" data-element_type=\"widget\" data-widget_type=\"text-editor.default\">\n\t\t\t\t<div class=\"elementor-widget-container\">\n\t\t\t\t\t\t\t\t\t<ul data-start=\"936\" data-end=\"1850\"><li data-start=\"936\" data-end=\"1187\"><p data-start=\"938\" data-end=\"1187\"><strong data-start=\"938\" data-end=\"963\">\u0158\u00edzen\u00ed kvality:<\/strong>\u00a0V souladu se standardem\u00a0<strong data-start=\"980\" data-end=\"992\">ISO 9001<\/strong>, zaji\u0161\u0165ujeme, \u017ee v\u0161echny na\u0161e v\u00fdrobky jsou vyr\u00e1b\u011bny v souladu s p\u0159\u00edsn\u00fdmi po\u017eadavky na kvalitu. To n\u00e1m umo\u017e\u0148uje zaru\u010dit vysokou spolehlivost a opakovatelnost na\u0161ich v\u00fdrobk\u016f.<\/p><\/li><li data-start=\"1188\" data-end=\"1450\"><p data-start=\"1190\" data-end=\"1450\"><strong data-start=\"1190\" data-end=\"1219\">\u0158\u00edzen\u00ed \u017eivotn\u00edho prost\u0159ed\u00ed:<\/strong>\u00a0Na\u0161e spole\u010dnost pracuje v souladu s\u00a0<strong data-start=\"1255\" data-end=\"1268\">ISO 14001<\/strong>, co\u017e potvrzuje n\u00e1\u0161 z\u00e1vazek minimalizovat dopad na \u017eivotn\u00ed prost\u0159ed\u00ed. Pou\u017e\u00edv\u00e1me v\u00fdrobn\u00ed technologie, kter\u00e9 odpov\u00eddaj\u00ed nejlep\u0161\u00edm ekologick\u00fdm standard\u016fm.<\/p><\/li><li data-start=\"1451\" data-end=\"1621\"><p data-start=\"1453\" data-end=\"1621\"><strong data-start=\"1453\" data-end=\"1488\">Dodr\u017eov\u00e1n\u00ed pr\u016fmyslov\u00fdch norem:<\/strong>\u00a0Na\u0161e Gitterboxy a kovov\u00e9 ko\u0161e spl\u0148uj\u00ed po\u017eadavky logistick\u00e9ho pr\u016fmyslu, co\u017e bylo potvrzeno certifik\u00e1tem.\u00a0<strong data-start=\"1612\" data-end=\"1620\">EPAL<\/strong>.<\/p><\/li><li data-start=\"1622\" data-end=\"1850\"><p data-start=\"1624\" data-end=\"1850\"><strong data-start=\"1624\" data-end=\"1657\">Etick\u00fd p\u0159\u00edstup k podnik\u00e1n\u00ed:<\/strong>\u00a0D\u00edky certifik\u00e1tu\u00a0<strong data-start=\"1679\" data-end=\"1691\">EcoVadis<\/strong>\u00a0a\u00a0<strong data-start=\"1697\" data-end=\"1736\">SAQ (sebehodnot\u00edc\u00ed dotazn\u00edk)<\/strong>db\u00e1me na to, aby na\u0161e \u010dinnost byla v souladu s mezin\u00e1rodn\u00edmi standardy etiky a spole\u010densk\u00e9 odpov\u011bdnosti.<\/p><\/li><\/ul>\t\t\t\t\t\t\t\t<\/div>\n\t\t\t\t<\/div>\n\t\t\t\t\t<\/div>\n\t\t<\/div>\n\t\t\t\t\t<\/div>\n\t\t<\/section>\n\t\t\t\t<section class=\"elementor-section elementor-top-section elementor-element elementor-element-ec2265a elementor-section-boxed elementor-section-height-default elementor-section-height-default\" data-id=\"ec2265a\" data-element_type=\"section\">\n\t\t\t\t\t\t<div class=\"elementor-container elementor-column-gap-default\">\n\t\t\t\t\t<div class=\"elementor-column elementor-col-100 elementor-top-column elementor-element elementor-element-69fbf93\" data-id=\"69fbf93\" data-element_type=\"column\" data-settings=\"{&quot;background_background&quot;:&quot;classic&quot;}\">\n\t\t\t<div class=\"elementor-widget-wrap elementor-element-populated\">\n\t\t\t\t\t\t<div class=\"elementor-element elementor-element-9661d3f elementor-widget elementor-widget-heading\" data-id=\"9661d3f\" data-element_type=\"widget\" data-widget_type=\"heading.default\">\n\t\t\t\t<div class=\"elementor-widget-container\">\n\t\t\t\t\t<h3 class=\"elementor-heading-title elementor-size-default\">Politika DAJANO<\/h3>\t\t\t\t<\/div>\n\t\t\t\t<\/div>\n\t\t\t\t<div class=\"elementor-element elementor-element-6c83d3d elementor-widget elementor-widget-text-editor\" data-id=\"6c83d3d\" data-element_type=\"widget\" data-widget_type=\"text-editor.default\">\n\t\t\t\t<div class=\"elementor-widget-container\">\n\t\t\t\t\t\t\t\t\t<p data-start=\"1873\" data-end=\"2002\">Abychom zajistili transparentnost a \u00fapln\u00e9 dodr\u017eov\u00e1n\u00ed p\u0159edpis\u016f, zavedli jsme n\u00e1sleduj\u00edc\u00ed z\u00e1sady, kter\u00fdmi se \u0159\u00edd\u00ed na\u0161e \u010dinnost:<\/p><ol data-start=\"2004\" data-end=\"2634\"><li data-start=\"2004\" data-end=\"2332\"><p data-start=\"2007\" data-end=\"2332\"><strong data-start=\"2007\" data-end=\"2041\">Politika kvality a \u017eivotn\u00edho prost\u0159ed\u00ed:<\/strong><br data-start=\"2041\" data-end=\"2044\" \/>Na\u0161e politika kvality a ochrany \u017eivotn\u00edho prost\u0159ed\u00ed popisuje na\u0161e c\u00edle a z\u00e1vazky v oblasti udr\u017eov\u00e1n\u00ed nejvy\u0161\u0161\u00edch standard\u016f kvality a ochrany \u017eivotn\u00edho prost\u0159ed\u00ed. Zavedli jsme \u0159adu postup\u016f, abychom neust\u00e1le zlep\u0161ovali na\u0161e procesy a minimalizovali n\u00e1\u0161 dopad na \u017eivotn\u00ed prost\u0159ed\u00ed.<\/p><\/li><li data-start=\"2334\" data-end=\"2634\"><p data-start=\"2337\" data-end=\"2634\"><strong data-start=\"2337\" data-end=\"2374\">Cenov\u00e1 politika kovov\u00e9ho ko\u0161e:<\/strong><br data-start=\"2374\" data-end=\"2377\" \/>Cenov\u00e1 politika Metal Baskets stanov\u00ed z\u00e1sady, kter\u00fdmi se \u0159\u00edd\u00ed stanovov\u00e1n\u00ed cen na\u0161ich v\u00fdrobk\u016f. Ve vztaz\u00edch se z\u00e1kazn\u00edky se zam\u011b\u0159ujeme na transparentnost a poctivost a zaji\u0161\u0165ujeme konkurenceschopn\u00e9 ceny p\u0159i zachov\u00e1n\u00ed vysok\u00e9 kvality v\u00fdrobk\u016f.<\/p><\/li><\/ol>\t\t\t\t\t\t\t\t<\/div>\n\t\t\t\t<\/div>\n\t\t\t\t\t<\/div>\n\t\t<\/div>\n\t\t\t\t\t<\/div>\n\t\t<\/section>\n\t\t\t\t<section class=\"elementor-section elementor-top-section elementor-element elementor-element-7a559ff elementor-section-boxed elementor-section-height-default elementor-section-height-default\" data-id=\"7a559ff\" data-element_type=\"section\">\n\t\t\t\t\t\t<div class=\"elementor-container elementor-column-gap-default\">\n\t\t\t\t\t<div class=\"elementor-column elementor-col-100 elementor-top-column elementor-element elementor-element-16d5555\" data-id=\"16d5555\" data-element_type=\"column\" data-settings=\"{&quot;background_background&quot;:&quot;classic&quot;}\">\n\t\t\t<div class=\"elementor-widget-wrap elementor-element-populated\">\n\t\t\t\t\t\t<div class=\"elementor-element elementor-element-d3b6bd7 elementor-widget elementor-widget-heading\" data-id=\"d3b6bd7\" data-element_type=\"widget\" data-widget_type=\"heading.default\">\n\t\t\t\t<div class=\"elementor-widget-container\">\n\t\t\t\t\t<h3 class=\"elementor-heading-title elementor-size-default\">Dokumenty ke sta\u017een\u00ed<\/h3>\t\t\t\t<\/div>\n\t\t\t\t<\/div>\n\t\t\t\t<div class=\"elementor-element elementor-element-1fa5a1b elementor-widget elementor-widget-text-editor\" data-id=\"1fa5a1b\" data-element_type=\"widget\" data-widget_type=\"text-editor.default\">\n\t\t\t\t<div class=\"elementor-widget-container\">\n\t\t\t\t\t\t\t\t\t<p data-start=\"2668\" data-end=\"2803\">Podrobn\u00e9 informace o na\u0161ich z\u00e1sad\u00e1ch a postupech naleznete v n\u00ed\u017ee uveden\u00fdch dokumentech PDF:<\/p><ul data-start=\"2805\" data-end=\"2917\"><li data-start=\"2805\" data-end=\"2859\"><p data-start=\"2807\" data-end=\"2859\"><strong data-start=\"2807\" data-end=\"2840\">Politika kvality a \u017eivotn\u00edho prost\u0159ed\u00ed<\/strong>\u00a0\u2013\u00a0<a href=\"http:\/\/dajano.eu\/wp-content\/uploads\/2025\/04\/Polityka-jakosci-i-srodowiska.pdf\" target=\"_blank\" rel=\"noopener\">St\u00e1hnout PDF<\/a><\/p><\/li><li data-start=\"2860\" data-end=\"2917\"><p data-start=\"2862\" data-end=\"2917\"><strong data-start=\"2862\" data-end=\"2898\">Cenov\u00e1 politika pro kovov\u00e9 ko\u0161e<\/strong>\u00a0\u2013\u00a0<a href=\"http:\/\/dajano.eu\/wp-content\/uploads\/2025\/04\/Polityka-cen-koszy-metalowych.pdf\" target=\"_blank\" rel=\"noopener\" data-start=\"2901\" data-end=\"2917\">St\u00e1hnout PDF<\/a><\/p><\/li><\/ul>\t\t\t\t\t\t\t\t<\/div>\n\t\t\t\t<\/div>\n\t\t\t\t\t<\/div>\n\t\t<\/div>\n\t\t\t\t\t<\/div>\n\t\t<\/section>\n\t\t\t\t<\/div>","protected":false},"excerpt":{"rendered":"<p>Soulad s p\u0159edpisy \u2013 dodr\u017eov\u00e1n\u00ed norem a p\u0159edpis\u016f. Z\u00e1vazek ke kvalit\u011b, bezpe\u010dnosti a udr\u017eitelnosti. Ve spole\u010dnosti DAJANO je dodr\u017eov\u00e1n\u00ed nejvy\u0161\u0161\u00edch standard\u016f kvality, ochrany \u017eivotn\u00edho prost\u0159ed\u00ed a etiky prioritou. Na\u0161e produkty a v\u00fdrobn\u00ed procesy spl\u0148uj\u00ed mezin\u00e1rodn\u00ed normy a p\u0159edpisy, co\u017e n\u00e1m umo\u017e\u0148uje dod\u00e1vat spolehliv\u00e1 \u0159e\u0161en\u00ed, kter\u00e1 spl\u0148uj\u00ed nejvy\u0161\u0161\u00ed o\u010dek\u00e1v\u00e1n\u00ed na\u0161ich z\u00e1kazn\u00edk\u016f. Usilujeme o neust\u00e1l\u00e9 zlep\u0161ov\u00e1n\u00ed, dodr\u017eov\u00e1n\u00ed pr\u00e1vn\u00edch p\u0159edpis\u016f a\u2026<\/p>","protected":false},"author":1,"featured_media":4533,"parent":85,"menu_order":0,"comment_status":"closed","ping_status":"closed","template":"","meta":{"_seopress_robots_primary_cat":"","_seopress_titles_title":"Jako\u015b\u0107 - nowoczesne technologie i wysoki standard produkcji | DAJANO","_seopress_titles_desc":"Stawiamy na precyzj\u0119 i innowacje \u2013 ci\u0119cie laserowe, spawanie robotami. Sprawd\u017a!","_seopress_robots_index":"","footnotes":""},"class_list":["post-989597","page","type-page","status-publish","has-post-thumbnail","hentry"],"_links":{"self":[{"href":"https:\/\/dajano.pl\/cz\/wp-json\/wp\/v2\/pages\/989597","targetHints":{"allow":["GET"]}}],"collection":[{"href":"https:\/\/dajano.pl\/cz\/wp-json\/wp\/v2\/pages"}],"about":[{"href":"https:\/\/dajano.pl\/cz\/wp-json\/wp\/v2\/types\/page"}],"author":[{"embeddable":true,"href":"https:\/\/dajano.pl\/cz\/wp-json\/wp\/v2\/users\/1"}],"replies":[{"embeddable":true,"href":"https:\/\/dajano.pl\/cz\/wp-json\/wp\/v2\/comments?post=989597"}],"version-history":[{"count":0,"href":"https:\/\/dajano.pl\/cz\/wp-json\/wp\/v2\/pages\/989597\/revisions"}],"up":[{"embeddable":true,"href":"https:\/\/dajano.pl\/cz\/wp-json\/wp\/v2\/pages\/85"}],"wp:featuredmedia":[{"embeddable":true,"href":"https:\/\/dajano.pl\/cz\/wp-json\/wp\/v2\/media\/4533"}],"wp:attachment":[{"href":"https:\/\/dajano.pl\/cz\/wp-json\/wp\/v2\/media?parent=989597"}],"curies":[{"name":"wp","href":"https:\/\/api.w.org\/{rel}","templated":true}]}}