{"id":988784,"date":"2025-03-12T19:42:47","date_gmt":"2025-03-12T19:42:47","guid":{"rendered":"https:\/\/dajano.eu\/?page_id=988784"},"modified":"2025-03-20T22:01:27","modified_gmt":"2025-03-20T22:01:27","slug":"pravidla-webovych-stran","status":"publish","type":"page","link":"https:\/\/dajano.pl\/cz\/pravidla-webovych-stran\/","title":{"rendered":"Pravidla webov\u00fdch str\u00e1nek"},"content":{"rendered":"<div data-elementor-type=\"wp-page\" data-elementor-id=\"988784\" class=\"elementor elementor-988784\" data-elementor-post-type=\"page\">\n\t\t\t\t\t\t<section class=\"elementor-section elementor-top-section elementor-element elementor-element-6c5644c elementor-section-boxed elementor-section-height-default elementor-section-height-default\" data-id=\"6c5644c\" data-element_type=\"section\">\n\t\t\t\t\t\t<div class=\"elementor-container elementor-column-gap-default\">\n\t\t\t\t\t<div class=\"elementor-column elementor-col-100 elementor-top-column elementor-element elementor-element-759c98e\" data-id=\"759c98e\" data-element_type=\"column\">\n\t\t\t<div class=\"elementor-widget-wrap elementor-element-populated\">\n\t\t\t\t\t\t<div class=\"elementor-element elementor-element-9af75f0 animated-slow elementor-invisible elementor-widget elementor-widget-heading\" data-id=\"9af75f0\" data-element_type=\"widget\" data-settings=\"{&quot;_animation&quot;:&quot;fadeIn&quot;,&quot;_animation_tablet&quot;:&quot;none&quot;}\" data-widget_type=\"heading.default\">\n\t\t\t\t<div class=\"elementor-widget-container\">\n\t\t\t\t\t<h1 class=\"elementor-heading-title elementor-size-default\">Pravidla webov\u00fdch str\u00e1nek<\/h1>\t\t\t\t<\/div>\n\t\t\t\t<\/div>\n\t\t\t\t<div class=\"elementor-element elementor-element-88a728c animated-slow elementor-invisible elementor-widget elementor-widget-heading\" data-id=\"88a728c\" data-element_type=\"widget\" data-settings=\"{&quot;_animation&quot;:&quot;fadeIn&quot;,&quot;_animation_tablet&quot;:&quot;none&quot;,&quot;_animation_delay&quot;:300}\" data-widget_type=\"heading.default\">\n\t\t\t\t<div class=\"elementor-widget-container\">\n\t\t\t\t\t<p class=\"elementor-heading-title elementor-size-default\">RODO - Podm\u00ednky pou\u017eit\u00ed<\/p>\t\t\t\t<\/div>\n\t\t\t\t<\/div>\n\t\t\t\t<div class=\"elementor-element elementor-element-31a03c4 elementor-widget elementor-widget-spacer\" data-id=\"31a03c4\" data-element_type=\"widget\" data-widget_type=\"spacer.default\">\n\t\t\t\t<div class=\"elementor-widget-container\">\n\t\t\t\t\t\t\t<div class=\"elementor-spacer\">\n\t\t\t<div class=\"elementor-spacer-inner\"><\/div>\n\t\t<\/div>\n\t\t\t\t\t\t<\/div>\n\t\t\t\t<\/div>\n\t\t\t\t\t<\/div>\n\t\t<\/div>\n\t\t\t\t\t<\/div>\n\t\t<\/section>\n\t\t\t\t<section class=\"elementor-section elementor-top-section elementor-element elementor-element-1fcb2d8 elementor-section-boxed elementor-section-height-default elementor-section-height-default\" data-id=\"1fcb2d8\" data-element_type=\"section\">\n\t\t\t\t\t\t<div class=\"elementor-container elementor-column-gap-no\">\n\t\t\t\t\t<div class=\"elementor-column elementor-col-100 elementor-top-column elementor-element elementor-element-5923213\" data-id=\"5923213\" data-element_type=\"column\">\n\t\t\t<div class=\"elementor-widget-wrap elementor-element-populated\">\n\t\t\t\t\t\t<div class=\"elementor-element elementor-element-ad5ea4a elementor-widget elementor-widget-heading\" data-id=\"ad5ea4a\" data-element_type=\"widget\" data-widget_type=\"heading.default\">\n\t\t\t\t<div class=\"elementor-widget-container\">\n\t\t\t\t\t<h3 class=\"elementor-heading-title elementor-size-default\">I. INFORMACE PRO Z\u00c1KAZN\u00cdKY<\/h3>\t\t\t\t<\/div>\n\t\t\t\t<\/div>\n\t\t\t\t<div class=\"elementor-element elementor-element-d10225c elementor-widget elementor-widget-text-editor\" data-id=\"d10225c\" data-element_type=\"widget\" data-widget_type=\"text-editor.default\">\n\t\t\t\t<div class=\"elementor-widget-container\">\n\t\t\t\t\t\t\t\t\t<p class=\"tm-0\">V souladu s ustanoven\u00edmi obecn\u00e9ho na\u0159\u00edzen\u00ed Evropsk\u00e9ho parlamentu a Rady (EU) 2016\/679 ze dne 27. dubna 2016 o ochran\u011b fyzick\u00fdch osob v souvislosti se zpracov\u00e1n\u00edm osobn\u00edch \u00fadaj\u016f a o voln\u00e9m pohybu t\u011bchto \u00fadaj\u016f a o zru\u0161en\u00ed sm\u011brnice 95\/46\/ES (RODO) V\u00e1s informuji, \u017ee:<\/p><ol class=\"tresc1\"><li>Spr\u00e1vcem zpracov\u00e1vaj\u00edc\u00edm osobn\u00ed \u00fadaje je JACEK NOGAJ podnikaj\u00edc\u00ed pod n\u00e1zvem P.H.U.P. \u201cDajano\u201d Jacek Nogaj ul. Ogrodowa 71, 62-680 Opat\u00f3wek, tel. (062) 769 18 41, e-mail: box@dajano.pl, NIP: 6180011390.<\/li><li>Z ustanoven\u00ed v\u00fd\u0161e uveden\u00e9ho na\u0159\u00edzen\u00ed Evropsk\u00e9ho parlamentu vypl\u00fdv\u00e1, \u017ee fyzick\u00e1 osoba, jej\u00ed\u017e \u00fadaje jsou zpracov\u00e1v\u00e1ny, m\u00e1 pr\u00e1vo po\u017eadovat od spr\u00e1vce p\u0159\u00edstup k osobn\u00edm \u00fadaj\u016fm, kter\u00e9 se j\u00ed t\u00fdkaj\u00ed, jejich opravu, v\u00fdmaz nebo omezen\u00ed zpracov\u00e1n\u00ed, jako\u017e i vzn\u00e9st n\u00e1mitku proti zpracov\u00e1n\u00ed a m\u00e1 pr\u00e1vo na p\u0159enositelnost \u00fadaj\u016f.<\/li><li>Osobn\u00ed \u00fadaje nebudou p\u0159ed\u00e1v\u00e1ny jin\u00fdm p\u0159\u00edjemc\u016fm \u00fadaj\u016f nebo t\u0159et\u00edm stran\u00e1m ne\u017e:<ul class=\"tresc\"><li>pov\u011b\u0159en\u00fdm zam\u011bstnanc\u016fm zam\u011bstnavatele,<\/li><li>vypl\u00fdvaj\u00edc\u00ed z pr\u00e1vn\u00edch p\u0159edpis\u016f,<\/li><li>pro realizaci bankovn\u00edch slu\u017eeb spole\u010dnosti,<\/li><li>poskytovatel\u00e9 slu\u017eeb, kte\u0159\u00ed byli smluvn\u011b pov\u011b\u0159eni zpracov\u00e1n\u00edm osobn\u00edch \u00fadaj\u016f pro \u00fa\u010dely poskytov\u00e1n\u00ed slu\u017eeb Spr\u00e1vci, jejich pov\u011b\u0159en\u00ed zam\u011bstnanci - v rozsahu nezbytn\u00e9m pro \u0159\u00e1dn\u00fd v\u00fdkon t\u011bchto slu\u017eeb,<\/li><li>subjekty spolupracuj\u00edc\u00ed se Spr\u00e1vcem, kter\u00fdm jsou osobn\u00ed \u00fadaje zp\u0159\u00edstupn\u011bny na z\u00e1klad\u011b souhlasu subjektu \u00fadaj\u016f a pro \u00fa\u010dely v n\u011bm uveden\u00e9.<\/li><\/ul><\/li><li>Osobn\u00ed \u00fadaje nebudou p\u0159ed\u00e1v\u00e1ny do t\u0159et\u00ed zem\u011b nebo mezin\u00e1rodn\u00ed organizaci.<\/li><li>Zpracov\u00e1n\u00ed se prov\u00e1d\u00ed v souvislosti s pln\u011bn\u00edm smlouvy, jej\u00ed\u017e smluvn\u00ed stranou je osoba poskytuj\u00edc\u00ed osobn\u00ed \u00fadaje, a je nezbytn\u00e9 pro spln\u011bn\u00ed jej\u00edch \u00fa\u010del\u016f (\u010dl. 6 odst. 1 p\u00edsm. b) na\u0159\u00edzen\u00ed RODO).<\/li><li>Poskytnut\u00ed osobn\u00edch \u00fadaj\u016f je nezbytn\u00e9 a slou\u017e\u00ed\u00a0<strong>v\u00fdhradn\u011b p\u0159i pln\u011bn\u00ed smlouvy, k n\u00ed\u017e se \u00fadaje vztahuj\u00ed.<\/strong>. Zpracov\u00e1n\u00ed poskytnut\u00fdch osobn\u00edch \u00fadaj\u016f nebude podl\u00e9hat automatizovan\u00e9mu n\u00e1sledn\u00e9mu rozhodov\u00e1n\u00ed, v\u010detn\u011b profilov\u00e1n\u00ed, jak je uvedeno v \u010dl. 22 odst. 1 a 4 RODO.<\/li><li>Osoba, jej\u00ed\u017e \u00fadaje jsou zpracov\u00e1v\u00e1ny, pokud se domn\u00edv\u00e1, \u017ee zpracov\u00e1n\u00ed poru\u0161uje ustanoven\u00ed z\u00e1kona, m\u00e1 pr\u00e1vo podat st\u00ed\u017enost u dozorov\u00e9ho \u00fa\u0159adu, kter\u00fdm je \u00da\u0159ad pro ochranu osobn\u00edch \u00fadaj\u016f (00-193 Var\u0161ava, ul. Stawki 2, tel. 22 531 03 00, fax. 22 531 03 01.<\/li><li>Osobn\u00ed \u00fadaje budou uchov\u00e1v\u00e1ny po dobu nezbytnou k napln\u011bn\u00ed \u00fa\u010del\u016f uveden\u00fdch v odstavci 6 a pot\u00e9 v rozsahu vy\u017eadovan\u00e9m obecn\u00fdm pr\u00e1vem.<\/li><li>V pracovn\u00edch prostor\u00e1ch je nainstalov\u00e1n kamerov\u00fd syst\u00e9m. \u00da\u010delem sledov\u00e1n\u00ed je: zajistit bezpe\u010dnost zam\u011bstnanc\u016f, ochranu majetku a kontrolu v\u00fdroby. Monitorov\u00e1ny jsou v\u00fdrobn\u00ed haly, komunika\u010dn\u00ed a technologick\u00e9 cesty v cel\u00e9m z\u00e1vod\u011b, s v\u00fdjimkou soci\u00e1ln\u00edch za\u0159\u00edzen\u00ed a \u0161aten. Monitorovac\u00ed s\u00ed\u0165 tvo\u0159\u00ed kamery um\u00edst\u011bn\u00e9 na viditeln\u00fdch m\u00edstech pracovi\u0161t\u011b, na jejich\u017e um\u00edst\u011bn\u00ed bude zam\u011bstnanec upozorn\u011bn p\u0159i prvn\u00edm sezn\u00e1men\u00ed s uspo\u0159\u00e1d\u00e1n\u00edm pracovi\u0161t\u011b. Z\u00e1znamy z kamer se ukl\u00e1daj\u00ed po dobu jednoho m\u011bs\u00edce na disk um\u00edst\u011bn\u00fd na pracovi\u0161ti, pot\u00e9 se automaticky vyma\u017eou.<\/li><\/ol>\t\t\t\t\t\t\t\t<\/div>\n\t\t\t\t<\/div>\n\t\t\t\t<div class=\"elementor-element elementor-element-4a7087e elementor-widget elementor-widget-heading\" data-id=\"4a7087e\" data-element_type=\"widget\" data-widget_type=\"heading.default\">\n\t\t\t\t<div class=\"elementor-widget-container\">\n\t\t\t\t\t<h3 class=\"elementor-heading-title elementor-size-default\">II. INFORMACE V PR\u016eB\u011aHU P\u0158IJ\u00cdMAC\u00cdHO \u0158\u00cdZEN\u00cd<\/h3>\t\t\t\t<\/div>\n\t\t\t\t<\/div>\n\t\t\t\t<div class=\"elementor-element elementor-element-ff17bec elementor-widget elementor-widget-text-editor\" data-id=\"ff17bec\" data-element_type=\"widget\" data-widget_type=\"text-editor.default\">\n\t\t\t\t<div class=\"elementor-widget-container\">\n\t\t\t\t\t\t\t\t\t<p class=\"tm-0\">Do sv\u00e9ho \u017eivotopisu zaslan\u00e9ho do v\u00fdb\u011brov\u00e9ho \u0159\u00edzen\u00ed uve\u010fte dolo\u017eku, \u017ee souhlas\u00edte se zpracov\u00e1n\u00edm osobn\u00edch \u00fadaj\u016f. Navrhovan\u00fd obsah:<br \/>\u201cSouhlas\u00edm s pou\u017eit\u00edm sv\u00e9 podobizny pro n\u00e1borov\u00e9 \u00fa\u010dely a sv\u00e9ho \u017eivotopisu v budouc\u00edch n\u00e1borov\u00fdch procesech organizovan\u00fdch spole\u010dnost\u00ed Jacek Nogaj, kter\u00e1 podnik\u00e1 pod n\u00e1zvem P.H.U.P. \u201dDajano\u201d Jacek Nogaj ul. Ogrodowa 71, 62-680 Opat\u00f3wek , tel. (062) 769 18 41, e-mail: box@dajano.pl, NIP: 6180011390. Sezn\u00e1mil\/a jsem se s informacemi uveden\u00fdmi na internetov\u00fdch str\u00e1nk\u00e1ch: www.dajano.pl.\"<\/p><p class=\"tm-0\">V souladu s ustanoven\u00edmi obecn\u00e9ho na\u0159\u00edzen\u00ed Evropsk\u00e9ho parlamentu a Rady (EU) 2016\/679 ze dne 27. dubna 2016 o ochran\u011b fyzick\u00fdch osob v souvislosti se zpracov\u00e1n\u00edm osobn\u00edch \u00fadaj\u016f a o voln\u00e9m pohybu t\u011bchto \u00fadaj\u016f a o zru\u0161en\u00ed sm\u011brnice 95\/46\/ES (RODO) V\u00e1s informuji, \u017ee:<\/p><ol class=\"tresc1\" start=\"10\"><li>JACEK NOGAJ podnikaj\u00edc\u00ed pod firmou P.H.U.P. \u201cDajano\u201d Jacek Nogaj ul. Ogrodowa 71, 62-680 Opat\u00f3wek, tel. (062) 769 18 41, e-mail: box@dajano.pl, NIP: 6180011390<\/li><li>Z ustanoven\u00ed v\u00fd\u0161e uveden\u00e9ho na\u0159\u00edzen\u00ed Evropsk\u00e9ho parlamentu vypl\u00fdv\u00e1, \u017ee fyzick\u00e1 osoba, jej\u00ed\u017e \u00fadaje jsou zpracov\u00e1v\u00e1ny, m\u00e1 pr\u00e1vo po\u017eadovat od spr\u00e1vce p\u0159\u00edstup k osobn\u00edm \u00fadaj\u016fm, kter\u00e9 se j\u00ed t\u00fdkaj\u00ed, jejich opravu, v\u00fdmaz nebo omezen\u00ed zpracov\u00e1n\u00ed, jako\u017e i vzn\u00e9st n\u00e1mitku proti zpracov\u00e1n\u00ed a m\u00e1 pr\u00e1vo na p\u0159enositelnost \u00fadaj\u016f.<\/li><li>Osobn\u00ed \u00fadaje nebudou p\u0159ed\u00e1v\u00e1ny jin\u00fdm p\u0159\u00edjemc\u016fm \u00fadaj\u016f nebo t\u0159et\u00edm stran\u00e1m ne\u017e:<br \/><ul class=\"tresc\"><li>pov\u011b\u0159en\u00fdm zam\u011bstnanc\u016fm spr\u00e1vce,<\/li><li>vypl\u00fdvaj\u00edc\u00ed z pr\u00e1vn\u00edch p\u0159edpis\u016f.<\/li><\/ul><\/li><li>Osobn\u00ed \u00fadaje nebudou p\u0159ed\u00e1v\u00e1ny do t\u0159et\u00ed zem\u011b nebo mezin\u00e1rodn\u00ed organizaci.<\/li><li>Zpracov\u00e1n\u00ed je zalo\u017eeno na souhlasu osoby, kter\u00e1 poskytla \u00fadaje v r\u00e1mci n\u00e1borov\u00e9ho \u0159\u00edzen\u00ed. Souhlas lze kdykoli odvolat, ani\u017e by t\u00edm byla dot\u010dena z\u00e1konnost zpracov\u00e1n\u00ed proveden\u00e9ho na z\u00e1klad\u011b souhlasu p\u0159ed jeho odvol\u00e1n\u00edm.<\/li><li>Poskytnut\u00ed osobn\u00edch \u00fadaj\u016f je dobrovoln\u00e9 a slou\u017e\u00ed\u00a0<strong>pouze n\u00e1borov\u00fd proces<\/strong>\u00a0a pro jeho \u00fa\u010dely je nezbytn\u00e1 (\u010dl. 6 odst. 1 p\u00edsm. a) RODO). Zpracov\u00e1n\u00ed poskytnut\u00fdch osobn\u00edch \u00fadaj\u016f nebude podl\u00e9hat automatizovan\u00e9mu rozhodov\u00e1n\u00ed po p\u0159ijet\u00ed rozhodnut\u00ed, v\u010detn\u011b profilov\u00e1n\u00ed, jak je uvedeno v \u010dl. 22 odst. 1 a 4 RODO.<\/li><li>Osoba, jej\u00ed\u017e \u00fadaje jsou zpracov\u00e1v\u00e1ny, pokud se domn\u00edv\u00e1, \u017ee zpracov\u00e1n\u00ed poru\u0161uje ustanoven\u00ed z\u00e1kona, m\u00e1 pr\u00e1vo podat st\u00ed\u017enost u dozorov\u00e9ho \u00fa\u0159adu, kter\u00fdm je \u00da\u0159ad pro ochranu osobn\u00edch \u00fadaj\u016f (00-193 Var\u0161ava, ul. Stawki 2, tel. 22 531 03 00, fax. 22 531 03 01.<\/li><li>Osobn\u00ed \u00fadaje budou uchov\u00e1v\u00e1ny po dobu nezbytnou k napln\u011bn\u00ed \u00fa\u010del\u016f uveden\u00fdch v odstavci 15 a pot\u00e9 v rozsahu vy\u017eadovan\u00e9m obecn\u00fdm pr\u00e1vem.<\/li><\/ol><p>\u00a0<\/p>\t\t\t\t\t\t\t\t<\/div>\n\t\t\t\t<\/div>\n\t\t\t\t<div class=\"elementor-element elementor-element-12e798f elementor-widget elementor-widget-heading\" data-id=\"12e798f\" data-element_type=\"widget\" data-widget_type=\"heading.default\">\n\t\t\t\t<div class=\"elementor-widget-container\">\n\t\t\t\t\t<h3 class=\"elementor-heading-title elementor-size-default\">III. INFORMACE PRO ZAM\u011aSTNANCE<\/h3>\t\t\t\t<\/div>\n\t\t\t\t<\/div>\n\t\t\t\t<div class=\"elementor-element elementor-element-783a250 elementor-widget elementor-widget-text-editor\" data-id=\"783a250\" data-element_type=\"widget\" data-widget_type=\"text-editor.default\">\n\t\t\t\t<div class=\"elementor-widget-container\">\n\t\t\t\t\t\t\t\t\t<p class=\"tm-0\">\u00dadaje zam\u011bstnance jsou zpracov\u00e1v\u00e1ny na z\u00e1klad\u011b pracovn\u011bpr\u00e1vn\u00edch p\u0159edpis\u016f pro \u00fa\u010dely pracovn\u00edho pom\u011bru a uchov\u00e1v\u00e1ny v souladu s prov\u00e1d\u011bc\u00edmi p\u0159edpisy v osobn\u00edm spise.<\/p><p class=\"tm-0\">Na pracovi\u0161ti je nainstalov\u00e1n kamerov\u00fd syst\u00e9m.<\/p><p class=\"tm-0\">\u00da\u010delem monitorov\u00e1n\u00ed je: zajistit bezpe\u010dnost zam\u011bstnanc\u016f, ochranu majetku a kontrolu v\u00fdroby.<\/p><p class=\"tm-0\">Rozsah sledov\u00e1n\u00ed. Monitorov\u00e1ny jsou v\u00fdrobn\u00ed haly, komunikace a technologick\u00e9 cesty v cel\u00e9m z\u00e1vod\u011b, s v\u00fdjimkou hygienick\u00fdch za\u0159\u00edzen\u00ed a \u0161aten.<\/p><p class=\"tm-0\">Monitorovac\u00ed s\u00ed\u0165 se skl\u00e1d\u00e1 z kamer um\u00edst\u011bn\u00fdch na viditeln\u00fdch m\u00edstech pracovi\u0161t\u011b, jejich\u017e um\u00edst\u011bn\u00ed bude zam\u011bstnanci sd\u011bleno p\u0159i prvn\u00edm sezn\u00e1men\u00ed s uspo\u0159\u00e1d\u00e1n\u00edm pracovi\u0161t\u011b. Z\u00e1znamy z kamer jsou po dobu jednoho m\u011bs\u00edce ukl\u00e1d\u00e1ny na disk um\u00edst\u011bn\u00fd na pracovi\u0161ti, pot\u00e9 jsou automaticky vymaz\u00e1ny.<\/p><p class=\"tm-0\">V souladu s ustanoven\u00edmi obecn\u00e9ho na\u0159\u00edzen\u00ed Evropsk\u00e9ho parlamentu a Rady (EU) 2016\/679 ze dne 27. dubna 2016 o ochran\u011b fyzick\u00fdch osob v souvislosti se zpracov\u00e1n\u00edm osobn\u00edch \u00fadaj\u016f a o voln\u00e9m pohybu t\u011bchto \u00fadaj\u016f a o zru\u0161en\u00ed sm\u011brnice 95\/46\/ES (RODO) V\u00e1s informuji, \u017ee:<\/p><ol class=\"tresc1\" start=\"18\"><li>Spr\u00e1vcem zpracov\u00e1vaj\u00edc\u00edm osobn\u00ed \u00fadaje zam\u011bstnance je JACEK NOGAJ podnikaj\u00edc\u00ed pod n\u00e1zvem P.H.U.P. \u201cDajano\u201d Jacek Nogaj ul. Ogrodowa 71, 62-680 Opat\u00f3wek, tel. (062) 769 18 41, e-mail: box@dajano.pl, NIP: 6180011390.<\/li><li>Z ustanoven\u00ed v\u00fd\u0161e uveden\u00e9ho na\u0159\u00edzen\u00ed Evropsk\u00e9ho parlamentu vypl\u00fdv\u00e1, \u017ee fyzick\u00e1 osoba, jej\u00ed\u017e \u00fadaje jsou zpracov\u00e1v\u00e1ny, m\u00e1 pr\u00e1vo po\u017eadovat od spr\u00e1vce p\u0159\u00edstup k osobn\u00edm \u00fadaj\u016fm, kter\u00e9 se j\u00ed t\u00fdkaj\u00ed, jejich opravu, v\u00fdmaz nebo omezen\u00ed zpracov\u00e1n\u00ed, jako\u017e i vzn\u00e9st n\u00e1mitku proti zpracov\u00e1n\u00ed a m\u00e1 pr\u00e1vo na p\u0159enositelnost \u00fadaj\u016f.<\/li><li>Osobn\u00ed \u00fadaje nebudou p\u0159ed\u00e1v\u00e1ny jin\u00fdm p\u0159\u00edjemc\u016fm \u00fadaj\u016f nebo t\u0159et\u00edm stran\u00e1m ne\u017e:<br \/><ul class=\"tresc\"><li>pov\u011b\u0159en\u00fdm zam\u011bstnanc\u016fm spr\u00e1vce,<\/li><li>vypl\u00fdvaj\u00edc\u00ed z pr\u00e1vn\u00edch p\u0159edpis\u016f.<\/li><li>pro realizaci bankovn\u00edch slu\u017eeb spole\u010dnosti,<\/li><li>poskytovatel\u00e9 slu\u017eeb, kte\u0159\u00ed jsou smluvn\u011b pov\u011b\u0159eni zpracov\u00e1n\u00edm osobn\u00edch \u00fadaj\u016f pro v\u00fdkon slu\u017eeb poskytovan\u00fdch Spr\u00e1vci, jejich pov\u011b\u0159en\u00ed zam\u011bstnanci - v rozsahu nezbytn\u00e9m pro \u0159\u00e1dn\u00fd v\u00fdkon t\u011bchto slu\u017eeb, zejm\u00e9na jsou shroma\u017e\u010fov\u00e1ny \u00fadaje shrom\u00e1\u017ed\u011bn\u00e9 telematick\u00fdmi za\u0159\u00edzen\u00edmi o rychlosti pohybu, aktu\u00e1ln\u00ed poloze, ujet\u00e9 trase, d\u00e9lce p\u0159est\u00e1vek v j\u00edzd\u011b, nav\u0161t\u00edven\u00fdch m\u00edstech za \u00fa\u010delem zv\u00fd\u0161en\u00ed bezpe\u010dnosti pr\u00e1ce, optimalizace logistick\u00fdch operac\u00ed a kontroly pln\u011bn\u00ed sv\u011b\u0159en\u00fdch povinnost\u00ed zam\u011bstnanc\u016f,<\/li><li>subjekty spolupracuj\u00edc\u00ed se Spr\u00e1vcem, kter\u00fdm jsou osobn\u00ed \u00fadaje zp\u0159\u00edstupn\u011bny na z\u00e1klad\u011b souhlasu subjektu \u00fadaj\u016f a pro \u00fa\u010dely v n\u011bm uveden\u00e9.<\/li><\/ul><\/li><li>Osobn\u00ed \u00fadaje nebudou p\u0159ed\u00e1v\u00e1ny do t\u0159et\u00ed zem\u011b nebo mezin\u00e1rodn\u00ed organizaci.<\/li><li>Poskytnut\u00ed osobn\u00edch \u00fadaj\u016f je z\u00e1konn\u00fdm po\u017eadavkem a je povinn\u00e9 (\u010dl. 6 odst. 1 p\u00edsm. c) na\u0159\u00edzen\u00ed RODO). Zpracov\u00e1n\u00ed osobn\u00edch \u00fadaj\u016f poskytnut\u00fdch zam\u011bstnancem nebude podl\u00e9hat automatizovan\u00e9mu rozhodov\u00e1n\u00ed po p\u0159ijet\u00ed rozhodnut\u00ed, v\u010detn\u011b profilov\u00e1n\u00ed, jak je uvedeno v \u010dl. 22 odst. 1 a 4 RODO.<\/li><li>Pokud se zam\u011bstnanec domn\u00edv\u00e1, \u017ee zpracov\u00e1n\u00ed poru\u0161uje z\u00e1kon - m\u00e1 pr\u00e1vo podat st\u00ed\u017enost u dozorov\u00e9ho \u00fa\u0159adu, kter\u00fdm je \u00da\u0159ad pro ochranu osobn\u00edch \u00fadaj\u016f (00-193 Var\u0161ava, ul. Stawki 2, tel. 22 531 03 00, fax. 22 531 03 01.<\/li><li>Osobn\u00ed spis zam\u011bstnance se archivuje po dobu 50 let v souladu s na\u0159\u00edzen\u00edm ministra pr\u00e1ce a soci\u00e1ln\u00ed politiky ze dne 28. kv\u011btna 1996 o rozsahu evidence zam\u011bstnavatel\u016f ve v\u011bcech t\u00fdkaj\u00edc\u00edch se pracovn\u00edho pom\u011bru a zp\u016fsobu veden\u00ed osobn\u00edho spisu zam\u011bstnance (Dz.U.1996.62.286).<\/li><\/ol>\t\t\t\t\t\t\t\t<\/div>\n\t\t\t\t<\/div>\n\t\t\t\t<div class=\"elementor-element elementor-element-ee2657c elementor-widget elementor-widget-heading\" data-id=\"ee2657c\" data-element_type=\"widget\" data-widget_type=\"heading.default\">\n\t\t\t\t<div class=\"elementor-widget-container\">\n\t\t\t\t\t<h3 class=\"elementor-heading-title elementor-size-default\">IV. INFORMACE O SOUBORECH COOKIE\n<\/h3>\t\t\t\t<\/div>\n\t\t\t\t<\/div>\n\t\t\t\t<div class=\"elementor-element elementor-element-9324cc5 elementor-widget elementor-widget-text-editor\" data-id=\"9324cc5\" data-element_type=\"widget\" data-widget_type=\"text-editor.default\">\n\t\t\t\t<div class=\"elementor-widget-container\">\n\t\t\t\t\t\t\t\t\t<div class=\"container-main\"><div class=\"container\"><div class=\"main\"><p class=\"tm-0\">N\u00e1sleduj\u00edc\u00ed vzorov\u00e9 z\u00e1sady pou\u017e\u00edv\u00e1n\u00ed soubor\u016f cookie jsou chr\u00e1n\u011bny autorsk\u00fdmi pr\u00e1vy spole\u010dnosti IAB Poland. zdroj informac\u00ed:\u00a0<a href=\"http:\/\/wszystkoociasteczkach.pl\/\" target=\"_blank\" rel=\"nofollow noopener\">http:\/\/wszystkoociasteczkach.pl\/<\/a>.<\/p><ol class=\"tresc1\"><li>Webov\u00e9 str\u00e1nky neshroma\u017e\u010fuj\u00ed \u017e\u00e1dn\u00e9 informace automaticky, s v\u00fdjimkou informac\u00ed obsa\u017een\u00fdch v souborech cookie.<\/li><li>Soubory cookie (tzv. \u201ecookies\u201d) jsou data IT, zejm\u00e9na textov\u00e9 soubory, kter\u00e9 jsou ulo\u017eeny v koncov\u00e9m za\u0159\u00edzen\u00ed u\u017eivatele slu\u017eby a jsou ur\u010deny k pou\u017eit\u00ed na webov\u00fdch str\u00e1nk\u00e1ch. Soubory cookie obvykle obsahuj\u00ed n\u00e1zev webov\u00e9 str\u00e1nky, ze kter\u00e9 poch\u00e1zej\u00ed, dobu, po kterou jsou ulo\u017eeny v koncov\u00e9m za\u0159\u00edzen\u00ed, a jedine\u010dn\u00e9 \u010d\u00edslo.<\/li><li>Subjektem, kter\u00fd ukl\u00e1d\u00e1 soubory cookie do koncov\u00e9ho za\u0159\u00edzen\u00ed u\u017eivatele slu\u017eby a m\u00e1 k nim p\u0159\u00edstup, je provozovatel slu\u017eby www.dajano.pl.; Jacek Nogaj podnikaj\u00edc\u00ed pod n\u00e1zvem P.H.U.P. \u201cDajano\u201d Jacek Nogaj ul. Ogrodowa 71, 62-680 Opat\u00f3wek.<\/li><li>Soubory cookie se pou\u017e\u00edvaj\u00ed k:<ul class=\"tresc\"><li>p\u0159izp\u016fsoben\u00ed obsahu webov\u00fdch str\u00e1nek preferenc\u00edm u\u017eivatele a optimalizace pou\u017e\u00edv\u00e1n\u00ed webov\u00fdch str\u00e1nek; tyto soubory umo\u017e\u0148uj\u00ed zejm\u00e9na rozpoznat za\u0159\u00edzen\u00ed u\u017eivatele webov\u00fdch str\u00e1nek a odpov\u00eddaj\u00edc\u00ed zobrazen\u00ed webov\u00fdch str\u00e1nek p\u0159izp\u016fsoben\u00e9 jeho individu\u00e1ln\u00edm pot\u0159eb\u00e1m;<\/li><li>vytv\u00e1\u0159en\u00ed statistik, kter\u00e9 n\u00e1m pom\u00e1haj\u00ed pochopit, jak n\u00e1v\u0161t\u011bvn\u00edci webov\u00fdch str\u00e1nek pou\u017e\u00edvaj\u00ed tyto str\u00e1nky, co\u017e n\u00e1m umo\u017e\u0148uje zlep\u0161ovat jejich strukturu a obsah;<\/li><\/ul><\/li><li>Webov\u00e9 str\u00e1nky pou\u017e\u00edvaj\u00ed dva hlavn\u00ed typy soubor\u016f cookie: \u201erela\u010dn\u00ed\u201d (session cookies) a \u201etrval\u00e9\u201d (persistent cookies). \u201eRela\u010dn\u00ed\u201d soubory cookie jsou do\u010dasn\u00e9 soubory, kter\u00e9 se ukl\u00e1daj\u00ed v koncov\u00e9m za\u0159\u00edzen\u00ed u\u017eivatele, dokud se neodhl\u00e1s\u00ed, neopust\u00ed webov\u00e9 str\u00e1nky nebo nevypne software (webov\u00fd prohl\u00ed\u017ee\u010d). \u201eTrval\u00e9\u201d soubory cookie jsou ulo\u017eeny v koncov\u00e9m za\u0159\u00edzen\u00ed U\u017eivatele po dobu uvedenou v parametrech soubor\u016f cookie nebo dokud je U\u017eivatel nesma\u017ee.<\/li><li>V r\u00e1mci slu\u017eby se pou\u017e\u00edvaj\u00ed n\u00e1sleduj\u00edc\u00ed typy soubor\u016f cookie:<ul class=\"tresc\"><li>\u201cnezbytn\u00e9\u201d soubory cookie, kter\u00e9 umo\u017e\u0148uj\u00ed pou\u017e\u00edv\u00e1n\u00ed slu\u017eeb dostupn\u00fdch na webov\u00fdch str\u00e1nk\u00e1ch, nap\u0159. autentiza\u010dn\u00ed soubory cookie pou\u017e\u00edvan\u00e9 pro slu\u017eby vy\u017eaduj\u00edc\u00ed autentizaci na webov\u00fdch str\u00e1nk\u00e1ch;<\/li><li>soubory cookie pou\u017e\u00edvan\u00e9 pro bezpe\u010dnostn\u00ed \u00fa\u010dely, nap\u0159. slou\u017e\u00edc\u00ed k odhalen\u00ed zneu\u017eit\u00ed ov\u011b\u0159ov\u00e1n\u00ed na webov\u00fdch str\u00e1nk\u00e1ch;<\/li><li>\u201cv\u00fdkonnostn\u00ed\u201d soubory cookie, kter\u00e9 umo\u017e\u0148uj\u00ed shroma\u017e\u010fovat informace o pou\u017e\u00edv\u00e1n\u00ed webov\u00fdch str\u00e1nek;<\/li><li>\u201cfunk\u010dn\u00ed\u201d soubory cookie, kter\u00e9 umo\u017e\u0148uj\u00ed \u201ezapamatovat si\u201d nastaven\u00ed zvolen\u00e9 u\u017eivatelem a p\u0159izp\u016fsobit u\u017eivatelsk\u00e9 rozhran\u00ed, nap\u0159. s ohledem na jazyk nebo oblast p\u016fvodu, velikost p\u00edsma, design webov\u00fdch str\u00e1nek atd;<\/li><li>\u201creklamn\u00ed\u201d soubory cookie, kter\u00e9 umo\u017e\u0148uj\u00ed poskytovat u\u017eivatel\u016fm reklamn\u00ed obsah v\u00edce p\u0159izp\u016fsoben\u00fd jejich z\u00e1jm\u016fm.<\/li><\/ul><\/li><li>V mnoha p\u0159\u00edpadech software pro prohl\u00ed\u017een\u00ed webov\u00fdch str\u00e1nek (webov\u00fd prohl\u00ed\u017ee\u010d) standardn\u011b umo\u017e\u0148uje ukl\u00e1d\u00e1n\u00ed soubor\u016f cookie do koncov\u00e9ho za\u0159\u00edzen\u00ed u\u017eivatele. U\u017eivatel\u00e9 webov\u00fdch str\u00e1nek mohou kdykoli zm\u011bnit sv\u00e9 nastaven\u00ed t\u00fdkaj\u00edc\u00ed se soubor\u016f cookie. Tato nastaven\u00ed lze zm\u011bnit zejm\u00e9na tak, \u017ee v nastaven\u00ed webov\u00e9ho prohl\u00ed\u017ee\u010de zablokuj\u00ed automatick\u00e9 nakl\u00e1d\u00e1n\u00ed se soubory cookie nebo informuj\u00ed o jejich ka\u017ed\u00e9m um\u00edst\u011bn\u00ed do za\u0159\u00edzen\u00ed U\u017eivatele Slu\u017eby. Podrobn\u00e9 informace o mo\u017enostech a zp\u016fsobech pou\u017e\u00edv\u00e1n\u00ed soubor\u016f cookie jsou k dispozici v nastaven\u00ed va\u0161eho softwaru (webov\u00e9ho prohl\u00ed\u017ee\u010de).<\/li><li>Provozovatel webov\u00fdch str\u00e1nek v\u00e1s informuje, \u017ee omezen\u00ed pou\u017e\u00edv\u00e1n\u00ed soubor\u016f cookie m\u016f\u017ee ovlivnit n\u011bkter\u00e9 funkce dostupn\u00e9 na webov\u00fdch str\u00e1nk\u00e1ch.<\/li><li>Soubory cookie jsou um\u00edst\u011bny v koncov\u00e9m za\u0159\u00edzen\u00ed u\u017eivatele slu\u017eby a mohou je pou\u017e\u00edvat tak\u00e9 inzerenti a partne\u0159i spolupracuj\u00edc\u00ed s provozovatelem slu\u017eby.<\/li><li>Dal\u0161\u00ed informace o souborech cookie naleznete na adrese http:\/\/wszystkoociasteczkach.pl\/ nebo v \u010d\u00e1sti \u201eN\u00e1pov\u011bda\u201d v nab\u00eddce prohl\u00ed\u017ee\u010de.<\/li><\/ol><div class=\"clear\">\u00a0<\/div><\/div><\/div><\/div>\t\t\t\t\t\t\t\t<\/div>\n\t\t\t\t<\/div>\n\t\t\t\t\t<\/div>\n\t\t<\/div>\n\t\t\t\t\t<\/div>\n\t\t<\/section>\n\t\t\t\t<\/div>","protected":false},"excerpt":{"rendered":"<p>Regulamin strony RODO &#8211; Warunki i zasady u\u017cytkowania strony I. INFORMACJA DLA KLIENT\u00d3W Zgodnie z postanowieniami og\u00f3lnego Rozporz\u0105dzenia Parlamentu Europejskiego i Rady (UE) 2016\/679 z dnia 27 kwietnia 2016 r. w sprawie ochrony os\u00f3b fizycznych w zwi\u0105zku z przetwarzaniem danych osobowych i w sprawie swobodnego przep\u0142ywu takich danych oraz uchylenia dyrektywy 95\/46\/WE (RODO), informuj\u0119, \u017ce:&#8230;<\/p>","protected":false},"author":1,"featured_media":0,"parent":0,"menu_order":0,"comment_status":"closed","ping_status":"closed","template":"","meta":{"_seopress_robots_primary_cat":"0","_seopress_titles_title":"","_seopress_titles_desc":"","_seopress_robots_index":"","footnotes":""},"class_list":["post-988784","page","type-page","status-publish","hentry"],"_links":{"self":[{"href":"https:\/\/dajano.pl\/cz\/wp-json\/wp\/v2\/pages\/988784","targetHints":{"allow":["GET"]}}],"collection":[{"href":"https:\/\/dajano.pl\/cz\/wp-json\/wp\/v2\/pages"}],"about":[{"href":"https:\/\/dajano.pl\/cz\/wp-json\/wp\/v2\/types\/page"}],"author":[{"embeddable":true,"href":"https:\/\/dajano.pl\/cz\/wp-json\/wp\/v2\/users\/1"}],"replies":[{"embeddable":true,"href":"https:\/\/dajano.pl\/cz\/wp-json\/wp\/v2\/comments?post=988784"}],"version-history":[{"count":0,"href":"https:\/\/dajano.pl\/cz\/wp-json\/wp\/v2\/pages\/988784\/revisions"}],"wp:attachment":[{"href":"https:\/\/dajano.pl\/cz\/wp-json\/wp\/v2\/media?parent=988784"}],"curies":[{"name":"wp","href":"https:\/\/api.w.org\/{rel}","templated":true}]}}