{"id":7171,"date":"2023-04-03T13:00:04","date_gmt":"2023-04-03T13:00:04","guid":{"rendered":"https:\/\/tecnologia.vamtam.com\/?page_id=7171"},"modified":"2025-11-12T05:22:56","modified_gmt":"2025-11-12T05:22:56","slug":"nase-sluzby","status":"publish","type":"page","link":"https:\/\/dajano.pl\/cz\/firma\/nase-sluzby\/","title":{"rendered":"Na\u0161e slu\u017eby"},"content":{"rendered":"<div data-elementor-type=\"wp-page\" data-elementor-id=\"7171\" class=\"elementor elementor-7171\" data-elementor-post-type=\"page\">\n\t\t\t\t\t\t<section class=\"elementor-section elementor-top-section elementor-element elementor-element-3333e3e elementor-section-boxed elementor-section-height-default elementor-section-height-default\" data-id=\"3333e3e\" data-element_type=\"section\">\n\t\t\t\t\t\t<div class=\"elementor-container elementor-column-gap-default\">\n\t\t\t\t\t<div class=\"elementor-column elementor-col-100 elementor-top-column elementor-element elementor-element-31ce0e8\" data-id=\"31ce0e8\" data-element_type=\"column\">\n\t\t\t<div class=\"elementor-widget-wrap elementor-element-populated\">\n\t\t\t\t\t\t<div class=\"elementor-element elementor-element-65c27ec animated-slow elementor-invisible elementor-widget elementor-widget-heading\" data-id=\"65c27ec\" data-element_type=\"widget\" data-settings=\"{&quot;_animation&quot;:&quot;fadeIn&quot;,&quot;_animation_tablet&quot;:&quot;none&quot;}\" data-widget_type=\"heading.default\">\n\t\t\t\t<div class=\"elementor-widget-container\">\n\t\t\t\t\t<h1 class=\"elementor-heading-title elementor-size-default\">Na\u0161e slu\u017eby<\/h1>\t\t\t\t<\/div>\n\t\t\t\t<\/div>\n\t\t\t\t<div class=\"elementor-element elementor-element-fc14c35 animated-slow elementor-invisible elementor-widget elementor-widget-heading\" data-id=\"fc14c35\" data-element_type=\"widget\" data-settings=\"{&quot;_animation&quot;:&quot;fadeIn&quot;,&quot;_animation_tablet&quot;:&quot;none&quot;,&quot;_animation_delay&quot;:300}\" data-widget_type=\"heading.default\">\n\t\t\t\t<div class=\"elementor-widget-container\">\n\t\t\t\t\t<p class=\"elementor-heading-title elementor-size-default\">DAJANO | L\u00eddr ve v\u00fdrob\u011b Gitterbox\u016f a kovov\u00fdch ko\u0161\u016f<\/p>\t\t\t\t<\/div>\n\t\t\t\t<\/div>\n\t\t\t\t<div class=\"elementor-element elementor-element-e0226bb elementor-widget elementor-widget-spacer\" data-id=\"e0226bb\" data-element_type=\"widget\" data-widget_type=\"spacer.default\">\n\t\t\t\t<div class=\"elementor-widget-container\">\n\t\t\t\t\t\t\t<div class=\"elementor-spacer\">\n\t\t\t<div class=\"elementor-spacer-inner\"><\/div>\n\t\t<\/div>\n\t\t\t\t\t\t<\/div>\n\t\t\t\t<\/div>\n\t\t\t\t\t<\/div>\n\t\t<\/div>\n\t\t\t\t\t<\/div>\n\t\t<\/section>\n\t\t\t\t<section class=\"elementor-section elementor-top-section elementor-element elementor-element-16b92e18 elementor-section-items-stretch elementor-section-content-bottom elementor-section-height-min-height elementor-section-boxed elementor-section-height-default\" data-id=\"16b92e18\" data-element_type=\"section\">\n\t\t\t\t\t\t<div class=\"elementor-container elementor-column-gap-no\">\n\t\t\t\t\t<div class=\"elementor-column elementor-col-50 elementor-top-column elementor-element elementor-element-28c53cc8\" data-id=\"28c53cc8\" data-element_type=\"column\" data-settings=\"{&quot;background_background&quot;:&quot;classic&quot;}\">\n\t\t\t<div class=\"elementor-widget-wrap elementor-element-populated\">\n\t\t\t\t\t\t<div class=\"elementor-element elementor-element-2185a5e6 elementor-widget elementor-widget-spacer\" data-id=\"2185a5e6\" data-element_type=\"widget\" data-widget_type=\"spacer.default\">\n\t\t\t\t<div class=\"elementor-widget-container\">\n\t\t\t\t\t\t\t<div class=\"elementor-spacer\">\n\t\t\t<div class=\"elementor-spacer-inner\"><\/div>\n\t\t<\/div>\n\t\t\t\t\t\t<\/div>\n\t\t\t\t<\/div>\n\t\t\t\t\t<\/div>\n\t\t<\/div>\n\t\t\t\t<div class=\"elementor-column elementor-col-50 elementor-top-column elementor-element elementor-element-74aea336\" data-id=\"74aea336\" data-element_type=\"column\">\n\t\t\t<div class=\"elementor-widget-wrap elementor-element-populated\">\n\t\t\t\t\t\t<div class=\"elementor-element elementor-element-522fc684 elementor-widget-mobile__width-inherit elementor-widget elementor-widget-heading\" data-id=\"522fc684\" data-element_type=\"widget\" data-widget_type=\"heading.default\">\n\t\t\t\t<div class=\"elementor-widget-container\">\n\t\t\t\t\t<h2 class=\"elementor-heading-title elementor-size-default\">Ve spole\u010dnosti DAJANO vyr\u00e1b\u00edme v\u0161echny komponenty pro na\u0161e kontejnery a n\u00e1stavce ve vlastn\u00ed tov\u00e1rn\u011b.<\/h2>\t\t\t\t<\/div>\n\t\t\t\t<\/div>\n\t\t\t\t<div class=\"elementor-element elementor-element-a52819f elementor-widget-mobile__width-inherit elementor-widget elementor-widget-text-editor\" data-id=\"a52819f\" data-element_type=\"widget\" data-widget_type=\"text-editor.default\">\n\t\t\t\t<div class=\"elementor-widget-container\">\n\t\t\t\t\t\t\t\t\t<p data-pm-slice=\"1 1 []\">Samostatn\u011b:<\/p><ul><li>sva\u0159ujeme ocelov\u00e9 pletivo,<\/li><li>vyr\u00e1b\u00edme r\u00e1my a nosn\u00e9 konstrukce,<\/li><li>Vyr\u00e1b\u00edme dve\u0159e, klapky a z\u00e1v\u011bsy,<\/li><li>vytv\u00e1\u0159\u00edme podstavce a sva\u0159ujeme nohy,<\/li><li>p\u0159ipravujeme komponenty pro pr\u00e1\u0161kov\u00e9 lakov\u00e1n\u00ed nebo pozinkov\u00e1n\u00ed.<\/li><\/ul><p data-start=\"536\" data-end=\"687\" data-is-last-node=\"\" data-is-only-node=\"\">D\u00edky tomu m\u00e1me plnou kontrolu nad kvalitou a m\u016f\u017eeme pru\u017en\u011b reagovat na individu\u00e1ln\u00ed pot\u0159eby na\u0161ich z\u00e1kazn\u00edk\u016f - bez z\u00e1vislosti na subdodavatel\u00edch.<\/p>\t\t\t\t\t\t\t\t<\/div>\n\t\t\t\t<\/div>\n\t\t\t\t\t<\/div>\n\t\t<\/div>\n\t\t\t\t\t<\/div>\n\t\t<\/section>\n\t\t\t\t<section class=\"elementor-section elementor-top-section elementor-element elementor-element-f8a35de elementor-section-boxed elementor-section-height-default elementor-section-height-default\" data-id=\"f8a35de\" data-element_type=\"section\">\n\t\t\t\t\t\t<div class=\"elementor-container elementor-column-gap-default\">\n\t\t\t\t\t<div class=\"elementor-column elementor-col-100 elementor-top-column elementor-element elementor-element-e99d0cd\" data-id=\"e99d0cd\" data-element_type=\"column\" data-settings=\"{&quot;background_background&quot;:&quot;classic&quot;}\">\n\t\t\t<div class=\"elementor-widget-wrap elementor-element-populated\">\n\t\t\t\t\t\t<div class=\"elementor-element elementor-element-efe757f elementor-widget elementor-widget-heading\" data-id=\"efe757f\" data-element_type=\"widget\" data-widget_type=\"heading.default\">\n\t\t\t\t<div class=\"elementor-widget-container\">\n\t\t\t\t\t<h2 class=\"elementor-heading-title elementor-size-default\">Modern\u00ed v\u00fdroba - p\u0159esnost a technologie<\/h2>\t\t\t\t<\/div>\n\t\t\t\t<\/div>\n\t\t\t\t<div class=\"elementor-element elementor-element-d8e647b elementor-widget elementor-widget-text-editor\" data-id=\"d8e647b\" data-element_type=\"widget\" data-widget_type=\"text-editor.default\">\n\t\t\t\t<div class=\"elementor-widget-container\">\n\t\t\t\t\t\t\t\t\t<p data-start=\"845\" data-end=\"1095\">Na\u0161e produkce je v souladu s\u00a0<strong data-start=\"885\" data-end=\"902\">Pr\u016fmysl 5.0<\/strong>, kde \u010dlov\u011bk a stroj pracuj\u00ed v harmonii a vytv\u00e1\u0159ej\u00ed v\u00fdrobky nejvy\u0161\u0161\u00ed kvality. D\u00edky\u00a0<strong data-start=\"994\" data-end=\"1030\">modern\u00ed stroje<\/strong>\u00a0m\u00e1me plnou kontrolu nad ka\u017ed\u00fdm krokem procesu. Pou\u017e\u00edv\u00e1me:<\/p>\t\t\t\t\t\t\t\t<\/div>\n\t\t\t\t<\/div>\n\t\t\t\t<div class=\"elementor-element elementor-element-8f4d2f7 elementor-widget__width-initial elementor-widget-mobile__width-inherit elementor-icon-list--layout-traditional elementor-list-item-link-full_width elementor-widget elementor-widget-icon-list\" data-id=\"8f4d2f7\" data-element_type=\"widget\" data-widget_type=\"icon-list.default\">\n\t\t\t\t<div class=\"elementor-widget-container\">\n\t\t\t\t\t\t\t<ul class=\"elementor-icon-list-items\">\n\t\t\t\t\t\t\t<li class=\"elementor-icon-list-item\">\n\t\t\t\t\t\t\t\t\t\t\t<span class=\"elementor-icon-list-icon\">\n\t\t\t\t\t\t\t<i aria-hidden=\"true\" class=\"vamtamtheme- vamtam-theme-check-box\"><\/i>\t\t\t\t\t\t<\/span>\n\t\t\t\t\t\t\t\t\t\t<span class=\"elementor-icon-list-text\">\u0158ez\u00e1n\u00ed laserem - zaji\u0161\u0165uje maxim\u00e1ln\u00ed p\u0159esnost a dokonal\u00e9 uchycen\u00ed sou\u010d\u00e1st\u00ed.<\/span>\n\t\t\t\t\t\t\t\t\t<\/li>\n\t\t\t\t\t\t\t\t<li class=\"elementor-icon-list-item\">\n\t\t\t\t\t\t\t\t\t\t\t<span class=\"elementor-icon-list-icon\">\n\t\t\t\t\t\t\t<i aria-hidden=\"true\" class=\"vamtamtheme- vamtam-theme-check-box\"><\/i>\t\t\t\t\t\t<\/span>\n\t\t\t\t\t\t\t\t\t\t<span class=\"elementor-icon-list-text\">CNC oh\u00fdb\u00e1n\u00ed - zaru\u010duje opakovatelnost a p\u0159esn\u00e9 tvary.<\/span>\n\t\t\t\t\t\t\t\t\t<\/li>\n\t\t\t\t\t\t\t\t<li class=\"elementor-icon-list-item\">\n\t\t\t\t\t\t\t\t\t\t\t<span class=\"elementor-icon-list-icon\">\n\t\t\t\t\t\t\t<i aria-hidden=\"true\" class=\"vamtamtheme- vamtam-theme-check-box\"><\/i>\t\t\t\t\t\t<\/span>\n\t\t\t\t\t\t\t\t\t\t<span class=\"elementor-icon-list-text\">Robotick\u00e9 sva\u0159ov\u00e1n\u00ed - zvy\u0161uje pevnost a spolehlivost na\u0161ich konstrukc\u00ed.<\/span>\n\t\t\t\t\t\t\t\t\t<\/li>\n\t\t\t\t\t\t\t\t<li class=\"elementor-icon-list-item\">\n\t\t\t\t\t\t\t\t\t\t\t<span class=\"elementor-icon-list-icon\">\n\t\t\t\t\t\t\t<i aria-hidden=\"true\" class=\"vamtamtheme- vamtam-theme-check-box\"><\/i>\t\t\t\t\t\t<\/span>\n\t\t\t\t\t\t\t\t\t\t<span class=\"elementor-icon-list-text\">Pr\u00e1\u0161kov\u00e9 n\u00e1t\u011bry - chr\u00e1n\u00ed p\u0159ed koroz\u00ed a zvy\u0161uj\u00ed odolnost v\u00fdrobk\u016f.<\/span>\n\t\t\t\t\t\t\t\t\t<\/li>\n\t\t\t\t\t\t<\/ul>\n\t\t\t\t\t\t<\/div>\n\t\t\t\t<\/div>\n\t\t\t\t<div class=\"elementor-element elementor-element-cfc3533 elementor-widget elementor-widget-text-editor\" data-id=\"cfc3533\" data-element_type=\"widget\" data-widget_type=\"text-editor.default\">\n\t\t\t\t<div class=\"elementor-widget-container\">\n\t\t\t\t\t\t\t\t\t<p data-start=\"845\" data-end=\"1095\">D\u00edky t\u011bmto technologi\u00edm na\u0161e\u00a0<strong data-start=\"1459\" data-end=\"1473\">Gitterboxy<\/strong>\u00a0i\u00a0<strong data-start=\"1476\" data-end=\"1494\">kovov\u00e9 ko\u0161e<\/strong> jsou robustn\u00ed, trvanliv\u00e9 a odoln\u00e9 v\u016f\u010di nejn\u00e1ro\u010dn\u011bj\u0161\u00edm provozn\u00edm podm\u00ednk\u00e1m.<\/p>\t\t\t\t\t\t\t\t<\/div>\n\t\t\t\t<\/div>\n\t\t\t\t\t<\/div>\n\t\t<\/div>\n\t\t\t\t\t<\/div>\n\t\t<\/section>\n\t\t\t\t<section class=\"elementor-section elementor-top-section elementor-element elementor-element-872bc64 elementor-section-boxed elementor-section-height-default elementor-section-height-default\" data-id=\"872bc64\" data-element_type=\"section\">\n\t\t\t\t\t\t<div class=\"elementor-container elementor-column-gap-default\">\n\t\t\t\t\t<div class=\"elementor-column elementor-col-100 elementor-top-column elementor-element elementor-element-e62b568\" data-id=\"e62b568\" data-element_type=\"column\" data-settings=\"{&quot;background_background&quot;:&quot;classic&quot;}\">\n\t\t\t<div class=\"elementor-widget-wrap elementor-element-populated\">\n\t\t\t\t\t\t<div class=\"elementor-element elementor-element-d9ad9b7 elementor-widget elementor-widget-heading\" data-id=\"d9ad9b7\" data-element_type=\"widget\" data-widget_type=\"heading.default\">\n\t\t\t\t<div class=\"elementor-widget-container\">\n\t\t\t\t\t<h2 class=\"elementor-heading-title elementor-size-default\">Obr\u00e1b\u011bn\u00ed kov\u016f<\/h2>\t\t\t\t<\/div>\n\t\t\t\t<\/div>\n\t\t\t\t<div class=\"elementor-element elementor-element-17c76c5 elementor-widget elementor-widget-text-editor\" data-id=\"17c76c5\" data-element_type=\"widget\" data-widget_type=\"text-editor.default\">\n\t\t\t\t<div class=\"elementor-widget-container\">\n\t\t\t\t\t\t\t\t\t<p data-start=\"845\" data-end=\"1095\">Nab\u00edz\u00edme komplexn\u00ed zpracov\u00e1n\u00ed kov\u016f pro pr\u016fmysl - od p\u0159esn\u00e9ho laserov\u00e9ho \u0159ez\u00e1n\u00ed, oh\u00fdb\u00e1n\u00ed a sva\u0159ov\u00e1n\u00ed a\u017e po pr\u00e1\u0161kov\u00e9 lakov\u00e1n\u00ed. N\u00e1\u0161 strojov\u00fd park a zku\u0161enosti n\u00e1m umo\u017e\u0148uj\u00ed realizovat jak opakovan\u00e9 s\u00e9rie, tak nestandardn\u00ed zak\u00e1zky pro individu\u00e1ln\u00ed pot\u0159eby z\u00e1kazn\u00edk\u016f. Zveme firmy z <strong>stavebnictv\u00ed<\/strong>, <strong>automobilov\u00fd pr\u016fmysl<\/strong>, <strong>n\u00e1bytek<\/strong>, <strong>zem\u011bd\u011blstv\u00ed<\/strong>, <strong>logistika<\/strong> a dal\u0161\u00ed odv\u011btv\u00ed <strong>pr\u016fmysl<\/strong>. Zaru\u010dujeme vysokou kvalitu proveden\u00ed, dochvilnost a flexibiln\u00ed p\u0159\u00edstup ke ka\u017ed\u00e9mu projektu.<\/p>\t\t\t\t\t\t\t\t<\/div>\n\t\t\t\t<\/div>\n\t\t\t\t<div class=\"vamtam-has-theme-widget-styles elementor-element elementor-element-ed0eac3 elementor-widget__width-inherit elementor-align-center elementor-widget-tablet__width-inherit elementor-widget elementor-widget-button\" data-id=\"ed0eac3\" data-element_type=\"widget\" data-widget_type=\"button.default\">\n\t\t\t\t<div class=\"elementor-widget-container\">\n\t\t\t\t\t\t\t\t\t<div class=\"elementor-button-wrapper\">\n\t\t\t\t\t<a class=\"elementor-button elementor-button-link elementor-size-sm\" href=\"\/cz\/firma\/nase-sluzby\/obrobka-metalu\/\">\n\t\t\t\t\t\t<span class=\"elementor-button-content-wrapper\">\n\t\t\t\t\t\t\t\t\t<span class=\"elementor-button-text\">Komplexn\u00ed zpracov\u00e1n\u00ed kov\u016f<\/span>\n\t\t\t\t\t<\/span>\n\t\t\t\t\t<\/a>\n\t\t\t\t<\/div>\n\t\t\t\t\t\t\t\t<\/div>\n\t\t\t\t<\/div>\n\t\t\t\t\t<\/div>\n\t\t<\/div>\n\t\t\t\t\t<\/div>\n\t\t<\/section>\n\t\t\t\t<section class=\"elementor-section elementor-top-section elementor-element elementor-element-1b9382a3 elementor-section-boxed elementor-section-height-default elementor-section-height-default\" data-id=\"1b9382a3\" data-element_type=\"section\">\n\t\t\t\t\t\t<div class=\"elementor-container elementor-column-gap-no\">\n\t\t\t\t\t<div class=\"elementor-column elementor-col-50 elementor-top-column elementor-element elementor-element-27a2eed4\" data-id=\"27a2eed4\" data-element_type=\"column\">\n\t\t\t<div class=\"elementor-widget-wrap elementor-element-populated\">\n\t\t\t\t\t\t<div class=\"elementor-element elementor-element-6baebdd8 elementor-widget elementor-widget-heading\" data-id=\"6baebdd8\" data-element_type=\"widget\" data-widget_type=\"heading.default\">\n\t\t\t\t<div class=\"elementor-widget-container\">\n\t\t\t\t\t<h2 class=\"elementor-heading-title elementor-size-default\">Polsk\u00e1 kvalita, evropsk\u00e9 normy<\/h2>\t\t\t\t<\/div>\n\t\t\t\t<\/div>\n\t\t\t\t\t<\/div>\n\t\t<\/div>\n\t\t\t\t<div class=\"elementor-column elementor-col-50 elementor-top-column elementor-element elementor-element-14aed444 elementor-hidden-tablet elementor-hidden-mobile\" data-id=\"14aed444\" data-element_type=\"column\">\n\t\t\t<div class=\"elementor-widget-wrap\">\n\t\t\t\t\t\t\t<\/div>\n\t\t<\/div>\n\t\t\t\t\t<\/div>\n\t\t<\/section>\n\t\t\t\t<section class=\"elementor-section elementor-top-section elementor-element elementor-element-6896ac1e elementor-section-boxed elementor-section-height-default elementor-section-height-default\" data-id=\"6896ac1e\" data-element_type=\"section\">\n\t\t\t\t\t\t<div class=\"elementor-container elementor-column-gap-no\">\n\t\t\t\t\t<div class=\"elementor-column elementor-col-33 elementor-top-column elementor-element elementor-element-5c53bb31\" data-id=\"5c53bb31\" data-element_type=\"column\">\n\t\t\t<div class=\"elementor-widget-wrap elementor-element-populated\">\n\t\t\t\t\t\t<div class=\"elementor-element elementor-element-4877ce92 elementor-widget elementor-widget-text-editor\" data-id=\"4877ce92\" data-element_type=\"widget\" data-widget_type=\"text-editor.default\">\n\t\t\t\t<div class=\"elementor-widget-container\">\n\t\t\t\t\t\t\t\t\t<p>Jako\u00a0<strong data-start=\"1626\" data-end=\"1656\">v\u00fdrobce s\u00ed\u0165ov\u00fdch ko\u0161\u016f<\/strong>\u00a0i\u00a0<strong data-start=\"1659\" data-end=\"1684\">kovov\u00e9 kontejnery<\/strong>\u00a0Zam\u011b\u0159ujeme se na kvalitu, trvanlivost a funk\u010dnost. Na\u0161e v\u00fdrobky se vyzna\u010duj\u00ed:<\/p><p>\u2705\u00a0<strong data-start=\"1772\" data-end=\"1790\">Odolnost<\/strong>\u00a0- z vysoce kvalitn\u00ed oceli, odoln\u00e9 proti zat\u00ed\u017een\u00ed.<br data-start=\"1850\" data-end=\"1853\" \/>\u2705\u00a0<strong data-start=\"1855\" data-end=\"1885\">Univerz\u00e1ln\u00ed aplikace<\/strong>\u00a0- ide\u00e1ln\u00ed pro p\u0159epravu, skladov\u00e1n\u00ed a v\u00fdrobu.<br data-start=\"1937\" data-end=\"1940\" \/>\u2705\u00a0<strong data-start=\"1942\" data-end=\"1954\">Ekologie<\/strong>\u00a0- na\u0161e kontejnery jsou pln\u011b recyklovateln\u00e9 a sni\u017euj\u00ed dopad na \u017eivotn\u00ed prost\u0159ed\u00ed.<\/p>\t\t\t\t\t\t\t\t<\/div>\n\t\t\t\t<\/div>\n\t\t\t\t\t<\/div>\n\t\t<\/div>\n\t\t\t\t<div class=\"elementor-column elementor-col-33 elementor-top-column elementor-element elementor-element-566ed395\" data-id=\"566ed395\" data-element_type=\"column\">\n\t\t\t<div class=\"elementor-widget-wrap\">\n\t\t\t\t\t\t\t<\/div>\n\t\t<\/div>\n\t\t\t\t<div class=\"elementor-column elementor-col-33 elementor-top-column elementor-element elementor-element-60fbe74a\" data-id=\"60fbe74a\" data-element_type=\"column\">\n\t\t\t<div class=\"elementor-widget-wrap elementor-element-populated\">\n\t\t\t\t\t\t<div class=\"elementor-element elementor-element-37aa52 elementor-widget elementor-widget-text-editor\" data-id=\"37aa52\" data-element_type=\"widget\" data-widget_type=\"text-editor.default\">\n\t\t\t\t<div class=\"elementor-widget-container\">\n\t\t\t\t\t\t\t\t\t<p>M\u00e1me\u00a0<strong data-start=\"2048\" data-end=\"2092\">Certifik\u00e1ty kvality ISO 9001 a ISO 14001<\/strong>\u00a0a licence\u00a0<strong data-start=\"2107\" data-end=\"2115\">EPAL<\/strong>, co\u017e potvrzuje soulad na\u0161\u00ed v\u00fdroby s mezin\u00e1rodn\u00edmi normami.<\/p>\t\t\t\t\t\t\t\t<\/div>\n\t\t\t\t<\/div>\n\t\t\t\t\t<\/div>\n\t\t<\/div>\n\t\t\t\t\t<\/div>\n\t\t<\/section>\n\t\t\t\t<section class=\"elementor-section elementor-top-section elementor-element elementor-element-546a22fc elementor-section-boxed elementor-section-height-default elementor-section-height-default\" data-id=\"546a22fc\" data-element_type=\"section\">\n\t\t\t\t\t\t<div class=\"elementor-container elementor-column-gap-no\">\n\t\t\t\t\t<div class=\"elementor-column elementor-col-100 elementor-top-column elementor-element elementor-element-f43678c\" data-id=\"f43678c\" data-element_type=\"column\" data-settings=\"{&quot;background_background&quot;:&quot;classic&quot;,&quot;background_motion_fx_motion_fx_scrolling&quot;:&quot;yes&quot;,&quot;background_motion_fx_translateX_effect&quot;:&quot;yes&quot;,&quot;background_motion_fx_translateX_speed&quot;:{&quot;unit&quot;:&quot;px&quot;,&quot;size&quot;:3,&quot;sizes&quot;:[]},&quot;background_motion_fx_devices&quot;:[&quot;desktop&quot;],&quot;background_motion_fx_translateX_affectedRange&quot;:{&quot;unit&quot;:&quot;%&quot;,&quot;size&quot;:&quot;&quot;,&quot;sizes&quot;:{&quot;start&quot;:0,&quot;end&quot;:100}}}\">\n\t\t\t<div class=\"elementor-widget-wrap elementor-element-populated\">\n\t\t\t\t\t\t<div class=\"elementor-element elementor-element-78131159 elementor-widget elementor-widget-heading\" data-id=\"78131159\" data-element_type=\"widget\" data-widget_type=\"heading.default\">\n\t\t\t\t<div class=\"elementor-widget-container\">\n\t\t\t\t\t<h2 class=\"elementor-heading-title elementor-size-default\">Navrhujeme kontejnery, kter\u00e9 odpov\u00eddaj\u00ed va\u0161emu produktu<\/h2>\t\t\t\t<\/div>\n\t\t\t\t<\/div>\n\t\t\t\t\t<\/div>\n\t\t<\/div>\n\t\t\t\t\t<\/div>\n\t\t<\/section>\n\t\t\t\t<section class=\"elementor-section elementor-top-section elementor-element elementor-element-518a129 elementor-section-boxed elementor-section-height-default elementor-section-height-default\" data-id=\"518a129\" data-element_type=\"section\">\n\t\t\t\t\t\t<div class=\"elementor-container elementor-column-gap-default\">\n\t\t\t\t\t<div class=\"elementor-column elementor-col-100 elementor-top-column elementor-element elementor-element-5620898\" data-id=\"5620898\" data-element_type=\"column\" data-settings=\"{&quot;background_background&quot;:&quot;classic&quot;}\">\n\t\t\t<div class=\"elementor-widget-wrap elementor-element-populated\">\n\t\t\t\t\t\t<div class=\"elementor-element elementor-element-e44030b elementor-widget elementor-widget-text-editor\" data-id=\"e44030b\" data-element_type=\"widget\" data-widget_type=\"text-editor.default\">\n\t\t\t\t<div class=\"elementor-widget-container\">\n\t\t\t\t\t\t\t\t\t<p data-start=\"266\" data-end=\"499\">Ve spole\u010dnosti DAJANO se neomezujeme na v\u00fdrobu standardn\u00edch \u0159e\u0161en\u00ed. M\u00e1me vlastn\u00ed\u00a0<strong data-start=\"350\" data-end=\"370\">projek\u010dn\u00ed kancel\u00e1\u0159<\/strong>, kter\u00e1 vyv\u00edj\u00ed\u00a0<strong data-start=\"405\" data-end=\"443\">vyhrazen\u00e9 kovov\u00e9 kontejnery<\/strong>\u00a0- vytvo\u0159en\u00e9 od z\u00e1kladu podle konkr\u00e9tn\u00edch pot\u0159eb klienta.<\/p><p data-start=\"501\" data-end=\"537\">Navrhujeme schr\u00e1nky Gitterbox a roz\u0161\u00ed\u0159en\u00ed:<\/p><ul data-start=\"538\" data-end=\"833\"><li data-start=\"538\" data-end=\"575\"><p data-start=\"540\" data-end=\"575\">o\u00a0<strong data-start=\"542\" data-end=\"572\">nestandardn\u00ed rozm\u011bry<\/strong>,<\/p><\/li><li data-start=\"576\" data-end=\"612\"><p data-start=\"578\" data-end=\"612\">z\u00a0<strong data-start=\"580\" data-end=\"609\">dal\u0161\u00ed posily<\/strong>,<\/p><\/li><li data-start=\"613\" data-end=\"669\"><p data-start=\"615\" data-end=\"669\">z\u00a0<strong data-start=\"617\" data-end=\"666\">klapky, dv\u00ed\u0159ka, p\u0159ihr\u00e1dky a v\u00edka<\/strong>,<\/p><\/li><li data-start=\"670\" data-end=\"739\"><p data-start=\"672\" data-end=\"739\">p\u0159izp\u016fsoben\u00e9\u00a0<strong data-start=\"689\" data-end=\"736\">neobvykl\u00e9 tvary a velikosti v\u00fdrobk\u016f<\/strong>,<\/p><\/li><li data-start=\"740\" data-end=\"833\"><p data-start=\"742\" data-end=\"833\">vyhovuj\u00edc\u00ed\u00a0<strong data-start=\"760\" data-end=\"807\">v\u00fdrobn\u00ed linky, reg\u00e1ly, dopravn\u00edky<\/strong>\u00a0a logistick\u00e9 syst\u00e9my.<\/p><\/li><\/ul><p data-start=\"835\" data-end=\"1065\">Na z\u00e1klad\u011b technick\u00e9ho v\u00fdkresu, prototypu nebo i pouh\u00e9ho popisu funk\u010dnosti jsme schopni p\u0159ipravit individu\u00e1ln\u00ed n\u00e1vrh a uv\u00e9st jej do v\u00fdroby. To v\u0161e tak, aby kontejner podporoval v\u00e1\u0161 proces, a ne naopak.<\/p><p data-start=\"1067\" data-end=\"1172\" data-is-last-node=\"\" data-is-only-node=\"\">Vytv\u00e1\u0159\u00edme \u0159e\u0161en\u00ed, kter\u00e1 re\u00e1ln\u011b zlep\u0161uj\u00ed logistiku a v\u00fdrobu - od n\u00e1vrhu a\u017e po hotov\u00fd v\u00fdrobek.<\/p>\t\t\t\t\t\t\t\t<\/div>\n\t\t\t\t<\/div>\n\t\t\t\t\t<\/div>\n\t\t<\/div>\n\t\t\t\t\t<\/div>\n\t\t<\/section>\n\t\t\t\t<\/div>","protected":false},"excerpt":{"rendered":"<p>Nasze us\u0142ugi DAJANO | Lider w Produkcji Gitterbox\u00f3w i Koszy Metalowych W DAJANO wszystkie komponenty do naszych pojemnik\u00f3w i nadstawek produkujemy we w\u0142asnym zak\u0142adzie Samodzielnie: zgrzewamy siatki stalowe, wykonujemy ramy i konstrukcje no\u015bne, produkujemy drzwiczki, klapy i zawiasy, tworzymy podstawy i spawamy n\u00f3\u017cki, przygotowujemy elementy do malowania proszkowego lub cynkowania. Dzi\u0119ki temu mamy pe\u0142n\u0105 kontrol\u0119&#8230;<\/p>","protected":false},"author":1,"featured_media":990819,"parent":85,"menu_order":0,"comment_status":"closed","ping_status":"closed","template":"","meta":{"_seopress_robots_primary_cat":"","_seopress_titles_title":"Nasze us\u0142ugi - rozwi\u0105zania dla magazynowania i transportu | DAJANO","_seopress_titles_desc":"30 lat do\u015bwiadczenia w produkcji pojemnik\u00f3w metalowych. Poznaj nasz\u0105 histori\u0119!","_seopress_robots_index":"","footnotes":""},"class_list":["post-7171","page","type-page","status-publish","has-post-thumbnail","hentry"],"_links":{"self":[{"href":"https:\/\/dajano.pl\/cz\/wp-json\/wp\/v2\/pages\/7171","targetHints":{"allow":["GET"]}}],"collection":[{"href":"https:\/\/dajano.pl\/cz\/wp-json\/wp\/v2\/pages"}],"about":[{"href":"https:\/\/dajano.pl\/cz\/wp-json\/wp\/v2\/types\/page"}],"author":[{"embeddable":true,"href":"https:\/\/dajano.pl\/cz\/wp-json\/wp\/v2\/users\/1"}],"replies":[{"embeddable":true,"href":"https:\/\/dajano.pl\/cz\/wp-json\/wp\/v2\/comments?post=7171"}],"version-history":[{"count":0,"href":"https:\/\/dajano.pl\/cz\/wp-json\/wp\/v2\/pages\/7171\/revisions"}],"up":[{"embeddable":true,"href":"https:\/\/dajano.pl\/cz\/wp-json\/wp\/v2\/pages\/85"}],"wp:featuredmedia":[{"embeddable":true,"href":"https:\/\/dajano.pl\/cz\/wp-json\/wp\/v2\/media\/990819"}],"wp:attachment":[{"href":"https:\/\/dajano.pl\/cz\/wp-json\/wp\/v2\/media?parent=7171"}],"curies":[{"name":"wp","href":"https:\/\/api.w.org\/{rel}","templated":true}]}}