{"id":1648,"date":"2023-03-16T13:53:41","date_gmt":"2023-03-16T13:53:41","guid":{"rendered":"https:\/\/tecnologia.vamtam.com\/?page_id=1648"},"modified":"2025-03-20T22:00:56","modified_gmt":"2025-03-20T22:00:56","slug":"soukroma-politika","status":"publish","type":"page","link":"https:\/\/dajano.pl\/cz\/soukroma-politika\/","title":{"rendered":"Z\u00e1sady ochrany osobn\u00edch \u00fadaj\u016f"},"content":{"rendered":"<div data-elementor-type=\"wp-page\" data-elementor-id=\"1648\" class=\"elementor elementor-1648\" data-elementor-post-type=\"page\">\n\t\t\t\t\t\t<section class=\"elementor-section elementor-top-section elementor-element elementor-element-6c5644c elementor-section-boxed elementor-section-height-default elementor-section-height-default\" data-id=\"6c5644c\" data-element_type=\"section\">\n\t\t\t\t\t\t<div class=\"elementor-container elementor-column-gap-default\">\n\t\t\t\t\t<div class=\"elementor-column elementor-col-100 elementor-top-column elementor-element elementor-element-759c98e\" data-id=\"759c98e\" data-element_type=\"column\">\n\t\t\t<div class=\"elementor-widget-wrap elementor-element-populated\">\n\t\t\t\t\t\t<div class=\"elementor-element elementor-element-9af75f0 animated-slow elementor-invisible elementor-widget elementor-widget-heading\" data-id=\"9af75f0\" data-element_type=\"widget\" data-settings=\"{&quot;_animation&quot;:&quot;fadeIn&quot;,&quot;_animation_tablet&quot;:&quot;none&quot;}\" data-widget_type=\"heading.default\">\n\t\t\t\t<div class=\"elementor-widget-container\">\n\t\t\t\t\t<h1 class=\"elementor-heading-title elementor-size-default\">Z\u00e1sady ochrany osobn\u00edch \u00fadaj\u016f<\/h1>\t\t\t\t<\/div>\n\t\t\t\t<\/div>\n\t\t\t\t<div class=\"elementor-element elementor-element-88a728c animated-slow elementor-invisible elementor-widget elementor-widget-heading\" data-id=\"88a728c\" data-element_type=\"widget\" data-settings=\"{&quot;_animation&quot;:&quot;fadeIn&quot;,&quot;_animation_tablet&quot;:&quot;none&quot;,&quot;_animation_delay&quot;:300}\" data-widget_type=\"heading.default\">\n\t\t\t\t<div class=\"elementor-widget-container\">\n\t\t\t\t\t<p class=\"elementor-heading-title elementor-size-default\">Ochrana osobn\u00edch \u00fadaj\u016f a soukrom\u00ed na\u0161ich z\u00e1kazn\u00edk\u016f - v souladu s platn\u00fdmi pr\u00e1vn\u00edmi p\u0159edpisy.<\/p>\t\t\t\t<\/div>\n\t\t\t\t<\/div>\n\t\t\t\t<div class=\"elementor-element elementor-element-31a03c4 elementor-widget elementor-widget-spacer\" data-id=\"31a03c4\" data-element_type=\"widget\" data-widget_type=\"spacer.default\">\n\t\t\t\t<div class=\"elementor-widget-container\">\n\t\t\t\t\t\t\t<div class=\"elementor-spacer\">\n\t\t\t<div class=\"elementor-spacer-inner\"><\/div>\n\t\t<\/div>\n\t\t\t\t\t\t<\/div>\n\t\t\t\t<\/div>\n\t\t\t\t\t<\/div>\n\t\t<\/div>\n\t\t\t\t\t<\/div>\n\t\t<\/section>\n\t\t\t\t<section class=\"elementor-section elementor-top-section elementor-element elementor-element-1fcb2d8 elementor-section-boxed elementor-section-height-default elementor-section-height-default\" data-id=\"1fcb2d8\" data-element_type=\"section\">\n\t\t\t\t\t\t<div class=\"elementor-container elementor-column-gap-no\">\n\t\t\t\t\t<div class=\"elementor-column elementor-col-100 elementor-top-column elementor-element elementor-element-5923213\" data-id=\"5923213\" data-element_type=\"column\">\n\t\t\t<div class=\"elementor-widget-wrap elementor-element-populated\">\n\t\t\t\t\t\t<div class=\"elementor-element elementor-element-d10225c elementor-widget elementor-widget-text-editor\" data-id=\"d10225c\" data-element_type=\"widget\" data-widget_type=\"text-editor.default\">\n\t\t\t\t<div class=\"elementor-widget-container\">\n\t\t\t\t\t\t\t\t\t<p class=\"tm-0\">R\u00e1di bychom v\u00e1s informovali, \u017ee na na\u0161ich webov\u00fdch str\u00e1nk\u00e1ch\u00a0<a href=\"https:\/\/dajano.pl\/cz\/\">www.dajano.pl<\/a>\u00a0p\u0159\u00edmo neshroma\u017e\u010fujeme \u017e\u00e1dn\u00e9 osobn\u00ed \u00fadaje. Existuje mo\u017enost, \u017ee lid\u00e9 pou\u017e\u00edvaj\u00edc\u00ed na\u0161e webov\u00e9 str\u00e1nky po\u0161lou e-mail na jednu z e-mailov\u00fdch adres uveden\u00fdch na webov\u00fdch str\u00e1nk\u00e1ch a zpr\u00e1va bude obsahovat osobn\u00ed \u00fadaje kontaktn\u00ed osoby.<br \/>V tomto p\u0159\u00edpad\u011b je spr\u00e1vcem va\u0161ich osobn\u00edch \u00fadaj\u016f Konrad Nogaj, Russ\u00f3w 32, 62-817 \u017belazk\u00f3w, jednaj\u00edc\u00ed jako prodejce za spole\u010dnost P.H.U.P. \u201cDajano\u201d Jacek Nogaj ul. Ogrodowa 71 A, 62-860 Opat\u00f3wek, NIP: 6180011390.<br \/>Pokud m\u00e1te jak\u00e9koli pochybnosti o z\u00e1sad\u00e1ch ochrany osobn\u00edch \u00fadaj\u016f, m\u016f\u017eete n\u00e1s kdykoli kontaktovat zasl\u00e1n\u00edm e-mailu na adresu.\u00a0<a href=\"mailto:box@dajano.pl\">box@dajano.pl<\/a><\/p><p class=\"tm-0\">Krom\u011b toho pou\u017e\u00edv\u00e1me v souvislosti s pou\u017e\u00edv\u00e1n\u00edm na\u0161ich webov\u00fdch str\u00e1nek soubory cookie.<\/p>\t\t\t\t\t\t\t\t<\/div>\n\t\t\t\t<\/div>\n\t\t\t\t<div class=\"elementor-element elementor-element-4a7087e elementor-widget elementor-widget-heading\" data-id=\"4a7087e\" data-element_type=\"widget\" data-widget_type=\"heading.default\">\n\t\t\t\t<div class=\"elementor-widget-container\">\n\t\t\t\t\t<h3 class=\"elementor-heading-title elementor-size-default\">V souvislosti s na\u0161\u00edm zpracov\u00e1n\u00edm va\u0161ich osobn\u00edch \u00fadaj\u016f m\u00e1te n\u00e1sleduj\u00edc\u00ed pr\u00e1va:<\/h3>\t\t\t\t<\/div>\n\t\t\t\t<\/div>\n\t\t\t\t<div class=\"elementor-element elementor-element-ff17bec elementor-widget elementor-widget-text-editor\" data-id=\"ff17bec\" data-element_type=\"widget\" data-widget_type=\"text-editor.default\">\n\t\t\t\t<div class=\"elementor-widget-container\">\n\t\t\t\t\t\t\t\t\t<ul class=\"tresc\"><li>Pr\u00e1vo po\u017eadovat p\u0159\u00edstup ke sv\u00fdm osobn\u00edm \u00fadaj\u016fm, jejich opravu, v\u00fdmaz nebo omezen\u00ed zpracov\u00e1n\u00ed,<\/li><li>Pr\u00e1vo vzn\u00e9st n\u00e1mitku proti zpracov\u00e1n\u00ed,<\/li><li>pr\u00e1vo na p\u0159enositelnost \u00fadaj\u016f,<\/li><li>pr\u00e1vo odvolat sv\u016fj souhlas se zpracov\u00e1n\u00edm osobn\u00edch \u00fadaj\u016f pro konkr\u00e9tn\u00ed \u00fa\u010del, pokud jste takov\u00fd souhlas ji\u017e d\u0159\u00edve ud\u011blili,<\/li><li>pr\u00e1vo podat st\u00ed\u017enost u dozorov\u00e9ho \u00fa\u0159adu v souvislosti s na\u0161\u00edm zpracov\u00e1n\u00edm va\u0161ich osobn\u00edch \u00fadaj\u016f.<\/li><\/ul><p>\u00a0<\/p><p class=\"tm-0\">V\u00fd\u0161e uveden\u00e1 pr\u00e1va m\u016f\u017eete uplatnit v souladu se z\u00e1sadami popsan\u00fdmi v \u010dl\u00e1nc\u00edch 16 a\u017e 21 na\u0159\u00edzen\u00ed Evropsk\u00e9ho parlamentu a Rady (EU) 2016\/679 ze dne 27. dubna 2016 o ochran\u011b fyzick\u00fdch osob v souvislosti se zpracov\u00e1n\u00edm osobn\u00edch \u00fadaj\u016f a o voln\u00e9m pohybu t\u011bchto \u00fadaj\u016f a o zru\u0161en\u00ed sm\u011brnice 95\/46\/ES (d\u00e1le jen: RODO) tak, \u017ee n\u00e1s kontaktujete na e-mailov\u00e9 adrese inbepo@inbepo.pl nebo jinou pro v\u00e1s vhodnou formou. V\u00fdkon n\u011bkter\u00fdch z v\u00fd\u0161e uveden\u00fdch pr\u00e1v m\u016f\u017eeme odm\u00edtnout za okolnost\u00ed, kdy by v\u00fdkon konkr\u00e9tn\u00edho pr\u00e1va byl v rozporu s opr\u00e1vn\u011bn\u00fdm \u00fa\u010delem na\u0161eho zpracov\u00e1n\u00ed \u00fadaj\u016f. Nap\u0159\u00edklad v\u00e1m m\u016f\u017eeme odm\u00edtnout umo\u017enit okam\u017eit\u00e9 vymaz\u00e1n\u00ed osobn\u00edch \u00fadaj\u016f obsa\u017een\u00fdch ve v\u00e1mi podan\u00e9 objedn\u00e1vce, dokud neuplyne proml\u010dec\u00ed lh\u016fta pro n\u00e1roky vypl\u00fdvaj\u00edc\u00ed ze smlouvy s n\u00e1mi.<\/p><p class=\"tm-0\"><strong>E-mailov\u00fd kontakt<\/strong><br \/>Pokud n\u00e1s kontaktujete e-mailem, uvedete n\u00e1m samoz\u0159ejm\u011b svou e-mailovou adresu jako odes\u00edlatele zpr\u00e1vy. V t\u011ble zpr\u00e1vy m\u016f\u017eete uv\u00e9st i dal\u0161\u00ed osobn\u00ed \u00fadaje. Pr\u00e1vn\u00edm z\u00e1kladem pro zpracov\u00e1n\u00ed va\u0161ich osobn\u00edch \u00fadaj\u016f je v tomto p\u0159\u00edpad\u011b v\u00e1\u0161 souhlas vypl\u00fdvaj\u00edc\u00ed z nav\u00e1z\u00e1n\u00ed kontaktu s n\u00e1mi. Va\u0161e osobn\u00ed \u00fadaje poskytnut\u00e9 n\u00e1m v r\u00e1mci e-mailov\u00e9ho kontaktu jsou zpracov\u00e1v\u00e1ny v\u00fdhradn\u011b za \u00fa\u010delem vy\u0159\u00edzen\u00ed va\u0161\u00ed \u017e\u00e1dosti. Obsah korespondence m\u016f\u017ee b\u00fdt p\u0159edm\u011btem archivace.<\/p><p class=\"tm-0\"><strong>Telefonick\u00e1 ozn\u00e1men\u00ed<\/strong><br \/>V souvislosti s na\u0161\u00ed v\u00fdrobn\u00ed, dopravn\u00ed, poradenskou a projektovou \u010dinnost\u00ed v\u00e1m m\u016f\u017eeme zas\u00edlat upom\u00ednky o nadch\u00e1zej\u00edc\u00edch sch\u016fzk\u00e1ch nebo pl\u00e1novan\u00e9 p\u0159eprav\u011b va\u0161\u00ed objedn\u00e1vky prost\u0159ednictv\u00edm textov\u00fdch zpr\u00e1v a kontaktovat v\u00e1s telefonicky. Za t\u00edmto \u00fa\u010delem jsou zpracov\u00e1v\u00e1ny \u00fadaje v rozsahu va\u0161eho telefonn\u00edho \u010d\u00edsla. Pr\u00e1vn\u00edm z\u00e1kladem pro zpracov\u00e1n\u00ed \u00fadaj\u016f je pln\u011bn\u00ed smlouvy.<\/p><p class=\"tm-0\"><strong>Soubory cookie a dal\u0161\u00ed sledovac\u00ed technologie<\/strong><br \/>Na\u0161e webov\u00e9 str\u00e1nky, stejn\u011b jako t\u00e9m\u011b\u0159 v\u0161echny ostatn\u00ed webov\u00e9 str\u00e1nky, pou\u017e\u00edvaj\u00ed soubory cookie, aby v\u00e1m poskytly co nejlep\u0161\u00ed u\u017eivatelsk\u00fd komfort.<br \/>Soubory cookie jsou mal\u00e9 textov\u00e9 informace ulo\u017een\u00e9 ve va\u0161em koncov\u00e9m za\u0159\u00edzen\u00ed (nap\u0159. po\u010d\u00edta\u010d, tablet, chytr\u00fd telefon), kter\u00e9 m\u016f\u017ee p\u0159e\u010d\u00edst n\u00e1\u0161 syst\u00e9m ICT.<\/p>\t\t\t\t\t\t\t\t<\/div>\n\t\t\t\t<\/div>\n\t\t\t\t<div class=\"elementor-element elementor-element-066c896 elementor-widget elementor-widget-heading\" data-id=\"066c896\" data-element_type=\"widget\" data-widget_type=\"heading.default\">\n\t\t\t\t<div class=\"elementor-widget-container\">\n\t\t\t\t\t<h3 class=\"elementor-heading-title elementor-size-default\">Soubory cookie n\u00e1m umo\u017e\u0148uj\u00ed:<\/h3>\t\t\t\t<\/div>\n\t\t\t\t<\/div>\n\t\t\t\t<div class=\"elementor-element elementor-element-783a250 elementor-widget elementor-widget-text-editor\" data-id=\"783a250\" data-element_type=\"widget\" data-widget_type=\"text-editor.default\">\n\t\t\t\t<div class=\"elementor-widget-container\">\n\t\t\t\t\t\t\t\t\t<div class=\"container-main\"><div class=\"container\"><div class=\"main\"><ul class=\"tresc\"><li>zajistit, aby web fungoval podle va\u0161ich p\u0159edstav,<\/li><li>pou\u017e\u00edvat analytick\u00e9 n\u00e1stroje,<\/li><li>zajistit vyu\u017e\u00edv\u00e1n\u00ed komunitn\u00edch prvk\u016f.<\/li><\/ul><p class=\"tm-0\"><strong>Souhlas se soubory cookie<\/strong><br \/>P\u0159i prvn\u00ed n\u00e1v\u0161t\u011bv\u011b str\u00e1nek se zobraz\u00ed upozorn\u011bn\u00ed na pou\u017e\u00edv\u00e1n\u00ed soubor\u016f cookie. P\u0159ijet\u00edm a zav\u0159en\u00edm tohoto ozn\u00e1men\u00ed souhlas\u00edte s pou\u017e\u00edv\u00e1n\u00edm soubor\u016f cookie v souladu s ustanoven\u00edmi t\u011bchto z\u00e1sad ochrany osobn\u00edch \u00fadaj\u016f. Sv\u016fj souhlas m\u016f\u017eete kdykoli odvolat vymaz\u00e1n\u00edm soubor\u016f cookie a zm\u011bnou nastaven\u00ed soubor\u016f cookie ve sv\u00e9m prohl\u00ed\u017ee\u010di. Upozor\u0148ujeme v\u0161ak, \u017ee vypnut\u00ed soubor\u016f cookie m\u016f\u017ee zp\u016fsobit pot\u00ed\u017ee p\u0159i pou\u017e\u00edv\u00e1n\u00ed t\u011bchto webov\u00fdch str\u00e1nek, stejn\u011b jako mnoha dal\u0161\u00edch webov\u00fdch str\u00e1nek, kter\u00e9 soubory cookie pou\u017e\u00edvaj\u00ed.<\/p><p class=\"tm-0\"><strong>Vlastn\u00ed soubory cookie<\/strong><br \/>Soubory cookie lze rozd\u011blit na vlastn\u00ed soubory cookie a soubory cookie t\u0159et\u00edch stran. Pokud jde o na\u0161e vlastn\u00ed soubory cookie, pou\u017e\u00edv\u00e1me je pro spr\u00e1vn\u00e9 fungov\u00e1n\u00ed webov\u00fdch str\u00e1nek.<br \/>Soubory cookie t\u0159et\u00edch stran. Na\u0161e webov\u00e9 str\u00e1nky, stejn\u011b jako v\u011bt\u0161ina modern\u00edch webov\u00fdch str\u00e1nek, vyu\u017e\u00edvaj\u00ed funkce poskytovan\u00e9 t\u0159et\u00edmi stranami, co\u017e zahrnuje pou\u017e\u00edv\u00e1n\u00ed soubor\u016f cookie t\u0159et\u00edch stran. Pou\u017eit\u00ed t\u011bchto soubor\u016f cookie je pops\u00e1no n\u00ed\u017ee.<\/p><p class=\"tm-0\"><strong>Anal\u00fdza a statistiky<\/strong><br \/>Soubory cookie pou\u017e\u00edv\u00e1me ke sledov\u00e1n\u00ed statistik webu, jako je po\u010det n\u00e1v\u0161t\u011bvn\u00edk\u016f, typ opera\u010dn\u00edho syst\u00e9mu a prohl\u00ed\u017ee\u010de pou\u017e\u00edvan\u00e9ho k prohl\u00ed\u017een\u00ed webu, doba str\u00e1ven\u00e1 na webu, nav\u0161t\u00edven\u00e9 podstr\u00e1nky atd. K tomuto \u00fa\u010delu pou\u017e\u00edv\u00e1me slu\u017ebu Google Analytics. Informace shrom\u00e1\u017ed\u011bn\u00e9 v tomto ohledu jsou zcela anonymn\u00ed a neumo\u017e\u0148uj\u00ed va\u0161i identifikaci. K tomuto \u00fa\u010delu se pou\u017e\u00edvaj\u00ed soubory cookie spole\u010dnosti Google pro slu\u017ebu Google Analytics.<\/p><p class=\"tm-0\"><strong>Marketing<\/strong><br \/>Pou\u017e\u00edv\u00e1me marketingov\u00e9 n\u00e1stroje poskytovan\u00e9 spole\u010dnost\u00ed Facebook, kter\u00e9 zahrnuj\u00ed pou\u017e\u00edv\u00e1n\u00ed soubor\u016f cookie spole\u010dnosti Facebook, zejm\u00e9na Facebook Pixel. Pou\u017e\u00edv\u00e1me tak\u00e9 remarketingov\u00e9 aktivity vyu\u017e\u00edvaj\u00edc\u00ed s\u00ed\u0165 Google AdWords, co\u017e zahrnuje pou\u017eit\u00ed soubor\u016f cookie spole\u010dnosti Google spojen\u00fdch se slu\u017ebou Google AdWords.<\/p><p class=\"tm-0\">Soci\u00e1ln\u00ed funkce. Vyhrazujeme si pr\u00e1vo vybavit webov\u00e9 str\u00e1nky soci\u00e1ln\u00edmi moduly, kter\u00e9 mohou zahrnovat pou\u017eit\u00ed soubor\u016f cookie od provozovatel\u016f soci\u00e1ln\u00edch s\u00edt\u00ed, jako jsou Facebook, Instagram, YouTube, Google+, Linkedin.<\/p><p class=\"tm-0\"><strong>Protokoly serveru<\/strong><br \/>Pou\u017e\u00edv\u00e1n\u00ed webov\u00e9 str\u00e1nky zahrnuje odes\u00edl\u00e1n\u00ed po\u017eadavk\u016f na server, kde je webov\u00e1 str\u00e1nka ulo\u017eena. Ka\u017ed\u00fd po\u017eadavek odeslan\u00fd na server je zaznamen\u00e1n v protokolech serveru.<\/p><p class=\"tm-0\">Z\u00e1znamy obsahuj\u00ed mimo jin\u00e9 va\u0161i IP adresu, datum a \u010das serveru, informace o webov\u00e9m prohl\u00ed\u017ee\u010di a opera\u010dn\u00edm syst\u00e9mu, kter\u00fd pou\u017e\u00edv\u00e1te. Protokoly se ukl\u00e1daj\u00ed a uchov\u00e1vaj\u00ed na serveru.<\/p><p class=\"tm-0\">\u00dadaje ulo\u017een\u00e9 v protokolech serveru nejsou spojeny s konkr\u00e9tn\u00edmi u\u017eivateli webov\u00fdch str\u00e1nek a nepou\u017e\u00edv\u00e1me je k va\u0161\u00ed identifikaci.<\/p><p class=\"tm-0\">Protokoly serveru jsou pouze pomocn\u00fdm materi\u00e1lem pro spr\u00e1vu str\u00e1nek a jejich obsah nen\u00ed zp\u0159\u00edstupn\u011bn nikomu jin\u00e9mu ne\u017e osob\u00e1m opr\u00e1vn\u011bn\u00fdm ke spr\u00e1v\u011b serveru.<\/p><div class=\"clear\">\u00a0<\/div><\/div><\/div><\/div>\t\t\t\t\t\t\t\t<\/div>\n\t\t\t\t<\/div>\n\t\t\t\t\t<\/div>\n\t\t<\/div>\n\t\t\t\t\t<\/div>\n\t\t<\/section>\n\t\t\t\t<\/div>","protected":false},"excerpt":{"rendered":"<p>Polityka prywatno\u015bci Ochrona danych osobowych oraz prywatno\u015bci naszych klient\u00f3w &#8211; zgodnie z obowi\u0105zuj\u0105cym prawem Informujemy \u017ce na naszej stronie\u00a0www.dajano.pl\u00a0w spos\u00f3b bezpo\u015bredni nie zbieramy jakichkolwiek danych osobowych. Istnieje mo\u017cliwo\u015b\u0107 w kt\u00f3rej osoby korzystaj\u0105ce z naszej strony wy\u015bl\u0105 wiadomo\u015b\u0107 e-mail na jeden z adres\u00f3w e-mail podanych na stronie, a wiadomo\u015b\u0107 b\u0119dzie zawiera\u0142a dane osobowe osoby kontaktuj\u0105cej si\u0119.W&#8230;<\/p>","protected":false},"author":1,"featured_media":0,"parent":0,"menu_order":0,"comment_status":"closed","ping_status":"closed","template":"","meta":{"_seopress_robots_primary_cat":"0","_seopress_titles_title":"","_seopress_titles_desc":"","_seopress_robots_index":"","footnotes":""},"class_list":["post-1648","page","type-page","status-publish","hentry"],"_links":{"self":[{"href":"https:\/\/dajano.pl\/cz\/wp-json\/wp\/v2\/pages\/1648","targetHints":{"allow":["GET"]}}],"collection":[{"href":"https:\/\/dajano.pl\/cz\/wp-json\/wp\/v2\/pages"}],"about":[{"href":"https:\/\/dajano.pl\/cz\/wp-json\/wp\/v2\/types\/page"}],"author":[{"embeddable":true,"href":"https:\/\/dajano.pl\/cz\/wp-json\/wp\/v2\/users\/1"}],"replies":[{"embeddable":true,"href":"https:\/\/dajano.pl\/cz\/wp-json\/wp\/v2\/comments?post=1648"}],"version-history":[{"count":0,"href":"https:\/\/dajano.pl\/cz\/wp-json\/wp\/v2\/pages\/1648\/revisions"}],"wp:attachment":[{"href":"https:\/\/dajano.pl\/cz\/wp-json\/wp\/v2\/media?parent=1648"}],"curies":[{"name":"wp","href":"https:\/\/api.w.org\/{rel}","templated":true}]}}